{"id":11074,"date":"2020-12-17T17:25:04","date_gmt":"2020-12-17T16:25:04","guid":{"rendered":"https:\/\/beltlamp.com\/main\/"},"modified":"2026-01-19T00:48:23","modified_gmt":"2026-01-18T23:48:23","slug":"main","status":"publish","type":"page","link":"https:\/\/beltlamp.com\/de\/","title":{"rendered":"Main"},"content":{"rendered":"<p>[et_pb_section fb_built=&#8220;1&#8243; fullwidth=&#8220;on&#8220; _builder_version=&#8220;4.7.4&#8243; _module_preset=&#8220;default&#8220; background_image=&#8220;https:\/\/beltlamp.com\/wp-content\/uploads\/2020\/05\/Lykt-162.jpg&#8220; parallax=&#8220;on&#8220; global_colors_info=&#8220;{}&#8220;][et_pb_fullwidth_header title=&#8220;Schau dir die Bilder an &#8211; Hikebeam sorgt f\u00fcr bessere Beleuchtung zum Wandern und Outdoor-Leben!&#8220; text_orientation=&#8220;center&#8220; header_fullscreen=&#8220;on&#8220; button_one_text=&#8220;Fakten&#8220; button_one_url=&#8220;@ET-DC@eyJkeW5hbWljIjp0cnVlLCJjb250ZW50IjoicG9zdF9saW5rX3VybF9wYWdlIiwic2V0dGluZ3MiOnsicG9zdF9pZCI6IjEwNzQ1In19@&#8220; button_two_text=&#8220;HIER EINKAUFEN&#8220; button_two_url=&#8220;https:\/\/beltlamp.com\/de\/produkt\/hikebeam-by-beltlamp\/&#8220; logo_image_url=&#8220;https:\/\/beltlamp.com\/wp-content\/uploads\/2021\/11\/ny-forskjeller-toppheader.jpg&#8220; _builder_version=&#8220;4.13.0&#8243; _dynamic_attributes=&#8220;button_one_url&#8220; _module_preset=&#8220;default&#8220; background_color=&#8220;rgba(32,39,31,0.56)&#8220; global_colors_info=&#8220;{}&#8220;]<\/p>\n<h2><\/h2>\n<h2><\/h2>\n<h2><strong>Design und Lage sorgen f\u00fcr einzigartige Beleuchtung, von den F\u00fcssen, zu den Seiten, und weit\u00a0 nach vorne &#8211; Viel besser sicht bei Dunst, Nebel und Niederschlag &#8211; F\u00fchlt sich angenehm an &#8211; Blendet andere nicht!<\/strong><\/h2>\n<p>[\/et_pb_fullwidth_header][\/et_pb_section][et_pb_section fb_built=&#8220;1&#8243; admin_label=&#8220;section&#8220; _builder_version=&#8220;4.7.4&#8243; background_color=&#8220;rgba(216,208,198,0.38)&#8220; custom_padding=&#8220;12px||8px||false|&#8220; global_colors_info=&#8220;{}&#8220;][et_pb_row column_structure=&#8220;1_2,1_2&#8243; _builder_version=&#8220;4.7.4&#8243; _module_preset=&#8220;default&#8220; custom_padding=&#8220;14px|||||&#8220; global_colors_info=&#8220;{}&#8220;][et_pb_column type=&#8220;1_2&#8243; _builder_version=&#8220;4.7.4&#8243; _module_preset=&#8220;default&#8220; global_colors_info=&#8220;{}&#8220;][et_pb_text _builder_version=&#8220;4.13.0&#8243; _module_preset=&#8220;default&#8220; custom_margin=&#8220;73px||10px||false|&#8220; global_colors_info=&#8220;{}&#8220;]<\/p>\n<h2><strong>HIKEBEAM, eine Idee aus Norwegen.<\/strong><\/h2>\n<p>[\/et_pb_text][et_pb_text _builder_version=&#8220;4.9.6&#8243; _module_preset=&#8220;default&#8220; custom_margin=&#8220;3px|||||&#8220; global_colors_info=&#8220;{}&#8220;]<\/p>\n<p><strong>QUALIT\u00c4TSLAMPE, EIN NEUES ERLEBNIS IM DUNKELN!<\/strong><\/p>\n<p><strong>&#8211; Leuchtet von den F\u00fcssen zu beiden Seiten und weit nach vorne mit 3D-Effekt. <br \/>&#8211; Direkt an der G\u00fcrtelschnalle zu befestigen, f\u00fchlt sich schwerelos an. <br \/><\/strong><strong>&#8211; Deutlich bessere Sicht bei Nebel.\u00a0<br \/>&#8211; Ideal f\u00fcr Wanderungen, H\u00fcttenausfluge, Camping und actives Outdoor-Leben, auch als Taschenlampe und Scheinwerfer.\u00a0<\/strong><\/p>\n<p><strong>Hikebeam verf\u00fcgt \u00fcber eine interne Batterie f\u00fcr Kurzstrecken.<br \/>Mit die Powerbank angeschlossen (5000 mAh, 100 g) erhalten Sie mehr als 6 Stunden bei voller Helligkeit.\u00a0<\/strong><\/p>\n<p><strong>Viele weitere Vorteile!<\/strong><\/p>\n<p>[\/et_pb_text][et_pb_button button_url=&#8220;https:\/\/beltlamp.com\/produkt\/hikebeam-beltlamp\/&#8220; button_text=&#8220;Hier einkaufen&#8220; _builder_version=&#8220;4.13.0&#8243; _module_preset=&#8220;default&#8220; global_colors_info=&#8220;{}&#8220;][\/et_pb_button][\/et_pb_column][et_pb_column type=&#8220;1_2&#8243; _builder_version=&#8220;4.7.4&#8243; _module_preset=&#8220;default&#8220; global_colors_info=&#8220;{}&#8220;][et_pb_image src=&#8220;https:\/\/beltlamp.com\/wp-content\/uploads\/2021\/08\/Screenshot_20210822-212610_Gallery-1-e1631793365200.jpg&#8220; title_text=&#8220;Screenshot_20210822-212610_Gallery&#8220; _builder_version=&#8220;4.11.0&#8243; _module_preset=&#8220;default&#8220; min_height=&#8220;349.1px&#8220; custom_padding=&#8220;102px|||||&#8220; animation_style=&#8220;slide&#8220; animation_direction=&#8220;right&#8220; global_colors_info=&#8220;{}&#8220;][\/et_pb_image][\/et_pb_column][\/et_pb_row][\/et_pb_section][et_pb_section fb_built=&#8220;1&#8243; _builder_version=&#8220;4.7.4&#8243; _module_preset=&#8220;default&#8220; background_color=&#8220;#F0EDE9&#8243; custom_padding=&#8220;13px||0px|||&#8220; global_colors_info=&#8220;{}&#8220;][et_pb_row use_custom_gutter=&#8220;on&#8220; gutter_width=&#8220;1&#8243; _builder_version=&#8220;4.7.4&#8243; _module_preset=&#8220;default&#8220; width=&#8220;100%&#8220; max_width=&#8220;100%&#8220; custom_padding=&#8220;||0px|||&#8220; global_colors_info=&#8220;{}&#8220;][et_pb_column type=&#8220;4_4&#8243; _builder_version=&#8220;4.7.4&#8243; _module_preset=&#8220;default&#8220; global_colors_info=&#8220;{}&#8220;][et_pb_text _builder_version=&#8220;4.13.0&#8243; _module_preset=&#8220;default&#8220; global_colors_info=&#8220;{}&#8220;]<\/p>\n<h2 style=\"text-align: center;\"><span style=\"color: #008000;\"><strong>Schau dir die Bilder an: Eine neue Erfahrung, blendet nicht, bequam zu benutzen.<br \/>Jetzt kannst du eine Lampe f\u00fcr die Zukunft kaufen!<\/strong><\/span><\/h2>\n<p>[\/et_pb_text][et_pb_gallery gallery_ids=&#8220;14828,14862,14823,4992,6088,14852,14857,6229&#8243; posts_number=&#8220;8&#8243; show_title_and_caption=&#8220;off&#8220; show_pagination=&#8220;off&#8220; zoom_icon_color=&#8220;rgba(0,0,0,0)&#8220; hover_overlay_color=&#8220;rgba(32,39,30,0.45)&#8220; disabled_on=&#8220;off|off|off&#8220; _builder_version=&#8220;4.9.6&#8243; _module_preset=&#8220;default&#8220; max_width=&#8220;100%&#8220; global_colors_info=&#8220;{}&#8220;][\/et_pb_gallery][\/et_pb_column][\/et_pb_row][\/et_pb_section][et_pb_section fb_built=&#8220;1&#8243; _builder_version=&#8220;4.7.4&#8243; _module_preset=&#8220;default&#8220; background_color=&#8220;#20271F&#8220; custom_padding=&#8220;41px||41px||true|&#8220; saved_tabs=&#8220;all&#8220; global_colors_info=&#8220;{}&#8220;][et_pb_row column_structure=&#8220;1_5,1_5,1_5,1_5,1_5&#8243; make_equal=&#8220;on&#8220; _builder_version=&#8220;4.7.4&#8243; _module_preset=&#8220;default&#8220; global_colors_info=&#8220;{}&#8220;][et_pb_column type=&#8220;1_5&#8243; _builder_version=&#8220;4.7.4&#8243; _module_preset=&#8220;default&#8220; global_colors_info=&#8220;{}&#8220;][et_pb_blurb title=&#8220;FAKTEN \u00dcBER HIKEBEAM&#8220; use_icon=&#8220;on&#8220; font_icon=&#8220;&#x68;||divi||400&#8243; icon_color=&#8220;#B3B5B4&#8243; _builder_version=&#8220;4.13.0&#8243; _module_preset=&#8220;default&#8220; header_font=&#8220;|800|||||||&#8220; background_layout=&#8220;dark&#8220; global_colors_info=&#8220;{}&#8220;]<\/p>\n<p><span>Die Fakten \u00fcber<\/span><br \/> <span>HIKEBEAM\u00ae von Beltlamp AS.<\/span><\/p>\n<p>[\/et_pb_blurb][et_pb_button button_url=&#8220;@ET-DC@eyJkeW5hbWljIjp0cnVlLCJjb250ZW50IjoicG9zdF9saW5rX3VybF9wYWdlIiwic2V0dGluZ3MiOnsicG9zdF9pZCI6IjEwNzQ1In19@&#8220; button_text=&#8220;Weiterlesen&#8220; _builder_version=&#8220;4.7.4&#8243; _dynamic_attributes=&#8220;button_url&#8220; _module_preset=&#8220;default&#8220; global_colors_info=&#8220;{}&#8220;][\/et_pb_button][\/et_pb_column][et_pb_column type=&#8220;1_5&#8243; _builder_version=&#8220;4.7.4&#8243; _module_preset=&#8220;default&#8220; global_colors_info=&#8220;{}&#8220;][et_pb_blurb title=&#8220;R\u00dcCKMELDUNG DER BENUTZER&#8220; use_icon=&#8220;on&#8220; font_icon=&#8220;&#xe030;||divi||400&#8243; icon_color=&#8220;#B3B5B4&#8243; _builder_version=&#8220;4.13.0&#8243; _module_preset=&#8220;default&#8220; header_font=&#8220;|800|||||||&#8220; background_layout=&#8220;dark&#8220; global_colors_info=&#8220;{}&#8220;]<\/p>\n<p>Feedback von unseren Nutzern.<\/p>\n<p>[\/et_pb_blurb][et_pb_button button_url=&#8220;@ET-DC@eyJkeW5hbWljIjp0cnVlLCJjb250ZW50IjoicG9zdF9saW5rX3VybF9wYWdlIiwic2V0dGluZ3MiOnsicG9zdF9pZCI6IjEwOTM2In19@&#8220; button_text=&#8220;Weiterlesen&#8220; _builder_version=&#8220;4.7.4&#8243; _dynamic_attributes=&#8220;button_url&#8220; _module_preset=&#8220;default&#8220; global_colors_info=&#8220;{}&#8220;][\/et_pb_button][\/et_pb_column][et_pb_column type=&#8220;1_5&#8243; _builder_version=&#8220;4.7.4&#8243; _module_preset=&#8220;default&#8220; global_colors_info=&#8220;{}&#8220;][et_pb_blurb title=&#8220;VERKAUFSSTELLEN&#8220; use_icon=&#8220;on&#8220; font_icon=&#8220;&#xe01e;||divi||400&#8243; icon_color=&#8220;#B3B5B4&#8243; _builder_version=&#8220;4.13.0&#8243; _module_preset=&#8220;default&#8220; header_font=&#8220;|800|||||||&#8220; background_layout=&#8220;dark&#8220; global_colors_info=&#8220;{}&#8220;]<\/p>\n<p>Hier findest du Information, wo du HIKEBEAM\u00ae by Beltlamp kaufen kannst.<\/p>\n<p>[\/et_pb_blurb][et_pb_button button_url=&#8220;@ET-DC@eyJkeW5hbWljIjp0cnVlLCJjb250ZW50IjoicG9zdF9saW5rX3VybF9wYWdlIiwic2V0dGluZ3MiOnsicG9zdF9pZCI6IjEwOTQ3In19@&#8220; button_text=&#8220;Weiterlesen&#8220; _builder_version=&#8220;4.7.4&#8243; _dynamic_attributes=&#8220;button_url&#8220; _module_preset=&#8220;default&#8220; global_colors_info=&#8220;{}&#8220;][\/et_pb_button][\/et_pb_column][et_pb_column type=&#8220;1_5&#8243; _builder_version=&#8220;4.7.4&#8243; _module_preset=&#8220;default&#8220; global_colors_info=&#8220;{}&#8220;][et_pb_blurb title=&#8220;MEDIEN&#8220; use_icon=&#8220;on&#8220; font_icon=&#8220;&#x7b;||divi||400&#8243; icon_color=&#8220;#B3B5B4&#8243; _builder_version=&#8220;4.13.0&#8243; _module_preset=&#8220;default&#8220; header_font=&#8220;|800|||||||&#8220; background_layout=&#8220;dark&#8220; global_colors_info=&#8220;{}&#8220;]<\/p>\n<p>Hier wirst du aktuelle Medienbeitr\u00e4ge im<br \/>\nBezug auf HIKEBEAM\u00ae by BELTLAMP finden.<\/p>\n<p>[\/et_pb_blurb][et_pb_button button_url=&#8220;@ET-DC@eyJkeW5hbWljIjp0cnVlLCJjb250ZW50IjoicG9zdF9saW5rX3VybF9wYWdlIiwic2V0dGluZ3MiOnsicG9zdF9pZCI6IjEwOTUxIn19@&#8220; button_text=&#8220;Weiterlesen&#8220; _builder_version=&#8220;4.7.4&#8243; _dynamic_attributes=&#8220;button_url&#8220; _module_preset=&#8220;default&#8220; global_colors_info=&#8220;{}&#8220;][\/et_pb_button][\/et_pb_column][et_pb_column type=&#8220;1_5&#8243; _builder_version=&#8220;4.7.4&#8243; _module_preset=&#8220;default&#8220; global_colors_info=&#8220;{}&#8220;][et_pb_blurb title=&#8220;\u00dcBER UNS &#8220; use_icon=&#8220;on&#8220; font_icon=&#8220;&#xe012;||divi||400&#8243; icon_color=&#8220;#B3B5B4&#8243; _builder_version=&#8220;4.13.0&#8243; _module_preset=&#8220;default&#8220; header_font=&#8220;|800|||||||&#8220; background_layout=&#8220;dark&#8220; global_colors_info=&#8220;{}&#8220;]<\/p>\n<p>Information \u00fcber die<br \/>\nFirma Beltlamp AS.<\/p>\n<p>[\/et_pb_blurb][et_pb_button button_url=&#8220;@ET-DC@eyJkeW5hbWljIjp0cnVlLCJjb250ZW50IjoicG9zdF9saW5rX3VybF9wYWdlIiwic2V0dGluZ3MiOnsicG9zdF9pZCI6IjEwOTczIn19@&#8220; button_text=&#8220;Weiterlesen&#8220; _builder_version=&#8220;4.7.4&#8243; _dynamic_attributes=&#8220;button_url&#8220; _module_preset=&#8220;default&#8220; global_colors_info=&#8220;{}&#8220;][\/et_pb_button][\/et_pb_column][\/et_pb_row][\/et_pb_section]<\/p>\n","protected":false},"excerpt":{"rendered":"<p>Design und Lage sorgen f\u00fcr einzigartige Beleuchtung, von den F\u00fcssen, zu den Seiten, und weit\u00a0 nach vorne &#8211; Viel besser sicht bei Dunst, Nebel und Niederschlag &#8211; F\u00fchlt sich angenehm an &#8211; Blendet andere nicht!HIKEBEAM, eine Idee aus Norwegen.QUALIT\u00c4TSLAMPE, EIN NEUES ERLEBNIS IM DUNKELN! &#8211; Leuchtet von den F\u00fcssen zu beiden Seiten und weit nach [&hellip;]<\/p>\n","protected":false},"author":9,"featured_media":0,"parent":0,"menu_order":0,"comment_status":"closed","ping_status":"closed","template":"","meta":{"_et_pb_use_builder":"on","_et_pb_old_content":"","_et_gb_content_width":"","om_disable_all_campaigns":false,"_monsterinsights_skip_tracking":false,"_monsterinsights_sitenote_active":false,"_monsterinsights_sitenote_note":"","_monsterinsights_sitenote_category":0,"_uf_show_specific_survey":0,"_uf_disable_surveys":false,"footnotes":""},"class_list":["post-11074","page","type-page","status-publish","hentry"],"aioseo_notices":[],"_links":{"self":[{"href":"https:\/\/beltlamp.com\/de\/wp-json\/wp\/v2\/pages\/11074","targetHints":{"allow":["GET"]}}],"collection":[{"href":"https:\/\/beltlamp.com\/de\/wp-json\/wp\/v2\/pages"}],"about":[{"href":"https:\/\/beltlamp.com\/de\/wp-json\/wp\/v2\/types\/page"}],"author":[{"embeddable":true,"href":"https:\/\/beltlamp.com\/de\/wp-json\/wp\/v2\/users\/9"}],"replies":[{"embeddable":true,"href":"https:\/\/beltlamp.com\/de\/wp-json\/wp\/v2\/comments?post=11074"}],"version-history":[{"count":6,"href":"https:\/\/beltlamp.com\/de\/wp-json\/wp\/v2\/pages\/11074\/revisions"}],"predecessor-version":[{"id":28603,"href":"https:\/\/beltlamp.com\/de\/wp-json\/wp\/v2\/pages\/11074\/revisions\/28603"}],"wp:attachment":[{"href":"https:\/\/beltlamp.com\/de\/wp-json\/wp\/v2\/media?parent=11074"}],"curies":[{"name":"wp","href":"https:\/\/api.w.org\/{rel}","templated":true}]}}