{"id":11083,"date":"2020-12-17T19:02:36","date_gmt":"2020-12-17T18:02:36","guid":{"rendered":"https:\/\/beltlamp.com\/fakten\/"},"modified":"2021-03-16T14:36:26","modified_gmt":"2021-03-16T13:36:26","slug":"fakten","status":"publish","type":"page","link":"https:\/\/beltlamp.com\/de\/fakten\/","title":{"rendered":"Fakten"},"content":{"rendered":"<p>[et_pb_section fb_built=&#8220;1&#8243; _builder_version=&#8220;4.7.4&#8243; _module_preset=&#8220;default&#8220; background_image=&#8220;https:\/\/beltlamp.com\/wp-content\/uploads\/2018\/01\/bg_u.jpg&#8220; custom_padding=&#8220;64px||64px||true|&#8220;][et_pb_row _builder_version=&#8220;4.7.4&#8243; _module_preset=&#8220;default&#8220; custom_padding=&#8220;||0px|||&#8220;][et_pb_column type=&#8220;4_4&#8243; _builder_version=&#8220;4.7.4&#8243; _module_preset=&#8220;default&#8220;][et_pb_text _builder_version=&#8220;4.7.4&#8243; _module_preset=&#8220;default&#8220; header_font=&#8220;|600||||||#ffffff|&#8220; header_text_color=&#8220;#ffffff&#8220; header_font_size=&#8220;40px&#8220;]<\/p>\n<h1 style=\"text-align: center;\"><strong>FAKTEN \u00dcBER HIKEBEAM<\/strong><\/h1>\n<p>[\/et_pb_text][\/et_pb_column][\/et_pb_row][\/et_pb_section][et_pb_section fb_built=&#8220;1&#8243; admin_label=&#8220;section&#8220; _builder_version=&#8220;3.22&#8243; custom_padding=&#8220;4px||4px||true|&#8220;][et_pb_row _builder_version=&#8220;4.7.4&#8243; _module_preset=&#8220;default&#8220; custom_padding=&#8220;||0px|||&#8220;][et_pb_column type=&#8220;4_4&#8243; _builder_version=&#8220;4.7.4&#8243; _module_preset=&#8220;default&#8220;][et_pb_menu menu_id=&#8220;50&#8243; menu_style=&#8220;centered&#8220; active_link_color=&#8220;#000000&#8243; _builder_version=&#8220;4.7.4&#8243; _module_preset=&#8220;default&#8220; menu_font=&#8220;|600|||||||&#8220; custom_margin=&#8220;||-5px|||&#8220;][\/et_pb_menu][\/et_pb_column][\/et_pb_row][et_pb_row column_structure=&#8220;1_2,1_2&#8243; use_custom_gutter=&#8220;on&#8220; gutter_width=&#8220;1&#8243; admin_label=&#8220;Zeile&#8220; _builder_version=&#8220;4.7.4&#8243; background_size=&#8220;initial&#8220; background_position=&#8220;top_left&#8220; background_repeat=&#8220;repeat&#8220; custom_padding=&#8220;72px|||||&#8220;][et_pb_column type=&#8220;1_2&#8243; _builder_version=&#8220;3.25&#8243; custom_padding=&#8220;|||&#8220; custom_padding__hover=&#8220;|||&#8220;][et_pb_text module_id=&#8220;background1&#8243; _builder_version=&#8220;4.7.4&#8243; _module_preset=&#8220;default&#8220; custom_padding=&#8220;10px||27px|||&#8220;]<\/p>\n<h2><strong>Hintergrund<\/strong><\/h2>\n<p>[\/et_pb_text][et_pb_text _builder_version=&#8220;4.7.4&#8243; _module_preset=&#8220;default&#8220; custom_padding=&#8220;|48px||||&#8220;]<strong>Ein norwegischer Optiker w\u00fcnschte sich f\u00fcr seine Abendspazierg\u00e4nge eine bessere Beleuchtung. Er empfand Stirnlampen eher als unbequem und nicht effizient. Auch war es f\u00fcr ihn keine gute L\u00f6sung dauernd eine Taschenlampe in der Hand halten zu m\u00fcssen. <\/strong><\/p>\n<p>Er fand deshalb eine einfache L\u00f6sung um eine Lampe an seinem G\u00fcrtel zu befestigen und entdeckte, dass eine G\u00fcrtellampe viele gro\u00dfartige Vorteile mit sich bringt.<span>&nbsp;<\/span><b>Es war beinahe magisch!&nbsp;<\/b>St\u00e4rkere Beleuchtung des Gel\u00e4ndes, 3D-effekt und andre Vorteile, machten klar, dass das etwas ist, was auch andre erleben sollten.<\/p>\n<p>Noch besser wurde es mit einem reflektierenden Schirm, welcher verhinderte, dass andere geblendet werden und gleichzeitig erlaubte das Gel\u00e4nde direkt vor den F\u00fc\u00dfen noch besser auszuleuchten. Man sieht Unebenheiten und Details beim Gehen viel besser. Auch entgeht man fast allen st\u00f6renden Einfl\u00fcssen, hervorgerufen durch Nebel, Nieselregen, Dunst oder Atemhauch. Die Lampe hat auch einen WidebeamTM-Modus, dank dessen das Gel\u00e4nde bis 180\u00b0 ausgeleuchtet werden kann. Dar\u00fcber hinaus, kann die Lampe auch f\u00fcr statische Beleuchtung f\u00fcr allerlei Arbeiten aufgestellt werden.[\/et_pb_text][et_pb_text module_id=&#8220;howtouse&#8220; _builder_version=&#8220;4.7.4&#8243; _module_preset=&#8220;default&#8220; custom_padding=&#8220;46px||27px|||&#8220;]<\/p>\n<h2><strong>Anwendung des HIKEBEAM\u00ae<\/strong><\/h2>\n<p>[\/et_pb_text][et_pb_text _builder_version=&#8220;4.7.4&#8243; _module_preset=&#8220;default&#8220; custom_padding=&#8220;|48px||||&#8220;]HIKEBEAM\u00ae 400 ist eine einzigartige G\u00fcrtellampe. Sie kann unkompliziert am Hoseng\u00fcrtel, oder am H\u00fcftg\u00fcrtel eines Rucksacks befestigt werden und kann einfach, je nach dem Gel\u00e4nde, oder nach Wunsch eingestellt werden. Am besten geht es mit einem ziemlich stramm angezogenen, separaten G\u00fcrtel, welcher etwas \u00fcber der H\u00fcfte befestigt wird. In dieser Position kann man sich ungest\u00f6rt b\u00fccken und Dinge tragen, ohne dass die Lampe dabei st\u00f6rend dazwischen kommt und man ist frei von jeder Behinderung. Das n\u00e4here Gel\u00e4nde ist so mit Licht f\u00f6rmlich \u00fcberflutet. Mit zus\u00e4tzlicher externer Batterie hat man sehr gute Beleuchtung f\u00fcr lange Zeit. Diese kann ebenfalls am G\u00fcrtel befestigt werden, oder in der Tasche oder im Rucksack mitgetragen werden. Zus\u00e4tzliche Batterien k\u00f6nnen noch dazu gekauft werden.         <\/p>\n<p><a href=\"https:\/\/beltlamp.com\/wp-content\/uploads\/2020\/06\/Lykt_i_belte_web.jpg\" target=\"_blank\" rel=\"noopener noreferrer\" class=\"lightbox-added\"><span>Bild: Lampe am G\u00fcrtel<\/span><\/a><\/p>\n<p><a href=\"https:\/\/beltlamp.com\/wp-content\/uploads\/2020\/06\/Lykt_med_powerbank_web.jpg\" target=\"_blank\" rel=\"noopener noreferrer\" class=\"lightbox-added\"><span>Bild: Lampe und Batterie am G\u00fcrtel<\/span><\/a><\/p>\n<p>Die Lampe kann auch freistehend am Boden, auf dem Tisch, im Gel\u00e4nde, im Zelt, oder als Arbeitslampe aufgestellt, oder aufgeh\u00e4ngt werden. <\/p>\n<p><span><a href=\"https:\/\/beltlamp.com\/wp-content\/uploads\/2019\/01\/20181223_124227-2.jpg\" target=\"_blank\" rel=\"noopener noreferrer\" class=\"lightbox-added\">Bild: Freistehende Lampe<\/a><\/span><\/p>\n<p><span><a href=\"https:\/\/beltlamp.com\/wp-content\/uploads\/2019\/09\/Inspir58.jpg\" target=\"_blank\" rel=\"noopener noreferrer\" class=\"lightbox-added\">Bild: Widebeam 180\u00b0 mit seitlichen Lichtern<\/a><\/span>[\/et_pb_text][\/et_pb_column][et_pb_column type=&#8220;1_2&#8243; _builder_version=&#8220;3.25&#8243; custom_padding=&#8220;|||&#8220; custom_padding__hover=&#8220;|||&#8220;][et_pb_image src=&#8220;https:\/\/beltlamp.com\/wp-content\/uploads\/2020\/04\/Lykt-162-e1607003980702.jpg&#8220; title_text=&#8220;Lykt-162&#8243; _builder_version=&#8220;4.7.4&#8243; _module_preset=&#8220;default&#8220; custom_padding=&#8220;0px|||||&#8220;][\/et_pb_image][\/et_pb_column][\/et_pb_row][\/et_pb_section][et_pb_section fb_built=&#8220;1&#8243; _builder_version=&#8220;4.7.4&#8243; _module_preset=&#8220;default&#8220; background_color=&#8220;#20271F&#8220; background_image=&#8220;https:\/\/beltlamp.com\/wp-content\/uploads\/2020\/04\/Lykt-162.jpg&#8220; parallax=&#8220;on&#8220; parallax_method=&#8220;off&#8220; custom_padding=&#8220;0px||0px||true|false&#8220;][et_pb_row column_structure=&#8220;1_2,1_2&#8243; use_custom_gutter=&#8220;on&#8220; gutter_width=&#8220;2&#8243; _builder_version=&#8220;4.7.4&#8243; _module_preset=&#8220;default&#8220; background_color=&#8220;rgba(30,30,30,0.73)&#8220; width=&#8220;100%&#8220; max_width=&#8220;2560px&#8220; custom_padding=&#8220;83px|27px|83px|27px|true|true&#8220;][et_pb_column type=&#8220;1_2&#8243; _builder_version=&#8220;4.7.4&#8243; _module_preset=&#8220;default&#8220; background_enable_image=&#8220;off&#8220;][et_pb_image src=&#8220;https:\/\/beltlamp.com\/wp-content\/uploads\/2021\/03\/fakta_ny.jpg&#8220; title_text=&#8220;fakta_ny&#8220; align=&#8220;center&#8220; _builder_version=&#8220;4.9.0&#8243; _module_preset=&#8220;default&#8220; width=&#8220;88%&#8220; hover_enabled=&#8220;0&#8243; sticky_enabled=&#8220;0&#8243;][\/et_pb_image][\/et_pb_column][et_pb_column type=&#8220;1_2&#8243; _builder_version=&#8220;4.7.4&#8243; _module_preset=&#8220;default&#8220;][et_pb_text module_id=&#8220;facts1&#8243; _builder_version=&#8220;4.7.4&#8243; _module_preset=&#8220;default&#8220; text_font=&#8220;||||||||&#8220; text_text_color=&#8220;#ffffff&#8220; header_text_color=&#8220;#ffffff&#8220; header_2_font=&#8220;|600|||||||&#8220; header_2_text_color=&#8220;#B4B7B5&#8243; custom_padding=&#8220;12px|6px|12px|6px|true|true&#8220;]<\/p>\n<div class=\"av-special-heading av-special-heading-h2 custom-color-heading blockquote modern-quote avia-builder-el-27 el_before_av_hr avia-builder-el-first \">\n<h2 class=\"av-special-heading-tag \" itemprop=\"headline\">Eigenschaften, HIKEBEAM 400<\/h2>\n<\/div>\n<div class=\"hr hr-custom hr-left hr-icon-no avia-builder-el-28 el_after_av_heading el_before_av_textblock \"><span class=\"hr-inner inner-border-av-border-fat\"><span class=\"hr-inner-style\"><\/span><\/span><\/div>\n<section class=\"av_textblock_section \" itemscope=\"itemscope\" itemtype=\"https:\/\/schema.org\/CreativeWork\">\n<div class=\"avia_textblock av_inherit_color \" itemprop=\"text\">\n<p><strong>Hikebeam 400<\/strong><span>&nbsp;<\/span>hat ein Hauptlicht mit ca. 400 Lumen (max.), sowie zwei seitliche Lichter (WidebeamTM), jede mit ca. 100 Lumen (max.). Zum Ausschalten bet\u00e4tige die Schalttaste w\u00e4hrend mehr als 2 sek, oder gehe auf Funktion 7.  <\/p>\n<p><strong>Die Lampe verf\u00fcgt \u00fcber 7 Funktionen, welche durch mehrmaliges Dr\u00fccken auf die seitliche Schalttaste ausgew\u00e4hlt werden:<\/strong><\/p>\n<ol>\n<li>Schwaches Hauptlicht.<\/li>\n<li>Mittel-starkes Hauptlicht.<\/li>\n<li>Hauptlicht mit maximaler St\u00e4rke (400 Lumen).<\/li>\n<li>Mittel-starkes Hauptlicht mit seitlichen Lichtern (WidebeamTM)<\/li>\n<li>Schwaches Hauptlicht, mit schwachen seitlichen Lichtern (WidebeamTM).<\/li>\n<li>Nur mit seitlichen Lichtern (WidebeamTM).<\/li>\n<li>&nbsp;Ausschalten <\/li>\n<\/ol>\n<p><b>IPX4,<\/b><span>&nbsp;<\/span>sofern der Deckel der Ladebuchse, oder das Ladekabel mit dem zugeh\u00f6rigen Schutz angesteckt sind.<\/p>\n<p><a href=\"https:\/\/beltlamp.com\/wp-content\/uploads\/2020\/08\/film3_0.mp4\" target=\"_blank\" rel=\"noopener noreferrer\"><strong>CLICK, VIDEO HERE.<\/strong><\/a><br \/>\n<a href=\"https:\/\/beltlamp.com\/wp-content\/uploads\/2020\/11\/cap.jpg\" target=\"_blank\" rel=\"noopener noreferrer\" class=\"lightbox-added\"><strong>INSTRUCTION FOR THE PROTECTIVE CAP.<\/strong><\/a><\/p>\n<p>Norwegische Erfindung, Design und Entwicklung. Hergestellt in China. <\/p>\n<p><strong><em>Des Design der Lampe ist rechtlich gesch\u00fctzt und der Begriff <span>&nbsp;<\/span><\/em>HIKEBEAM<em>\u00ae ist ein, in einem wesentlichen Teil des Weltmarktes, gesch\u00fctzter Markennahme. Alle Rechte geh\u00f6ren der norwegischen Firma Beltlamp AS.<\/em><\/strong><\/p>\n<p><a href=\"https:\/\/beltlamp.com\/wp-content\/uploads\/2019\/12\/Sertifikater.pdf\" target=\"_blank\" rel=\"noopener noreferrer\">Download pdf here.<\/a><\/p>\n<\/div>\n<\/section>\n<div class=\"hr hr-invisible avia-builder-el-30 el_after_av_textblock avia-builder-el-last \"><\/div>\n<p>[\/et_pb_text][\/et_pb_column][\/et_pb_row][\/et_pb_section][et_pb_section fb_built=&#8220;1&#8243; _builder_version=&#8220;4.7.4&#8243; _module_preset=&#8220;default&#8220;][et_pb_row column_structure=&#8220;1_2,1_2&#8243; _builder_version=&#8220;4.7.4&#8243; _module_preset=&#8220;default&#8220;][et_pb_column type=&#8220;1_2&#8243; _builder_version=&#8220;4.7.4&#8243; _module_preset=&#8220;default&#8220;][et_pb_text module_id=&#8220;batteries&#8220; _builder_version=&#8220;4.7.4&#8243; _module_preset=&#8220;default&#8220;]<\/p>\n<h2 class=\"av-special-heading-tag \" itemprop=\"headline\"><strong>Batterien<\/strong><\/h2>\n<p>[\/et_pb_text][et_pb_text _builder_version=&#8220;4.7.4&#8243; _module_preset=&#8220;default&#8220;]<\/p>\n<div class=\"av-special-heading av-special-heading-h2 custom-color-heading blockquote modern-quote avia-builder-el-34 el_before_av_hr avia-builder-el-first \">\n<h2 class=\"av-special-heading-tag \" itemprop=\"headline\"><span style=\"font-size: 16px;\">Die interne Batterie des Hikebeam 400 verf\u00fcgt \u00fcber eine Kapazit\u00e4t von 960 mAh. Wenn das Hauptlicht mit voller Leuchtkraft betrieben wird, kann eine gute Beleuchtung f\u00fcr eine Stunde gew\u00e4hrleistet werden. Wenn das Hauptlicht nur mit mittlerer Leuchtkraft und zus\u00e4tzlich mit den Seitenlampen betrieben wird, bleibt die Autonomie ungef\u00e4hr identisch. Die Autonomie wird mehr als verdoppelt, wenn nur die Hauptlampe mit mittlerer Leuchtkraft eingeschaltet wird. Mit schw\u00e4chster Leuchtkraft verl\u00e4ngert sich die Autonomie der Lampe auf etwa 6 Stunden.   <\/span><\/h2>\n<\/div>\n<section class=\"av_textblock_section \" itemscope=\"itemscope\" itemtype=\"https:\/\/schema.org\/CreativeWork\">\n<div class=\"avia_textblock \" itemprop=\"text\">\n<p>Zum Lieferumfang geh\u00f6rt auch eine Powerbank mit einer Kapazit\u00e4t von 5000mAh, welche als externe Batterie verwendet wird. Diese kann ebenfalls am G\u00fcrtel befestigt werden, kann aber auch in der Tasche, oder im Rucksack mitgetragen werden. Die Powerbank kann an der Lampe angesteckt werden, um mit ihr zusammen Licht f\u00fcr bis zu 6 Stunden mit voller Leuchtst\u00e4rke zu spenden. (Beide Batterien k\u00f6nnen innerhalb von 3-4 Stunden wieder aufgeladen werden). Beachte: Verwende nur ein Original-Anschlusskabel, welches gew\u00e4hrleistet, dass die Steckverbindung wasserfest ist. Achte darauf, dass entweder der Stecker des Versorgungskabels in der Lampe steckt, oder, dass der Stecker durch aufstecken der zugeh\u00f6rigen Abdeckkappe gesch\u00fctzt ist. Die Dioden an der Lampe und an der Powerbank leuchten beim Ladevorgang auf. Sobald die Batterien voll geladen sind, erl\u00f6scht die blaue Diode. Wird die Lampe nach dem Ladevorgang eingeschaltet, wird die Lampe nur aus der internen Batterie gespeist. Wird kurz vor dem Einschalten der Lampe der seitliche Knopf auf der Powerbank bet\u00e4tigt, leuchten die Dioden auf und somit wird der Strom aus der Powerbank bezogen. Nach etwa 5 Stunden Gebrauch, wird die Batterie der Powerbank ersch\u00f6pft sein. Auf langen Touren sollte man eine, oder mehrere Powerbanken mitnehmen, um diese dann nach Gebrauch austauschen zu k\u00f6nnen. Dadurch erspart man sich eine Stunde Reserve mit der internen Batterie und entsprechend mehr mit reduzierter Leuchtst\u00e4rke.             <\/p>\n<p>Verhindere das Eindringen von Wasser, oder Fl\u00fcssigkeit in die Stecker der Lampe und der Powerbank. Bei rechtm\u00e4\u00dfigem und vorsichtigem Gebrauch, kann verhindert werden, dass Fl\u00fcssigkeit oder Feuchtigkeit in die Stecker eindringt. So wird die Lampe f\u00fcr lange Zeit einwandfrei funktionieren. Es kann keine Garantie gew\u00e4hrleistet werden, wenn durch Verwenden von nicht konformen Powerbanken oder Stromquellen, Sch\u00e4den entstehen. Setze immer ein Ladekabel von Beltlamp AS ein. Der Gebrauch der Lampe ist auf eigene Verantwortung. Die Lampe soll nur \u00fcber eine originale Powerbank geladen werden. Die Powerbank selber kann dann auch \u00fcber eine andere Stromquelle mit USB-Stecker geladen werden. Auf l\u00e4ngeren Touren ist es sinnvoll, mehrere Ersatz-Powerbanken mitzunehmen. Bei K\u00e4lte ist die nominale Batteriekapazit\u00e4t leicht niedriger. Als Spezialzubeh\u00f6r k\u00f6nnen auch Powerbanken mit 10000 mAh erworben werden, welche auch f\u00fcr den Gebrauch bei gro\u00dfer K\u00e4lte geeignet sind.         <\/p>\n<p>Nach zahlreichen Lade\/Entladevorg\u00e4ngen kann die nominale Ladekapazit\u00e4t der Batterien leicht sinken. Aber du kannst auf lange Zeit mit guter Batteriekapazit\u00e4t rechnen <span> <\/span><span><a href=\"https:\/\/beltlamp.com\/wp-content\/uploads\/2019\/12\/POWERBANKS-FROM-BELTLAMP-AS.pdf\" target=\"_blank\" rel=\"noopener noreferrer\">(F\u00fcr die technischen Daten der Batterien, klicke hier)<\/a><\/span><\/p>\n<\/div>\n<\/section>\n<p>[\/et_pb_text][\/et_pb_column][et_pb_column type=&#8220;1_2&#8243; _builder_version=&#8220;4.7.4&#8243; _module_preset=&#8220;default&#8220;][et_pb_image src=&#8220;https:\/\/beltlamp.com\/wp-content\/uploads\/2018\/01\/pexels-photo-753994.jpg&#8220; title_text=&#8220;pexels-photo-753994&#8243; _builder_version=&#8220;4.7.4&#8243; _module_preset=&#8220;default&#8220;][\/et_pb_image][et_pb_text _builder_version=&#8220;4.7.4&#8243; _module_preset=&#8220;default&#8220;]<\/p>\n<div class=\"av-special-heading av-special-heading-h2 custom-color-heading blockquote modern-quote avia-builder-el-40 el_before_av_hr avia-builder-el-first \">\n<h2 class=\"av-special-heading-tag \" itemprop=\"headline\">N\u00fctzliche Information<\/h2>\n<\/div>\n<div class=\"hr hr-custom hr-left hr-icon-no avia-builder-el-41 el_after_av_heading el_before_av_textblock \"><span class=\"hr-inner inner-border-av-border-fat\"><span class=\"hr-inner-style\"><\/span><\/span><\/div>\n<section class=\"av_textblock_section \" itemscope=\"itemscope\" itemtype=\"https:\/\/schema.org\/CreativeWork\">\n<div class=\"avia_textblock \" itemprop=\"text\">\n<p>Wenn die Powerbank angeschlossen ist, wird die interne Batterie der Lampe aufgeladen und auch gespeist, sofern diese eingeschaltet ist. W\u00e4hrend dem Ladevorgang leuchtet eine blaue Diode. Diese erlischt sobald die interne Batterie voll geladen ist.  <\/p>\n<p>Beim Gebrauch der Lampe, insbesondere mit voller Leuchtst\u00e4rke, kann sich am Geh\u00e4use der Lampe eine gewisse W\u00e4rme entwickeln. Daher sollte die eingeschaltete Lampe nicht mit Textilien zugedeckt werden, wie z.B. mit Bettzeug oder Kleidern.  <\/p>\n<p>Wenn die Batterieladung ersch\u00f6pft ist, erlischt die Lampe pl\u00f6tzlich. In diesem Fall kann die Lampe jedoch mit geringerer Leuchtst\u00e4rke und f\u00fcr kurze Zeit wieder eingeschaltet werden. Rat f\u00fcr l\u00e4ngeren Gebrauch der Lampe: Die angeschlossene Powerbank erlaubt den Betrieb der Lampe bei voller Lichtst\u00e4rke w\u00e4hrend ungef\u00e4hr 5 Stunden. Danach kann die Lampe mit der internen Batterie noch ungef\u00e4hr eine Stunde betrieben werden. Die leere Powerbank sollte so schnell wie m\u00f6glich ausgetauscht werden, um zu verhindern, dass die Reservekapazit\u00e4t der internen Batterie aufgebraucht wird und man umgeht, pl\u00f6tzlich kein Licht mehr zu haben. Die Dioden an der Powerbank zeigen die verbleibende Batteriekapazit\u00e4t an. Dazu eventuell auf den seitlichen Knopf dr\u00fccken, oder die Steckverbindung zwischen den Ger\u00e4ten \u00fcberpr\u00fcfen. Die Dioden leuchten, wenn die Lampe Strom aus der Powerbank bezieht.        <\/p>\n<p>Es ist zu vermeiden, dass Wasser oder andere Fl\u00fcssigkeiten in den Stecker der Lampe, oder der Powerbank eindringen k\u00f6nnen. Sollte dies jedoch trotzdem vorkommen, so sollten die Ger\u00e4te ein oder zwei Tage ungebraucht liegen gelassen werden, um sie gut austrocknen zu lassen. Unsere Garantie wird nicht gew\u00e4hrleistet, wenn die Ger\u00e4te durch eindringen von Wasser, oder anderen Fl\u00fcssigkeiten Schaden genommen haben. Hikebeam\u00ae ist konzipiert um bei normalem Gebrauch Wind- und Wetterbest\u00e4ndig zu sein. Darum wird sie dir bestimmt f\u00fcr lange Zeit gute Dienste leisten.    <\/p>\n<p><strong><em>Vergesse nicht die Batterien rechtzeitig zu laden, damit die Lampe immer einsatzbereit ist. F\u00fcr l\u00e4ngere Touren kann es n\u00fctzlich sein, die daf\u00fcr notwendige Batteriekapazit\u00e4t zu berechnen. Eventuell sollten mehrere Powerbanken mitgenommen werden. Ein Ersatz-Ladekabel mit dabei zu haben, kann ebenfalls von Vorteil sein.  <\/em><\/strong><\/p>\n<\/div>\n<\/section>\n<p>[\/et_pb_text][\/et_pb_column][\/et_pb_row][\/et_pb_section]<\/p>\n","protected":false},"excerpt":{"rendered":"<p>FAKTEN \u00dcBER HIKEBEAMHintergrundEin norwegischer Optiker w\u00fcnschte sich f\u00fcr seine Abendspazierg\u00e4nge eine bessere Beleuchtung. Er empfand Stirnlampen eher als unbequem und nicht effizient. Auch war es f\u00fcr ihn keine gute L\u00f6sung dauernd eine Taschenlampe in der Hand halten zu m\u00fcssen. Er fand deshalb eine einfache L\u00f6sung um eine Lampe an seinem G\u00fcrtel zu befestigen und entdeckte, [&hellip;]<\/p>\n","protected":false},"author":9,"featured_media":0,"parent":0,"menu_order":0,"comment_status":"closed","ping_status":"closed","template":"","meta":{"_et_pb_use_builder":"on","_et_pb_old_content":"","_et_gb_content_width":"","om_disable_all_campaigns":false,"_monsterinsights_skip_tracking":false,"_monsterinsights_sitenote_active":false,"_monsterinsights_sitenote_note":"","_monsterinsights_sitenote_category":0,"_uf_show_specific_survey":0,"_uf_disable_surveys":false,"footnotes":""},"class_list":["post-11083","page","type-page","status-publish","hentry"],"aioseo_notices":[],"_links":{"self":[{"href":"https:\/\/beltlamp.com\/de\/wp-json\/wp\/v2\/pages\/11083","targetHints":{"allow":["GET"]}}],"collection":[{"href":"https:\/\/beltlamp.com\/de\/wp-json\/wp\/v2\/pages"}],"about":[{"href":"https:\/\/beltlamp.com\/de\/wp-json\/wp\/v2\/types\/page"}],"author":[{"embeddable":true,"href":"https:\/\/beltlamp.com\/de\/wp-json\/wp\/v2\/users\/9"}],"replies":[{"embeddable":true,"href":"https:\/\/beltlamp.com\/de\/wp-json\/wp\/v2\/comments?post=11083"}],"version-history":[{"count":0,"href":"https:\/\/beltlamp.com\/de\/wp-json\/wp\/v2\/pages\/11083\/revisions"}],"wp:attachment":[{"href":"https:\/\/beltlamp.com\/de\/wp-json\/wp\/v2\/media?parent=11083"}],"curies":[{"name":"wp","href":"https:\/\/api.w.org\/{rel}","templated":true}]}}