{"id":11100,"date":"2020-12-18T16:29:00","date_gmt":"2020-12-18T15:29:00","guid":{"rendered":"https:\/\/beltlamp.com\/verkaufsstellen\/"},"modified":"2023-12-25T11:39:25","modified_gmt":"2023-12-25T10:39:25","slug":"verkaufsstellen","status":"publish","type":"page","link":"https:\/\/beltlamp.com\/de\/verkaufsstellen\/","title":{"rendered":"VERKAUFSSTELLEN"},"content":{"rendered":"<p>[et_pb_section fb_built=&#8220;1&#8243; _builder_version=&#8220;4.7.4&#8243; _module_preset=&#8220;default&#8220; background_color=&#8220;#e6e5e1&#8243; global_colors_info=&#8220;{}&#8220;][et_pb_row _builder_version=&#8220;4.7.4&#8243; _module_preset=&#8220;default&#8220; global_colors_info=&#8220;{}&#8220;][et_pb_column type=&#8220;4_4&#8243; _builder_version=&#8220;4.7.4&#8243; _module_preset=&#8220;default&#8220; global_colors_info=&#8220;{}&#8220;][et_pb_text _builder_version=&#8220;4.7.4&#8243; _module_preset=&#8220;default&#8220; global_colors_info=&#8220;{}&#8220;]<\/p>\n<h3 style=\"text-align: center\">Hier halten wir Sie auf dem Laufenden, wo und wann Sie Hikebeam kaufen k\u00f6nnen.<\/h3>\n<h3 style=\"text-align: center\">Unser Online-Shop wird bald f\u00fcr den gr\u00f6\u00dften Teil Europas aktiviert.<\/h3>\n<p style=\"text-align: center\">Sehr wenige wissen, dass diese Lampe existiert. Bitte sagen Sie es Ihren Freunden und Outdoor-Ausr\u00fcstungsh\u00e4ndlern!<\/p>\n<p>[\/et_pb_text][\/et_pb_column][\/et_pb_row][et_pb_row column_structure=&#8220;1_4,1_4,1_4,1_4&#8243; _builder_version=&#8220;4.7.4&#8243; _module_preset=&#8220;default&#8220; global_colors_info=&#8220;{}&#8220;][et_pb_column type=&#8220;1_4&#8243; _builder_version=&#8220;4.7.4&#8243; _module_preset=&#8220;default&#8220; global_colors_info=&#8220;{}&#8220;][et_pb_text _builder_version=&#8220;4.7.4&#8243; _module_preset=&#8220;default&#8220; global_colors_info=&#8220;{}&#8220;]<\/p>\n<p><span><strong>NORWAY<\/strong><\/span><\/p>\n<p><span><b>HIKEBEAM<\/b><strong> can now be ordered in our online store:<\/strong><\/span><\/p>\n<p><strong><span>beltlamp.com<\/span> <\/strong><\/p>\n<p><span>Product will arrive in 2 &#8211; 5 days with PostNord. (So far in Norway only)<\/span><\/p>\n<p><span>\u2013<\/span><\/p>\n<p><span>HIKEBEAM can also be bought here:<\/span><\/p>\n<p><span><strong>ELVERUM<\/strong><\/span><\/p>\n<p><span>SPORT 1 Elverum AS<\/span><\/p>\n<p><span>Storgata 13<\/span><\/p>\n<p><span>tlf. 62 41 24 24<\/span><\/p>\n<p>\u2013<\/p>\n<p><span><strong>RIS\u00d8R<\/strong><\/span><\/p>\n<p><span>SPORT 1 Ris\u00f8r AS<\/span><\/p>\n<p><span>Torvet 3<\/span><\/p>\n<p><span>37 15 14 20<\/span><\/p>\n<p>\u2013<\/p>\n<p><span><strong>SOLA<\/strong><\/span><\/p>\n<p><span>OPTIKEREN<\/span><\/p>\n<p><span>Solakrossen 2<\/span><\/p>\n<p><span>Tlf. 51 65 22 99<\/span><\/p>\n<p>\u2013<\/p>\n<p><span><strong>VENNESLA<\/strong><\/span><\/p>\n<p><span>Sentrum Jern og Farge AS<\/span><\/p>\n<p><span>Sentrumsvegen 20<\/span><\/p>\n<p><span>Tlf. 38 15 81 55<\/span><\/p>\n<p>\u2013<\/p>\n<p><strong><span>VOSS<\/span><\/strong><\/p>\n<p><span>SHU Vossa Fjedl AS<\/span><\/p>\n<p>Bergsliplassen 2<\/p>\n<p>Tlf. 56 51 02 00<\/p>\n<p>\u2013<\/p>\n<p>Distributors\/retailers:<\/p>\n<p>Contact: rolf@beltlamp.com<\/p>\n<p>[\/et_pb_text][\/et_pb_column][et_pb_column type=&#8220;1_4&#8243; _builder_version=&#8220;4.7.4&#8243; _module_preset=&#8220;default&#8220; global_colors_info=&#8220;{}&#8220;][et_pb_text _builder_version=&#8220;4.7.4&#8243; _module_preset=&#8220;default&#8220; global_colors_info=&#8220;{}&#8220;]<\/p>\n<p><span><strong>THE NORDIC COUNTRIES<\/strong><\/span><\/p>\n<p><strong>HIKEBEAM from Beltlamp AS<\/strong><\/p>\n<p><span><strong>can be ordered here:<\/strong><\/span><\/p>\n<p><span><strong>beltlamp.com<\/strong><\/span><\/p>\n<p><span><strong>You can choose currency: SKK, DKK, Euro or NOK.<\/strong><\/span><\/p>\n<p><span>Goods will be sent and arrive within 1 \u2013 5 days.<\/span><\/p>\n<p>\u2013<\/p>\n<p>Distributors\/retailers:<\/p>\n<p>Contact: rolf@beltlamp.com<\/p>\n<p>[\/et_pb_text][\/et_pb_column][et_pb_column type=&#8220;1_4&#8243; _builder_version=&#8220;4.7.4&#8243; _module_preset=&#8220;default&#8220; global_colors_info=&#8220;{}&#8220;][et_pb_text _builder_version=&#8220;4.7.4&#8243; _module_preset=&#8220;default&#8220; global_colors_info=&#8220;{}&#8220;]<\/p>\n<p><span><strong>EUROPE<\/strong><\/span><\/p>\n<p><strong>HIKEBEAM from Beltlamp AS<\/strong><\/p>\n<p><strong>can be ordered here:<\/strong><\/p>\n<p><strong>beltlamp.com<\/strong><\/p>\n<p><strong>Can be delivered to the most of European countries. You can choose currency: Euro, SKK, DKK and NOK.<\/strong><\/p>\n<p><span>Goods will be sent and arrive within 1 \u2013 5 days.<\/span><\/p>\n<p>\u2013<\/p>\n<p>Distributors\/retailers:<\/p>\n<p>Contact: rolf@beltlamp.com<\/p>\n<p>[\/et_pb_text][\/et_pb_column][et_pb_column type=&#8220;1_4&#8243; _builder_version=&#8220;4.7.4&#8243; _module_preset=&#8220;default&#8220; global_colors_info=&#8220;{}&#8220;][et_pb_text _builder_version=&#8220;4.7.4&#8243; _module_preset=&#8220;default&#8220; global_colors_info=&#8220;{}&#8220;]<\/p>\n<p><span><strong>OTHER COUNTRIES<\/strong><\/span><\/p>\n<p><span>Sorry, but so far people outside Europe have to wait for opportunities to aquire an Hikebeam lamp.<\/span><\/p>\n<p><span>\u2013<\/span><\/p>\n<p>Distributors\/retailers wanted!<\/p>\n<p>Contact: rolf@beltlamp.com<\/p>\n<p>[\/et_pb_text][\/et_pb_column][\/et_pb_row][\/et_pb_section]<\/p>\n","protected":false},"excerpt":{"rendered":"<p>Hier halten wir Sie auf dem Laufenden, wo und wann Sie Hikebeam kaufen k\u00f6nnen. Unser Online-Shop wird bald f\u00fcr den gr\u00f6\u00dften Teil Europas aktiviert. Sehr wenige wissen, dass diese Lampe existiert. Bitte sagen Sie es Ihren Freunden und Outdoor-Ausr\u00fcstungsh\u00e4ndlern!NORWAY HIKEBEAM can now be ordered in our online store: beltlamp.com Product will arrive in 2 &#8211; [&hellip;]<\/p>\n","protected":false},"author":9,"featured_media":0,"parent":0,"menu_order":0,"comment_status":"closed","ping_status":"closed","template":"","meta":{"_et_pb_use_builder":"on","_et_pb_old_content":"","_et_gb_content_width":"","om_disable_all_campaigns":false,"_monsterinsights_skip_tracking":false,"_monsterinsights_sitenote_active":false,"_monsterinsights_sitenote_note":"","_monsterinsights_sitenote_category":0,"_uf_show_specific_survey":0,"_uf_disable_surveys":false,"footnotes":""},"class_list":["post-11100","page","type-page","status-publish","hentry"],"aioseo_notices":[],"_links":{"self":[{"href":"https:\/\/beltlamp.com\/de\/wp-json\/wp\/v2\/pages\/11100","targetHints":{"allow":["GET"]}}],"collection":[{"href":"https:\/\/beltlamp.com\/de\/wp-json\/wp\/v2\/pages"}],"about":[{"href":"https:\/\/beltlamp.com\/de\/wp-json\/wp\/v2\/types\/page"}],"author":[{"embeddable":true,"href":"https:\/\/beltlamp.com\/de\/wp-json\/wp\/v2\/users\/9"}],"replies":[{"embeddable":true,"href":"https:\/\/beltlamp.com\/de\/wp-json\/wp\/v2\/comments?post=11100"}],"version-history":[{"count":0,"href":"https:\/\/beltlamp.com\/de\/wp-json\/wp\/v2\/pages\/11100\/revisions"}],"wp:attachment":[{"href":"https:\/\/beltlamp.com\/de\/wp-json\/wp\/v2\/media?parent=11100"}],"curies":[{"name":"wp","href":"https:\/\/api.w.org\/{rel}","templated":true}]}}