{"id":11140,"date":"2020-05-29T12:20:03","date_gmt":"2021-01-11T09:40:55","guid":{"rendered":"https:\/\/beltlamp.com\/shop\/powerbank-5000-mah\/"},"modified":"2021-01-11T10:40:58","modified_gmt":"2021-01-11T09:40:58","slug":"powerbank-5000-mah","status":"publish","type":"product","link":"https:\/\/beltlamp.com\/de\/produkt\/powerbank-5000-mah\/","title":{"rendered":"Powerbank 5000 mAh"},"content":{"rendered":"<p>Veier ca. 100 g. Bra ytelse til -10\u00b0 C. Har 80% ytelse etter 200 lade-sykluser. Gir 6 timer med lyset p\u00e5 full styrke ved ladet lykt og batteri, og temperaturer over 0\u00b0C. Med flere powerbanker i reserve har man oftest rikelig tilgang p\u00e5 str\u00f8m. Gir ogs\u00e5 lademulighet for mobiltelefoner og annet utstyr med USB-lading.[spacer height=&#8220;20px&#8220;]<\/p>\n<p>[av_button label=&#8216; Tilbake til nettbutikken&#8216; icon_select=&#8217;yes&#8216; icon=&#8217;ue831&#8242; font=&#8217;entypo-fontello&#8216; link=&#8217;page,8096&#8242; link_target=&#8220; size=&#8217;small&#8216; position=&#8217;left&#8216; label_display=&#8220; title_attr=&#8220; color=&#8217;theme-color&#8216; custom_bg=&#8217;#444444&#8242; custom_font=&#8217;#ffffff&#8216; id=&#8220; custom_class=&#8220; av_uid=&#8217;av-34wtlw&#8216; admin_preview_bg=&#8220;]<\/p>\n<p>&nbsp;<\/p>\n","protected":false},"excerpt":{"rendered":"<p>Compact and light powerbank, 5000 mAh.<\/p>\n","protected":false},"featured_media":8434,"template":"","meta":{"_et_pb_use_builder":"on","_et_pb_old_content":"","_et_gb_content_width":"","om_disable_all_campaigns":false,"_monsterinsights_skip_tracking":false,"_monsterinsights_sitenote_active":false,"_monsterinsights_sitenote_note":"","_monsterinsights_sitenote_category":0,"_uf_show_specific_survey":0,"_uf_disable_surveys":false},"product_brand":[],"product_cat":[56],"product_tag":[],"class_list":{"0":"post-11140","1":"product","2":"type-product","3":"status-publish","4":"has-post-thumbnail","6":"product_cat-zubehor","8":"first","9":"instock","10":"taxable","11":"shipping-taxable","12":"purchasable","13":"product-type-simple"},"aioseo_notices":[],"_links":{"self":[{"href":"https:\/\/beltlamp.com\/de\/wp-json\/wp\/v2\/product\/11140","targetHints":{"allow":["GET"]}}],"collection":[{"href":"https:\/\/beltlamp.com\/de\/wp-json\/wp\/v2\/product"}],"about":[{"href":"https:\/\/beltlamp.com\/de\/wp-json\/wp\/v2\/types\/product"}],"wp:featuredmedia":[{"embeddable":true,"href":"https:\/\/beltlamp.com\/de\/wp-json\/wp\/v2\/media\/8434"}],"wp:attachment":[{"href":"https:\/\/beltlamp.com\/de\/wp-json\/wp\/v2\/media?parent=11140"}],"wp:term":[{"taxonomy":"product_brand","embeddable":true,"href":"https:\/\/beltlamp.com\/de\/wp-json\/wp\/v2\/product_brand?post=11140"},{"taxonomy":"product_cat","embeddable":true,"href":"https:\/\/beltlamp.com\/de\/wp-json\/wp\/v2\/product_cat?post=11140"},{"taxonomy":"product_tag","embeddable":true,"href":"https:\/\/beltlamp.com\/de\/wp-json\/wp\/v2\/product_tag?post=11140"}],"curies":[{"name":"wp","href":"https:\/\/api.w.org\/{rel}","templated":true}]}}