{"id":11150,"date":"2021-01-11T15:18:30","date_gmt":"2021-01-11T14:18:30","guid":{"rendered":"https:\/\/beltlamp.com\/facts\/"},"modified":"2021-03-16T14:37:34","modified_gmt":"2021-03-16T13:37:34","slug":"facts","status":"publish","type":"page","link":"https:\/\/beltlamp.com\/fr\/facts\/","title":{"rendered":"Facts"},"content":{"rendered":"<p>[et_pb_section fb_built=\u00a0\u00bb1&Prime; _builder_version=\u00a0\u00bb4.7.4&Prime; _module_preset=\u00a0\u00bbdefault\u00a0\u00bb background_image=\u00a0\u00bbhttps:\/\/beltlamp.com\/wp-content\/uploads\/2018\/01\/bg_u.jpg\u00a0\u00bb custom_padding=\u00a0\u00bb64px||64px||true|\u00a0\u00bb][et_pb_row _builder_version=\u00a0\u00bb4.7.4&Prime; _module_preset=\u00a0\u00bbdefault\u00a0\u00bb custom_padding=\u00a0\u00bb||0px|||\u00a0\u00bb][et_pb_column type=\u00a0\u00bb4_4&Prime; _builder_version=\u00a0\u00bb4.7.4&Prime; _module_preset=\u00a0\u00bbdefault\u00a0\u00bb][et_pb_text _builder_version=\u00a0\u00bb4.7.4&Prime; _module_preset=\u00a0\u00bbdefault\u00a0\u00bb header_font=\u00a0\u00bb|600||||||#ffffff|\u00a0\u00bb header_text_color=\u00a0\u00bb#ffffff\u00a0\u00bb header_font_size=\u00a0\u00bb40px\u00a0\u00bb]<\/p>\n<h1 style=\"text-align: center;\"><strong>A PROPOS DU HIKEBEAM<\/strong><\/h1>\n<p>[\/et_pb_text][\/et_pb_column][\/et_pb_row][\/et_pb_section][et_pb_section fb_built=\u00a0\u00bb1&Prime; admin_label=\u00a0\u00bbsection\u00a0\u00bb _builder_version=\u00a0\u00bb3.22&Prime; custom_padding=\u00a0\u00bb4px||4px||true|\u00a0\u00bb][et_pb_row _builder_version=\u00a0\u00bb4.7.4&Prime; _module_preset=\u00a0\u00bbdefault\u00a0\u00bb custom_padding=\u00a0\u00bb||0px|||\u00a0\u00bb][et_pb_column type=\u00a0\u00bb4_4&Prime; _builder_version=\u00a0\u00bb4.7.4&Prime; _module_preset=\u00a0\u00bbdefault\u00a0\u00bb][et_pb_menu menu_id=\u00a0\u00bb50&Prime; menu_style=\u00a0\u00bbcentered\u00a0\u00bb active_link_color=\u00a0\u00bb#000000&Prime; _builder_version=\u00a0\u00bb4.7.4&Prime; _module_preset=\u00a0\u00bbdefault\u00a0\u00bb menu_font=\u00a0\u00bb|600|||||||\u00a0\u00bb custom_margin=\u00a0\u00bb||-5px|||\u00a0\u00bb][\/et_pb_menu][\/et_pb_column][\/et_pb_row][et_pb_row column_structure=\u00a0\u00bb1_2,1_2&Prime; use_custom_gutter=\u00a0\u00bbon\u00a0\u00bb gutter_width=\u00a0\u00bb1&Prime; admin_label=\u00a0\u00bbligne\u00a0\u00bb _builder_version=\u00a0\u00bb4.7.4&Prime; background_size=\u00a0\u00bbinitial\u00a0\u00bb background_position=\u00a0\u00bbtop_left\u00a0\u00bb background_repeat=\u00a0\u00bbrepeat\u00a0\u00bb custom_padding=\u00a0\u00bb72px|||||\u00a0\u00bb][et_pb_column type=\u00a0\u00bb1_2&Prime; _builder_version=\u00a0\u00bb3.25&Prime; custom_padding=\u00a0\u00bb|||\u00a0\u00bb custom_padding__hover=\u00a0\u00bb|||\u00a0\u00bb][et_pb_text module_id=\u00a0\u00bbbackground1&Prime; _builder_version=\u00a0\u00bb4.7.4&Prime; _module_preset=\u00a0\u00bbdefault\u00a0\u00bb custom_padding=\u00a0\u00bb10px||27px|||\u00a0\u00bb]<\/p>\n<h2><strong>Historique<\/strong><\/h2>\n<p>[\/et_pb_text][et_pb_text _builder_version=\u00a0\u00bb4.7.4&Prime; _module_preset=\u00a0\u00bbdefault\u00a0\u00bb custom_padding=\u00a0\u00bb|48px||||\u00a0\u00bb]<strong>Un opticien norv\u00e9gien a souhait\u00e9 trouver une solution pour \u00eatre mieux \u00e9clair\u00e9 au cours de ses randonn\u00e9es le soir ou la nuit tomb\u00e9e. Il trouvait que la port\u00e9e du faisceau lumineux d\u2019une lampe frontale ordinaire n\u2019\u00e9tait pas optimale et que tenir une lampe de poche \u00e0 la main n\u2019\u00e9tait pas pratique non plus. <\/strong><\/p>\n<p>Alors, il a eu l\u2019id\u00e9e de concevoir une lampe fix\u00e9e \u00e0 la ceinture, ce qui s\u2019est av\u00e9r\u00e9 \u00eatre une bonne solution qui, en outre, apporte de nombreux avantages.<span>&nbsp;<\/span><b>Une exp\u00e9rience magique!&nbsp;<\/b>En effet, cette lampe permet un \u00e9clairage puissant du terrain gr\u00e2ce \u00e0 son effet 3D, et elle offre encore bien d\u2019autres avantages qui ont rapidement convaincu notre opticien que ce produit devait \u00eatre essay\u00e9 par le plus grand nombre.<\/p>\n<p>Dot\u00e9e d\u2019un \u00ab \u00e9cran r\u00e9flecteur \u00bb, cette lampe n\u2019\u00e9blouit pas les autres, mais augmente la visibilit\u00e9 au niveau du sol et particuli\u00e8rement des pieds. Les accidents de terrain sont rep\u00e9r\u00e9s plus facilement et les inconv\u00e9nients dus au brouillard, \u00e0 la brume, \u00e0 la bu\u00e9e et \u00e0 l\u2019haleine sont \u00e9vit\u00e9s. Enfin, cerise sur le g\u00e2teau, on peut aussi utiliser cette lampe pour un usage statique![\/et_pb_text][et_pb_text module_id=\u00a0\u00bbhowtouse\u00a0\u00bb _builder_version=\u00a0\u00bb4.7.4&Prime; _module_preset=\u00a0\u00bbdefault\u00a0\u00bb custom_padding=\u00a0\u00bb46px||27px|||\u00a0\u00bb]<\/p>\n<h2><strong>Utilisation du Hikebeam<\/strong><\/h2>\n<p>[\/et_pb_text][et_pb_text _builder_version=\u00a0\u00bb4.7.4&Prime; _module_preset=\u00a0\u00bbdefault\u00a0\u00bb custom_padding=\u00a0\u00bb|48px||||\u00a0\u00bb]Le HIKEBEAM\u00ae 400 est un mod\u00e8le unique de lampe torche. Elle se fixe facilement sur la ceinture au niveau du pantalon ou sur la ceinture abdominale du sac \u00e0 dos, et elle est facilement r\u00e9glable en fonction des besoins ou du terrain. Le mieux, c\u2019est de la fixer \u00e0 une ceinture bien serr\u00e9e sur les v\u00eatements, port\u00e9e au niveau de la taille (sous les tropiques, on peut la porter directement sur la peau). On peut alors se baisser, porter des choses ou travailler sans pour autant \u00eatre g\u00ean\u00e9 dans ses mouvements. C\u2019est sans doute la fa\u00e7on la plus agr\u00e9able d\u2019utiliser cette lampe. L\u2019endroit o\u00f9 l\u2019on se tient est parfaitement illumin\u00e9 et si, en plus, on branche la batterie externe, on aura une excellente lumi\u00e8re pendant des heures. La batterie externe peut \u00eatre accroch\u00e9e \u00e0 la ceinture, mise dans une poche ou dans le sac \u00e0 dos. Des batteries suppl\u00e9mentaires peuvent \u00eatre achet\u00e9es, si besoin.         <\/p>\n<p><a href=\"https:\/\/beltlamp.com\/wp-content\/uploads\/2020\/06\/Lykt_i_belte_web.jpg\" target=\"_blank\" rel=\"noopener noreferrer\" class=\"lightbox-added\"><span>Clique: lampe accroch\u00e9e \u00e0 la ceinture<\/span><\/a><\/p>\n<p><a href=\"https:\/\/beltlamp.com\/wp-content\/uploads\/2020\/06\/Lykt_med_powerbank_web.jpg\" target=\"_blank\" rel=\"noopener noreferrer\" class=\"lightbox-added\"><span>Clique: lampe et batterie accroch\u00e9es \u00e0 la ceinture<\/span><\/a><\/p>\n<p>La lampe peut \u00eatre utilis\u00e9e \u00e0 l\u2019int\u00e9rieur comme \u00e0 l\u2019ext\u00e9rieur, pos\u00e9e \u00e0 m\u00eame le sol ou sur une table. On peut aussi l\u2019accrocher pour \u00e9clairer une tente ou s\u2019en servir comme lampe de travail, etc. <\/p>\n<p><span><a href=\"https:\/\/beltlamp.com\/wp-content\/uploads\/2019\/01\/20181223_124227-2.jpg\" target=\"_blank\" rel=\"noopener noreferrer\" class=\"lightbox-added\">Clique: lampe en position statique<\/a><\/span><\/p>\n<p><span><a href=\"https:\/\/beltlamp.com\/wp-content\/uploads\/2019\/09\/Inspir58.jpg\" target=\"_blank\" rel=\"noopener noreferrer\" class=\"lightbox-added\">Clique: mode \u00abWidebeam\u2122\u00bb pour un faisceau d\u2019\u00e9clairage \u00e0 180\u00b0<\/a><\/span>[\/et_pb_text][\/et_pb_column][et_pb_column type=\u00a0\u00bb1_2&Prime; _builder_version=\u00a0\u00bb3.25&Prime; custom_padding=\u00a0\u00bb|||\u00a0\u00bb custom_padding__hover=\u00a0\u00bb|||\u00a0\u00bb][et_pb_image src=\u00a0\u00bbhttps:\/\/beltlamp.com\/wp-content\/uploads\/2020\/04\/Lykt-162-e1607003980702.jpg\u00a0\u00bb title_text=\u00a0\u00bbLykt-162&Prime; _builder_version=\u00a0\u00bb4.7.4&Prime; _module_preset=\u00a0\u00bbdefault\u00a0\u00bb custom_padding=\u00a0\u00bb0px|||||\u00a0\u00bb][\/et_pb_image][\/et_pb_column][\/et_pb_row][\/et_pb_section][et_pb_section fb_built=\u00a0\u00bb1&Prime; _builder_version=\u00a0\u00bb4.7.4&Prime; _module_preset=\u00a0\u00bbdefault\u00a0\u00bb background_color=\u00a0\u00bb#20271F\u00a0\u00bb background_image=\u00a0\u00bbhttps:\/\/beltlamp.com\/wp-content\/uploads\/2020\/04\/Lykt-162.jpg\u00a0\u00bb parallax=\u00a0\u00bbon\u00a0\u00bb parallax_method=\u00a0\u00bboff\u00a0\u00bb custom_padding=\u00a0\u00bb0px||0px||true|false\u00a0\u00bb][et_pb_row column_structure=\u00a0\u00bb1_2,1_2&Prime; use_custom_gutter=\u00a0\u00bbon\u00a0\u00bb gutter_width=\u00a0\u00bb2&Prime; _builder_version=\u00a0\u00bb4.7.4&Prime; _module_preset=\u00a0\u00bbdefault\u00a0\u00bb background_color=\u00a0\u00bbrgba(30,30,30,0.73)\u00a0\u00bb width=\u00a0\u00bb100%\u00a0\u00bb max_width=\u00a0\u00bb2560px\u00a0\u00bb custom_padding=\u00a0\u00bb83px|27px|83px|27px|true|true\u00a0\u00bb][et_pb_column type=\u00a0\u00bb1_2&Prime; _builder_version=\u00a0\u00bb4.7.4&Prime; _module_preset=\u00a0\u00bbdefault\u00a0\u00bb background_enable_image=\u00a0\u00bboff\u00a0\u00bb][et_pb_image src=\u00a0\u00bbhttps:\/\/beltlamp.com\/wp-content\/uploads\/2021\/03\/fakta_ny.jpg\u00a0\u00bb title_text=\u00a0\u00bbfakta_ny\u00a0\u00bb align=\u00a0\u00bbcenter\u00a0\u00bb _builder_version=\u00a0\u00bb4.9.0&Prime; _module_preset=\u00a0\u00bbdefault\u00a0\u00bb width=\u00a0\u00bb88%\u00a0\u00bb hover_enabled=\u00a0\u00bb0&Prime; sticky_enabled=\u00a0\u00bb0&Prime;][\/et_pb_image][\/et_pb_column][et_pb_column type=\u00a0\u00bb1_2&Prime; _builder_version=\u00a0\u00bb4.7.4&Prime; _module_preset=\u00a0\u00bbdefault\u00a0\u00bb][et_pb_text module_id=\u00a0\u00bbfacts1&Prime; _builder_version=\u00a0\u00bb4.7.4&Prime; _module_preset=\u00a0\u00bbdefault\u00a0\u00bb text_font=\u00a0\u00bb||||||||\u00a0\u00bb text_text_color=\u00a0\u00bb#ffffff\u00a0\u00bb header_text_color=\u00a0\u00bb#ffffff\u00a0\u00bb header_2_font=\u00a0\u00bb|600|||||||\u00a0\u00bb header_2_text_color=\u00a0\u00bb#B4B7B5&Prime; custom_padding=\u00a0\u00bb12px|6px|12px|6px|true|true\u00a0\u00bb]<\/p>\n<div class=\"av-special-heading av-special-heading-h2 custom-color-heading blockquote modern-quote avia-builder-el-27 el_before_av_hr avia-builder-el-first \">\n<h2 class=\"av-special-heading-tag \" itemprop=\"headline\">Caract\u00e9ristiques du Hikebeam 400<\/h2>\n<\/div>\n<div class=\"hr hr-custom hr-left hr-icon-no avia-builder-el-28 el_after_av_heading el_before_av_textblock \"><span class=\"hr-inner inner-border-av-border-fat\"><span class=\"hr-inner-style\"><\/span><\/span><\/div>\n<section class=\"av_textblock_section \" itemscope=\"itemscope\" itemtype=\"https:\/\/schema.org\/CreativeWork\">\n<div class=\"avia_textblock av_inherit_color \" itemprop=\"text\">\n<p><strong>Hikebeam 400<\/strong><span>&nbsp;<\/span>est une lampe compos\u00e9e d\u2019une ampoule principale de 400 lumens max. et de deux ampoules lat\u00e9rales (Widebeam) de 100 lumens max. chacune.  <\/p>\n<p><strong>Le commutateur poss\u00e8de 6 modes :<\/strong><\/p>\n<ol>\n<li>Faible puissance de l\u2019ampoule principale<\/li>\n<li>Puissance interm\u00e9diaire de l\u2019ampoule principale<\/li>\n<li>Pleine puissance de l\u2019ampoule principale<\/li>\n<li>Faible puissance de l\u2019ampoule principale, y compris des ampoules lat\u00e9rales<\/li>\n<li>Puissance interm\u00e9diaire de l\u2019ampoule principale, y compris des ampoules lat\u00e9rales<\/li>\n<li>Pleine puissance de l\u2019ampoule principale, y compris des ampoules lat\u00e9rales.<\/li>\n<li>&nbsp;Extinction You can also turn off the lamp by pressing the switch for 2 \u2013 3 sec.<\/li>\n<\/ol>\n<p><b>IPX4,<\/b><span>&nbsp;<\/span>si l\u2019\u00e9tanch\u00e9it\u00e9 est assur\u00e9e gr\u00e2ce au couvercle ou au connecteur avec protection.<\/p>\n<p><a href=\"https:\/\/beltlamp.com\/wp-content\/uploads\/2020\/08\/film3_0.mp4\" target=\"_blank\" rel=\"noopener noreferrer\"><strong>CLICK, VIDEO HERE.<\/strong><\/a><br \/>\n<a href=\"https:\/\/beltlamp.com\/wp-content\/uploads\/2020\/11\/cap.jpg\" target=\"_blank\" rel=\"noopener noreferrer\" class=\"lightbox-added\"><strong>INSTRUCTION FOR THE PROTECTIVE CAP.<\/strong><\/a><\/p>\n<p>Invention, d\u00e9veloppement et design norv\u00e9giens. La fabrication est faite en Chine. <\/p>\n<p><strong><em>Ce mod\u00e8le de lampe HIKEBEAM est une conception brevet\u00e9e et le nom<span>&nbsp;<\/span><\/em>HIKEBEAM<em>est prot\u00e9g\u00e9 dans une grande partie du monde. Tous les droits sont r\u00e9serv\u00e9s \u00e0 la soci\u00e9t\u00e9 norv\u00e9gienne Beltlamp AS.<\/em><\/strong><\/p>\n<p><a href=\"https:\/\/beltlamp.com\/wp-content\/uploads\/2019\/12\/Sertifikater.pdf\" target=\"_blank\" rel=\"noopener noreferrer\">Download pdf here.<\/a><\/p>\n<\/div>\n<\/section>\n<div class=\"hr hr-invisible avia-builder-el-30 el_after_av_textblock avia-builder-el-last \"><\/div>\n<p>[\/et_pb_text][\/et_pb_column][\/et_pb_row][\/et_pb_section][et_pb_section fb_built=\u00a0\u00bb1&Prime; _builder_version=\u00a0\u00bb4.7.4&Prime; _module_preset=\u00a0\u00bbdefault\u00a0\u00bb][et_pb_row column_structure=\u00a0\u00bb1_2,1_2&Prime; _builder_version=\u00a0\u00bb4.7.4&Prime; _module_preset=\u00a0\u00bbdefault\u00a0\u00bb][et_pb_column type=\u00a0\u00bb1_2&Prime; _builder_version=\u00a0\u00bb4.7.4&Prime; _module_preset=\u00a0\u00bbdefault\u00a0\u00bb][et_pb_text module_id=\u00a0\u00bbbatteries\u00a0\u00bb _builder_version=\u00a0\u00bb4.7.4&Prime; _module_preset=\u00a0\u00bbdefault\u00a0\u00bb]<\/p>\n<h2 class=\"av-special-heading-tag \" itemprop=\"headline\"><strong>Batteries<\/strong><\/h2>\n<p>[\/et_pb_text][et_pb_text _builder_version=\u00a0\u00bb4.7.4&Prime; _module_preset=\u00a0\u00bbdefault\u00a0\u00bb]<\/p>\n<div class=\"av-special-heading av-special-heading-h2 custom-color-heading blockquote modern-quote avia-builder-el-34 el_before_av_hr avia-builder-el-first \">\n<h2 class=\"av-special-heading-tag \" itemprop=\"headline\"><span style=\"font-size: 16px;\">Le Hikebeam 400 poss\u00e8de une batterie interne de 960mAh. Si on allume la lampe en mode pleine puissance, l\u2019ampoule principale fonctionnera au moins une heure. Si la puissance est r\u00e9duite de moiti\u00e9, l\u2019ampoule principale et les ampoules lat\u00e9rales fonctionneront aussi au moins une heure. Si la puissance est r\u00e9duite de moiti\u00e9, l\u2019ampoule principale fonctionnera environ 2 heures, et sur puissance minimum environ 6 heures.    <\/span><\/h2>\n<\/div>\n<section class=\"av_textblock_section \" itemscope=\"itemscope\" itemtype=\"https:\/\/schema.org\/CreativeWork\">\n<div class=\"avia_textblock \" itemprop=\"text\">\n<p>Une batterie externe ou powerbank d\u2019une capacit\u00e9 de 5000mAh est livr\u00e9e avec la lampe, ce qui permet d\u2019augmenter son autonomie. Elle peut \u00eatre fix\u00e9e \u00e0 la ceinture, mais peut aussi \u00eatre mise dans une poche, un sac \u00e0 dos, etc. En connectant cette powerbank \u00e0 la lampe, on aura une autonomie d\u2019environ 6 heures sur puissance maximum (les deux \u00e9l\u00e9ments peuvent \u00eatre recharg\u00e9s en 3-4 heures). Il faut utiliser exclusivement le c\u00e2ble d\u2019origine, car c\u2019est lui qui assurera au mieux l\u2019\u00e9tanch\u00e9it\u00e9 du connecteur de la lampe. Les diodes de la lampe et de la powerbank s\u2019allument quand la lampe est en charge. Quand la lampe est charg\u00e9e, la diode bleue s\u2019\u00e9teint et, si on allume alors la lampe, celle-ci fonctionnera avec la batterie interne. En appuyant sur le bouton lat\u00e9ral de la powerbank juste avant d\u2019utiliser la lampe, les diodes vont s\u2019allumer et la powerbank chargera la lampe. Apr\u00e8s une utilisation d\u2019environ 5 heures sur puissance maximum, la powerbank sera d\u00e9charg\u00e9e. Il faut donc emporter une powerbank de r\u00e9serve, si on pr\u00e9voit de faire de longues randonn\u00e9es. Mais, il y aura toujours une heure de charge en r\u00e9serve gr\u00e2ce \u00e0 la batterie interne, voire plus si la lampe fonctionne sur puissance minimum.             <\/p>\n<p>En outre, il faut absolument \u00e9viter que de l\u2019humidit\u00e9 et\/ou des liquides entrent dans les connecteurs de la lampe et de la powerbank! En respectant ces consignes, elles fonctionneront correctement et dureront longtemps. Notre garantie s\u2019annule si une source de courant ou une powerbank autre que celle d\u2019origine est utilis\u00e9e. Il faut toujours utiliser le cordon et la batterie de chez BeltlampAS. La lampe sera bien prot\u00e9g\u00e9e de l\u2019humidit\u00e9 si le couvercle d\u2019\u00e9tanch\u00e9it\u00e9 est mis en place ou si le connecteur du c\u00e2ble est branch\u00e9. L\u2019utilisation de la lampe se fait sous la seule responsabilit\u00e9 de l\u2019utilisateur. On peut charger une batterie externe avec une autre powerbank, ou PC, etc. Pour de longues randonn\u00e9es, on peut emporter plusieurs batteries. Il existe aussi, en option, des batteries qui poss\u00e8dent une grande autonomie (10000 mAh), ainsi que des batteries con\u00e7ues pour les grands froids. Il faut savoir que l\u2019autonomie d\u2019une batterie normale est r\u00e9duite d\u00e8s qu\u2019il g\u00e8le.         <\/p>\n<p>Au fil du temps, la capacit\u00e9 de la batterie va l\u00e9g\u00e8rement diminuer mais, en attendant, on peut compter sur elle pendant longtemps. <span> <\/span><span>(<a href=\"https:\/\/beltlamp.com\/wp-content\/uploads\/2019\/12\/POWERBANKS-FROM-BELTLAMP-AS.pdf\" target=\"_blank\" rel=\"noopener noreferrer\">(Pour plus d\u2019informations au sujet des batteries, clique ici.)<\/a>)<\/span><\/p>\n<\/div>\n<\/section>\n<p>[\/et_pb_text][\/et_pb_column][et_pb_column type=\u00a0\u00bb1_2&Prime; _builder_version=\u00a0\u00bb4.7.4&Prime; _module_preset=\u00a0\u00bbdefault\u00a0\u00bb][et_pb_image src=\u00a0\u00bbhttps:\/\/beltlamp.com\/wp-content\/uploads\/2018\/01\/pexels-photo-753994.jpg\u00a0\u00bb title_text=\u00a0\u00bbpexels-photo-753994&Prime; _builder_version=\u00a0\u00bb4.7.4&Prime; _module_preset=\u00a0\u00bbdefault\u00a0\u00bb][\/et_pb_image][et_pb_text _builder_version=\u00a0\u00bb4.7.4&Prime; _module_preset=\u00a0\u00bbdefault\u00a0\u00bb]<\/p>\n<div class=\"av-special-heading av-special-heading-h2 custom-color-heading blockquote modern-quote avia-builder-el-40 el_before_av_hr avia-builder-el-first \">\n<h2 class=\"av-special-heading-tag \" itemprop=\"headline\">Informations importantes<\/h2>\n<\/div>\n<div class=\"hr hr-custom hr-left hr-icon-no avia-builder-el-41 el_after_av_heading el_before_av_textblock \"><span class=\"hr-inner inner-border-av-border-fat\"><span class=\"hr-inner-style\"><\/span><\/span><\/div>\n<section class=\"av_textblock_section \" itemscope=\"itemscope\" itemtype=\"https:\/\/schema.org\/CreativeWork\">\n<div class=\"avia_textblock \" itemprop=\"text\">\n<p>Quand la batterie externe est branch\u00e9e \u00e0 la lampe, la batterie interne de la lampe se charge automatiquement, que la lampe soit allum\u00e9e ou non. Une diode bleue s\u2019allume pendant cette charge et elle s\u2019\u00e9teint d\u00e8s que la batterie interne est compl\u00e8tement recharg\u00e9e.  <\/p>\n<p>En utilisant la lampe, il arrive que le bo\u00eetier chauffe, surtout si la luminosit\u00e9 est au maximum. C\u2018est pourquoi, la lampe allum\u00e9e ne doit \u00eatre recouverte ni de linge, ni de v\u00eatements ou autres textiles.  <\/p>\n<p>Si la batterie est d\u00e9charg\u00e9e, la lampe s\u2018\u00e9teint imm\u00e9diatement. Cependant, en la rallumant, elle continuera \u00e0 fonctionner avec une luminosit\u00e9 r\u00e9duite pour un temps limit\u00e9. Quelques conseils pour de longues randonn\u00e9es : la lampe doit \u00eatre branch\u00e9e \u00e0 la batterie externe qui a une autonomie de 5 heures sur puissance maximum. Ensuite, la lampe continuera \u00e0 fonctionner gr\u00e2ce \u00e0 sa batterie interne pendant encore 1 heure environ. La batterie externe d\u00e9charg\u00e9e doit \u00eatre chang\u00e9e le plus rapidement possible pour \u00e9viter que la capacit\u00e9 de r\u00e9serve de la batterie interne ne s\u2019\u00e9puise. On risquerait sinon de se retrouver subitement sans lumi\u00e8re! Les diodes de la batterie externe signalent sa capacit\u00e9 restante. Il suffit d\u2019appuyer sur le bouton lat\u00e9ral pour le voir : les diodes s\u2019allument si la batterie externe charge la lampe. Bien v\u00e9rifier si les connecteurs sont en place!        <\/p>\n<p>Il faut \u00e9viter que le connecteur de la lampe, ainsi que celui de la batterie externe soient au contact de l\u2018eau ou de tout autre liquide. Si malgr\u00e9 tout cela devait arriver, il faudrait alors les mettre au sec un jour ou deux, sans les utiliser. Notre garantie ne s\u2018applique pas si les appareils ont \u00e9t\u00e9 endommag\u00e9s par l\u2019eau ou tout autre liquide. Le design de la lampe a \u00e9t\u00e9 \u00e9tudi\u00e9 pour qu\u2018utilis\u00e9e correctement elle r\u00e9siste aux vents et \u00e0 la pluie. Cette lampe te rendra donc certainement et pour longtemps des services appr\u00e9ciables.    <\/p>\n<p><strong><em>N\u2018oublie pas de recharger les batteries \u00e0 temps afin qu\u2019elles soient pr\u00eates pour une prochaine utilisation! Pour de longues randonn\u00e9es, il faudra pr\u00e9voir suffisamment de batteries en fonction de l\u2019autonomie n\u00e9cessaire. Il pourrait \u00e9galement \u00eatre judicieux d\u2018emporter un cordon de charge suppl\u00e9mentaire.  <\/em><\/strong><\/p>\n<\/div>\n<\/section>\n<p>[\/et_pb_text][\/et_pb_column][\/et_pb_row][\/et_pb_section]<\/p>\n","protected":false},"excerpt":{"rendered":"<p>A PROPOS DU HIKEBEAMHistoriqueUn opticien norv\u00e9gien a souhait\u00e9 trouver une solution pour \u00eatre mieux \u00e9clair\u00e9 au cours de ses randonn\u00e9es le soir ou la nuit tomb\u00e9e. Il trouvait que la port\u00e9e du faisceau lumineux d\u2019une lampe frontale ordinaire n\u2019\u00e9tait pas optimale et que tenir une lampe de poche \u00e0 la main n\u2019\u00e9tait pas pratique non [&hellip;]<\/p>\n","protected":false},"author":9,"featured_media":0,"parent":0,"menu_order":0,"comment_status":"closed","ping_status":"closed","template":"","meta":{"_et_pb_use_builder":"on","_et_pb_old_content":"","_et_gb_content_width":"","om_disable_all_campaigns":false,"_monsterinsights_skip_tracking":false,"_monsterinsights_sitenote_active":false,"_monsterinsights_sitenote_note":"","_monsterinsights_sitenote_category":0,"_uf_show_specific_survey":0,"_uf_disable_surveys":false,"footnotes":""},"class_list":["post-11150","page","type-page","status-publish","hentry"],"aioseo_notices":[],"_links":{"self":[{"href":"https:\/\/beltlamp.com\/fr\/wp-json\/wp\/v2\/pages\/11150","targetHints":{"allow":["GET"]}}],"collection":[{"href":"https:\/\/beltlamp.com\/fr\/wp-json\/wp\/v2\/pages"}],"about":[{"href":"https:\/\/beltlamp.com\/fr\/wp-json\/wp\/v2\/types\/page"}],"author":[{"embeddable":true,"href":"https:\/\/beltlamp.com\/fr\/wp-json\/wp\/v2\/users\/9"}],"replies":[{"embeddable":true,"href":"https:\/\/beltlamp.com\/fr\/wp-json\/wp\/v2\/comments?post=11150"}],"version-history":[{"count":0,"href":"https:\/\/beltlamp.com\/fr\/wp-json\/wp\/v2\/pages\/11150\/revisions"}],"wp:attachment":[{"href":"https:\/\/beltlamp.com\/fr\/wp-json\/wp\/v2\/media?parent=11150"}],"curies":[{"name":"wp","href":"https:\/\/api.w.org\/{rel}","templated":true}]}}