{"id":11132,"date":"2020-05-29T12:27:50","date_gmt":"2021-01-07T17:31:27","guid":{"rendered":"https:\/\/beltlamp.com\/shop\/powerbank-10000-mah\/"},"modified":"2021-02-18T15:58:34","modified_gmt":"2021-02-18T14:58:34","slug":"powerbank-10000-mah","status":"publish","type":"product","link":"https:\/\/beltlamp.com\/fr\/shop\/powerbank-10000-mah\/","title":{"rendered":"Powerbank 10000 mAh"},"content":{"rendered":"<p>10.000 mAh. Veier 180 g, God ytelse ved -20\u00b0C . 80% kapasitet etter 300 lade-sykluser. Med fulladet lykt og powerbank f\u00e5r man 12 timer med lyset p\u00e5 full styrke, i temperaturer over 0\u00b0C. (24 timer med lykten p\u00e5 halv styrke. 80 timer p\u00e5 svakeste styrke.) Reservebatterier gir mulighet for tiln\u00e6rmet ubegrenset varighet. Ogs\u00e5 for lading av mobil og annet USB-utstyr.<\/p>\n","protected":false},"excerpt":{"rendered":"<p>Compact, powerful and light powerbank, 10,000 mAh. Extra good performance in the cold.<\/p>\n","protected":false},"featured_media":0,"template":"","meta":{"_et_pb_use_builder":"","_et_pb_old_content":"","_et_gb_content_width":"","om_disable_all_campaigns":false,"_monsterinsights_skip_tracking":false,"_monsterinsights_sitenote_active":false,"_monsterinsights_sitenote_note":"","_monsterinsights_sitenote_category":0,"_uf_show_specific_survey":0,"_uf_disable_surveys":false},"product_brand":[],"product_cat":[57],"product_tag":[],"class_list":{"0":"post-11132","1":"product","2":"type-product","3":"status-publish","5":"product_cat-accessoires","7":"first","8":"instock","9":"taxable","10":"shipping-taxable","11":"purchasable","12":"product-type-simple"},"aioseo_notices":[],"_links":{"self":[{"href":"https:\/\/beltlamp.com\/fr\/wp-json\/wp\/v2\/product\/11132","targetHints":{"allow":["GET"]}}],"collection":[{"href":"https:\/\/beltlamp.com\/fr\/wp-json\/wp\/v2\/product"}],"about":[{"href":"https:\/\/beltlamp.com\/fr\/wp-json\/wp\/v2\/types\/product"}],"wp:attachment":[{"href":"https:\/\/beltlamp.com\/fr\/wp-json\/wp\/v2\/media?parent=11132"}],"wp:term":[{"taxonomy":"product_brand","embeddable":true,"href":"https:\/\/beltlamp.com\/fr\/wp-json\/wp\/v2\/product_brand?post=11132"},{"taxonomy":"product_cat","embeddable":true,"href":"https:\/\/beltlamp.com\/fr\/wp-json\/wp\/v2\/product_cat?post=11132"},{"taxonomy":"product_tag","embeddable":true,"href":"https:\/\/beltlamp.com\/fr\/wp-json\/wp\/v2\/product_tag?post=11132"}],"curies":[{"name":"wp","href":"https:\/\/api.w.org\/{rel}","templated":true}]}}