{"id":11139,"date":"2020-05-29T12:20:03","date_gmt":"2021-01-11T09:35:57","guid":{"rendered":"https:\/\/beltlamp.com\/shop\/powerbank-5000-mah\/"},"modified":"2021-02-18T15:58:41","modified_gmt":"2021-02-18T14:58:41","slug":"powerbank-5000-mah","status":"publish","type":"product","link":"https:\/\/beltlamp.com\/fr\/shop\/powerbank-5000-mah\/","title":{"rendered":"Powerbank 5000 mAh"},"content":{"rendered":"<p>Veier ca. 100 g. Bra ytelse til -10\u00b0 C. Har 80% ytelse etter 200 lade-sykluser. Gir 6 timer med lyset p\u00e5 full styrke ved ladet lykt og batteri, og temperaturer over 0\u00b0C. Med flere powerbanker i reserve har man oftest rikelig tilgang p\u00e5 str\u00f8m. Gir ogs\u00e5 lademulighet for mobiltelefoner og annet utstyr med USB-lading.<\/p>\n<p>&nbsp;<\/p>\n","protected":false},"excerpt":{"rendered":"<p>Compact and light powerbank, 5000 mAh.<\/p>\n","protected":false},"featured_media":8433,"template":"","meta":{"_et_pb_use_builder":"on","_et_pb_old_content":"","_et_gb_content_width":"","om_disable_all_campaigns":false,"_monsterinsights_skip_tracking":false,"_monsterinsights_sitenote_active":false,"_monsterinsights_sitenote_note":"","_monsterinsights_sitenote_category":0,"_uf_show_specific_survey":0,"_uf_disable_surveys":false},"product_brand":[],"product_cat":[57],"product_tag":[],"class_list":{"0":"post-11139","1":"product","2":"type-product","3":"status-publish","4":"has-post-thumbnail","6":"product_cat-accessoires","8":"first","9":"instock","10":"taxable","11":"shipping-taxable","12":"purchasable","13":"product-type-simple"},"aioseo_notices":[],"_links":{"self":[{"href":"https:\/\/beltlamp.com\/fr\/wp-json\/wp\/v2\/product\/11139","targetHints":{"allow":["GET"]}}],"collection":[{"href":"https:\/\/beltlamp.com\/fr\/wp-json\/wp\/v2\/product"}],"about":[{"href":"https:\/\/beltlamp.com\/fr\/wp-json\/wp\/v2\/types\/product"}],"wp:featuredmedia":[{"embeddable":true,"href":"https:\/\/beltlamp.com\/fr\/wp-json\/wp\/v2\/media\/8433"}],"wp:attachment":[{"href":"https:\/\/beltlamp.com\/fr\/wp-json\/wp\/v2\/media?parent=11139"}],"wp:term":[{"taxonomy":"product_brand","embeddable":true,"href":"https:\/\/beltlamp.com\/fr\/wp-json\/wp\/v2\/product_brand?post=11139"},{"taxonomy":"product_cat","embeddable":true,"href":"https:\/\/beltlamp.com\/fr\/wp-json\/wp\/v2\/product_cat?post=11139"},{"taxonomy":"product_tag","embeddable":true,"href":"https:\/\/beltlamp.com\/fr\/wp-json\/wp\/v2\/product_tag?post=11139"}],"curies":[{"name":"wp","href":"https:\/\/api.w.org\/{rel}","templated":true}]}}