{"id":11111,"date":"2020-12-18T16:37:02","date_gmt":"2020-12-18T15:37:02","guid":{"rendered":"https:\/\/beltlamp.com\/butikker\/"},"modified":"2024-12-15T03:29:13","modified_gmt":"2024-12-15T02:29:13","slug":"butikker","status":"publish","type":"page","link":"https:\/\/beltlamp.com\/no\/butikker\/","title":{"rendered":"BUTIKKER"},"content":{"rendered":"<p>[et_pb_section fb_built=&raquo;1&#8243; _builder_version=&raquo;4.7.4&#8243; _module_preset=&raquo;default&raquo; background_color=&raquo;#e6e5e1&#8243; global_colors_info=&raquo;{}&raquo;][et_pb_row _builder_version=&raquo;4.7.4&#8243; _module_preset=&raquo;default&raquo; global_colors_info=&raquo;{}&raquo;][et_pb_column type=&raquo;4_4&#8243; _builder_version=&raquo;4.7.4&#8243; _module_preset=&raquo;default&raquo; global_colors_info=&raquo;{}&raquo;][et_pb_text _builder_version=&raquo;4.9.0&#8243; _module_preset=&raquo;default&raquo; global_colors_info=&raquo;{}&raquo;]<\/p>\n<h3 style=\"text-align: center\">Selges i nettbutikken og i flere butikker i Norge.<\/h3>\n<h3 style=\"text-align: center\"><\/h3>\n<p style=\"text-align: center\">Mange vet enn\u00e5 ikke at denne lykten finnes! Fortell gjerne om Hikebeam til dine venner og der du kj\u00f8per friluftsutstyr!<\/p>\n<p>[\/et_pb_text][\/et_pb_column][\/et_pb_row][et_pb_row column_structure=&raquo;1_4,1_4,1_4,1_4&#8243; _builder_version=&raquo;4.7.4&#8243; _module_preset=&raquo;default&raquo; global_colors_info=&raquo;{}&raquo;][et_pb_column type=&raquo;1_4&#8243; _builder_version=&raquo;4.7.4&#8243; _module_preset=&raquo;default&raquo; global_colors_info=&raquo;{}&raquo;][et_pb_text _builder_version=&raquo;4.13.0&#8243; _module_preset=&raquo;default&raquo; global_colors_info=&raquo;{}&raquo;]<\/p>\n<p><span><strong>NORGE<\/strong><\/span><\/p>\n<p><span><b>HIKEBEAM<\/b><strong> kan bestilles i v\u00e5r nettbutikk: www.<\/strong><\/span><strong style=\"font-size: 14px;\">beltlamp.com<\/strong><\/p>\n<p><span>Betaling via Nets. Ordrer innen Norge sendes med Posten fra v\u00e5rt lager. Frakt 2 \u2013 5 virkedager, innen Norge.<strong><span style=\"text-decoration: underline;\"> (Pris inkl. frakt og moms). <\/span><\/strong>Valgmulighet: Hente selv p\u00e5 utleveringssted eller til postkasse.<\/span><\/p>\n<p><strong><em>Vi f\u00f8lger opp alle henvendelser. Ved problemer med transport, reklamasjon el.l. Kontakt: <a href=\"mailto:shop@beltlamp.com\">shop@beltlamp.com<\/a> eller ring 930 81 955 (10-17, man-fre)<\/em><\/strong><\/p>\n<p><span>\u2013<\/span><\/p>\n<p><b>Selges ogs\u00e5 her:<\/b><\/p>\n<p>&nbsp;<\/p>\n<p><span><strong>SOLA<br \/><\/strong><\/span><span>OPTIKEREN<br \/><\/span><span>Solakrossen 2<br \/><\/span><span>Tlf. 51 65 22 99<\/span><\/p>\n<p><strong><\/strong><\/p>\n<p><strong>SPEIDER-SPORT AS<\/strong><br \/>speidersport.no<\/p>\n<p>&#8211;<\/p>\n<p>\u00a0Aktuell som forhandler?<br \/>Kontakt: rolf@beltlamp.com<br \/>eller ring 918 31 099 (man-fre. 10-17)<\/p>\n<p>&nbsp;<\/p>\n<p><strong><\/strong><\/p>\n<p>[\/et_pb_text][\/et_pb_column][et_pb_column type=&raquo;1_4&#8243; _builder_version=&raquo;4.7.4&#8243; _module_preset=&raquo;default&raquo; global_colors_info=&raquo;{}&raquo;][et_pb_text _builder_version=&raquo;4.7.4&#8243; _module_preset=&raquo;default&raquo; global_colors_info=&raquo;{}&raquo;]<\/p>\n<p><span><strong>NORDEN<\/strong><\/span><\/p>\n<p><strong>HIKEBEAM kan bestilles fra v\u00e5r<\/strong> <strong>nettbutikk: www.beltlamp.com<\/strong><strong>.<\/strong><\/p>\n<p><strong><\/strong><\/p>\n<p><span><strong><\/strong><\/span><\/p>\n<p><span><strong>(Valgfri valuta: SKK, DKK, Euro eller NOK. <\/strong><\/span><span>Betaling via Nets.)<\/span><\/p>\n<p><span>Levering 3 \u2013 8 dager.<strong> (Pris til land utenfor Norge gjelder komplett pakke, inkludert frakt og avgifter.)<\/strong><\/span><\/p>\n<p><span><em><\/em><\/span><\/p>\n<p><strong><em>Vi f\u00f8lger opp alle henvendelser. Ved problemer med transport eller reklamasjon etc. Kontakt: shop@beltlamp.com<\/em><\/strong><\/p>\n<p><strong><em><\/em><\/strong><\/p>\n<p>\u2013<\/p>\n<p>Aktuell som forhandler\/distribut\u00f8r?<\/p>\n<p>Kontakt:rolf@beltlamp.com<br \/>eller ring 918 31 099<br \/>man &#8211; fre. 10 &#8211; 17.<\/p>\n<p>[\/et_pb_text][\/et_pb_column][et_pb_column type=&raquo;1_4&#8243; _builder_version=&raquo;4.7.4&#8243; _module_preset=&raquo;default&raquo; global_colors_info=&raquo;{}&raquo;][et_pb_text _builder_version=&raquo;4.7.4&#8243; _module_preset=&raquo;default&raquo; global_colors_info=&raquo;{}&raquo;]<\/p>\n<p><span><strong>EUROPE<\/strong><\/span><\/p>\n<p><strong>HIKEBEAM lamps from Beltlamp AS <\/strong><span>can be ordered in our online store, from most of european countries.<\/span><strong><em><\/em><\/strong><\/p>\n<p><strong><em><\/em><\/strong><\/p>\n<p><strong>(You can choose currency: Euro, SKK, DKK and NOK. Payment via Nets.)<\/strong><\/p>\n<p><span>Payment by Nets. Orders from countries outside Norway will be delivered within 4 &#8211; 8 days. <strong>The price includes complete packet and all taxes and transport.<\/strong><\/span><\/p>\n<p><span><\/span><\/p>\n<p><strong><em>We will follow up all inquiries if problems with transport or complaint etc. Contact: shop@beltlamp.com<\/em><\/strong><\/p>\n<p><em><\/em><\/p>\n<p><em><\/em><\/p>\n<p>\u2013<\/p>\n<p>Distributors\/retailers wanted:<\/p>\n<p>Contact: rolf@beltlamp.com<\/p>\n<p>[\/et_pb_text][\/et_pb_column][et_pb_column type=&raquo;1_4&#8243; _builder_version=&raquo;4.7.4&#8243; _module_preset=&raquo;default&raquo; global_colors_info=&raquo;{}&raquo;][et_pb_text _builder_version=&raquo;4.7.4&#8243; _module_preset=&raquo;default&raquo; global_colors_info=&raquo;{}&raquo;]<\/p>\n<p><span><strong>COUNTRIES ON OTHER CONTINENTS<\/strong><\/span><\/p>\n<p><span>Sorry, but so far people outside Europe have to wait for opportunities to aquire an Hikebeam lamp.<\/span><\/p>\n<p><span>\u2013<\/span><\/p>\n<p>Distributors\/retailers wanted!<\/p>\n<p>Contakt: rolf@beltlamp.com<\/p>\n<p>[\/et_pb_text][\/et_pb_column][\/et_pb_row][\/et_pb_section]<\/p>\n","protected":false},"excerpt":{"rendered":"<p>Selges i nettbutikken og i flere butikker i Norge. Mange vet enn\u00e5 ikke at denne lykten finnes! Fortell gjerne om Hikebeam til dine venner og der du kj\u00f8per friluftsutstyr!NORGE HIKEBEAM kan bestilles i v\u00e5r nettbutikk: www.beltlamp.com Betaling via Nets. Ordrer innen Norge sendes med Posten fra v\u00e5rt lager. Frakt 2 \u2013 5 virkedager, innen Norge. [&hellip;]<\/p>\n","protected":false},"author":9,"featured_media":0,"parent":0,"menu_order":0,"comment_status":"closed","ping_status":"closed","template":"","meta":{"_et_pb_use_builder":"on","_et_pb_old_content":"","_et_gb_content_width":"","om_disable_all_campaigns":false,"_monsterinsights_skip_tracking":false,"_monsterinsights_sitenote_active":false,"_monsterinsights_sitenote_note":"","_monsterinsights_sitenote_category":0,"_uf_show_specific_survey":0,"_uf_disable_surveys":false,"footnotes":""},"class_list":["post-11111","page","type-page","status-publish","hentry"],"aioseo_notices":[],"_links":{"self":[{"href":"https:\/\/beltlamp.com\/no\/wp-json\/wp\/v2\/pages\/11111","targetHints":{"allow":["GET"]}}],"collection":[{"href":"https:\/\/beltlamp.com\/no\/wp-json\/wp\/v2\/pages"}],"about":[{"href":"https:\/\/beltlamp.com\/no\/wp-json\/wp\/v2\/types\/page"}],"author":[{"embeddable":true,"href":"https:\/\/beltlamp.com\/no\/wp-json\/wp\/v2\/users\/9"}],"replies":[{"embeddable":true,"href":"https:\/\/beltlamp.com\/no\/wp-json\/wp\/v2\/comments?post=11111"}],"version-history":[{"count":0,"href":"https:\/\/beltlamp.com\/no\/wp-json\/wp\/v2\/pages\/11111\/revisions"}],"wp:attachment":[{"href":"https:\/\/beltlamp.com\/no\/wp-json\/wp\/v2\/media?parent=11111"}],"curies":[{"name":"wp","href":"https:\/\/api.w.org\/{rel}","templated":true}]}}