{"id":11120,"date":"2021-01-07T14:10:47","date_gmt":"2021-01-07T13:10:47","guid":{"rendered":"https:\/\/beltlamp.com\/fakta\/"},"modified":"2025-07-09T14:03:06","modified_gmt":"2025-07-09T12:03:06","slug":"fakta","status":"publish","type":"page","link":"https:\/\/beltlamp.com\/no\/fakta\/","title":{"rendered":"Fakta"},"content":{"rendered":"<p>[et_pb_section fb_built=&raquo;1&#8243; _builder_version=&raquo;4.7.4&#8243; _module_preset=&raquo;default&raquo; background_image=&raquo;https:\/\/beltlamp.com\/wp-content\/uploads\/2018\/01\/bg_u.jpg&raquo; custom_padding=&raquo;64px||64px||true|&raquo; global_colors_info=&raquo;{}&raquo;][et_pb_row _builder_version=&raquo;4.7.4&#8243; _module_preset=&raquo;default&raquo; custom_padding=&raquo;||0px|||&raquo; global_colors_info=&raquo;{}&raquo;][et_pb_column type=&raquo;4_4&#8243; _builder_version=&raquo;4.7.4&#8243; _module_preset=&raquo;default&raquo; global_colors_info=&raquo;{}&raquo;][et_pb_text _builder_version=&raquo;4.7.4&#8243; _module_preset=&raquo;default&raquo; header_font=&raquo;|600||||||#ffffff|&raquo; header_text_color=&raquo;#ffffff&raquo; header_font_size=&raquo;40px&raquo; global_colors_info=&raquo;{}&raquo;]<\/p>\n<h1 style=\"text-align: center\"><strong>Fakta om Hikebeam<\/strong><\/h1>\n<p>[\/et_pb_text][\/et_pb_column][\/et_pb_row][\/et_pb_section][et_pb_section fb_built=&raquo;1&#8243; admin_label=&raquo;section&raquo; _builder_version=&raquo;3.22&#8243; custom_padding=&raquo;29px||29px||true|&raquo; global_colors_info=&raquo;{}&raquo;][et_pb_row disabled_on=&raquo;on|on|on&raquo; _builder_version=&raquo;4.9.0&#8243; _module_preset=&raquo;default&raquo; custom_padding=&raquo;13px||0px|||&raquo; disabled=&raquo;on&raquo; global_colors_info=&raquo;{}&raquo;][et_pb_column type=&raquo;4_4&#8243; _builder_version=&raquo;4.7.4&#8243; _module_preset=&raquo;default&raquo; global_colors_info=&raquo;{}&raquo;][et_pb_menu menu_id=&raquo;50&#8243; menu_style=&raquo;centered&raquo; active_link_color=&raquo;#000000&#8243; _builder_version=&raquo;4.7.4&#8243; _module_preset=&raquo;default&raquo; menu_font=&raquo;|600|||||||&raquo; custom_margin=&raquo;||-5px|||&raquo; global_colors_info=&raquo;{}&raquo;][\/et_pb_menu][\/et_pb_column][\/et_pb_row][et_pb_row column_structure=&raquo;1_2,1_2&#8243; use_custom_gutter=&raquo;on&raquo; gutter_width=&raquo;2&#8243; admin_label=&raquo;rad&raquo; _builder_version=&raquo;4.9.4&#8243; background_size=&raquo;initial&raquo; background_position=&raquo;top_left&raquo; background_repeat=&raquo;repeat&raquo; custom_padding=&raquo;28px||||false|false&raquo; global_colors_info=&raquo;{}&raquo;][et_pb_column type=&raquo;1_2&#8243; _builder_version=&raquo;3.25&#8243; custom_padding=&raquo;|||&raquo; global_colors_info=&raquo;{}&raquo; custom_padding__hover=&raquo;|||&raquo;][et_pb_text module_id=&raquo;background1&#8243; _builder_version=&raquo;4.13.0&#8243; _module_preset=&raquo;default&raquo; custom_padding=&raquo;10px||14px|||&raquo; global_colors_info=&raquo;{}&raquo;]<\/p>\n<h2><strong>Unik turlykt: bedre belysning, behagelig \u00e5 bruke, blender ikke!<\/strong><\/h2>\n<p>[\/et_pb_text][et_pb_text _builder_version=&raquo;4.9.4&#8243; _module_preset=&raquo;default&raquo; min_height=&raquo;599.3px&raquo; custom_padding=&raquo;|48px|8px|||&raquo; global_colors_info=&raquo;{}&raquo;]<\/p>\n<p>En optiker p\u00e5 Sola (<a href=\"http:\/\/www.optikeren.no\">www.optikeren.no<\/a>) \u00f8nsket en<strong> lykt som kunne gi bedre belysning og syn<\/strong>, p\u00e5 tur om kvelden. Hodelykt f\u00f8ltes som ubehagelig, og \u00e5 holde lommelykt i h\u00e5nden var heller ingen god l\u00f8sning.<\/p>\n<p>Han fant en <strong>enkel m\u00e5te \u00e5 feste en lykt rett p\u00e5 et belte<\/strong>, og oppdaget at dette ga klare forbedringer: Plassering n\u00e6rmere bakken gir <strong>sterkere lyseffekt<\/strong>, og det blir <strong>klare kontraster<\/strong> i terrenget som gir 3D-effekt, n\u00e5r lykten kommer lavere enn \u00f8yeh\u00f8yde. Man f\u00e5r ogs\u00e5 <strong>renere farger<\/strong> og mye <strong>mindre forstyrrelse i dis, t\u00e5ke og nedb\u00f8r<\/strong>. Lykten f\u00f8ltes <strong>fj\u00e6rlett og behagelig<\/strong>, festet rett p\u00e5 beltespennen. Med hodelykt kjenner man vekt og press mot hodet, ikke minst sammen med lue, hette el.l. De gir ogs\u00e5 en &laquo;flat&raquo;, sl\u00f8ret belysning, og redusert sikt i dis og t\u00e5ke.<em> (Se bildene!)<\/em><\/p>\n<p>Hikebeam har en unik linse og reflektor som gir en utrolig bra kombinasjon av konsentrert lysstr\u00e5le og myke, diffuse overganger. Alt blir enda bedre med en liten<strong>\u00a0\u00abskjerm\u00bb som gj\u00f8r slutt p\u00e5 blending,<\/strong> <strong>og samtidig reflekterer<\/strong> og sprer lys nedover. Det gir en <strong>unik lyseffekt, i hele n\u00e6romr\u00e5det, fra f\u00f8ttene, ut til sidene, og langt framover<\/strong>. Lykten har <strong>Widebeam\u2122<\/strong>, en ekstra vid belysning, mer enn 180\u00b0 ut til sidene. Hikebeam er dessuten kjempegrei som <strong>lommelykt<\/strong> og kan plasseres som <strong>spotlight<\/strong>, bare for \u00e5 nevne noen av <span style=\"text-decoration: underline;\"><strong><a href=\"https:\/\/beltlamp.com\/no\/advantages\/\">MANGE FORDELER<\/a><\/strong><\/span>.<\/p>\n<p>&nbsp;<\/p>\n<p>[\/et_pb_text][et_pb_image src=&raquo;https:\/\/beltlamp.com\/wp-content\/uploads\/2021\/04\/forskjell-hodelykt-hikebeam.jpg&raquo; title_text=&raquo;forskjell-hodelykt-hikebeam&raquo; _builder_version=&raquo;4.9.4&#8243; _module_preset=&raquo;default&raquo; custom_padding=&raquo;0px|||||&raquo; global_colors_info=&raquo;{}&raquo;][\/et_pb_image][\/et_pb_column][et_pb_column type=&raquo;1_2&#8243; _builder_version=&raquo;3.25&#8243; custom_padding=&raquo;|||&raquo; global_colors_info=&raquo;{}&raquo; custom_padding__hover=&raquo;|||&raquo;][et_pb_image src=&raquo;https:\/\/beltlamp.com\/wp-content\/uploads\/2021\/04\/ingenblending-hikebeam-1.jpg&raquo; title_text=&raquo;ingenblending-hikebeam&raquo; _builder_version=&raquo;4.9.4&#8243; _module_preset=&raquo;default&raquo; custom_padding=&raquo;0px|||||&raquo; global_colors_info=&raquo;{}&raquo;][\/et_pb_image][et_pb_text module_id=&raquo;howtouse&raquo; _builder_version=&raquo;4.7.4&#8243; _module_preset=&raquo;default&raquo; min_height=&raquo;62px&raquo; custom_margin=&raquo;||3px|||&raquo; custom_padding=&raquo;29px||11px|||&raquo; global_colors_info=&raquo;{}&raquo;]<\/p>\n<h2><strong>Lyser opp bakken &#8211; uten \u00e5 blende!<\/strong><\/h2>\n<p><strong><\/strong><\/p>\n<p><strong><\/strong><\/p>\n<p><strong><\/strong><\/p>\n<h2><strong><\/strong><\/h2>\n<h2><strong><\/strong><\/h2>\n<h2><strong><\/strong><\/h2>\n<h2><strong><\/strong><\/h2>\n<h2><strong><\/strong><\/h2>\n<h2><strong>BRUK AV HIKEBEAM<\/strong><\/h2>\n<p>[\/et_pb_text][et_pb_text _builder_version=&raquo;4.7.4&#8243; _module_preset=&raquo;default&raquo; custom_padding=&raquo;|48px|0px|||&raquo; global_colors_info=&raquo;{}&raquo;]<\/p>\n<p>Hikebeam 400 er en <strong>unik beltelykt for &laquo;hiking&raquo;, fottur og vanlig ferdsel i m\u00f8rke<\/strong>. (Ikke alle synes den er optimal for l\u00f8ping.) Den festes i et belte, passe h\u00f8yt p\u00e5 overkroppen og passe stramt, rett p\u00e5 beltespennen. Da sitter lykten stabilt, man kan b\u00f8ye seg, bruke lommer, og b\u00e6re ting. Den <strong>f\u00f8les fj\u00e6rlett<\/strong>, og helt uten press mot hodet. Det er lett \u00e5 justere lysstr\u00e5len opp eller ned etter terreng eller \u00f8nske. <strong>Hele n\u00e6romr\u00e5det, fra f\u00f8ttene, til sidene og langt fram, f\u00e5r flombelysning! <\/strong>Med inkludert powerbank (100g, 5000 mAh, USB) tilkoplet har man <strong>str\u00f8m for mer enn 6 timer <\/strong>med full lysstyrke. <strong>(Alternativt tillegg: 10.000 mAh, 180g, gir 12 timer.)<\/strong> Powerwbank kan festes i beltet, eller ligge i lomme eller sekk. Man kan eventuelt ha flere i<strong>\u00a0reserve<\/strong>, ogs\u00e5 reservestr\u00f8m for mobiltelefon o.l.<\/p>\n<p><strong>HIKEBEAM fungerer utmerket som lommelykt, og kan st\u00e5 som spotlight p\u00e5 flatt underlag, eller henges p\u00e5 en snor etc. <\/strong><\/p>\n<p><strong> <\/strong><\/p>\n<p><strong>KLIKK FOR INFOBILDENE UNDER:<\/strong><\/p>\n<p><a href=\"https:\/\/beltlamp.com\/wp-content\/uploads\/2020\/06\/Lykt_i_belte_web.jpg\" target=\"_blank\" rel=\"noopener noreferrer\" class=\"lightbox-added\"><span><strong><span style=\"text-decoration: underline;\">BILDE: LYKT I BELTE<\/span><\/strong><\/span><\/a><\/p>\n<p><strong><span style=\"text-decoration: underline;\"><a href=\"https:\/\/beltlamp.com\/wp-content\/uploads\/2020\/06\/Lykt_med_powerbank_web.jpg\" target=\"_blank\" rel=\"noopener noreferrer\" class=\"lightbox-added\">BILDE: LYKT I BELTE, MED POWERBANK I BATTERILOMME.<\/a><\/span><\/strong><\/p>\n<p><span style=\"text-decoration: underline;\"><strong><a href=\"https:\/\/beltlamp.com\/wp-content\/uploads\/2019\/01\/20181223_124227-2.jpg\" target=\"_blank\" rel=\"noopener noreferrer\" class=\"lightbox-added\">BILDE: LYKT SOM SPOTLIGHT. OGS\u00c5 MEGET BRA LOMMELYKT<\/a><\/strong><\/span><\/p>\n<p><span><a href=\"https:\/\/beltlamp.com\/wp-content\/uploads\/2019\/09\/Inspir58.jpg\" target=\"_blank\" rel=\"noopener noreferrer\" class=\"lightbox-added\"><strong><span style=\"text-decoration: underline;\">BILDE: \u201cWidebeam\u2122\u201d, 180\u00b0 sidebelysning<\/span><\/strong>.<\/a><\/span><\/p>\n<p><strong><\/strong><\/p>\n<p><strong><\/strong><\/p>\n<p>[\/et_pb_text][\/et_pb_column][\/et_pb_row][\/et_pb_section][et_pb_section fb_built=&raquo;1&#8243; _builder_version=&raquo;4.7.4&#8243; _module_preset=&raquo;default&raquo; background_color=&raquo;#20271F&raquo; background_image=&raquo;https:\/\/beltlamp.com\/wp-content\/uploads\/2020\/04\/Lykt-162.jpg&raquo; parallax=&raquo;on&raquo; parallax_method=&raquo;off&raquo; custom_padding=&raquo;0px||0px||true|false&raquo; global_colors_info=&raquo;{}&raquo;][et_pb_row column_structure=&raquo;1_2,1_2&#8243; use_custom_gutter=&raquo;on&raquo; gutter_width=&raquo;2&#8243; _builder_version=&raquo;4.7.4&#8243; _module_preset=&raquo;default&raquo; background_color=&raquo;rgba(30,30,30,0.73)&raquo; width=&raquo;100%&raquo; max_width=&raquo;2560px&raquo; custom_padding=&raquo;54px|27px|54px|27px|true|true&raquo; global_colors_info=&raquo;{}&raquo;][et_pb_column type=&raquo;1_2&#8243; _builder_version=&raquo;4.7.4&#8243; _module_preset=&raquo;default&raquo; background_enable_image=&raquo;off&raquo; global_colors_info=&raquo;{}&raquo;][et_pb_image src=&raquo;https:\/\/beltlamp.com\/wp-content\/uploads\/2021\/03\/fakta_ny.jpg&raquo; title_text=&raquo;fakta_ny&raquo; align=&raquo;center&raquo; _builder_version=&raquo;4.9.0&#8243; _module_preset=&raquo;default&raquo; width=&raquo;88%&raquo; global_colors_info=&raquo;{}&raquo;][\/et_pb_image][\/et_pb_column][et_pb_column type=&raquo;1_2&#8243; _builder_version=&raquo;4.7.4&#8243; _module_preset=&raquo;default&raquo; global_colors_info=&raquo;{}&raquo;][et_pb_text module_id=&raquo;facts1&#8243; _builder_version=&raquo;4.9.0&#8243; _module_preset=&raquo;default&raquo; text_font=&raquo;||||||||&raquo; text_text_color=&raquo;#ffffff&raquo; header_text_color=&raquo;#ffffff&raquo; header_2_font=&raquo;|600|||||||&raquo; header_2_text_color=&raquo;#B4B7B5&#8243; custom_padding=&raquo;12px|6px|12px|6px|true|true&raquo; global_colors_info=&raquo;{}&raquo;]<\/p>\n<div class=\"av-special-heading av-special-heading-h2 custom-color-heading blockquote modern-quote avia-builder-el-27 el_before_av_hr avia-builder-el-first \">\n<h2 class=\"av-special-heading-tag \">Fakta om Hikebeam 400<\/h2>\n<\/div>\n<div class=\"hr hr-custom hr-left hr-icon-no avia-builder-el-28 el_after_av_heading el_before_av_textblock \"><span class=\"hr-inner inner-border-av-border-fat\"><span class=\"hr-inner-style\"><\/span><\/span><\/div>\n<section class=\"av_textblock_section \">\n<div class=\"avia_textblock av_inherit_color \">\n<p><strong>Hikebeam 400<\/strong><span>\u00a0<\/span>har hovedlykt p\u00e5 ca. 400 lumen (max) og to sidelykter (Widebeam\u2122), hver p\u00e5 ca. 100 lumen (max). Vekt 230 g.<\/p>\n<p><strong>Bryteren har 7 trinn:<\/strong><\/p>\n<ol>\n<li>Hovedlykt svak.<\/li>\n<li>Hovedlykt mellomstyrke.<\/li>\n<li>Hovedlykt full styrke (400 lumen).<\/li>\n<li>Hovedlykt mellomstyrke, pluss sidelykter (Widebeam\u2122).\u00a0<\/li>\n<li>Hovedlykt svak, pluss svakere sidelykter (Widebeam\u2122).<\/li>\n<li>Kun sidelykter (Widebeam\u2122) svakt. Flott leselys, dempet belysning i telt, hytte etc.<\/li>\n<li>\u00a0AV. Lyset kan ogs\u00e5 slukkes ved \u00e5 holde bryteren inne i 2-3 sek.<\/li>\n<\/ol>\n<p><b>IPX4,<\/b><span>\u00a0<\/span>t\u00e5ler alt av v\u00e6r og vind n\u00e5r dekselet p\u00e5 lykten slutter tett til, eller ladepluggen er rett plassert og skjermet av beskyttelseshetten.<\/p>\n<p><a href=\"https:\/\/beltlamp.com\/wp-content\/uploads\/2020\/08\/film3_0.mp4\" target=\"_blank\" rel=\"noopener noreferrer\"><strong><span style=\"text-decoration: underline;\">KLIKK FOR VIDEO I VANNTEST!<\/span><\/strong><\/a><\/p>\n<p><a href=\"https:\/\/beltlamp.com\/wp-content\/uploads\/2020\/11\/cap.jpg\" target=\"_blank\" rel=\"noopener noreferrer\" class=\"lightbox-added\"><strong><span style=\"text-decoration: underline;\">INFO: BRUK AV BESKYTTELSESHETTEN<\/span><\/strong><\/a><\/p>\n<p><span style=\"text-decoration: underline;\"><strong><a href=\"https:\/\/beltlamp.com\/wp-content\/uploads\/2019\/12\/BRUKSANVISNING-Hikebeam.pdf\" target=\"_blank\" rel=\"noopener noreferrer\">BRUKSANVISNING FOR HIKEBEAM, NORSK<\/a><\/strong><\/span><\/p>\n<p>Norsk oppfinnelse, design og produktutvikling. Produsert i Kina.<\/p>\n<p><strong><em>Lykten er designbeskyttet. Begrepet<span>\u00a0<\/span><\/em>HIKEBEAM<em>\u00ae er varemerkebeskyttet i en stor del av verdensmarkedet. Alle rettigheter tilh\u00f8rer det norske firmaet Beltlamp AS. \u00a0<\/em><\/strong><span style=\"font-size: 14px;\"><\/span><a href=\"https:\/\/beltlamp.com\/wp-content\/uploads\/2019\/12\/Sertifikater.pdf\" target=\"_blank\" rel=\"noopener noreferrer\" style=\"font-size: 14px;\"><strong><span>Last ned pdf her<\/span><\/strong>.<\/a><\/p>\n<\/div>\n<\/section>\n<div class=\"hr hr-invisible avia-builder-el-30 el_after_av_textblock avia-builder-el-last \"><\/div>\n<p>[\/et_pb_text][\/et_pb_column][\/et_pb_row][\/et_pb_section][et_pb_section fb_built=&raquo;1&#8243; _builder_version=&raquo;4.7.4&#8243; _module_preset=&raquo;default&raquo; custom_margin=&raquo;-18px|||||&raquo; global_colors_info=&raquo;{}&raquo;][et_pb_row column_structure=&raquo;1_2,1_2&#8243; _builder_version=&raquo;4.7.4&#8243; _module_preset=&raquo;default&raquo; custom_margin=&raquo;|auto|-39px|auto||&raquo; custom_padding=&raquo;21px||10px|||&raquo; global_colors_info=&raquo;{}&raquo;][et_pb_column type=&raquo;1_2&#8243; _builder_version=&raquo;4.7.4&#8243; _module_preset=&raquo;default&raquo; global_colors_info=&raquo;{}&raquo;][et_pb_text module_id=&raquo;batteries&raquo; _builder_version=&raquo;4.7.4&#8243; _module_preset=&raquo;default&raquo; global_colors_info=&raquo;{}&raquo;]<\/p>\n<h2 class=\"av-special-heading-tag \"><strong>Batterier<\/strong><\/h2>\n<p>[\/et_pb_text][et_pb_text _builder_version=&raquo;4.13.0&#8243; _module_preset=&raquo;default&raquo; global_colors_info=&raquo;{}&raquo;]<\/p>\n<div class=\"av-special-heading av-special-heading-h2 custom-color-heading blockquote modern-quote avia-builder-el-34 el_before_av_hr avia-builder-el-first \">\n<h3 class=\"av-special-heading-tag \"><strong><em><span style=\"font-size: 16px;\">Hikebeam 400 har innvendig batteri p\u00e5 960 mAh. Med hovedlykten alene p\u00e5 full styrke f\u00e5r man unik belysning i ca. en time. <\/span><\/em><\/strong><em style=\"font-size: 18px;\"><span style=\"font-size: 16px;\">Sterkeste styrke med sidelykter varer omtrent det samme. Kun hovedlykt p\u00e5 halv styrke gir lys i mer enn to timer. Svakeste lysstyrke varer ca. 6 timer. USB lading.<\/span><\/em><\/h3>\n<h3 class=\"av-special-heading-tag \"><span style=\"font-size: 14px; color: #666666;\">Det f\u00f8lger med ekstern powerbank p\u00e5 5000 mAh (100g, USB) som <\/span><span style=\"font-size: 14px; color: #666666;\">fungerer som ekstra batteri. Dette kan festes i beltet eller ligge i lomme, ryggsekk el.l. Powerbanken kan brukes tilkoplet lykten, og gir ca. 6 timer med full lysstyrke. (Begge lades opp igjen p\u00e5 3 \u2013 4 timer.) Bruk bare originalledning, da dette best vil sikre tett tilkopling til lykten. Pass p\u00e5 \u2013 enten at <\/span><strong style=\"font-size: 14px; color: #666666;\">ledningen\u00a0er tilkoplet, med beskyttelseshetten rett plassert<\/strong><span style=\"font-size: 14px; color: #666666;\">, eller at <\/span><strong style=\"font-size: 14px; color: #666666;\">dekslet<\/strong><span style=\"font-size: 14px; color: #666666;\"> over \u00e5pningen <\/span><strong style=\"font-size: 14px; color: #666666;\">slutter tett til<\/strong><span style=\"font-size: 14px; color: #666666;\">. Diodene p\u00e5 lykt og powerbank lyser under lading. N\u00e5r lykten er fulladet slukner den bl\u00e5 dioden. Hvis man da tenner lykten, g\u00e5r str\u00f8mmen fra innvendig batteri. Ved \u00e5 trykke p\u00e5 knappen p\u00e5 siden av powerbanken, tennes dioder for lading. Om man da tenner lykten, vil str\u00f8m hentes fra powerbanken. Etter ca. 5 timer p\u00e5 fullt vil den g\u00e5 tom. P\u00e5 lange turer b\u00f8r man ha med reserve og da skifte powerbank. Man vil p\u00e5 den m\u00e5ten beholde en time i reserve<br \/>p\u00e5 det innvendige batteriet, enda mer med lykten p\u00e5 lavere styrke.<\/span><\/h3>\n<\/div>\n<section class=\"av_textblock_section \">\n<div class=\"avia_textblock \">\n<p><strong>Unng\u00e5 fuktighet\/v\u00e6ske inn i kontaktpunktene, p\u00e5 lykt og powerbank! Med rett bruk og forsiktighet t\u00e5ler den alt av v\u00e6r og vind.<\/strong> Da vil lykten kunne fungere rett og vare lenge. Bruk alltid ledning og batteri fra Beltlamp AS. Lykten b\u00f8r lades fra original powerbank. Denne kan lades fra annen str\u00f8mkilde med USB-kopling. <strong>For lengre turer kan man ha med flere batterier.<\/strong> Batterikapasiteten reduseres i kulde. Som ekstrautstyr finnes powerbank med 10.000 mAh og bedre ytelse i sterk kulde. V\u00e5r garanti gjelder produktfeil, ved rett\/anbefalt bruk.<\/p>\n<p>I det lange l\u00f8p vil ladekapasiteten i et batteri bli redusert. Men du kan regne med god batterikapasitet i lang tid. <span> <\/span><span>(<strong><span style=\"text-decoration: underline;\"><a href=\"https:\/\/beltlamp.com\/wp-content\/uploads\/2019\/12\/POWERBANKS-FROM-BELTLAMP-AS.pdf\" target=\"_blank\" rel=\"noopener noreferrer\">Mer batterifakta, klikk her<\/a><\/span><\/strong>)<\/span><\/p>\n<p><strong> Husk \u00e5 lade batteriene etter bruk, s\u00e5 lykten er klar til neste gang man trenger den. For lengre turer, husk \u00e5 beregne tilstrekkelig batterikapasitet. Man kan eventuelt ha reservebatterier.<\/strong><\/p>\n<p><strong><\/strong><\/p>\n<p><strong>For innspill eller sp\u00f8rsm\u00e5l: Kontakt gjerne <a href=\"mailto:post@beltlamp.com\">post@beltlamp.com<\/a>\u00a0\u00a0<\/strong><\/p>\n<p><strong><\/strong><\/p>\n<p><strong><\/strong><\/p>\n<p><strong><\/strong><\/p>\n<p><span><\/span><\/p>\n<\/div>\n<\/section>\n<p>[\/et_pb_text][\/et_pb_column][et_pb_column type=&raquo;1_2&#8243; _builder_version=&raquo;4.7.4&#8243; _module_preset=&raquo;default&raquo; global_colors_info=&raquo;{}&raquo;][et_pb_image src=&raquo;https:\/\/beltlamp.com\/wp-content\/uploads\/2021\/04\/Lykt-244liten.jpg&raquo; title_text=&raquo;Lykt-244liten&raquo; disabled_on=&raquo;on|off|off&raquo; _builder_version=&raquo;4.9.4&#8243; _module_preset=&raquo;default&raquo; global_colors_info=&raquo;{}&raquo;][\/et_pb_image][et_pb_text _builder_version=&raquo;4.7.4&#8243; _module_preset=&raquo;default&raquo; min_height=&raquo;603px&raquo; custom_padding=&raquo;||0px|||&raquo; global_colors_info=&raquo;{}&raquo;]<\/p>\n<div class=\"av-special-heading av-special-heading-h2 custom-color-heading blockquote modern-quote avia-builder-el-40 el_before_av_hr avia-builder-el-first \">\n<h2 class=\"av-special-heading-tag \">Nyttig informasjon<\/h2>\n<\/div>\n<div class=\"hr hr-custom hr-left hr-icon-no avia-builder-el-41 el_after_av_heading el_before_av_textblock \"><span class=\"hr-inner inner-border-av-border-fat\"><span class=\"hr-inner-style\"><\/span><\/span><\/div>\n<section class=\"av_textblock_section \">\n<div class=\"avia_textblock \">\n<p>N\u00e5r ekstern powerbank er tilkoplet, vil lykten kunne f\u00e5 str\u00f8m fra dette n\u00e5r den er tent, og innvendig batteri vil samtidig lades. N\u00e5r lykten er av, vil det innvendige batteriet lades. Da lyser en bl\u00e5 diode, som slukner n\u00e5r det er fulladet.<\/p>\n<p>Svak varme p\u00e5 overflatene av lykten kan forekomme, s\u00e6rlig med sterk lysstyrke. Unng\u00e5 \u00e5 tildekke med sengt\u00f8y, kl\u00e6r el.l. ved innend\u00f8rs bruk.<\/p>\n<p><strong>Lyset vil slukne plutselig, n\u00e5r det er lite str\u00f8m p\u00e5 batteri(ene). Men da kan man sl\u00e5 lyset p\u00e5 igjen, med lavere styrke, og fortsatt ha lys en kort stund.<\/strong> R\u00e5d for lengre turer: Utvendig batteri varer ca. 5 timer p\u00e5 full styrke. Da vil det innvendige batteriet kunne vare ca. en time mer. Du b\u00f8r skifte det utvendige batteriet straks dette g\u00e5r tomt. Da vil du s\u00e5 lenge som mulig, ha en reservekapasitet p\u00e5 det innvendige batteriet, og slipper at det blir helt utladet. Diodene p\u00e5 powerbanken viser gjenv\u00e6rende kapasitet. Trykk p\u00e5 knappen p\u00e5 siden for \u00e5 sjekke dette eller reaktivisere lademodus for lykten (sjekk ogs\u00e5 kontaktene). Diodene lyser n\u00e5r lykten mottar str\u00f8m fra powerbanken, til den er tom etter ca. 5 timer p\u00e5 fullt.<\/p>\n<p>Unng\u00e5 at v\u00e6ske\/vann kommer inn i koplingspunktet p\u00e5 lykt og batteri! Om man er uheldig, rist vannet ut og la lykt (ev. batteri) ligge ubrukt og t\u00f8rke en god stund. Hikebeam\u00ae er designet slik at den ved rett bruk t\u00e5ler v\u00e6r og vind. Vi har ikke hatt en eneste reklamasjon p\u00e5 grunn av dette. Ved rett bruk kan man ha glede av en unik beltelykt, gjennom lang tid.<\/p>\n<p>&nbsp;<\/p>\n<\/div>\n<\/section>\n<p>[\/et_pb_text][\/et_pb_column][\/et_pb_row][\/et_pb_section]<\/p>\n","protected":false},"excerpt":{"rendered":"<p>Fakta om HikebeamUnik turlykt: bedre belysning, behagelig \u00e5 bruke, blender ikke!En optiker p\u00e5 Sola (www.optikeren.no) \u00f8nsket en lykt som kunne gi bedre belysning og syn, p\u00e5 tur om kvelden. Hodelykt f\u00f8ltes som ubehagelig, og \u00e5 holde lommelykt i h\u00e5nden var heller ingen god l\u00f8sning. Han fant en enkel m\u00e5te \u00e5 feste en lykt rett p\u00e5 [&hellip;]<\/p>\n","protected":false},"author":9,"featured_media":0,"parent":0,"menu_order":0,"comment_status":"closed","ping_status":"closed","template":"","meta":{"_et_pb_use_builder":"on","_et_pb_old_content":"","_et_gb_content_width":"","om_disable_all_campaigns":false,"_monsterinsights_skip_tracking":false,"_monsterinsights_sitenote_active":false,"_monsterinsights_sitenote_note":"","_monsterinsights_sitenote_category":0,"_uf_show_specific_survey":0,"_uf_disable_surveys":false,"footnotes":""},"class_list":["post-11120","page","type-page","status-publish","hentry"],"aioseo_notices":[],"_links":{"self":[{"href":"https:\/\/beltlamp.com\/no\/wp-json\/wp\/v2\/pages\/11120","targetHints":{"allow":["GET"]}}],"collection":[{"href":"https:\/\/beltlamp.com\/no\/wp-json\/wp\/v2\/pages"}],"about":[{"href":"https:\/\/beltlamp.com\/no\/wp-json\/wp\/v2\/types\/page"}],"author":[{"embeddable":true,"href":"https:\/\/beltlamp.com\/no\/wp-json\/wp\/v2\/users\/9"}],"replies":[{"embeddable":true,"href":"https:\/\/beltlamp.com\/no\/wp-json\/wp\/v2\/comments?post=11120"}],"version-history":[{"count":0,"href":"https:\/\/beltlamp.com\/no\/wp-json\/wp\/v2\/pages\/11120\/revisions"}],"wp:attachment":[{"href":"https:\/\/beltlamp.com\/no\/wp-json\/wp\/v2\/media?parent=11120"}],"curies":[{"name":"wp","href":"https:\/\/api.w.org\/{rel}","templated":true}]}}