{"id":11220,"date":"2021-02-02T15:01:25","date_gmt":"2021-02-02T14:01:25","guid":{"rendered":"https:\/\/beltlamp.com\/?page_id=11220"},"modified":"2025-11-03T22:58:03","modified_gmt":"2025-11-03T21:58:03","slug":"advantages","status":"publish","type":"page","link":"https:\/\/beltlamp.com\/no\/advantages\/","title":{"rendered":"Advantages"},"content":{"rendered":"<p>[et_pb_section fb_built=&raquo;1&#8243; _builder_version=&raquo;4.7.4&#8243; _module_preset=&raquo;default&raquo; background_image=&raquo;https:\/\/beltlamp.com\/wp-content\/uploads\/2018\/01\/bg_u.jpg&raquo; custom_padding=&raquo;64px||64px||true|&raquo; global_colors_info=&raquo;{}&raquo;][et_pb_row _builder_version=&raquo;4.7.4&#8243; _module_preset=&raquo;default&raquo; custom_padding=&raquo;||0px|||&raquo; global_colors_info=&raquo;{}&raquo;][et_pb_column type=&raquo;4_4&#8243; _builder_version=&raquo;4.7.4&#8243; _module_preset=&raquo;default&raquo; global_colors_info=&raquo;{}&raquo;][et_pb_text _builder_version=&raquo;4.13.0&#8243; _module_preset=&raquo;default&raquo; header_font=&raquo;|600||||||#ffffff|&raquo; header_text_color=&raquo;#ffffff&raquo; header_font_size=&raquo;40px&raquo; global_colors_info=&raquo;{}&raquo;]<\/p>\n<h1 style=\"text-align: center;\"><strong>HIKEBEAM &#8211; turlykt med<\/strong><\/h1>\n<h1 style=\"text-align: center;\"><strong>\u00a0klare fordeler <\/strong><em>(15 punkter)<\/em><strong>:<\/strong><\/h1>\n<p><strong>\u00a0<\/strong><\/p>\n<p>[\/et_pb_text][\/et_pb_column][\/et_pb_row][\/et_pb_section][et_pb_section fb_built=&raquo;1&#8243; admin_label=&raquo;section&raquo; _builder_version=&raquo;3.22&#8243; custom_padding=&raquo;4px||4px||true|&raquo; global_colors_info=&raquo;{}&raquo;][et_pb_row column_structure=&raquo;1_5,1_5,1_5,1_5,1_5&#8243; use_custom_gutter=&raquo;on&raquo; gutter_width=&raquo;2&#8243; _builder_version=&raquo;4.7.4&#8243; _module_preset=&raquo;default&raquo; width=&raquo;100%&raquo; max_width=&raquo;2560px&raquo; custom_padding=&raquo;29px|27px|29px|27px|true|true&raquo; global_colors_info=&raquo;{}&raquo;][et_pb_column type=&raquo;1_5&#8243; _builder_version=&raquo;4.7.4&#8243; _module_preset=&raquo;default&raquo; background_enable_image=&raquo;off&raquo; global_colors_info=&raquo;{}&raquo;][et_pb_blurb title=&raquo;3D-effekt&raquo; image=&raquo;https:\/\/beltlamp.com\/wp-content\/uploads\/2021\/02\/3d-495&#215;400-1.jpg&raquo; _builder_version=&raquo;4.13.0&#8243; _module_preset=&raquo;default&raquo; header_font=&raquo;|800||on|||||&raquo; header_font_size=&raquo;18px&raquo; text_orientation=&raquo;center&raquo; border_radii_image=&raquo;on|2684px|2684px|2684px|2684px&raquo; global_colors_info=&raquo;{}&raquo;]<\/p>\n<p><span>Lavere festepunkt gir kontraster som gj\u00f8r det <strong>lettere \u00e5 se<\/strong> ujevnheter og detaljer<strong>\u00a0i terrenget.<\/strong> <strong>Trygt og behagelig og lett \u00e5 g\u00e5, som i godt dagslys.<\/strong><\/span><\/p>\n<p>[\/et_pb_blurb][\/et_pb_column][et_pb_column type=&raquo;1_5&#8243; _builder_version=&raquo;4.7.4&#8243; _module_preset=&raquo;default&raquo; global_colors_info=&raquo;{}&raquo;][et_pb_blurb title=&raquo;UNIK LYSSPREDNING&raquo; image=&raquo;https:\/\/beltlamp.com\/wp-content\/uploads\/2021\/02\/sand-495&#215;400-1.jpg&raquo; _builder_version=&raquo;4.13.0&#8243; _module_preset=&raquo;default&raquo; header_font=&raquo;|800||on|||||&raquo; header_font_size=&raquo;18px&raquo; text_orientation=&raquo;center&raquo; border_radii_image=&raquo;on|2684px|2684px|2684px|2684px&raquo; global_colors_info=&raquo;{}&raquo;]<\/p>\n<p><span><strong>fra f\u00f8ttene, til sidene og langt framover.<\/strong> Med lykten n\u00e6rmere bakken og en reflekterende \u201cskjerm\u201d, f\u00e5r man b\u00e5de<strong> bedre effekt og en unik lysspredning<\/strong>.<\/span><\/p>\n<p>[\/et_pb_blurb][\/et_pb_column][et_pb_column type=&raquo;1_5&#8243; _builder_version=&raquo;4.7.4&#8243; _module_preset=&raquo;default&raquo; global_colors_info=&raquo;{}&raquo;][et_pb_blurb title=&raquo;BLENDER IKKE ANDRE&raquo; image=&raquo;https:\/\/beltlamp.com\/wp-content\/uploads\/2021\/02\/se10-495&#215;400-1.jpg&raquo; _builder_version=&raquo;4.13.0&#8243; _module_preset=&raquo;default&raquo; header_font=&raquo;|800||on|||||&raquo; header_font_size=&raquo;18px&raquo; text_orientation=&raquo;center&raquo; border_radii_image=&raquo;on|2684px|2684px|2684px|2684px&raquo; global_colors_info=&raquo;{}&raquo;]<\/p>\n<p><span>p\u00e5 grunn av &laquo;skjermen&raquo;. Den gj\u00f8r at man<strong>\u00a0ikke blender<\/strong> folk man g\u00e5r sammen med, og man kan unng\u00e5 \u00e5 blende dem man m\u00f8ter.<\/span><\/p>\n<p>[\/et_pb_blurb][\/et_pb_column][et_pb_column type=&raquo;1_5&#8243; _builder_version=&raquo;4.7.4&#8243; _module_preset=&raquo;default&raquo; global_colors_info=&raquo;{}&raquo;][et_pb_blurb title=&raquo;Mye bedre sikt i t\u00e5ke,&raquo; image=&raquo;https:\/\/beltlamp.com\/wp-content\/uploads\/2021\/02\/mindreforstyrrelse-495&#215;400-1.jpg&raquo; _builder_version=&raquo;4.13.0&#8243; _module_preset=&raquo;default&raquo; header_font=&raquo;|800||on|||||&raquo; header_font_size=&raquo;18px&raquo; text_orientation=&raquo;center&raquo; border_radii_image=&raquo;on|2684px|2684px|2684px|2684px&raquo; global_colors_info=&raquo;{}&raquo;]<\/p>\n<p><span>dis, sn\u00f8v\u00e6r, regn, yr eller \u00e5nde. Jfr. n\u00e6r\/fjernlys p\u00e5 bil. Renere fargeinntrykk. <strong>Utmerket belysning OGS\u00c5 FOR FOTOGRAFERING!<\/strong><\/span><\/p>\n<p>[\/et_pb_blurb][\/et_pb_column][et_pb_column type=&raquo;1_5&#8243; _builder_version=&raquo;4.7.4&#8243; _module_preset=&raquo;default&raquo; global_colors_info=&raquo;{}&raquo;][et_pb_blurb title=&raquo;BEHAGELIG \u00c5 HA P\u00c5&raquo; image=&raquo;https:\/\/beltlamp.com\/wp-content\/uploads\/2021\/02\/20181223_153941_retusjert-495&#215;400-1.jpg&raquo; _builder_version=&raquo;4.13.0&#8243; _module_preset=&raquo;default&raquo; header_font=&raquo;|800||on|||||&raquo; header_font_size=&raquo;18px&raquo; text_orientation=&raquo;center&raquo; border_radii_image=&raquo;on|2684px|2684px|2684px|2684px&raquo; global_colors_info=&raquo;{}&raquo;]<\/p>\n<p><span>Man slipper vekten av lykt, og press mot hodet. Ingen problemer med bruk av lue, hette etc. Hikebeam<strong> f\u00f8les lett som luft<\/strong>\u00a0i beltet.<\/span><\/p>\n<p>[\/et_pb_blurb][\/et_pb_column][\/et_pb_row][\/et_pb_section][et_pb_section fb_built=&raquo;1&#8243; _builder_version=&raquo;4.7.4&#8243; _module_preset=&raquo;default&raquo; background_color=&raquo;#20271F&raquo; background_image=&raquo;https:\/\/beltlamp.com\/wp-content\/uploads\/2020\/04\/Lykt-162.jpg&raquo; parallax=&raquo;on&raquo; parallax_method=&raquo;off&raquo; custom_padding=&raquo;0px||0px||true|false&raquo; global_colors_info=&raquo;{}&raquo;][et_pb_row column_structure=&raquo;1_5,1_5,1_5,1_5,1_5&#8243; use_custom_gutter=&raquo;on&raquo; gutter_width=&raquo;2&#8243; _builder_version=&raquo;4.7.4&#8243; _module_preset=&raquo;default&raquo; background_color=&raquo;rgba(30,30,30,0.73)&raquo; width=&raquo;100%&raquo; max_width=&raquo;2560px&raquo; custom_padding=&raquo;38px|27px|38px|27px|true|true&raquo; global_colors_info=&raquo;{}&raquo;][et_pb_column type=&raquo;1_5&#8243; _builder_version=&raquo;4.7.4&#8243; _module_preset=&raquo;default&raquo; background_enable_image=&raquo;off&raquo; global_colors_info=&raquo;{}&raquo;][et_pb_blurb title=&raquo;%22Widebeam%22&#8243; image=&raquo;https:\/\/beltlamp.com\/wp-content\/uploads\/2021\/02\/Inspir58-495&#215;400-1.jpg&raquo; _builder_version=&raquo;4.13.0&#8243; _module_preset=&raquo;default&raquo; header_font=&raquo;|800||on|||||&raquo; header_font_size=&raquo;18px&raquo; text_orientation=&raquo;center&raquo; background_layout=&raquo;dark&raquo; border_radii_image=&raquo;on|2684px|2684px|2684px|2684px&raquo; global_colors_info=&raquo;{}&raquo;]<\/p>\n<p><span>\u201cWidebeam\u2122\u201d &#8211; mulighet for \u00f8kt <strong>vidvinkel-belysning<\/strong> 180\u00b0 til sidene. Lyser opp hele n\u00e6romr\u00e5det. Flott b\u00e5de p\u00e5 tur og som arbeidslys!<\/span><\/p>\n<p>[\/et_pb_blurb][\/et_pb_column][et_pb_column type=&raquo;1_5&#8243; _builder_version=&raquo;4.7.4&#8243; _module_preset=&raquo;default&raquo; global_colors_info=&raquo;{}&raquo;][et_pb_blurb title=&raquo;LETT \u00c5 TA AV OG P\u00c5&raquo; image=&raquo;https:\/\/beltlamp.com\/wp-content\/uploads\/2021\/02\/lett-495&#215;400-1.jpg&raquo; _builder_version=&raquo;4.13.0&#8243; _module_preset=&raquo;default&raquo; header_font=&raquo;|800||on|||||&raquo; header_font_size=&raquo;18px&raquo; text_orientation=&raquo;center&raquo; background_layout=&raquo;dark&raquo; border_radii_image=&raquo;on|2684px|2684px|2684px|2684px&raquo; global_colors_info=&raquo;{}&raquo;]<\/p>\n<p><span><strong>Festes rett p\u00e5 beltespennen<\/strong>, ev. p\u00e5 sekkebelte, refleksvest el.l. Best er den med beltet festet passe stramt og litt h\u00f8yt p\u00e5 overkroppen.<\/span><\/p>\n<p>[\/et_pb_blurb][\/et_pb_column][et_pb_column type=&raquo;1_5&#8243; _builder_version=&raquo;4.7.4&#8243; _module_preset=&raquo;default&raquo; global_colors_info=&raquo;{}&raquo;][et_pb_blurb title=&raquo;\u00d8DELEGGER INGEN FRISYRE&raquo; image=&raquo;https:\/\/beltlamp.com\/wp-content\/uploads\/2021\/02\/frisyre2-495&#215;400-1.jpg&raquo; _builder_version=&raquo;4.13.0&#8243; _module_preset=&raquo;default&raquo; header_font=&raquo;|800||on|||||&raquo; header_font_size=&raquo;18px&raquo; text_orientation=&raquo;center&raquo; background_layout=&raquo;dark&raquo; custom_padding=&raquo;||1px|||&raquo; border_radii_image=&raquo;on|2684px|2684px|2684px|2684px&raquo; global_colors_info=&raquo;{}&raquo;]<\/p>\n<p><span>Problemfri og behagelig \u00e5 bruke, b\u00e5de for kvinner og menn. Hikebeam beltelykt <strong>\u00f8delegger ingen frisyre<\/strong>. Passer ogs\u00e5 p\u00e5 sm\u00e5tur med paraply.<\/span><\/p>\n<p>[\/et_pb_blurb][\/et_pb_column][et_pb_column type=&raquo;1_5&#8243; _builder_version=&raquo;4.7.4&#8243; _module_preset=&raquo;default&raquo; global_colors_info=&raquo;{}&raquo;][et_pb_blurb title=&raquo;HYGIENISK&raquo; image=&raquo;https:\/\/beltlamp.com\/wp-content\/uploads\/2021\/02\/hygiene-495&#215;400-1.jpg&raquo; _builder_version=&raquo;4.13.0&#8243; _module_preset=&raquo;default&raquo; header_font=&raquo;|800||on|||||&raquo; header_font_size=&raquo;18px&raquo; text_orientation=&raquo;center&raquo; background_layout=&raquo;dark&raquo; border_radii_image=&raquo;on|2684px|2684px|2684px|2684px&raquo; global_colors_info=&raquo;{}&raquo;]<\/p>\n<p><span>Man unng\u00e5r klamt h\u00e5r og svette hodestropper. Kan deles p\u00e5 og disponeres av hvem som helst, n\u00e5r som helst.<\/span><\/p>\n<p>[\/et_pb_blurb][\/et_pb_column][et_pb_column type=&raquo;1_5&#8243; _builder_version=&raquo;4.7.4&#8243; _module_preset=&raquo;default&raquo; global_colors_info=&raquo;{}&raquo;][et_pb_blurb title=&raquo;LOMMELYKT\/SPOTLIGHT&raquo; image=&raquo;https:\/\/beltlamp.com\/wp-content\/uploads\/2021\/02\/arbeidslampe-3-495&#215;400-1.jpg&raquo; _builder_version=&raquo;4.13.0&#8243; _module_preset=&raquo;default&raquo; header_font=&raquo;|800||on|||||&raquo; header_font_size=&raquo;18px&raquo; text_orientation=&raquo;center&raquo; background_layout=&raquo;dark&raquo; border_radii_image=&raquo;on|2684px|2684px|2684px|2684px&raquo; global_colors_info=&raquo;{}&raquo;]<\/p>\n<p><span><strong>Utmerket som lommelykt<\/strong> og som spotlight\/arbeidslykt, belysning i telt eller hytte etc. Kan ogs\u00e5 henges p\u00e5 snor eller grein.<\/span><\/p>\n<p>[\/et_pb_blurb][\/et_pb_column][\/et_pb_row][\/et_pb_section][et_pb_section fb_built=&raquo;1&#8243; _builder_version=&raquo;4.7.4&#8243; _module_preset=&raquo;default&raquo; custom_padding=&raquo;0px||22px|||&raquo; global_colors_info=&raquo;{}&raquo;][et_pb_row column_structure=&raquo;1_5,1_5,1_5,1_5,1_5&#8243; use_custom_gutter=&raquo;on&raquo; gutter_width=&raquo;2&#8243; _builder_version=&raquo;4.7.4&#8243; _module_preset=&raquo;default&raquo; width=&raquo;100%&raquo; max_width=&raquo;2560px&raquo; custom_margin=&raquo;|auto|-7px|auto||&raquo; custom_padding=&raquo;30px|27px|30px|27px|true|true&raquo; global_colors_info=&raquo;{}&raquo;][et_pb_column type=&raquo;1_5&#8243; _builder_version=&raquo;4.7.4&#8243; _module_preset=&raquo;default&raquo; background_enable_image=&raquo;off&raquo; global_colors_info=&raquo;{}&raquo;][et_pb_blurb title=&raquo;JUSTERING&raquo; image=&raquo;https:\/\/beltlamp.com\/wp-content\/uploads\/2021\/02\/20181229_092846-495&#215;400-1.jpg&raquo; _builder_version=&raquo;4.13.0&#8243; _module_preset=&raquo;default&raquo; header_font=&raquo;|800||on|||||&raquo; header_font_size=&raquo;18px&raquo; text_orientation=&raquo;center&raquo; border_radii_image=&raquo;on|2684px|2684px|2684px|2684px&raquo; global_colors_info=&raquo;{}&raquo;]<\/p>\n<p><span><strong>Lett \u00e5 justere<\/strong> lysstyrke (6 trinn), og \u00e5 justere lyset opp eller ned etter terreng eller \u00f8nske. Bred belysning, ikke begrenset til en lysflekk man m\u00e5 f\u00f8lge med nakke og blikk.<\/span><\/p>\n<p>[\/et_pb_blurb][\/et_pb_column][et_pb_column type=&raquo;1_5&#8243; _builder_version=&raquo;4.7.4&#8243; _module_preset=&raquo;default&raquo; global_colors_info=&raquo;{}&raquo;][et_pb_blurb title=&raquo;INSEKTER&raquo; image=&raquo;https:\/\/beltlamp.com\/wp-content\/uploads\/2021\/02\/Insekter-lampe-495&#215;400-1.jpg&raquo; _builder_version=&raquo;4.13.0&#8243; _module_preset=&raquo;default&raquo; header_font=&raquo;|800||on|||||&raquo; header_font_size=&raquo;18px&raquo; text_orientation=&raquo;center&raquo; border_radii_image=&raquo;on|2684px|2684px|2684px|2684px&raquo; global_colors_info=&raquo;{}&raquo;]<\/p>\n<p><span>Med Hikebeam <strong>unng\u00e5r man at insekter lokkes<\/strong> til \u00e5 fly mot ansiktet, noe som enkelte steder og deler av \u00e5ret kan v\u00e6re en plage.<\/span><\/p>\n<p>[\/et_pb_blurb][\/et_pb_column][et_pb_column type=&raquo;1_5&#8243; _builder_version=&raquo;4.7.4&#8243; _module_preset=&raquo;default&raquo; global_colors_info=&raquo;{}&raquo;][et_pb_blurb title=&raquo;TILDEKKE HODET&raquo; image=&raquo;https:\/\/beltlamp.com\/wp-content\/uploads\/2021\/02\/beskyttelse-1-495&#215;400-1.jpg&raquo; _builder_version=&raquo;4.13.0&#8243; _module_preset=&raquo;default&raquo; header_font=&raquo;|800||on|||||&raquo; header_font_size=&raquo;18px&raquo; text_orientation=&raquo;center&raquo; border_radii_image=&raquo;on|2684px|2684px|2684px|2684px&raquo; global_colors_info=&raquo;{}&raquo;]<\/p>\n<p><span>Man kan <strong>beskytte hodet for v\u00e6r og vind<\/strong> etter behov og \u00f8nske \u2013 og samtidig ha en &laquo;fabelaktig god&raquo; belysning langt fram og i hele n\u00e6romr\u00e5det.<\/span><\/p>\n<p>[\/et_pb_blurb][\/et_pb_column][et_pb_column type=&raquo;1_5&#8243; _builder_version=&raquo;4.7.4&#8243; _module_preset=&raquo;default&raquo; global_colors_info=&raquo;{}&raquo;][et_pb_blurb title=&raquo;BATTERIER&raquo; image=&raquo;https:\/\/beltlamp.com\/wp-content\/uploads\/2021\/02\/batteri-495&#215;400-1.jpg&raquo; _builder_version=&raquo;4.13.0&#8243; _module_preset=&raquo;default&raquo; header_font=&raquo;|800||on|||||&raquo; header_font_size=&raquo;18px&raquo; text_orientation=&raquo;center&raquo; border_radii_image=&raquo;on|2684px|2684px|2684px|2684px&raquo; global_colors_info=&raquo;{}&raquo;]<\/p>\n<p><span>Innebygget batteri for korte turer. Mer enn 6 timer\/max lysstyrke med<strong> powerbank tikoplet (100g, 5000 mAh, USB. Inkl.)<\/strong>. (Mulighet for 12 timer m\/10.000 mAh!) Str\u00f8mreserve for mobil o.l.\u00a0 \u00a0\u00a0<\/span><\/p>\n<p>[\/et_pb_blurb][\/et_pb_column][et_pb_column type=&raquo;1_5&#8243; _builder_version=&raquo;4.7.4&#8243; _module_preset=&raquo;default&raquo; global_colors_info=&raquo;{}&raquo;][et_pb_blurb title=&raquo;BEDRE LIV I M\u00d8RKE&raquo; image=&raquo;https:\/\/beltlamp.com\/wp-content\/uploads\/2021\/02\/par-495&#215;400-1.jpg&raquo; _builder_version=&raquo;4.13.0&#8243; _module_preset=&raquo;default&raquo; header_font=&raquo;|800||on|||||&raquo; header_font_size=&raquo;18px&raquo; text_orientation=&raquo;center&raquo; border_radii_image=&raquo;on|2684px|2684px|2684px|2684px&raquo; global_colors_info=&raquo;{}&raquo;]<\/p>\n<p><span><strong>Hikebeam gir mer glede ved g\u00e5turer og aktivt friluftsliv i m\u00f8rke. Alle b\u00f8r oppleve forskjellen mellom hode- og belteposisjon. (Test det med din egen lykt &#8211; uansett type!)<\/strong><\/span><span><strong>\u00a0<\/strong><\/span><\/p>\n<p>[\/et_pb_blurb][\/et_pb_column][\/et_pb_row][\/et_pb_section]<\/p>\n","protected":false},"excerpt":{"rendered":"<p>HIKEBEAM &#8211; turlykt med \u00a0klare fordeler (15 punkter): \u00a0Lavere festepunkt gir kontraster som gj\u00f8r det lettere \u00e5 se ujevnheter og detaljer\u00a0i terrenget. Trygt og behagelig og lett \u00e5 g\u00e5, som i godt dagslys.fra f\u00f8ttene, til sidene og langt framover. Med lykten n\u00e6rmere bakken og en reflekterende \u201cskjerm\u201d, f\u00e5r man b\u00e5de bedre effekt og en unik [&hellip;]<\/p>\n","protected":false},"author":9,"featured_media":0,"parent":0,"menu_order":0,"comment_status":"closed","ping_status":"closed","template":"","meta":{"_et_pb_use_builder":"on","_et_pb_old_content":"<!-- wp:divi\/placeholder \/-->","_et_gb_content_width":"","om_disable_all_campaigns":false,"_monsterinsights_skip_tracking":false,"_monsterinsights_sitenote_active":false,"_monsterinsights_sitenote_note":"","_monsterinsights_sitenote_category":0,"_uf_show_specific_survey":0,"_uf_disable_surveys":false,"footnotes":""},"class_list":["post-11220","page","type-page","status-publish","hentry"],"aioseo_notices":[],"_links":{"self":[{"href":"https:\/\/beltlamp.com\/no\/wp-json\/wp\/v2\/pages\/11220","targetHints":{"allow":["GET"]}}],"collection":[{"href":"https:\/\/beltlamp.com\/no\/wp-json\/wp\/v2\/pages"}],"about":[{"href":"https:\/\/beltlamp.com\/no\/wp-json\/wp\/v2\/types\/page"}],"author":[{"embeddable":true,"href":"https:\/\/beltlamp.com\/no\/wp-json\/wp\/v2\/users\/9"}],"replies":[{"embeddable":true,"href":"https:\/\/beltlamp.com\/no\/wp-json\/wp\/v2\/comments?post=11220"}],"version-history":[{"count":3,"href":"https:\/\/beltlamp.com\/no\/wp-json\/wp\/v2\/pages\/11220\/revisions"}],"predecessor-version":[{"id":28520,"href":"https:\/\/beltlamp.com\/no\/wp-json\/wp\/v2\/pages\/11220\/revisions\/28520"}],"wp:attachment":[{"href":"https:\/\/beltlamp.com\/no\/wp-json\/wp\/v2\/media?parent=11220"}],"curies":[{"name":"wp","href":"https:\/\/api.w.org\/{rel}","templated":true}]}}