{"id":11812,"date":"2021-02-15T16:46:24","date_gmt":"2021-02-15T15:46:24","guid":{"rendered":"https:\/\/beltlamp.com\/garanti-og-reklamasjon\/"},"modified":"2022-06-28T13:08:34","modified_gmt":"2022-06-28T11:08:34","slug":"garanti-og-reklamasjon","status":"publish","type":"page","link":"https:\/\/beltlamp.com\/no\/garanti-og-reklamasjon\/","title":{"rendered":"Garanti og Reklamasjon"},"content":{"rendered":"<p>[et_pb_section fb_built=&raquo;1&#8243; _builder_version=&raquo;4.7.4&#8243; _module_preset=&raquo;default&raquo; background_image=&raquo;https:\/\/beltlamp.com\/wp-content\/uploads\/2018\/01\/bg_u.jpg&raquo; custom_padding=&raquo;64px||64px||true|&raquo; global_colors_info=&raquo;{}&raquo;][et_pb_row _builder_version=&raquo;4.7.4&#8243; _module_preset=&raquo;default&raquo; custom_padding=&raquo;||0px|||&raquo; global_colors_info=&raquo;{}&raquo;][et_pb_column type=&raquo;4_4&#8243; _builder_version=&raquo;4.7.4&#8243; _module_preset=&raquo;default&raquo; global_colors_info=&raquo;{}&raquo;][et_pb_text _builder_version=&raquo;4.9.0&#8243; _module_preset=&raquo;default&raquo; header_font=&raquo;|600||||||#ffffff|&raquo; header_text_color=&raquo;#ffffff&raquo; header_font_size=&raquo;40px&raquo; global_colors_info=&raquo;{}&raquo;]<\/p>\n<h1 style=\"text-align: center\"><strong>Garanti \/ Reklamasjon<\/strong><\/h1>\n<p>[\/et_pb_text][\/et_pb_column][\/et_pb_row][\/et_pb_section][et_pb_section fb_built=&raquo;1&#8243; admin_label=&raquo;section&raquo; _builder_version=&raquo;3.22&#8243; custom_padding=&raquo;4px||4px||true|&raquo; global_colors_info=&raquo;{}&raquo;][et_pb_row _builder_version=&raquo;4.9.0&#8243; _module_preset=&raquo;default&raquo; custom_padding=&raquo;85px|||||&raquo; global_colors_info=&raquo;{}&raquo;][et_pb_column type=&raquo;4_4&#8243; _builder_version=&raquo;4.9.0&#8243; _module_preset=&raquo;default&raquo; global_colors_info=&raquo;{}&raquo;][et_pb_text _builder_version=&raquo;4.9.0&#8243; _module_preset=&raquo;default&raquo; global_colors_info=&raquo;{}&raquo;]<\/p>\n<p><strong><span>LAST NED ANGRESKJEMA HER.<\/span><a href=\"https:\/\/beltlamp.com\/wp-content\/uploads\/2020\/09\/Angrerettskjema_1_Eng.pdf\" target=\"_blank\" rel=\"noopener\"><u><\/u><\/a><\/strong><\/p>\n<h2>Garanti \/ Reklamasjon<span class=\"\"><\/span><\/h2>\n<h4>Hvis du angrer p\u00e5 kj\u00f8p eller f\u00e5r problemer med produkter kj\u00f8pt via v\u00e5r webshop, ta kontakt pr. mail til &laquo;shop@beltlamp.com&raquo;. Da kontakter vi deg raskt for avklaringer og sammen finner vi en god l\u00f8sning.<\/h4>\n<p>Garantien v\u00e5r omfatter produktfeil, etter reglene i landet der det er kj\u00f8pt. Ta alltid vare p\u00e5 kvitteringen! Den vil vise b\u00e5de hvor og n\u00e5r varen ble kj\u00f8pt.<span>\u00a0<\/span>All bruk er p\u00e5 eget ansvar. Unng\u00e5 vann\/v\u00e6ske inn i koplingspunkter p\u00e5 lykt og powerbank! Lykten er ikke ment for \u00e5 komme under vann, men t\u00e5ler normale v\u00e6rforhold (IPX4) ved rett bruk: Dekselet for koplingspunktet m\u00e5 v\u00e6re tett tilsluttet, eller ledningen m\u00e5 v\u00e6re tilkoplet, med beskyttelseshetten rett plassert over koplingspunktet. Den l\u00e5ser ledningen og beskytter for fuktighet. (PS! \u00c5pningen p\u00e5 beskyttelseshetten m\u00e5 peke nedover for \u00e5 skjerme for nedb\u00f8r.) Garantien omfatter alt av tekniske problemer som m\u00e5tte oppst\u00e5 ved tilsiktet og rett bruk. (Tenk som p\u00e5 en bil: Man tar ikke automatvask med \u00e5pne vinduer.) Garantien omfatter ikke uforsiktighet eller uhell med vann\/v\u00e6ske som kommer inn i lykten, for eksempel ved at lykt eller batteri kommer helt under vann p\u00e5 grunn av fall eller annet uhell. Garanti dekker heller ikke skader eller f\u00f8lgeskader ved uhell eller ved utilsiktet bruk. Vi anbefaler lading fra powerbanken fra Beltlamp AS. Powerbanken har vanlig USB-lading. Hurtigladere eller annet utstyr som kan utsette lykten for p\u00e5kjenninger den ikke er beregnet for, omfattes ikke av v\u00e5rt garantiansvar. Garanti omfatter kun produktfeil, og vil eventuelt inneb\u00e6re at du f\u00e5r byttet varen med ny og tilsvarende, eller at feilen blir reparert av oss. Vi vil strekke oss langt for at du skal kunne ha en lykt som du kan ha glede av lenge. V\u00e5r garanti p\u00e5 to \u00e5r gjelder enhver opprinnelig feil ved produktet, eller at det oppst\u00e5r et teknisk problem ved normal, tilsiktet bruk. Dette m\u00e5 du ta opp med oss snarest, og senest en m\u00e5ned etter feilen ble oppdaget. Kontakt oss p\u00e5 shop@beltlamp.com og vi kontakter deg i l\u00f8pet av kort tid for \u00e5 avtale en l\u00f8sning. Er varen kj\u00f8pt hos forhandler, kan du eventuelt kontakte dem ved eventuell reklamasjon. Ogs\u00e5 der er det n\u00f8dvendig at du har kvittering som viser n\u00e5r og hvor varen er kj\u00f8pt. Du har fem \u00e5rs reklamasjonsrett, og vi vil alltid gj\u00f8re v\u00e5rt beste for at du skal ha en lykt som virker og er til nytte.<\/p>\n<p><strong>Vi h\u00e5per at du gjennom mange \u00e5r skal ha en lykt som gir deg gode opplevelser n\u00e5r du trenger lys i m\u00f8rke!<\/strong><\/p>\n<p>[\/et_pb_text][\/et_pb_column][\/et_pb_row][\/et_pb_section]<\/p>\n","protected":false},"excerpt":{"rendered":"<p>Garanti \/ ReklamasjonLAST NED ANGRESKJEMA HER. Garanti \/ Reklamasjon Hvis du angrer p\u00e5 kj\u00f8p eller f\u00e5r problemer med produkter kj\u00f8pt via v\u00e5r webshop, ta kontakt pr. mail til &laquo;shop@beltlamp.com&raquo;. Da kontakter vi deg raskt for avklaringer og sammen finner vi en god l\u00f8sning. Garantien v\u00e5r omfatter produktfeil, etter reglene i landet der det er kj\u00f8pt. [&hellip;]<\/p>\n","protected":false},"author":9,"featured_media":0,"parent":0,"menu_order":0,"comment_status":"closed","ping_status":"closed","template":"","meta":{"_et_pb_use_builder":"on","_et_pb_old_content":"","_et_gb_content_width":"","om_disable_all_campaigns":false,"_monsterinsights_skip_tracking":false,"_monsterinsights_sitenote_active":false,"_monsterinsights_sitenote_note":"","_monsterinsights_sitenote_category":0,"_uf_show_specific_survey":0,"_uf_disable_surveys":false,"footnotes":""},"class_list":["post-11812","page","type-page","status-publish","hentry"],"aioseo_notices":[],"_links":{"self":[{"href":"https:\/\/beltlamp.com\/no\/wp-json\/wp\/v2\/pages\/11812","targetHints":{"allow":["GET"]}}],"collection":[{"href":"https:\/\/beltlamp.com\/no\/wp-json\/wp\/v2\/pages"}],"about":[{"href":"https:\/\/beltlamp.com\/no\/wp-json\/wp\/v2\/types\/page"}],"author":[{"embeddable":true,"href":"https:\/\/beltlamp.com\/no\/wp-json\/wp\/v2\/users\/9"}],"replies":[{"embeddable":true,"href":"https:\/\/beltlamp.com\/no\/wp-json\/wp\/v2\/comments?post=11812"}],"version-history":[{"count":0,"href":"https:\/\/beltlamp.com\/no\/wp-json\/wp\/v2\/pages\/11812\/revisions"}],"wp:attachment":[{"href":"https:\/\/beltlamp.com\/no\/wp-json\/wp\/v2\/media?parent=11812"}],"curies":[{"name":"wp","href":"https:\/\/api.w.org\/{rel}","templated":true}]}}