{"id":11815,"date":"2021-02-15T17:15:19","date_gmt":"2021-02-15T16:15:19","guid":{"rendered":"https:\/\/beltlamp.com\/kjopsbetingelser\/"},"modified":"2021-06-14T02:32:26","modified_gmt":"2021-06-14T00:32:26","slug":"kjopsbetingelser","status":"publish","type":"page","link":"https:\/\/beltlamp.com\/no\/kjopsbetingelser\/","title":{"rendered":"KJ\u00d8PSBETINGELSER"},"content":{"rendered":"<p>[et_pb_section fb_built=&raquo;1&#8243; _builder_version=&raquo;4.7.4&#8243; _module_preset=&raquo;default&raquo; background_image=&raquo;https:\/\/beltlamp.com\/wp-content\/uploads\/2018\/01\/bg_u.jpg&raquo; custom_padding=&raquo;64px||64px||true|&raquo;][et_pb_row _builder_version=&raquo;4.7.4&#8243; _module_preset=&raquo;default&raquo; custom_padding=&raquo;||0px|||&raquo;][et_pb_column type=&raquo;4_4&#8243; _builder_version=&raquo;4.7.4&#8243; _module_preset=&raquo;default&raquo;][et_pb_text _builder_version=&raquo;4.9.0&#8243; _module_preset=&raquo;default&raquo; header_font=&raquo;|600||||||#ffffff|&raquo; header_text_color=&raquo;#ffffff&raquo; header_font_size=&raquo;40px&raquo;]<\/p>\n<h1 style=\"text-align: center\"><strong>KJ\u00d8PSBETINGELSER<\/strong><\/h1>\n<p>[\/et_pb_text][\/et_pb_column][\/et_pb_row][\/et_pb_section][et_pb_section fb_built=&raquo;1&#8243; admin_label=&raquo;section&raquo; _builder_version=&raquo;3.22&#8243; custom_padding=&raquo;4px||4px||true|&raquo;][et_pb_row _builder_version=&raquo;4.9.0&#8243; _module_preset=&raquo;default&raquo; custom_padding=&raquo;85px|||||&raquo;][et_pb_column type=&raquo;4_4&#8243; _builder_version=&raquo;4.9.0&#8243; _module_preset=&raquo;default&raquo;][et_pb_text _builder_version=&raquo;4.9.0&#8243; _module_preset=&raquo;default&raquo;]<\/p>\n<h2>KJ\u00d8PSBETINGELSER<span class=\"\"><\/span><\/h2>\n<p><strong>Nettbutikken p\u00e5 beltamp.com drives av<br \/><\/strong><\/p>\n<p><strong>BELTLAMP AS<\/strong><br \/>Org.nr. 820 014 502<br \/>Postboks 164<br \/>NO-4097 Sola<br \/>NORGE \/ NORWAY<br \/>E-mail: shop@beltlamp.com<br \/>Tel.: (+47) 930 81 955 (SMS)<\/p>\n<h4>Generelt<\/h4>\n<p>Dette er betingelser som gjelder ved bestillinger p\u00e5 denne nettsiden, en avtale som da inng\u00e5s mellom deg og Beltlamp AS. Vennligst les disse betingelsene f\u00f8r du bekrefter bestillingen ved fullf\u00f8rt handel. N\u00e5r du benytter denne websiden eller bestiller varer gjennom denne, er du bundet av disse. \u00c5 foreta en bestilling betyr at du er enig i disse betingelsene. Tilgang ANGRESKJEMA har du ved \u00e5 klikke p\u00e5 Garanti &amp; Reklamasjon. Du er alltid velkommen til \u00e5 ta kontakt med oss p\u00e5 shop@beltlamp.com for sp\u00f8rsm\u00e5l eller andre henvendelser b\u00e5de f\u00f8r og etter eventuell bestilling. Vi kontakter deg i l\u00f8pet av kort tid.<\/p>\n<h4>Tilgjengelighet<\/h4>\n<p>Varene vi presenterer p\u00e5 denne siden vil normalt v\u00e6re tilgjengelige og kan sendes over en stor del av verden (i aller f\u00f8rste omgang kun i Norge, deretter det meste av Europa). Det vil v\u00e6re enkelte begrensninger i noen land, og disse landene vil ikke kunne velges n\u00e5r du bekrefter handelen.<\/p>\n<h4>Hvordan bestille<\/h4>\n<p>Vi har laget bestillingsrutinene s\u00e5 enkle som mulig for deg:<\/p>\n<ul>\n<li>Finn \u00f8nsket produkt, klikk for \u00e5 velge dette.<\/li>\n<li>N\u00e5r du har funnet produkt og det antall du \u00f8nsker, klikk p\u00e5 handlekurven oppe i h\u00f8yre hj\u00f8rne.<\/li>\n<li>F\u00f8lg de anviste stegene for \u00e5 fullf\u00f8re handelen.<\/li>\n<li>Velg betalingsform.<\/li>\n<li>Varer til private kunder i Norge blir sendt med Postnord, i andre land med DHL. Vi har som m\u00e5l \u00e5 levere i l\u00f8pet av 2-5 virkedager. Detaljer om dette vil det komme opp informasjon om n\u00e5r du bestiller varer.<\/li>\n<\/ul>\n<h4>Priser<\/h4>\n<p>Prisene som oppgis p\u00e5 beltlamp.com vil alltid v\u00e6re den prisen du betaler. Ingen moms eller skatt vil komme i tillegg \u2013 det er inkludert i prisen ved ordre over kr. 1.200,-. Frakttillegg p\u00e5 kr. 75,- kommer ved bestillinger under 1.200,- kr. Dette vil da bli lagt til og tydelig presentert f\u00f8r betaling.<\/p>\n<h4>Frakt<\/h4>\n<p>Nettbutikken v\u00e5r, beltlamp.com tilbyr gratis frakt, ogs\u00e5 utenlands, for alle bestillinger p\u00e5 mer enn 1.200 NOK\/SEK eller 120 EUR. For bestillinger under kr. 1.200,- (120 EUR) vil det bli lagt til et tillegg p\u00e5 75 NOK\/SEK eller 7,50 EUR.<\/p>\n<h4>Levering<\/h4>\n<p>Beltlamp AS har som m\u00e5lsetting at bestillinger i nettbutikken p\u00e5 www.beltlamp.com blir sendt til deg s\u00e5 raskt som mulig, i den rekkef\u00f8lgen bestillinger kommer inn. Selv om v\u00e5r m\u00e5lsetting er \u00e5 ha levert innen 2-5 virkedager, kan det dukke opp uforutsette utfordringer som forsinker dette. Skulle det mot formodning g\u00e5 mer enn 30 dager, kan du kansellere bestillingen. Merk at varer ikke leveres ut l\u00f8rdager og s\u00f8ndager.<\/p>\n<p>F\u00f8r du leverer bestillingen din vil du bli informert om de forventede leveringsdetaljene. N\u00e5r du har bekreftet, vil du motta en mail eller melding med disse. Her vil du ogs\u00e5 f\u00e5 en kode slik at du kan spore forsendelsen.<\/p>\n<p>Hvis bestillingen din ikke ankommer i l\u00f8pet av f\u00e5 dager, kan du kontakte v\u00e5r kundeservice p\u00e5 mail: shop@beltlamp.com\u00a0<\/p>\n<p>[\/et_pb_text][\/et_pb_column][\/et_pb_row][\/et_pb_section]<\/p>\n","protected":false},"excerpt":{"rendered":"<p>KJ\u00d8PSBETINGELSERKJ\u00d8PSBETINGELSER Nettbutikken p\u00e5 beltamp.com drives av BELTLAMP ASOrg.nr. 820 014 502Postboks 164NO-4097 SolaNORGE \/ NORWAYE-mail: shop@beltlamp.comTel.: (+47) 930 81 955 (SMS) Generelt Dette er betingelser som gjelder ved bestillinger p\u00e5 denne nettsiden, en avtale som da inng\u00e5s mellom deg og Beltlamp AS. Vennligst les disse betingelsene f\u00f8r du bekrefter bestillingen ved fullf\u00f8rt handel. N\u00e5r du [&hellip;]<\/p>\n","protected":false},"author":9,"featured_media":0,"parent":0,"menu_order":0,"comment_status":"closed","ping_status":"closed","template":"","meta":{"_et_pb_use_builder":"on","_et_pb_old_content":"","_et_gb_content_width":"","om_disable_all_campaigns":false,"_monsterinsights_skip_tracking":false,"_monsterinsights_sitenote_active":false,"_monsterinsights_sitenote_note":"","_monsterinsights_sitenote_category":0,"_uf_show_specific_survey":0,"_uf_disable_surveys":false,"footnotes":""},"class_list":["post-11815","page","type-page","status-publish","hentry"],"aioseo_notices":[],"_links":{"self":[{"href":"https:\/\/beltlamp.com\/no\/wp-json\/wp\/v2\/pages\/11815","targetHints":{"allow":["GET"]}}],"collection":[{"href":"https:\/\/beltlamp.com\/no\/wp-json\/wp\/v2\/pages"}],"about":[{"href":"https:\/\/beltlamp.com\/no\/wp-json\/wp\/v2\/types\/page"}],"author":[{"embeddable":true,"href":"https:\/\/beltlamp.com\/no\/wp-json\/wp\/v2\/users\/9"}],"replies":[{"embeddable":true,"href":"https:\/\/beltlamp.com\/no\/wp-json\/wp\/v2\/comments?post=11815"}],"version-history":[{"count":0,"href":"https:\/\/beltlamp.com\/no\/wp-json\/wp\/v2\/pages\/11815\/revisions"}],"wp:attachment":[{"href":"https:\/\/beltlamp.com\/no\/wp-json\/wp\/v2\/media?parent=11815"}],"curies":[{"name":"wp","href":"https:\/\/api.w.org\/{rel}","templated":true}]}}