{"id":11821,"date":"2021-02-15T17:21:18","date_gmt":"2021-02-15T16:21:18","guid":{"rendered":"https:\/\/beltlamp.com\/fraktinformasjon\/"},"modified":"2021-06-14T02:14:57","modified_gmt":"2021-06-14T00:14:57","slug":"fraktinformasjon","status":"publish","type":"page","link":"https:\/\/beltlamp.com\/no\/fraktinformasjon\/","title":{"rendered":"FRAKTINFORMASJON"},"content":{"rendered":"<p>[et_pb_section fb_built=&raquo;1&#8243; _builder_version=&raquo;4.7.4&#8243; _module_preset=&raquo;default&raquo; background_image=&raquo;https:\/\/beltlamp.com\/wp-content\/uploads\/2018\/01\/bg_u.jpg&raquo; custom_padding=&raquo;64px||64px||true|&raquo;][et_pb_row _builder_version=&raquo;4.7.4&#8243; _module_preset=&raquo;default&raquo; custom_padding=&raquo;||0px|||&raquo;][et_pb_column type=&raquo;4_4&#8243; _builder_version=&raquo;4.7.4&#8243; _module_preset=&raquo;default&raquo;][et_pb_text _builder_version=&raquo;4.9.0&#8243; _module_preset=&raquo;default&raquo; header_font=&raquo;|600||||||#ffffff|&raquo; header_text_color=&raquo;#ffffff&raquo; header_font_size=&raquo;40px&raquo;]<\/p>\n<h1 style=\"text-align: center\"><strong>FRAKTINFORMASJON<\/strong><\/h1>\n<p>[\/et_pb_text][\/et_pb_column][\/et_pb_row][\/et_pb_section][et_pb_section fb_built=&raquo;1&#8243; admin_label=&raquo;section&raquo; _builder_version=&raquo;3.22&#8243; custom_padding=&raquo;4px||4px||true|&raquo;][et_pb_row _builder_version=&raquo;4.9.0&#8243; _module_preset=&raquo;default&raquo; custom_padding=&raquo;85px|||||&raquo;][et_pb_column type=&raquo;4_4&#8243; _builder_version=&raquo;4.9.0&#8243; _module_preset=&raquo;default&raquo;][et_pb_text _builder_version=&raquo;4.9.0&#8243; _module_preset=&raquo;default&raquo;]<\/p>\n<h2>FRAKTINFORMASJON<\/h2>\n<p>&nbsp;<\/p>\n<h4>Hvilke land sender dere til?<\/h4>\n<p>I Norge, med PostNord. I andre europeiske land der DHL Road kan levere. (Flyfrakt er problematisk p\u00e5 grunn av lithiumbatterier.)<\/p>\n<h4>Hvor sender dere fra?<\/h4>\n<p>Vi sender fra lager i Oslo\/Norge. Alle bestillinger sendes p\u00e5 mest mulig gunstig m\u00e5te.<\/p>\n<h4>N\u00e5r f\u00e5r jeg det jeg har bestilt?<\/h4>\n<p>Normalt vil det ta 2-5 virkedager, avhengig av hvor det skal leveres. Fraktselskapet vil kontakte deg for n\u00e6rmere detaljer, og du kan spore pakken med en kode du f\u00e5r ved bekreftet bestilling. I Norge kan man velge mellom henting p\u00e5 utleveringssted eller levering hjemme. Til europeisk land utenfor Norge sendes alt med DHL Road &laquo;door to door&raquo;.\u00a0<\/p>\n<h4>Hvor mye betaler man for frakt?<\/h4>\n<p>Vi tilbyr gratis frakt over hele verden for alle bestillinger p\u00e5 mer enn 1.200 NOK\/SEK eller 120 EUR. For bestillinger under dette er det et tillegg p\u00e5 kr. 75,- NOK\/SEK eller 7,50 EUR.<\/p>\n<h4>Hvor mye kommer i tillegg av skatter eller andre avgifter?<\/h4>\n<p>Ingenting. N\u00e5r du kj\u00f8per via beltlamp.com er dette inkludert i prisen. Ikke noe kommer i tillegg verken f\u00f8r eller etter at varen er levert.<\/p>\n<p>[\/et_pb_text][\/et_pb_column][\/et_pb_row][\/et_pb_section]<\/p>\n","protected":false},"excerpt":{"rendered":"<p>FRAKTINFORMASJONFRAKTINFORMASJON &nbsp; Hvilke land sender dere til? I Norge, med PostNord. I andre europeiske land der DHL Road kan levere. (Flyfrakt er problematisk p\u00e5 grunn av lithiumbatterier.) Hvor sender dere fra? Vi sender fra lager i Oslo\/Norge. Alle bestillinger sendes p\u00e5 mest mulig gunstig m\u00e5te. N\u00e5r f\u00e5r jeg det jeg har bestilt? Normalt vil det [&hellip;]<\/p>\n","protected":false},"author":9,"featured_media":0,"parent":0,"menu_order":0,"comment_status":"closed","ping_status":"closed","template":"","meta":{"_et_pb_use_builder":"on","_et_pb_old_content":"","_et_gb_content_width":"","om_disable_all_campaigns":false,"_monsterinsights_skip_tracking":false,"_monsterinsights_sitenote_active":false,"_monsterinsights_sitenote_note":"","_monsterinsights_sitenote_category":0,"_uf_show_specific_survey":0,"_uf_disable_surveys":false,"footnotes":""},"class_list":["post-11821","page","type-page","status-publish","hentry"],"aioseo_notices":[],"_links":{"self":[{"href":"https:\/\/beltlamp.com\/no\/wp-json\/wp\/v2\/pages\/11821","targetHints":{"allow":["GET"]}}],"collection":[{"href":"https:\/\/beltlamp.com\/no\/wp-json\/wp\/v2\/pages"}],"about":[{"href":"https:\/\/beltlamp.com\/no\/wp-json\/wp\/v2\/types\/page"}],"author":[{"embeddable":true,"href":"https:\/\/beltlamp.com\/no\/wp-json\/wp\/v2\/users\/9"}],"replies":[{"embeddable":true,"href":"https:\/\/beltlamp.com\/no\/wp-json\/wp\/v2\/comments?post=11821"}],"version-history":[{"count":0,"href":"https:\/\/beltlamp.com\/no\/wp-json\/wp\/v2\/pages\/11821\/revisions"}],"wp:attachment":[{"href":"https:\/\/beltlamp.com\/no\/wp-json\/wp\/v2\/media?parent=11821"}],"curies":[{"name":"wp","href":"https:\/\/api.w.org\/{rel}","templated":true}]}}