{"id":11883,"date":"2021-02-16T15:56:37","date_gmt":"2021-02-16T14:56:37","guid":{"rendered":"https:\/\/beltlamp.com\/om-beltlamp\/"},"modified":"2021-09-06T11:26:32","modified_gmt":"2021-09-06T09:26:32","slug":"om-beltlamp","status":"publish","type":"page","link":"https:\/\/beltlamp.com\/no\/om-beltlamp\/","title":{"rendered":"Om Beltlamp"},"content":{"rendered":"<p>[et_pb_section fb_built=&raquo;1&#8243; _builder_version=&raquo;4.7.4&#8243; _module_preset=&raquo;default&raquo; background_image=&raquo;https:\/\/beltlamp.com\/wp-content\/uploads\/2018\/01\/bg_u.jpg&raquo; custom_padding=&raquo;64px||64px||true|&raquo;][et_pb_row _builder_version=&raquo;4.7.4&#8243; _module_preset=&raquo;default&raquo; custom_padding=&raquo;||0px|||&raquo;][et_pb_column type=&raquo;4_4&#8243; _builder_version=&raquo;4.7.4&#8243; _module_preset=&raquo;default&raquo;][et_pb_text _builder_version=&raquo;4.7.4&#8243; _module_preset=&raquo;default&raquo; header_font=&raquo;|600||||||#ffffff|&raquo; header_text_color=&raquo;#ffffff&raquo; header_font_size=&raquo;40px&raquo;]<\/p>\n<h1 style=\"text-align: center\"><strong>Om Beltlamp<\/strong><\/h1>\n<p>[\/et_pb_text][\/et_pb_column][\/et_pb_row][\/et_pb_section][et_pb_section fb_built=&raquo;1&#8243; admin_label=&raquo;section&raquo; _builder_version=&raquo;3.22&#8243; custom_padding=&raquo;4px||4px||true|&raquo;][et_pb_row column_structure=&raquo;1_2,1_2&#8243; use_custom_gutter=&raquo;on&raquo; gutter_width=&raquo;1&#8243; admin_label=&raquo;rad&raquo; _builder_version=&raquo;4.7.4&#8243; background_size=&raquo;initial&raquo; background_position=&raquo;top_left&raquo; background_repeat=&raquo;repeat&raquo; custom_padding=&raquo;72px|||||&raquo;][et_pb_column type=&raquo;1_2&#8243; _builder_version=&raquo;3.25&#8243; custom_padding=&raquo;|||&raquo; custom_padding__hover=&raquo;|||&raquo;][et_pb_text module_id=&raquo;background1&#8243; _builder_version=&raquo;4.7.4&#8243; _module_preset=&raquo;default&raquo; custom_padding=&raquo;10px||27px|||&raquo;]<\/p>\n<h2><strong>Bakgrunnen for BELTLAMP AS og HIKEBEAM.<\/strong><\/h2>\n<p>[\/et_pb_text][et_pb_text _builder_version=&raquo;4.7.4&#8243; _module_preset=&raquo;default&raquo; custom_padding=&raquo;|48px||||&raquo;]<\/p>\n<p><strong>En norsk optiker \u00f8nsket en bedre lyktel\u00f8sning for \u00e5 g\u00e5 p\u00e5 tur i den m\u00f8rke del av d\u00f8gnet. Han opplevde hodelykt som lite behagelig og \u00e5 holde en lommelykt var heller ingen god l\u00f8sning. <\/strong><\/p>\n<p>Han fikk i 2014 id\u00e9en til en ny type beltlykt med helt unik design, nemlig HIKEBEAM\u00ae, som du finner mye informasjon om ellers p\u00e5 denne nettsiden.<\/p>\n<p>Id\u00e9en modnet, og firmaet <span>Beltlamp AS<\/span> ble etablert i slutten av 2017. Etter flere \u00e5rs utvikling og utpr\u00f8ving i det stille, ble Hikebeam\u00ae klar for produksjon i 2020. <\/p>\n<p>[\/et_pb_text][et_pb_text module_id=&raquo;howtouse&raquo; _builder_version=&raquo;4.7.4&#8243; _module_preset=&raquo;default&raquo; custom_padding=&raquo;46px||27px|||&raquo;]<\/p>\n<h2><strong>Firmaet BELTLAMP AS ble etablert i 2017.<\/strong><\/h2>\n<p>[\/et_pb_text][et_pb_text _builder_version=&raquo;4.7.4&#8243; _module_preset=&raquo;default&raquo; custom_padding=&raquo;|48px||||&raquo;]HIKEBEAM\u00ae har blitt til i samarbeid med industridesigner Terje Skogmo og staben hos Pavels Innovation AS i Porsgrunn. Et team best\u00e5ende av oppfinner, aksjon\u00e6rer, bedrifter og enkeltpersoner har gjort det mulig at en helt unik ny lykt fra Beltlamp AS kunne bli klar for produksjon og salg i 2020. Vi tror at b\u00e5de firmaet Beltlamp AS og den nye beltelykten, HIKEBEAM\u00ae, vil bidra til mye positivt, f\u00f8rst og fremst ved mange forn\u00f8yde brukere. Firmaet har ikke noen lang historie \u2013 men vi tror at den nye lykten og firmaet Beltlamp AS vil f\u00e5 en langvarig framtid og skape historie som veldig mange vil bli en del av. Ogs\u00e5 du \u2013 n\u00e5r du bruker HIKEBEAM\u00ae.[\/et_pb_text][\/et_pb_column][et_pb_column type=&raquo;1_2&#8243; _builder_version=&raquo;3.25&#8243; custom_padding=&raquo;|||&raquo; custom_padding__hover=&raquo;|||&raquo;][et_pb_image src=&raquo;https:\/\/beltlamp.com\/wp-content\/uploads\/2019\/09\/Inspir39.jpg&raquo; title_text=&raquo;Inspir39&#8243; _builder_version=&raquo;4.7.4&#8243; _module_preset=&raquo;default&raquo; custom_padding=&raquo;0px|||||&raquo;][\/et_pb_image][et_pb_text _builder_version=&raquo;4.7.4&#8243; _module_preset=&raquo;default&raquo;]<\/p>\n<p style=\"text-align: center\"><em>For alle som trenger lys i m\u00f8rke.<\/em><\/p>\n<p>[\/et_pb_text][\/et_pb_column][\/et_pb_row][\/et_pb_section][et_pb_section fb_built=&raquo;1&#8243; _builder_version=&raquo;4.7.4&#8243; _module_preset=&raquo;default&raquo; background_color=&raquo;#20271F&raquo; background_image=&raquo;https:\/\/beltlamp.com\/wp-content\/uploads\/2020\/04\/Lykt-162.jpg&raquo; parallax=&raquo;on&raquo; parallax_method=&raquo;off&raquo; custom_padding=&raquo;0px||0px||true|false&raquo;][et_pb_row use_custom_gutter=&raquo;on&raquo; gutter_width=&raquo;2&#8243; _builder_version=&raquo;4.7.4&#8243; _module_preset=&raquo;default&raquo; background_color=&raquo;rgba(30,30,30,0.73)&raquo; width=&raquo;100%&raquo; max_width=&raquo;2560px&raquo; custom_padding=&raquo;83px|27px|83px|27px|true|true&raquo;][et_pb_column type=&raquo;4_4&#8243; _builder_version=&raquo;4.7.4&#8243; _module_preset=&raquo;default&raquo; background_enable_image=&raquo;off&raquo;][et_pb_text module_id=&raquo;facts1&#8243; _builder_version=&raquo;4.9.6&#8243; _module_preset=&raquo;default&raquo; text_font=&raquo;||||||||&raquo; text_text_color=&raquo;#ffffff&raquo; header_text_color=&raquo;#ffffff&raquo; header_2_font=&raquo;|600|||||||&raquo; header_2_text_color=&raquo;#B4B7B5&#8243; custom_padding=&raquo;12px|6px|12px|6px|true|true&raquo; hover_enabled=&raquo;0&#8243; sticky_enabled=&raquo;0&#8243;]<\/p>\n<div class=\"av-special-heading av-special-heading-h2 custom-color-heading blockquote modern-quote avia-builder-el-27 el_before_av_hr avia-builder-el-first \">\n<section class=\"av_textblock_section \">\n<div class=\"avia_textblock av_inherit_color \">\n<h2 style=\"text-align: center\"><strong><span>BELTLAMP AS<\/span><span><br \/><\/span><\/strong><em>.<br \/><\/em><strong><br \/><\/strong>Postboks 164<br \/>4097 Sola<br \/>Norway<\/h2>\n<p style=\"text-align: center\">E-mail: post@beltlamp.com<\/p>\n<p style=\"text-align: center\">Tlf: 93 08 19 55 (10 &#8211; 17, man &#8211; fre)<\/p>\n<p style=\"text-align: center\"><strong>Henvendelser m\u00e5 v\u00e6re p\u00e5 engelsk eller skandinaviske spr\u00e5k.<br \/><\/strong><\/p>\n<p style=\"text-align: center\">\n<\/div>\n<\/section>\n<div class=\"hr hr-invisible avia-builder-el-24 el_after_av_textblock avia-builder-el-last \" style=\"text-align: center\"><\/div>\n<\/div>\n<section class=\"av_textblock_section \">\n<div class=\"avia_textblock av_inherit_color \" style=\"text-align: center\"><\/div>\n<\/section>\n<div class=\"hr hr-invisible avia-builder-el-30 el_after_av_textblock avia-builder-el-last \"><\/div>\n<p>[\/et_pb_text][\/et_pb_column][\/et_pb_row][\/et_pb_section]<\/p>\n","protected":false},"excerpt":{"rendered":"<p>Om BeltlampBakgrunnen for BELTLAMP AS og HIKEBEAM.En norsk optiker \u00f8nsket en bedre lyktel\u00f8sning for \u00e5 g\u00e5 p\u00e5 tur i den m\u00f8rke del av d\u00f8gnet. Han opplevde hodelykt som lite behagelig og \u00e5 holde en lommelykt var heller ingen god l\u00f8sning. Han fikk i 2014 id\u00e9en til en ny type beltlykt med helt unik design, nemlig [&hellip;]<\/p>\n","protected":false},"author":9,"featured_media":0,"parent":0,"menu_order":0,"comment_status":"closed","ping_status":"closed","template":"","meta":{"_et_pb_use_builder":"on","_et_pb_old_content":"","_et_gb_content_width":"","om_disable_all_campaigns":false,"_monsterinsights_skip_tracking":false,"_monsterinsights_sitenote_active":false,"_monsterinsights_sitenote_note":"","_monsterinsights_sitenote_category":0,"_uf_show_specific_survey":0,"_uf_disable_surveys":false,"footnotes":""},"class_list":["post-11883","page","type-page","status-publish","hentry"],"aioseo_notices":[],"_links":{"self":[{"href":"https:\/\/beltlamp.com\/no\/wp-json\/wp\/v2\/pages\/11883","targetHints":{"allow":["GET"]}}],"collection":[{"href":"https:\/\/beltlamp.com\/no\/wp-json\/wp\/v2\/pages"}],"about":[{"href":"https:\/\/beltlamp.com\/no\/wp-json\/wp\/v2\/types\/page"}],"author":[{"embeddable":true,"href":"https:\/\/beltlamp.com\/no\/wp-json\/wp\/v2\/users\/9"}],"replies":[{"embeddable":true,"href":"https:\/\/beltlamp.com\/no\/wp-json\/wp\/v2\/comments?post=11883"}],"version-history":[{"count":0,"href":"https:\/\/beltlamp.com\/no\/wp-json\/wp\/v2\/pages\/11883\/revisions"}],"wp:attachment":[{"href":"https:\/\/beltlamp.com\/no\/wp-json\/wp\/v2\/media?parent=11883"}],"curies":[{"name":"wp","href":"https:\/\/api.w.org\/{rel}","templated":true}]}}