{"id":12177,"date":"2021-03-01T16:02:59","date_gmt":"2021-03-01T15:02:59","guid":{"rendered":"https:\/\/beltlamp.com\/?page_id=12177"},"modified":"2023-12-22T00:05:17","modified_gmt":"2023-12-21T23:05:17","slug":"erfaringer-med-hikebeam","status":"publish","type":"page","link":"https:\/\/beltlamp.com\/no\/erfaringer-med-hikebeam\/","title":{"rendered":"Erfaringer med Hikebeam"},"content":{"rendered":"<p>[et_pb_section fb_built=&raquo;1&#8243; _builder_version=&raquo;4.7.4&#8243; _module_preset=&raquo;default&raquo; background_image=&raquo;https:\/\/beltlamp.com\/wp-content\/uploads\/2018\/01\/bg_u.jpg&raquo; custom_padding=&raquo;64px||64px||true|&raquo; global_colors_info=&raquo;{}&raquo;][et_pb_row _builder_version=&raquo;4.7.4&#8243; _module_preset=&raquo;default&raquo; custom_padding=&raquo;||0px|||&raquo; global_colors_info=&raquo;{}&raquo;][et_pb_column type=&raquo;4_4&#8243; _builder_version=&raquo;4.7.4&#8243; _module_preset=&raquo;default&raquo; global_colors_info=&raquo;{}&raquo;][et_pb_text _builder_version=&raquo;4.11.0&#8243; _module_preset=&raquo;default&raquo; header_font=&raquo;|600||||||#ffffff|&raquo; header_text_color=&raquo;#ffffff&raquo; header_font_size=&raquo;40px&raquo; global_colors_info=&raquo;{}&raquo;]<\/p>\n<h1 style=\"text-align: center\"><strong>Hikebeam &#8211; tester og erfaringer<\/strong><\/h1>\n<p>[\/et_pb_text][\/et_pb_column][\/et_pb_row][\/et_pb_section][et_pb_section fb_built=&raquo;1&#8243; admin_label=&raquo;section&raquo; _builder_version=&raquo;3.22&#8243; custom_padding=&raquo;17px||17px|48px|true|&raquo; global_colors_info=&raquo;{}&raquo;][et_pb_row column_structure=&raquo;1_2,1_2&#8243; use_custom_gutter=&raquo;on&raquo; gutter_width=&raquo;1&#8243; admin_label=&raquo;rad&raquo; _builder_version=&raquo;4.13.0&#8243; background_size=&raquo;initial&raquo; background_position=&raquo;top_left&raquo; background_repeat=&raquo;repeat&raquo; min_height=&raquo;472px&raquo; custom_padding=&raquo;10px||0px|||&raquo; global_colors_info=&raquo;{}&raquo;][et_pb_column type=&raquo;1_2&#8243; _builder_version=&raquo;3.25&#8243; custom_padding=&raquo;|||&raquo; global_colors_info=&raquo;{}&raquo; custom_padding__hover=&raquo;|||&raquo;][et_pb_text module_id=&raquo;background1&#8243; _builder_version=&raquo;4.13.0&#8243; _module_preset=&raquo;default&raquo; custom_padding=&raquo;10px||5px|||&raquo; global_colors_info=&raquo;{}&raquo;]<\/p>\n<h2><strong>Tester &#8211; kommentar<\/strong><\/h2>\n<p>[\/et_pb_text][et_pb_text _builder_version=&raquo;4.9.6&#8243; _module_preset=&raquo;default&raquo; min_height=&raquo;315px&raquo; custom_margin=&raquo;||-12px|||&raquo; custom_padding=&raquo;|48px|0px|||&raquo; global_colors_info=&raquo;{}&raquo;]<\/p>\n<p><strong>HIKEBEAM er f\u00f8rst og fremst en lykt for \u00abhike\u00bb, vandring til fots. <\/strong><em>(Eng., hike: fottur, vandring \/ beam: str\u00e5le, smil)<\/em><strong>.<\/strong> Mange ser store fordeler med Hikebeam n\u00e5r den brukes i tiltenkt sammenheng og p\u00e5 anbefalt m\u00e5te: P\u00e5 fottur, med et belte passe stramt, litt h\u00f8yt p\u00e5 overkroppen, og lykten plassert rett p\u00e5 beltespennen. Den sitter da stabilt og <strong>f\u00f8les fj\u00e6rlett, og gir unik belysning: fra f\u00f8ttene, til sidene og langt framover.<\/strong> Da kan man b\u00f8ye seg, jobbe, bruke lommer, etc. Noen har testet lykten uten at den er festet som anbefalt, og med s\u00e6rlig fokus p\u00e5 l\u00f8ping, som den ikke prim\u00e6rt er designet for.\u00a0\u00a0<\/p>\n<p>Det er ved <strong>vanlig vandring til fots<\/strong>, og festet p\u00e5 rett m\u00e5te, at mange gir lykten positiv <span style=\"text-decoration: underline;\"><strong><a href=\"https:\/\/beltlamp.com\/no\/respons-fra-brukere\/\">RESPONS<\/a><\/strong><\/span>. Se ogs\u00e5 <span style=\"text-decoration: underline;\"><strong><a href=\"https:\/\/beltlamp.com\/wp-content\/uploads\/2020\/10\/friluftsliv-utgave-nr-5-2020-utdrag.pdf\">Friluftsliv 05\/20<\/a><\/strong><\/span>. P\u00e5 fottur har man glede av en lykt med unik belysning, <strong>uten blending <\/strong>og med<strong> utrolig bra sikt i t\u00e5ke og nedb\u00f8r<\/strong>\u00a0<em>(se bildene nederst).<\/em> Hikebeam er dessuten ogs\u00e5 <strong>utmerket\u00a0som lommelykt og spotlight<\/strong>, den kan settes p\u00e5 en flate og lyse i hvilken som helst retning, eller henges p\u00e5 en snor eller grein. Den har vidvinkel 180\u02da, og kan lyse opp et helt rom p\u00e5 ei hytte eller i et telt. Man f\u00e5r ogs\u00e5 <strong>meget godt lys for fotografering<\/strong> i m\u00f8rke.\u00a0\u00a0<\/p>\n<p>[\/et_pb_text][\/et_pb_column][et_pb_column type=&raquo;1_2&#8243; _builder_version=&raquo;3.25&#8243; custom_padding=&raquo;|||&raquo; global_colors_info=&raquo;{}&raquo; custom_padding__hover=&raquo;|||&raquo;][et_pb_image src=&raquo;https:\/\/beltlamp.com\/wp-content\/uploads\/2021\/08\/Screenshot_20210822-212610_Gallery-1-e1631793365200.jpg&raquo; title_text=&raquo;Screenshot_20210822-212610_Gallery&raquo; _builder_version=&raquo;4.9.6&#8243; _module_preset=&raquo;default&raquo; custom_padding=&raquo;64px|||||&raquo; global_colors_info=&raquo;{}&raquo;][\/et_pb_image][\/et_pb_column][\/et_pb_row][et_pb_row _builder_version=&raquo;4.9.0&#8243; _module_preset=&raquo;default&raquo; min_height=&raquo;680.7px&raquo; custom_margin=&raquo;|auto|-51px|auto||&raquo; custom_padding=&raquo;11px|||||&raquo; global_colors_info=&raquo;{}&raquo;][et_pb_column type=&raquo;4_4&#8243; _builder_version=&raquo;4.9.0&#8243; _module_preset=&raquo;default&raquo; global_colors_info=&raquo;{}&raquo;][et_pb_text _builder_version=&raquo;4.13.0&#8243; _module_preset=&raquo;default&raquo; min_height=&raquo;141px&raquo; custom_margin=&raquo;||9px|||&raquo; custom_padding=&raquo;||12px|||&raquo; global_colors_info=&raquo;{}&raquo;]<\/p>\n<p>Noen har testet den for l\u00f8ping og har blitt skuffet i den sammenhengen. (Vi vil skyte inn at sv\u00e6rt mange andre lykter og hodelykter egner seg lite for l\u00f8ping!) Men flere synes faktisk at Hikebeam er bra ogs\u00e5 til dette, n\u00e5r den blir festet p\u00e5 beltespennen som anbefalt og p\u00e5 brytertrinn 4, med hovedlykt og sidelykter tent. Dette vil vi ogs\u00e5 anbefale p\u00e5 <strong>fottur\u00a0i bratt og ulendt terreng<\/strong> og der det er lavthengende greiner.<\/p>\n<p><strong>Mange tenker at flere lumen gj\u00f8r en lykt bedre. Se n\u00f8ye p\u00e5 bildene under! Det gir en helt unik effekt av designet, med &laquo;skyggen&raquo; som reflekterer lys mot bakken, str\u00e5lespredningen og festepunktet for Hikebeam &#8211; gj\u00f8r at hele n\u00e6romr\u00e5det, fra f\u00f8ttene, ut til sidene og langt fram blir bedre opplyst, ikke bare en lysflekk som m\u00e5 flyttes omkring. Det gir behagelig belysning av hele n\u00e6romr\u00e5det, uten \u00e5 blende andre! Man finner ikke noe tilsvarende, uansett antall lumen i en hodelykt. <\/strong>Hikebeam ble utviklet med unikt linsesystem og reflektor, med en n\u00f8ye beregnet konsentrasjon av hovedstr\u00e5len, med diffuse, myke overganger til randstr\u00e5lene. Sammen med skyggen som reflekterer lys ned mot bakken gir den mye bedre effekt enn normalt for 400 lumen, og helt <strong>unik omr\u00e5de-belysning<\/strong>. Hundrevis av eksisterende standardlinser ble testet, men det endte med at vi utviklet en helt spesiell variant for Hikebeam. (PS! Dette er fakta!) Noen har testet og knapt hatt fokus p\u00e5 den unike belysningen, eller at man f. eks. kan ha <strong>mer enn 6 timer med fullt lys<\/strong>, og mulighet for n\u00e6rmest <strong>ubegrenset reserve<\/strong> &#8211; og mange flere fordeler. Noen har &laquo;testet&raquo;, og knapt registrert <strong>den store forskjellen man opplever i t\u00e5ke og dis, <\/strong>at den<strong> ikke blender <\/strong>etc. \u00a0<\/p>\n<p>[\/et_pb_text][et_pb_text _builder_version=&raquo;4.9.6&#8243; _module_preset=&raquo;default&raquo; min_height=&raquo;199px&raquo; custom_margin=&raquo;-12px||25px|||&raquo; custom_padding=&raquo;5px||0px|||&raquo; global_colors_info=&raquo;{}&raquo;]<\/p>\n<p>Det vi har nevnt her, og enda flere <strong><span style=\"text-decoration: underline;\"><a href=\"https:\/\/beltlamp.com\/no\/advantages\/\">FORDELER<\/a><\/span><\/strong>, gj\u00f8r at for mange er Hikebeam en stor og behagelig forbedring, med \u00f8kt turglede og nye bruksmuligheter. Les ogs\u00e5 <a href=\"https:\/\/beltlamp.com\/no\/fotoglede\/\"><span style=\"text-decoration: underline;\"><strong>FOTO-FOKUS<\/strong><\/span><\/a>\u00a0 om nye foto-muligheter ved nattfotografering. <strong>Bildene under og ellers p\u00e5 nettsiden v\u00e5r viser tiln\u00e6rmet reell lysopplevelse.<\/strong><\/p>\n<p>Vi f\u00e5r jevnlig tilbakemelding fra folk som synes lykten er fantastisk! Vi har ikke opplevd reklamasjoner eller misforn\u00f8yde\/skuffede kunder, n\u00e5r lykten blir brukt som tiltenkt.<strong>\u00a0<\/strong>Her kan du lese en mer utf\u00f8rlig <em><a href=\"https:\/\/beltlamp.com\/no\/fordeler-ulemper\/\"><strong><span style=\"text-decoration: underline;\">KOMMENTAR TIL TESTER P\u00c5 tek.no OG tu.no<\/span><\/strong><\/a><strong>.\u00a0<\/strong><\/em><\/p>\n<p>V\u00e5r erfaring med <strong>forsendelse<\/strong> av lykten er meget god, og<strong> vi f\u00f8lger opp eventuelle uregelmessigheter<\/strong>. <strong>Ved produktfeil eller reklamasjoner sender vi straks nytt i bytte, naturligvis!<\/strong> Ta kontakt p\u00e5 shop@beltlamp.com. For andre henvendelser: post@beltlamp.com<span><\/span><\/p>\n<p>[\/et_pb_text][et_pb_text _builder_version=&raquo;4.9.6&#8243; _module_preset=&raquo;default&raquo; min_height=&raquo;61px&raquo; custom_margin=&raquo;-12px||7px|||&raquo; custom_padding=&raquo;26px||0px|||&raquo; global_colors_info=&raquo;{}&raquo;]<\/p>\n<h2 style=\"text-align: center\"><strong>Se forskjellen p\u00e5 bildene under!<\/strong><\/h2>\n<p>[\/et_pb_text][\/et_pb_column][\/et_pb_row][et_pb_row column_structure=&raquo;1_3,1_3,1_3&#8243; use_custom_gutter=&raquo;on&raquo; gutter_width=&raquo;2&#8243; _builder_version=&raquo;4.13.0&#8243; _module_preset=&raquo;default&raquo; min_height=&raquo;830.3px&raquo; custom_padding=&raquo;0px||0px|||&raquo; global_colors_info=&raquo;{}&raquo;][et_pb_column type=&raquo;1_3&#8243; _builder_version=&raquo;4.9.0&#8243; _module_preset=&raquo;default&raquo; global_colors_info=&raquo;{}&raquo;][et_pb_image src=&raquo;https:\/\/beltlamp.com\/wp-content\/uploads\/2021\/03\/20210313_210337-rotated.jpg&raquo; title_text=&raquo;20210313_210337&#8243; _builder_version=&raquo;4.9.0&#8243; _module_preset=&raquo;default&raquo; global_colors_info=&raquo;{}&raquo;][\/et_pb_image][et_pb_text _builder_version=&raquo;4.9.0&#8243; _module_preset=&raquo;default&raquo; global_colors_info=&raquo;{}&raquo;]<\/p>\n<h3 style=\"text-align: center\">Hodelykt 400 lumen<\/h3>\n<p>[\/et_pb_text][\/et_pb_column][et_pb_column type=&raquo;1_3&#8243; _builder_version=&raquo;4.9.0&#8243; _module_preset=&raquo;default&raquo; global_colors_info=&raquo;{}&raquo;][et_pb_image src=&raquo;https:\/\/beltlamp.com\/wp-content\/uploads\/2021\/03\/20210313_210157-rotated.jpg&raquo; title_text=&raquo;20210313_210157&#8243; _builder_version=&raquo;4.9.0&#8243; _module_preset=&raquo;default&raquo; global_colors_info=&raquo;{}&raquo;][\/et_pb_image][et_pb_text _builder_version=&raquo;4.13.0&#8243; _module_preset=&raquo;default&raquo; global_colors_info=&raquo;{}&raquo;]<\/p>\n<h3 style=\"text-align: center\">Hikebeam: Se lyset ved f\u00f8ttene!<\/h3>\n<p>[\/et_pb_text][\/et_pb_column][et_pb_column type=&raquo;1_3&#8243; _builder_version=&raquo;4.9.0&#8243; _module_preset=&raquo;default&raquo; global_colors_info=&raquo;{}&raquo;][et_pb_image src=&raquo;https:\/\/beltlamp.com\/wp-content\/uploads\/2021\/03\/20210313_210638-rotated.jpg&raquo; title_text=&raquo;20210313_210638&#8243; _builder_version=&raquo;4.9.0&#8243; _module_preset=&raquo;default&raquo; global_colors_info=&raquo;{}&raquo;][\/et_pb_image][et_pb_text _builder_version=&raquo;4.9.0&#8243; _module_preset=&raquo;default&raquo; global_colors_info=&raquo;{}&raquo;]<\/p>\n<h3 style=\"text-align: center\">Hodelykt 1000 lumen<\/h3>\n<p>[\/et_pb_text][\/et_pb_column][\/et_pb_row][et_pb_row column_structure=&raquo;1_3,1_3,1_3&#8243; use_custom_gutter=&raquo;on&raquo; gutter_width=&raquo;2&#8243; _builder_version=&raquo;4.9.0&#8243; _module_preset=&raquo;default&raquo; custom_padding=&raquo;8px|||||&raquo; global_colors_info=&raquo;{}&raquo;][et_pb_column type=&raquo;1_3&#8243; _builder_version=&raquo;4.9.0&#8243; _module_preset=&raquo;default&raquo; global_colors_info=&raquo;{}&raquo;][et_pb_image src=&raquo;https:\/\/beltlamp.com\/wp-content\/uploads\/2021\/03\/20210227_193306-rotated.jpg&raquo; title_text=&raquo;20210227_193306&#8243; _builder_version=&raquo;4.9.0&#8243; _module_preset=&raquo;default&raquo; global_colors_info=&raquo;{}&raquo;][\/et_pb_image][et_pb_text _builder_version=&raquo;4.9.0&#8243; _module_preset=&raquo;default&raquo; global_colors_info=&raquo;{}&raquo;]<\/p>\n<h3 style=\"text-align: center\">Hodelykt 400 lumen<\/h3>\n<p>[\/et_pb_text][\/et_pb_column][et_pb_column type=&raquo;1_3&#8243; _builder_version=&raquo;4.9.0&#8243; _module_preset=&raquo;default&raquo; global_colors_info=&raquo;{}&raquo;][et_pb_image src=&raquo;https:\/\/beltlamp.com\/wp-content\/uploads\/2021\/03\/20210227_193337-rotated.jpg&raquo; title_text=&raquo;20210227_193337&#8243; _builder_version=&raquo;4.9.0&#8243; _module_preset=&raquo;default&raquo; global_colors_info=&raquo;{}&raquo;][\/et_pb_image][et_pb_text _builder_version=&raquo;4.9.0&#8243; _module_preset=&raquo;default&raquo; global_colors_info=&raquo;{}&raquo;]<\/p>\n<h3 style=\"text-align: center\">Hikebeam 400 lumen<\/h3>\n<p>[\/et_pb_text][\/et_pb_column][et_pb_column type=&raquo;1_3&#8243; _builder_version=&raquo;4.9.0&#8243; _module_preset=&raquo;default&raquo; global_colors_info=&raquo;{}&raquo;][et_pb_image src=&raquo;https:\/\/beltlamp.com\/wp-content\/uploads\/2021\/03\/20210227_193426-rotated.jpg&raquo; title_text=&raquo;20210227_193426&#8243; _builder_version=&raquo;4.9.0&#8243; _module_preset=&raquo;default&raquo; global_colors_info=&raquo;{}&raquo;][\/et_pb_image][et_pb_text _builder_version=&raquo;4.9.0&#8243; _module_preset=&raquo;default&raquo; global_colors_info=&raquo;{}&raquo;]<\/p>\n<h3 style=\"text-align: center\">Hodelykt 1000 lumen<\/h3>\n<p>[\/et_pb_text][\/et_pb_column][\/et_pb_row][et_pb_row column_structure=&raquo;1_3,1_3,1_3&#8243; use_custom_gutter=&raquo;on&raquo; gutter_width=&raquo;2&#8243; _builder_version=&raquo;4.9.0&#8243; _module_preset=&raquo;default&raquo; global_colors_info=&raquo;{}&raquo;][et_pb_column type=&raquo;1_3&#8243; _builder_version=&raquo;4.9.0&#8243; _module_preset=&raquo;default&raquo; global_colors_info=&raquo;{}&raquo;][et_pb_image src=&raquo;https:\/\/beltlamp.com\/wp-content\/uploads\/2021\/03\/20210227_194621-rotated.jpg&raquo; title_text=&raquo;20210227_194621&#8243; _builder_version=&raquo;4.9.0&#8243; _module_preset=&raquo;default&raquo; global_colors_info=&raquo;{}&raquo;][\/et_pb_image][et_pb_text _builder_version=&raquo;4.9.6&#8243; _module_preset=&raquo;default&raquo; global_colors_info=&raquo;{}&raquo;]<\/p>\n<h3 style=\"text-align: center\">Hodelykt 400 lumen, i dis.<\/h3>\n<p>[\/et_pb_text][\/et_pb_column][et_pb_column type=&raquo;1_3&#8243; _builder_version=&raquo;4.9.0&#8243; _module_preset=&raquo;default&raquo; global_colors_info=&raquo;{}&raquo;][et_pb_image src=&raquo;https:\/\/beltlamp.com\/wp-content\/uploads\/2021\/03\/20210227_194705-rotated.jpg&raquo; title_text=&raquo;20210227_194705&#8243; _builder_version=&raquo;4.9.0&#8243; _module_preset=&raquo;default&raquo; global_colors_info=&raquo;{}&raquo;][\/et_pb_image][et_pb_text _builder_version=&raquo;4.9.4&#8243; _module_preset=&raquo;default&raquo; global_colors_info=&raquo;{}&raquo;]<\/p>\n<h3 style=\"text-align: center\">Hikebeam 400 lm, i dis, samtidig.<\/h3>\n<p>[\/et_pb_text][\/et_pb_column][et_pb_column type=&raquo;1_3&#8243; _builder_version=&raquo;4.9.0&#8243; _module_preset=&raquo;default&raquo; global_colors_info=&raquo;{}&raquo;][et_pb_image src=&raquo;https:\/\/beltlamp.com\/wp-content\/uploads\/2021\/03\/20210227_194750-rotated.jpg&raquo; title_text=&raquo;20210227_194750&#8243; _builder_version=&raquo;4.9.0&#8243; _module_preset=&raquo;default&raquo; global_colors_info=&raquo;{}&raquo;][\/et_pb_image][et_pb_text _builder_version=&raquo;4.9.4&#8243; _module_preset=&raquo;default&raquo; global_colors_info=&raquo;{}&raquo;]<\/p>\n<h3 style=\"text-align: center\">Hodelykt 1000 lumen, i dis.<\/h3>\n<p>[\/et_pb_text][\/et_pb_column][\/et_pb_row][\/et_pb_section]<\/p>\n","protected":false},"excerpt":{"rendered":"<p>Hikebeam &#8211; tester og erfaringerTester &#8211; kommentarHIKEBEAM er f\u00f8rst og fremst en lykt for \u00abhike\u00bb, vandring til fots. (Eng., hike: fottur, vandring \/ beam: str\u00e5le, smil). Mange ser store fordeler med Hikebeam n\u00e5r den brukes i tiltenkt sammenheng og p\u00e5 anbefalt m\u00e5te: P\u00e5 fottur, med et belte passe stramt, litt h\u00f8yt p\u00e5 overkroppen, og lykten [&hellip;]<\/p>\n","protected":false},"author":9,"featured_media":0,"parent":0,"menu_order":0,"comment_status":"closed","ping_status":"closed","template":"","meta":{"_et_pb_use_builder":"on","_et_pb_old_content":"","_et_gb_content_width":"","om_disable_all_campaigns":false,"_monsterinsights_skip_tracking":false,"_monsterinsights_sitenote_active":false,"_monsterinsights_sitenote_note":"","_monsterinsights_sitenote_category":0,"_uf_show_specific_survey":0,"_uf_disable_surveys":false,"footnotes":""},"class_list":["post-12177","page","type-page","status-publish","hentry"],"aioseo_notices":[],"_links":{"self":[{"href":"https:\/\/beltlamp.com\/no\/wp-json\/wp\/v2\/pages\/12177","targetHints":{"allow":["GET"]}}],"collection":[{"href":"https:\/\/beltlamp.com\/no\/wp-json\/wp\/v2\/pages"}],"about":[{"href":"https:\/\/beltlamp.com\/no\/wp-json\/wp\/v2\/types\/page"}],"author":[{"embeddable":true,"href":"https:\/\/beltlamp.com\/no\/wp-json\/wp\/v2\/users\/9"}],"replies":[{"embeddable":true,"href":"https:\/\/beltlamp.com\/no\/wp-json\/wp\/v2\/comments?post=12177"}],"version-history":[{"count":0,"href":"https:\/\/beltlamp.com\/no\/wp-json\/wp\/v2\/pages\/12177\/revisions"}],"wp:attachment":[{"href":"https:\/\/beltlamp.com\/no\/wp-json\/wp\/v2\/media?parent=12177"}],"curies":[{"name":"wp","href":"https:\/\/api.w.org\/{rel}","templated":true}]}}