{"id":12298,"date":"2021-03-02T18:30:05","date_gmt":"2021-03-02T17:30:05","guid":{"rendered":"https:\/\/beltlamp.com\/?page_id=12298"},"modified":"2022-04-15T02:48:11","modified_gmt":"2022-04-15T00:48:11","slug":"generelt-om-lykter","status":"publish","type":"page","link":"https:\/\/beltlamp.com\/no\/generelt-om-lykter\/","title":{"rendered":"Generelt om lykter"},"content":{"rendered":"<p>[et_pb_section fb_built=&raquo;1&#8243; _builder_version=&raquo;4.7.4&#8243; _module_preset=&raquo;default&raquo; background_image=&raquo;https:\/\/beltlamp.com\/wp-content\/uploads\/2018\/01\/bg_u.jpg&raquo; custom_padding=&raquo;64px||64px||true|&raquo; global_colors_info=&raquo;{}&raquo;][et_pb_row _builder_version=&raquo;4.7.4&#8243; _module_preset=&raquo;default&raquo; custom_padding=&raquo;||0px|||&raquo; global_colors_info=&raquo;{}&raquo;][et_pb_column type=&raquo;4_4&#8243; _builder_version=&raquo;4.7.4&#8243; _module_preset=&raquo;default&raquo; global_colors_info=&raquo;{}&raquo;][et_pb_text _builder_version=&raquo;4.9.0&#8243; _module_preset=&raquo;default&raquo; header_font=&raquo;|600||||||#ffffff|&raquo; header_text_color=&raquo;#ffffff&raquo; header_font_size=&raquo;40px&raquo; global_colors_info=&raquo;{}&raquo;]<\/p>\n<h1 style=\"text-align: center\"><strong>Generelt om lykter<\/strong><\/h1>\n<p>[\/et_pb_text][\/et_pb_column][\/et_pb_row][\/et_pb_section][et_pb_section fb_built=&raquo;1&#8243; admin_label=&raquo;section&raquo; _builder_version=&raquo;3.22&#8243; custom_padding=&raquo;4px||4px||true|&raquo; global_colors_info=&raquo;{}&raquo;][et_pb_row column_structure=&raquo;1_2,1_2&#8243; use_custom_gutter=&raquo;on&raquo; gutter_width=&raquo;1&#8243; admin_label=&raquo;rad&raquo; _builder_version=&raquo;4.7.4&#8243; background_size=&raquo;initial&raquo; background_position=&raquo;top_left&raquo; background_repeat=&raquo;repeat&raquo; custom_padding=&raquo;19px|||||&raquo; global_colors_info=&raquo;{}&raquo;][et_pb_column type=&raquo;1_2&#8243; _builder_version=&raquo;3.25&#8243; custom_padding=&raquo;|||&raquo; global_colors_info=&raquo;{}&raquo; custom_padding__hover=&raquo;|||&raquo;][et_pb_text _builder_version=&raquo;4.9.0&#8243; _module_preset=&raquo;default&raquo; custom_padding=&raquo;73px|48px||||&raquo; global_colors_info=&raquo;{}&raquo;]<\/p>\n<p><strong>OLJELAMPER OG STEARINLYS<\/strong><\/p>\n<p>var, foruten \u00e5pen ild, den eneste lyskilden folk hadde i hus og hytter gjennom mange hundre, ja, tusener av \u00e5r, i den m\u00f8rke del av d\u00f8gnet. De gj\u00f8r fortsatt en viss nytte og har sin sjarm, og de er i bruk i mange sammenhenger, kanskje mest til pynt og stemning.<\/p>\n<p>&nbsp;<\/p>\n<p>&nbsp;<\/p>\n<p><strong>PARAFINLAMPER<\/strong><\/p>\n<p>kom som en forbedring midt p\u00e5 1800-tallet, men uten s\u00e6rlig mye sterkere lysstyrke. Enkelte varianter med bedre ytelse dukket opp noe senere. Parafinlamper blir ogs\u00e5 fortsatt benyttet, og for mange gir de en s\u00e6regen atmosf\u00e6re.\u00a0\u00a0<strong><\/strong><\/p>\n<p>\u00a0<strong><\/strong><\/p>\n<p><strong><\/strong><\/p>\n<p><strong>LOMMELYKTER<\/strong><\/p>\n<p>i forskjellige utgaver har v\u00e6rt tilgjengelig relativt lenge. Sm\u00e5 og store, svake og sterke, forskjellige kvaliteter og prisklasser og bruksomr\u00e5der. De har v\u00e6rt gjennom en langvarig utvikling og forbedring, b\u00e5de selve lyskilden og str\u00f8mkilden. En hensiktsmessig lommelykt er veldig nyttig i mange forskjellige sammenhenger, men har oftest ogs\u00e5 flere ulemper. Derfor har hodelykter blitt mer og mer popul\u00e6re gjennom ganske lang tid.<\/p>\n<p><span> <\/span><\/p>\n<p>[\/et_pb_text][\/et_pb_column][et_pb_column type=&raquo;1_2&#8243; _builder_version=&raquo;3.25&#8243; custom_padding=&raquo;|||&raquo; global_colors_info=&raquo;{}&raquo; custom_padding__hover=&raquo;|||&raquo;][et_pb_image src=&raquo;https:\/\/beltlamp.com\/wp-content\/uploads\/2021\/03\/Generelt_om_lamper_lommelykt-1-scaled.jpg&raquo; title_text=&raquo;Generelt_om_lamper_lommelykt (1)&raquo; _builder_version=&raquo;4.9.0&#8243; _module_preset=&raquo;default&raquo; custom_padding=&raquo;0px|||||&raquo; global_colors_info=&raquo;{}&raquo;][\/et_pb_image][\/et_pb_column][\/et_pb_row][et_pb_row column_structure=&raquo;1_2,1_2&#8243; use_custom_gutter=&raquo;on&raquo; gutter_width=&raquo;1&#8243; admin_label=&raquo;rad&raquo; _builder_version=&raquo;4.7.4&#8243; background_size=&raquo;initial&raquo; background_position=&raquo;top_left&raquo; background_repeat=&raquo;repeat&raquo; custom_padding=&raquo;37px||2px|||&raquo; global_colors_info=&raquo;{}&raquo;][et_pb_column type=&raquo;1_2&#8243; _builder_version=&raquo;3.25&#8243; custom_padding=&raquo;|||&raquo; global_colors_info=&raquo;{}&raquo; custom_padding__hover=&raquo;|||&raquo;][et_pb_image src=&raquo;https:\/\/beltlamp.com\/wp-content\/uploads\/2021\/03\/Generelt_om_lamper_lommelykt-2.jpg&raquo; title_text=&raquo;Generelt_om_lamper_lommelykt (2)&raquo; _builder_version=&raquo;4.9.0&#8243; _module_preset=&raquo;default&raquo; custom_padding=&raquo;0px|||||&raquo; global_colors_info=&raquo;{}&raquo;][\/et_pb_image][\/et_pb_column][et_pb_column type=&raquo;1_2&#8243; _builder_version=&raquo;3.25&#8243; custom_padding=&raquo;|||&raquo; global_colors_info=&raquo;{}&raquo; custom_padding__hover=&raquo;|||&raquo;][et_pb_text _builder_version=&raquo;4.9.0&#8243; _module_preset=&raquo;default&raquo; custom_padding=&raquo;11px|48px||18px||&raquo; global_colors_info=&raquo;{}&raquo;]<\/p>\n<p><strong>HODELYKTER\u00a0<\/strong>har hatt sin utvikling gjennom 30-40 \u00e5r, med stadig bedre teknologi og muligheter for bedre lyskilder og batterier. De hadde lenge noks\u00e5 lik utforming, med forskjellige kvaliteter og lysstyrker, og ofte noe tunge n\u00e5r de skulle ha stor ytelse. I de senere \u00e5r har muligheten for \u00e5 gj\u00f8re dem lettere gjort at flere lykter er blitt bedre spisset mot l\u00f8ping. Men med sterkere ytelse er det ogs\u00e5 behov for st\u00f8rre str\u00f8mkapasitet, og det drar med seg en viss tyngde p\u00e5 batteripakken. Pris p\u00e5 hodelykter varierer fra noen f\u00e5 hundrelapper for billige, enkle lykter med batterier som m\u00e5 skiftes ut, til oppladbare og mer avanserte lykter til mange tusen kroner.<\/p>\n<p>Hodelyktens st\u00f8rste fordel er at man har hendene frie, og kan flytte lysstr\u00e5len i forskjellige retninger, hode og blikk kan rettes dit man vil. Tradisjonelle hodelykter kan f\u00f8les tunge og egner seg lite for l\u00f8ping. I mange andre sammenhenger er de OK. Men alle gir et mer eller mindre ubehagelig press mot hodet, lykten kan gli ut av stilling, og gj\u00f8r det problematisk \u00e5 kombinere med hodeplagg, n\u00e5r man skal beskytte seg mot v\u00e6r og vind. Hodelykter blender dem man g\u00e5r sammen med og m\u00f8ter. De lyser ogs\u00e5 opp det som er foran \u00f8ynene av t\u00e5ke og dis, yr, regn sn\u00f8v\u00e6r og \u00e5nde, s\u00e5 man f\u00e5r d\u00e5rlig sikt i slike forhold. De gir en m\u00f8rk sone n\u00e6r f\u00f8ttene, der man ofte trenger lyset mest, <strong>man m\u00e5 bruke nakken for \u00e5 flytte lysstr\u00e5le og blikk vekselvis fram, ned og til sidene<\/strong>. Man f\u00e5r ogs\u00e5 et \u00abflatt\u00bb bilde, detaljene i terrenget kommer ikke s\u00e5 klart fram. Hodelykter rusker til h\u00e5ret, kan f\u00f8les uhygienisk og lokker insekter mot ansiktet \u2013 flere ting kan nevnes som er ulemper ved hodelykter. Tross dette har mange nytte og glede av \u00e5 bruke dem, og all slags lys er bedre enn stummende m\u00f8rke, om s\u00e5 fra en mobiltelefon. I enkelte sammenhenger, som ved mekking p\u00e5 en bilmotor, er hodelykt \u00e5 foretrekke.<\/p>\n<p>Akkurat som lommelykter er forskjellige, s\u00e5 har ogs\u00e5 hodelykter forskjellig utforming og ytelse, og egner seg i varierende grad i forskjellige sammenhenger. Noen egner seg for l\u00f8ping, mens andre er OK til sm\u00e5turer eller et lite \u00e6rend ut i et m\u00f8rkt skur.<\/p>\n<p><span> <\/span><\/p>\n<p>[\/et_pb_text][\/et_pb_column][\/et_pb_row][et_pb_row column_structure=&raquo;1_2,1_2&#8243; use_custom_gutter=&raquo;on&raquo; gutter_width=&raquo;1&#8243; admin_label=&raquo;rad&raquo; _builder_version=&raquo;4.7.4&#8243; background_size=&raquo;initial&raquo; background_position=&raquo;top_left&raquo; background_repeat=&raquo;repeat&raquo; min_height=&raquo;853px&raquo; custom_padding=&raquo;19px||0px|||&raquo; global_colors_info=&raquo;{}&raquo;][et_pb_column type=&raquo;1_2&#8243; _builder_version=&raquo;3.25&#8243; custom_padding=&raquo;|||&raquo; global_colors_info=&raquo;{}&raquo; custom_padding__hover=&raquo;|||&raquo;][et_pb_text _builder_version=&raquo;4.13.0&#8243; _module_preset=&raquo;default&raquo; custom_padding=&raquo;4px|48px||||&raquo; global_colors_info=&raquo;{}&raquo;]<\/p>\n<h4><strong>HIKEBEAM <\/strong><\/h4>\n<p><strong>er et helt nytt lykte-alternativ <\/strong><em>(eng. hike: vandre\/fottur, beam: str\u00e5le)<\/em>. Den er prim\u00e6rt tenkt <strong>for folk til fots<\/strong>, alene eller med andre, p\u00e5 kveldstur i skog og hei &#8211; til eller fra hytta, men like gjerne p\u00e5 en lengre ekspedisjon, p\u00e5 camping, ved tilsyn av dyr eller eiendom, s\u00f8k og redning osv. Hikebeam er ogs\u00e5 <strong>kjempegrei som lommelykt og som spotlight\/arbeidslys<\/strong>.<\/p>\n<p>Ved tiltenkt bruk er den virkelig en<strong> ny og bedre opplevelse<\/strong> i den m\u00f8rke del av d\u00f8gnet. <em>(Se bildene nederst!)<\/em> Vi anbefaler lykten festet i et passe stramt belte, litt h\u00f8yt p\u00e5 overkroppen, direkte p\u00e5 beltespennen. Da kan man bruke lommer, man kan b\u00f8ye seg, b\u00e6re og jobbe og ha en lykt som sitter stabilt og oppleves som fj\u00e6rlett. Andre lykter kan veie mindre, men f\u00f8les plagsomme. Man f\u00e5r <strong>fantastisk lys i hele n\u00e6romr\u00e5det, rundt f\u00f8ttene og ut til sidene, og samtidig flott lys langt framover<\/strong> &#8211; ikke bare en lysflekk man m\u00e5 flytte rundt med nakken. Lyset fra Hikebeam gir 3D-effekt, en skyggevirkning som gir tydeligere detaljer i terrenget. <strong>Ved t\u00e5ke, dis, sn\u00f8v\u00e6r, yr og regn, f\u00e5r man utrolig mye bedre sikt.<\/strong>\u00a0 Hodelykter lyser opp dis og t\u00e5ke, regn eller sn\u00f8v\u00e6r foran \u00f8ynene, som fjernlys p\u00e5 en bil. <strong>Hikebeam er en stor forskjell!<\/strong><\/p>\n<p>Kortere avstand til bakken gir bedre effekt enn tilsvarende hodelykt. Hikebeam har ogs\u00e5 en \u00abskjerm\u00bb som reflekterer mer lys ned mot bakken, og samtidig <strong>hindrer at man blender<\/strong> dem man g\u00e5r sammen med, eller m\u00f8ter. Den er derfor <strong>behagelig b\u00e5de for deg selv og andre<\/strong>. Med Hikebeam kan man tildekke og skjerme hodet for v\u00e6r og vind etter \u00f8nske, for \u00e5 peke p\u00e5 noen <span style=\"text-decoration: underline\"><strong><a href=\"https:\/\/beltlamp.com\/no\/advantages\/\">fordeler<\/a><\/strong><\/span>.<\/p>\n<p>Man f\u00e5r best effekt om man fester Hikebeam og bruker den som anbefalt. For vandring i kupert og bratt terreng er brytertrinn 4 det beste, med b\u00e5de hovedlykt og sidelykter tent. Det gir ogs\u00e5 aller best sikt i t\u00e5ke, og man kan bedre se lavthengende greiner. Noen synes dette ogs\u00e5 er OK for l\u00f8ping, men det blir individuelle erfaringer. Noen foretrekker andre lykter til dette. Men p\u00e5 fottur h\u00f8rer vi knapt annet enn at Hikebeam er fantastisk, og mange gir positiv <span style=\"text-decoration: underline\"><strong><a href=\"https:\/\/beltlamp.com\/no\/respons-fra-brukere\/\">respons<\/a><\/strong><\/span>. Alle lykter har fordeler og ulemper. Hikebeam har i alle fall unike fordeler som mange setter pris p\u00e5!<\/p>\n<p>&nbsp;<\/p>\n<p>[\/et_pb_text][\/et_pb_column][et_pb_column type=&raquo;1_2&#8243; _builder_version=&raquo;3.25&#8243; custom_padding=&raquo;|||&raquo; global_colors_info=&raquo;{}&raquo; custom_padding__hover=&raquo;|||&raquo;][et_pb_image src=&raquo;https:\/\/beltlamp.com\/wp-content\/uploads\/2021\/03\/hikebeam-generelt-om-lykter.jpg&raquo; title_text=&raquo;hikebeam-generelt-om-lykter&raquo; _builder_version=&raquo;4.9.0&#8243; _module_preset=&raquo;default&raquo; custom_padding=&raquo;0px|||||&raquo; global_colors_info=&raquo;{}&raquo;][\/et_pb_image][\/et_pb_column][\/et_pb_row][et_pb_row _builder_version=&raquo;4.9.0&#8243; _module_preset=&raquo;default&raquo; custom_padding=&raquo;3px||8px|||&raquo; global_colors_info=&raquo;{}&raquo;][et_pb_column type=&raquo;4_4&#8243; _builder_version=&raquo;4.9.0&#8243; _module_preset=&raquo;default&raquo; global_colors_info=&raquo;{}&raquo;][et_pb_text _builder_version=&raquo;4.9.6&#8243; _module_preset=&raquo;default&raquo; min_height=&raquo;397px&raquo; global_colors_info=&raquo;{}&raquo;]<\/p>\n<p style=\"text-align: justify\"><strong>Hikebeam har veldig mange bruksomr\u00e5der.<\/strong> Den fungerer flott som lommelykt. Den kan ogs\u00e5 plasseres som spotlight\/arbeidslys p\u00e5 en flate og rettes i hvilken som helst vinkel og retning, og den kan henges p\u00e5 en snor eller grein. Det er smart \u00e5 ha den <strong>klar til bruk<\/strong> p\u00e5 et egnet sted, i tilfelle str\u00f8mbrudd, noe man m\u00e5 lete etter, sjekke under bilen osv. Bruksomr\u00e5dene er n\u00e6rmest ubegrensede. Ved \u00e5 ta et belte utenp\u00e5 jakken, kan man g\u00e5 en tur n\u00e5r som helst, uten ubehag og uten \u00e5 blende andre eller forstyrres av t\u00e5ke, dis, nedb\u00f8r eller \u00e5nde. Hikebeam gir samtidig ny fotoglede for<a href=\"https:\/\/beltlamp.com\/no\/fotoglede\/\"><strong>\u00a0<span style=\"text-decoration: underline\">fotoglade <\/span><\/strong><\/a>blant annet p\u00e5 grunn av mindre forstyrrelser, bedre detalj-rikdom og renere farger.<\/p>\n<p>Hikebeam har innvendig batteri for kortvarig bruk. Det f\u00f8lger med <strong>kompakt og lett powerbank<\/strong> (100 g, 5000 mAh, USB). Med den tilkoplet, har man <strong>mer enn 6 timer<\/strong> med fullt lys, og man kan eventuelt ha med flere i reserve. Det finnes ogs\u00e5 en variant p\u00e5 180 g med dobbelt ytelse. Man kan ha str\u00f8mreserve for mobiltelefon etc. Med rett bruk t\u00e5ler Hikebeam alt av v\u00e6r og vind, IPX4.<\/p>\n<p><strong>Hva med kvaliteten?<\/strong> Det finnes ganske mange Hikebeam-lykter ute i markedet. Bortsett fra enkelte f\u00e5 tilfeller av produksjonsfeil <em>(som vi selvf\u00f8lgelig bytter)<\/em>, har vi ikke opplevd reklamasjoner fra vanlig bruk, som for eksempel \u00f8delagt bryter, ledning, fuktskade, eller at feste-clips har brukket \u2013 heller ikke i vinterkulden. Er det noe som sier mer om kvaliteten? Id\u00e9 og produktutvikling er norsk, og materialvalg og alle faser av produksjonen er under v\u00e5r kontroll.<\/p>\n<p>Mange kvalitetslykter kan koste mer enn Hikebeam, og det gj\u00f8r veldig mye annet turutstyr ogs\u00e5. Vi vet at mange opplever Hikebeam som en stor forbedring i forhold til andre lykter. Se igjen p\u00e5 bildene under! Har du innspill eller sp\u00f8rsm\u00e5l, send gjerne mail til post@beltlamp.com<span><\/span><\/p>\n<p style=\"text-align: center\"><em><strong><\/strong><\/em><\/p>\n<h3 style=\"text-align: center\"><em><strong>Se p\u00e5 bildene &#8211; Hikebeam gir lys med 3D-effekt, fra f\u00f8ttene, ut til sidene og langt framover!<\/strong><\/em><span><\/span><\/h3>\n<p><span><\/span><\/p>\n<p>[\/et_pb_text][\/et_pb_column][\/et_pb_row][et_pb_row column_structure=&raquo;1_3,1_3,1_3&#8243; use_custom_gutter=&raquo;on&raquo; gutter_width=&raquo;2&#8243; _builder_version=&raquo;4.9.0&#8243; _module_preset=&raquo;default&raquo; min_height=&raquo;832.3px&raquo; custom_padding=&raquo;||18px|||&raquo; global_colors_info=&raquo;{}&raquo;][et_pb_column type=&raquo;1_3&#8243; _builder_version=&raquo;4.9.0&#8243; _module_preset=&raquo;default&raquo; global_colors_info=&raquo;{}&raquo;][et_pb_image src=&raquo;https:\/\/beltlamp.com\/wp-content\/uploads\/2021\/03\/20210313_210337-rotated.jpg&raquo; title_text=&raquo;20210313_210337&#8243; _builder_version=&raquo;4.9.0&#8243; _module_preset=&raquo;default&raquo; global_colors_info=&raquo;{}&raquo;][\/et_pb_image][et_pb_text _builder_version=&raquo;4.9.0&#8243; _module_preset=&raquo;default&raquo; global_colors_info=&raquo;{}&raquo;]<\/p>\n<h3 style=\"text-align: center\">Hodelykt 400 lumen<\/h3>\n<p>[\/et_pb_text][\/et_pb_column][et_pb_column type=&raquo;1_3&#8243; _builder_version=&raquo;4.9.0&#8243; _module_preset=&raquo;default&raquo; global_colors_info=&raquo;{}&raquo;][et_pb_image src=&raquo;https:\/\/beltlamp.com\/wp-content\/uploads\/2021\/03\/20210313_210157-rotated.jpg&raquo; title_text=&raquo;20210313_210157&#8243; _builder_version=&raquo;4.9.0&#8243; _module_preset=&raquo;default&raquo; global_colors_info=&raquo;{}&raquo;][\/et_pb_image][et_pb_text _builder_version=&raquo;4.9.0&#8243; _module_preset=&raquo;default&raquo; global_colors_info=&raquo;{}&raquo;]<\/p>\n<h3 style=\"text-align: center\">Hikebeam 400 lumen<\/h3>\n<p>[\/et_pb_text][\/et_pb_column][et_pb_column type=&raquo;1_3&#8243; _builder_version=&raquo;4.9.0&#8243; _module_preset=&raquo;default&raquo; global_colors_info=&raquo;{}&raquo;][et_pb_image src=&raquo;https:\/\/beltlamp.com\/wp-content\/uploads\/2021\/03\/20210313_210638-rotated.jpg&raquo; title_text=&raquo;20210313_210638&#8243; _builder_version=&raquo;4.9.0&#8243; _module_preset=&raquo;default&raquo; global_colors_info=&raquo;{}&raquo;][\/et_pb_image][et_pb_text _builder_version=&raquo;4.9.6&#8243; _module_preset=&raquo;default&raquo; global_colors_info=&raquo;{}&raquo;]<\/p>\n<h3 style=\"text-align: center\">Hodelykt 1.000 lumen<\/h3>\n<p>[\/et_pb_text][\/et_pb_column][\/et_pb_row][et_pb_row column_structure=&raquo;1_3,1_3,1_3&#8243; use_custom_gutter=&raquo;on&raquo; gutter_width=&raquo;2&#8243; _builder_version=&raquo;4.9.0&#8243; _module_preset=&raquo;default&raquo; global_colors_info=&raquo;{}&raquo;][et_pb_column type=&raquo;1_3&#8243; _builder_version=&raquo;4.9.0&#8243; _module_preset=&raquo;default&raquo; global_colors_info=&raquo;{}&raquo;][et_pb_image src=&raquo;https:\/\/beltlamp.com\/wp-content\/uploads\/2021\/03\/20210227_193306-rotated.jpg&raquo; title_text=&raquo;20210227_193306&#8243; _builder_version=&raquo;4.9.0&#8243; _module_preset=&raquo;default&raquo; global_colors_info=&raquo;{}&raquo;][\/et_pb_image][et_pb_text _builder_version=&raquo;4.9.0&#8243; _module_preset=&raquo;default&raquo; global_colors_info=&raquo;{}&raquo;]<\/p>\n<h3 style=\"text-align: center\">Hodelykt 400 lumen<\/h3>\n<p>[\/et_pb_text][\/et_pb_column][et_pb_column type=&raquo;1_3&#8243; _builder_version=&raquo;4.9.0&#8243; _module_preset=&raquo;default&raquo; global_colors_info=&raquo;{}&raquo;][et_pb_image src=&raquo;https:\/\/beltlamp.com\/wp-content\/uploads\/2021\/03\/20210227_193337-rotated.jpg&raquo; title_text=&raquo;20210227_193337&#8243; _builder_version=&raquo;4.9.0&#8243; _module_preset=&raquo;default&raquo; global_colors_info=&raquo;{}&raquo;][\/et_pb_image][et_pb_text _builder_version=&raquo;4.9.0&#8243; _module_preset=&raquo;default&raquo; global_colors_info=&raquo;{}&raquo;]<\/p>\n<h3 style=\"text-align: center\">Hikebeam 400 lumen<\/h3>\n<p>[\/et_pb_text][\/et_pb_column][et_pb_column type=&raquo;1_3&#8243; _builder_version=&raquo;4.9.0&#8243; _module_preset=&raquo;default&raquo; global_colors_info=&raquo;{}&raquo;][et_pb_image src=&raquo;https:\/\/beltlamp.com\/wp-content\/uploads\/2021\/03\/20210227_193426-rotated.jpg&raquo; title_text=&raquo;20210227_193426&#8243; _builder_version=&raquo;4.9.0&#8243; _module_preset=&raquo;default&raquo; global_colors_info=&raquo;{}&raquo;][\/et_pb_image][et_pb_text _builder_version=&raquo;4.9.6&#8243; _module_preset=&raquo;default&raquo; global_colors_info=&raquo;{}&raquo;]<\/p>\n<h3 style=\"text-align: center\">Hodelykt 1.000 lumen<\/h3>\n<p>[\/et_pb_text][\/et_pb_column][\/et_pb_row][et_pb_row column_structure=&raquo;1_3,1_3,1_3&#8243; use_custom_gutter=&raquo;on&raquo; gutter_width=&raquo;2&#8243; _builder_version=&raquo;4.9.0&#8243; _module_preset=&raquo;default&raquo; global_colors_info=&raquo;{}&raquo;][et_pb_column type=&raquo;1_3&#8243; _builder_version=&raquo;4.9.0&#8243; _module_preset=&raquo;default&raquo; global_colors_info=&raquo;{}&raquo;][et_pb_image src=&raquo;https:\/\/beltlamp.com\/wp-content\/uploads\/2021\/03\/20210227_194621-rotated.jpg&raquo; title_text=&raquo;20210227_194621&#8243; _builder_version=&raquo;4.9.0&#8243; _module_preset=&raquo;default&raquo; global_colors_info=&raquo;{}&raquo;][\/et_pb_image][et_pb_text _builder_version=&raquo;4.9.4&#8243; _module_preset=&raquo;default&raquo; global_colors_info=&raquo;{}&raquo;]<\/p>\n<h3 style=\"text-align: center\">Hodelykt 400 lumen, i dis.<\/h3>\n<p>[\/et_pb_text][\/et_pb_column][et_pb_column type=&raquo;1_3&#8243; _builder_version=&raquo;4.9.0&#8243; _module_preset=&raquo;default&raquo; global_colors_info=&raquo;{}&raquo;][et_pb_image src=&raquo;https:\/\/beltlamp.com\/wp-content\/uploads\/2021\/03\/20210227_194705-rotated.jpg&raquo; title_text=&raquo;20210227_194705&#8243; _builder_version=&raquo;4.9.0&#8243; _module_preset=&raquo;default&raquo; global_colors_info=&raquo;{}&raquo;][\/et_pb_image][et_pb_text _builder_version=&raquo;4.9.4&#8243; _module_preset=&raquo;default&raquo; global_colors_info=&raquo;{}&raquo;]<\/p>\n<h3 style=\"text-align: center\">Hikebeam 400 lm, i dis, samtidig.<\/h3>\n<p>[\/et_pb_text][\/et_pb_column][et_pb_column type=&raquo;1_3&#8243; _builder_version=&raquo;4.9.0&#8243; _module_preset=&raquo;default&raquo; global_colors_info=&raquo;{}&raquo;][et_pb_image src=&raquo;https:\/\/beltlamp.com\/wp-content\/uploads\/2021\/03\/20210227_194750-rotated.jpg&raquo; title_text=&raquo;20210227_194750&#8243; _builder_version=&raquo;4.9.0&#8243; _module_preset=&raquo;default&raquo; global_colors_info=&raquo;{}&raquo;][\/et_pb_image][et_pb_text _builder_version=&raquo;4.9.6&#8243; _module_preset=&raquo;default&raquo; global_colors_info=&raquo;{}&raquo;]<\/p>\n<h3 style=\"text-align: center\">Hodelykt 1.000 lumen, i dis.<\/h3>\n<p>[\/et_pb_text][\/et_pb_column][\/et_pb_row][\/et_pb_section]<\/p>\n","protected":false},"excerpt":{"rendered":"<p>Generelt om lykterOLJELAMPER OG STEARINLYS var, foruten \u00e5pen ild, den eneste lyskilden folk hadde i hus og hytter gjennom mange hundre, ja, tusener av \u00e5r, i den m\u00f8rke del av d\u00f8gnet. De gj\u00f8r fortsatt en viss nytte og har sin sjarm, og de er i bruk i mange sammenhenger, kanskje mest til pynt og stemning. [&hellip;]<\/p>\n","protected":false},"author":9,"featured_media":0,"parent":0,"menu_order":0,"comment_status":"closed","ping_status":"closed","template":"","meta":{"_et_pb_use_builder":"on","_et_pb_old_content":"","_et_gb_content_width":"","om_disable_all_campaigns":false,"_monsterinsights_skip_tracking":false,"_monsterinsights_sitenote_active":false,"_monsterinsights_sitenote_note":"","_monsterinsights_sitenote_category":0,"_uf_show_specific_survey":0,"_uf_disable_surveys":false,"footnotes":""},"class_list":["post-12298","page","type-page","status-publish","hentry"],"aioseo_notices":[],"_links":{"self":[{"href":"https:\/\/beltlamp.com\/no\/wp-json\/wp\/v2\/pages\/12298","targetHints":{"allow":["GET"]}}],"collection":[{"href":"https:\/\/beltlamp.com\/no\/wp-json\/wp\/v2\/pages"}],"about":[{"href":"https:\/\/beltlamp.com\/no\/wp-json\/wp\/v2\/types\/page"}],"author":[{"embeddable":true,"href":"https:\/\/beltlamp.com\/no\/wp-json\/wp\/v2\/users\/9"}],"replies":[{"embeddable":true,"href":"https:\/\/beltlamp.com\/no\/wp-json\/wp\/v2\/comments?post=12298"}],"version-history":[{"count":0,"href":"https:\/\/beltlamp.com\/no\/wp-json\/wp\/v2\/pages\/12298\/revisions"}],"wp:attachment":[{"href":"https:\/\/beltlamp.com\/no\/wp-json\/wp\/v2\/media?parent=12298"}],"curies":[{"name":"wp","href":"https:\/\/api.w.org\/{rel}","templated":true}]}}