{"id":14964,"date":"2021-09-17T15:45:49","date_gmt":"2021-09-17T13:45:49","guid":{"rendered":"https:\/\/beltlamp.com\/?page_id=14964"},"modified":"2023-12-22T00:36:44","modified_gmt":"2023-12-21T23:36:44","slug":"fordeler-ulemper","status":"publish","type":"page","link":"https:\/\/beltlamp.com\/no\/fordeler-ulemper\/","title":{"rendered":"Fordeler\/Ulemper"},"content":{"rendered":"<p>[et_pb_section fb_built=&raquo;1&#8243; _builder_version=&raquo;4.7.4&#8243; _module_preset=&raquo;default&raquo; background_image=&raquo;https:\/\/beltlamp.com\/wp-content\/uploads\/2018\/01\/bg_u.jpg&raquo; custom_padding=&raquo;64px||64px||true|&raquo; global_colors_info=&raquo;{}&raquo;][et_pb_row _builder_version=&raquo;4.7.4&#8243; _module_preset=&raquo;default&raquo; custom_padding=&raquo;||0px|||&raquo; global_colors_info=&raquo;{}&raquo;][et_pb_column type=&raquo;4_4&#8243; _builder_version=&raquo;4.7.4&#8243; _module_preset=&raquo;default&raquo; global_colors_info=&raquo;{}&raquo;][et_pb_text _builder_version=&raquo;4.9.6&#8243; _module_preset=&raquo;default&raquo; header_font=&raquo;|600||||||#ffffff|&raquo; header_text_color=&raquo;#ffffff&raquo; header_font_size=&raquo;56px&raquo; header_font_size_tablet=&raquo;&raquo; header_font_size_phone=&raquo;34px&raquo; header_font_size_last_edited=&raquo;on|phone&raquo; global_colors_info=&raquo;{}&raquo;]<\/p>\n<h1 style=\"text-align: center\"><strong>FORDELER OG ULEMPER<\/strong><\/h1>\n<p>[\/et_pb_text][\/et_pb_column][\/et_pb_row][\/et_pb_section][et_pb_section fb_built=&raquo;1&#8243; admin_label=&raquo;section&raquo; _builder_version=&raquo;3.22&#8243; custom_padding=&raquo;4px||4px||true|&raquo; global_colors_info=&raquo;{}&raquo;][et_pb_row use_custom_gutter=&raquo;on&raquo; gutter_width=&raquo;1&#8243; admin_label=&raquo;row&raquo; _builder_version=&raquo;4.7.4&#8243; background_size=&raquo;initial&raquo; background_position=&raquo;top_left&raquo; background_repeat=&raquo;repeat&raquo; custom_padding=&raquo;36px||0px|||&raquo; global_colors_info=&raquo;{}&raquo;][et_pb_column type=&raquo;4_4&#8243; _builder_version=&raquo;3.25&#8243; custom_padding=&raquo;|||&raquo; global_colors_info=&raquo;{}&raquo; custom_padding__hover=&raquo;|||&raquo;][et_pb_text _builder_version=&raquo;4.9.6&#8243; _module_preset=&raquo;default&raquo; min_height=&raquo;434px&raquo; custom_padding=&raquo;23px|48px|0px|||&raquo; global_colors_info=&raquo;{}&raquo;]<\/p>\n<h4><strong>Kommentar til tester p\u00e5 tek.no og tu.no<\/strong><\/h4>\n<p><span><\/span><\/p>\n<p><span>Er alle bare forn\u00f8yde med Hikebeam? &#8211; Det finnes forskjellige meninger om alt. <\/span><span>For noen er en Lamborghini en dr\u00f8m og en fantastisk bil! Men den er ikke fantastisk som flyttebil eller i r\u00f8fft terreng. <\/span><span style=\"font-size: 14px;\">Slik er det med lykter ogs\u00e5. De egner seg til forskjellige ting. Mange hodelykter er helt OK til sm\u00e5turer og et \u00e6rend ut i et skur, eller mekke i en bilmotor. Men veldig mange av dem egner seg d\u00e5rlig til \u00e5 l\u00f8pe eller g\u00e5 ute i terrenget med. Det vet alle som har l\u00f8pt med hodelykt og alle som g\u00e5r i terrenget vet at med hodelykt er det m\u00f8rkt ved f\u00f8ttene, s\u00e5 man m\u00e5 flytte lysstr\u00e5len opp og ned med nakken, for \u00e5 se hvor man setter foten. Hikebeam gj\u00f8r en stor forskjell for folk som g\u00e5r! Den er ikke designet for l\u00f8ping.<\/span><\/p>\n<p><em>P\u00e5 <strong>tek.no og tu.no<\/strong> ble Hikebeam testet da lykten var helt ny. Man hadde \u00e5penbart h\u00f8ye forventinger til at den skulle v\u00e6re velegnet for l\u00f8ping. Det manglet nok tydelig anbefaling fra oss om bruksomr\u00e5de, festem\u00e5te, lysbryterstilling og tilkopling av ledning\/beskyttelseshette. <strong>Med navnet HIKEBEAM regnet vi det som selvsagt at den prim\u00e6rt var ment for &laquo;hike&raquo;\/vandring. <\/strong><\/em><span>Disse to testene nevner enkelte positive sider ved Hikebeam for vandring, men slipper ikke l\u00f8s den helt store entusiasmen, og <strong><em>nevner knapt det unike med Hikebeam at man unng\u00e5r \u00e5 blende hverandre<\/em><\/strong> i et turf\u00f8lge, og mange andre fordeler blir ikke nevnt. Det er <strong>folk p\u00e5 fottur i m\u00f8rket<\/strong>, og ved rett bruk, som kan f\u00e5 gleden av \u00e5 oppleve alle de mange gode egenskapene ved Hikebeam. N\u00e5r man overser mange vesentlige fordeler ved tiltenkt bruk, og vektlegger sterkt noe som lykten ikke er ment for, s\u00e5 oppleves det<strong>\u00a0misvisende og useri\u00f8st<\/strong>. S\u00e6rlig n\u00e5r man ogs\u00e5 overser ulempene ved hodelykter.<\/span><\/p>\n<p><span>Vi kunne kommentert ogs\u00e5 mye om test nr. 2 p\u00e5 tek.no. Den ble visstnok testet med lykten festet p\u00e5 samme belte som en vilter hund var festet til, som drog i alle retninger. Og det var neppe med utgangspunkt i v\u00e5r informasjon her p\u00e5 nettsiden. Ved vanlig vandring gir Hikebeam unikt lys <strong>helt fra f\u00f8ttene, til sidene og langt fram<\/strong>. Man har en sentralstr\u00e5le med passe god bredde, og i n\u00e6romr\u00e5det har man mer enn 180 grader belysning ut til sidene, noe de aller fleste opplever som fantastisk &#8211; p\u00e5 lange vandringer i dype skoger, p\u00e5 fjell og langs kyst. (En hodelykt eller lommelykt i tillegg, i spesielle sammenhenger, kan v\u00e6re et alternativ ved s\u00f8k og redning og ved utfordringer med ekstra vilter hund.) Men ved vanlig bruk er det fantastisk \u00e5 v\u00e6re &laquo;hands-free&raquo; og &laquo;head-free&raquo; og slippe hodelykt! Lysstr\u00e5len kan stilles opp og ned etter terreng og \u00f8nske. Det er fint at man oppdager at den gir unikt lys n\u00e6r f\u00f8ttene! Men ved \u00e5 vinkle lykten rett, vil man se at den samtidig gir lys langt fram &#8211; som man ser p\u00e5 mange bilder her p\u00e5 nettsiden. Selv &laquo;proffe&raquo; kan &laquo;teste&raquo;, men overse s\u00e5nt som dette. Mange bilder her viser den vanlige str\u00e5legangen &#8211; klart lys i hele n\u00e6romr\u00e5det og langt fram, med tydelige kontraster og rene farger &#8211; i stedet for &laquo;flat&raquo;, sl\u00f8ret belysning med matte farger, og bare i begrenset sone av synsfeltet.<\/span><\/p>\n<p><span>Vi kunne kommentert mange punkter fra alle disse testene. F. eks. viser \u00e9n<strong>\u00a0bilder med lite relevant inntrykk av belysningen<\/strong>, for andre av lyktene ogs\u00e5<em>.<\/em> Bildene gir inntrykk av at noen knapt lyser i det hele tatt. (PS! Se bilde-kommentar under!) Det ble ogs\u00e5 nevnt i en test at Hikebeam hadde kort brukstid og h\u00f8y pris, mens annet sted i samme artikkel ble det oppgitt korrekt: brukstid p\u00e5 6 timer <em>(med powerbank), <\/em>mens den lykten som ble vurdert som best, hadde brukstid p\u00e5 3,5 timer (ved -5 C) og var <em>mye<\/em> dyrere. &#8211; Javel!<\/span><\/p>\n<p><strong><em>VIKTIG: Kommentar om bildene: \u00d8yet tilpasser seg helt naturlig variasjoner i lysstyrke og har ikke l\u00e5st lysf\u00f8lsomhet. Kamera i standardinnstilling (auto)\u00a0 gj\u00f8r det samme, og gir oftest et inntrykk omtrent som opplevd synsopplevelse. Bildene her p\u00e5 nettsiden er tatt med mobilkamera med standard innstilling (auto), n\u00e5r ikke annet er nevnt, og viser tiln\u00e6rmet reell lysopplevelse. Bildene hos tek.no er tatt med l\u00e5st lysf\u00f8lsomhet, og gir et meget ukorrekt inntrykk, n\u00e5r man opererer med forskjellige lysstyrker.\u00a0<\/em><\/strong><\/p>\n<p><span><\/span><span>Bortsett fra testene p\u00e5 tek.no og tu.no med sterkt fokus p\u00e5 l\u00f8ping, har vi <em><strong>gjennom mer enn ett \u00e5r hatt kun to (2)<\/strong>\u00a0<strong>misforn\u00f8yde tilbakemeldinger<\/strong><\/em> fra v\u00e5re ordin\u00e6re kunder, og da kun med fokus p\u00e5 terrengl\u00f8ping. Av alle som har kj\u00f8pt den for tiltenkt bruk, har vi ikke hatt en eneste misforn\u00f8yd tilbakemelding, og knapt hatt reklamasjoner eller problemer av noe slag. Produktfeil forekommer, og da sender vi straks nytt. Vi h\u00f8rer jevnlig fra mange turfolk at lykten er fantastisk &#8211; i tilsiktet sammenheng og brukt p\u00e5 anbefalt m\u00e5te.\u00a0<\/span><\/p>\n<p><span>Hodelykt er bedre enn m\u00f8rke, og passer fint akkurat n\u00e5r man skal lete etter noe i en sekk, eller mekke i en bilmotor og enkelte andre sammenhenger. Og noe kan det bety hva man er vant med. <\/span><strong style=\"font-size: 14px;\">Men for det aller meste, i vanlig tursammenheng og der man ellers trenger en lykt, er Hikebeam for mange en utrolig forbedring, og gj\u00f8r friluftslivet mer behagelig og bedre!<\/strong> <strong>I dis, t\u00e5ke, sn\u00f8v\u00e6r, yr og regn gir Hikebeam en enorm forbedring!<\/strong><\/p>\n<p>Har du synspunkter, sp\u00f8rsm\u00e5l, kommentarer? Skriv gjerne en mail til post@beltlamp.com<strong style=\"font-size: 14px;\"><\/strong><\/p>\n<p>[\/et_pb_text][\/et_pb_column][\/et_pb_row][et_pb_row _builder_version=&raquo;4.9.6&#8243; _module_preset=&raquo;default&raquo; custom_padding=&raquo;27px||31px|||&raquo; global_colors_info=&raquo;{}&raquo;][et_pb_column type=&raquo;4_4&#8243; _builder_version=&raquo;4.9.6&#8243; _module_preset=&raquo;default&raquo; global_colors_info=&raquo;{}&raquo;][et_pb_text _builder_version=&raquo;4.9.6&#8243; _module_preset=&raquo;default&raquo; global_colors_info=&raquo;{}&raquo;]<\/p>\n<p><span>Vi tar med et sitat fra kommentarfeltet p\u00e5 tek.no:<\/span><\/p>\n<p><span>\u00ab<em><strong>FRILUFTSMANNEN<\/strong><\/em><\/span><\/p>\n<p><em>Her mener jeg tek.no har bommet utrolig med testen av Hikebeam. Ikke vet jeg hvordan de har testet produktet. <\/em><\/p>\n<p><em>Jeg har i alle \u00e5r brukt hodelykt og testet ut det meste b\u00e5de av dyre og rimelige lykter. Men vil i fremtiden kun bruke beltlamp p\u00e5 mine turer. Det er et fantastisk bra produkt. Og lykten er ogs\u00e5 veldig allsidig. Jeg har aldri kunne brukt en hodelykt p\u00e5 samme m\u00e5te i teltet n\u00e5r jeg har v\u00e6rt ute p\u00e5 lengre turer som leselykt, og annet. Den kan veldig enkelt kobles av beltet og brukes st\u00e5ende b\u00e5de i camp og i telt. Den har noe ekstra vekt, men rundt midjen merkes dette ikke. Den har ogs\u00e5 et utrolig \u00abbredt lys\u00bb som gj\u00f8r at du ser alt rundt deg. Og jeg har flere av lyktene i testen over, spesielt har jeg brukt Petzl swift mye, og har v\u00e6rt forn\u00f8yd med denne. Men jeg vil bruke Hikebeam p\u00e5 de aller fleste av mine turer fremover. Skal man g\u00e5 turer med hunden, eller om man er mosjonist og g\u00e5r i m\u00f8rket, s\u00e5 er dette definitivt den beste lykten da du slipper \u00e5 blende alle rundt deg, du ser bedre, du slipper vekt og trykk p\u00e5 hodet. Du merker ikke vekten rundt hofta. Og aller best den gir en enormt bra effekt i t\u00e5ke, som gj\u00f8r at man faktisk kan bevege seg i fjellet n\u00e5r man ellers ville sl\u00e5tt leir pga d\u00e5rlig sikt. Jeg bare f\u00f8lte jeg m\u00e5tte skrive noe da jeg s\u00e5 hvor d\u00e5rlig Hikebeam kom ut av denne testen. Det er veldig ufortjent. Det er absolutt et produkt som vil fungere veldig bra for mosjonisten s\u00e5 vel som den erfarne turg\u00e5er og friluftsliventusiasten.\u00bb<\/em><\/p>\n<p>[\/et_pb_text][\/et_pb_column][\/et_pb_row][\/et_pb_section]<\/p>\n","protected":false},"excerpt":{"rendered":"<p>FORDELER OG ULEMPERKommentar til tester p\u00e5 tek.no og tu.no Er alle bare forn\u00f8yde med Hikebeam? &#8211; Det finnes forskjellige meninger om alt. For noen er en Lamborghini en dr\u00f8m og en fantastisk bil! Men den er ikke fantastisk som flyttebil eller i r\u00f8fft terreng. Slik er det med lykter ogs\u00e5. De egner seg til forskjellige [&hellip;]<\/p>\n","protected":false},"author":9,"featured_media":0,"parent":0,"menu_order":0,"comment_status":"closed","ping_status":"closed","template":"","meta":{"_et_pb_use_builder":"on","_et_pb_old_content":"","_et_gb_content_width":"","om_disable_all_campaigns":false,"_monsterinsights_skip_tracking":false,"_monsterinsights_sitenote_active":false,"_monsterinsights_sitenote_note":"","_monsterinsights_sitenote_category":0,"_uf_show_specific_survey":0,"_uf_disable_surveys":false,"footnotes":""},"class_list":["post-14964","page","type-page","status-publish","hentry"],"aioseo_notices":[],"_links":{"self":[{"href":"https:\/\/beltlamp.com\/no\/wp-json\/wp\/v2\/pages\/14964","targetHints":{"allow":["GET"]}}],"collection":[{"href":"https:\/\/beltlamp.com\/no\/wp-json\/wp\/v2\/pages"}],"about":[{"href":"https:\/\/beltlamp.com\/no\/wp-json\/wp\/v2\/types\/page"}],"author":[{"embeddable":true,"href":"https:\/\/beltlamp.com\/no\/wp-json\/wp\/v2\/users\/9"}],"replies":[{"embeddable":true,"href":"https:\/\/beltlamp.com\/no\/wp-json\/wp\/v2\/comments?post=14964"}],"version-history":[{"count":0,"href":"https:\/\/beltlamp.com\/no\/wp-json\/wp\/v2\/pages\/14964\/revisions"}],"wp:attachment":[{"href":"https:\/\/beltlamp.com\/no\/wp-json\/wp\/v2\/media?parent=14964"}],"curies":[{"name":"wp","href":"https:\/\/api.w.org\/{rel}","templated":true}]}}