{"id":14969,"date":"2021-09-17T15:52:26","date_gmt":"2021-09-17T13:52:26","guid":{"rendered":"https:\/\/beltlamp.com\/?page_id=14969"},"modified":"2022-08-29T02:24:31","modified_gmt":"2022-08-29T00:24:31","slug":"med-fokus-pa-blending","status":"publish","type":"page","link":"https:\/\/beltlamp.com\/no\/med-fokus-pa-blending\/","title":{"rendered":"Med fokus p\u00e5 blending"},"content":{"rendered":"<p>[et_pb_section fb_built=&raquo;1&#8243; _builder_version=&raquo;4.7.4&#8243; _module_preset=&raquo;default&raquo; background_image=&raquo;https:\/\/beltlamp.com\/wp-content\/uploads\/2018\/01\/bg_u.jpg&raquo; custom_padding=&raquo;17px||17px||true|&raquo; global_colors_info=&raquo;{}&raquo;][et_pb_row _builder_version=&raquo;4.7.4&#8243; _module_preset=&raquo;default&raquo; custom_padding=&raquo;||0px|||&raquo; global_colors_info=&raquo;{}&raquo;][et_pb_column type=&raquo;4_4&#8243; _builder_version=&raquo;4.7.4&#8243; _module_preset=&raquo;default&raquo; global_colors_info=&raquo;{}&raquo;][et_pb_text _builder_version=&raquo;4.13.0&#8243; _module_preset=&raquo;default&raquo; header_font=&raquo;|600||||||#ffffff|&raquo; header_text_color=&raquo;#ffffff&raquo; header_font_size=&raquo;56px&raquo; custom_margin=&raquo;||-12px|||&raquo; header_font_size_tablet=&raquo;&raquo; header_font_size_phone=&raquo;34px&raquo; header_font_size_last_edited=&raquo;on|phone&raquo; global_colors_info=&raquo;{}&raquo;]<\/p>\n<h1 style=\"text-align: center\"><strong>Hikebeam &#8211; ikke mer blending!<\/strong><\/h1>\n<p>[\/et_pb_text][\/et_pb_column][\/et_pb_row][\/et_pb_section][et_pb_section fb_built=&raquo;1&#8243; admin_label=&raquo;section&raquo; _builder_version=&raquo;3.22&#8243; custom_padding=&raquo;4px||4px||true|&raquo; global_colors_info=&raquo;{}&raquo;][et_pb_row use_custom_gutter=&raquo;on&raquo; gutter_width=&raquo;1&#8243; admin_label=&raquo;row&raquo; _builder_version=&raquo;4.7.4&#8243; background_size=&raquo;initial&raquo; background_position=&raquo;top_left&raquo; background_repeat=&raquo;repeat&raquo; custom_padding=&raquo;8px||7px|||&raquo; global_colors_info=&raquo;{}&raquo;][et_pb_column type=&raquo;4_4&#8243; _builder_version=&raquo;3.25&#8243; custom_padding=&raquo;|||&raquo; global_colors_info=&raquo;{}&raquo; custom_padding__hover=&raquo;|||&raquo;][et_pb_text _builder_version=&raquo;4.13.0&#8243; _module_preset=&raquo;default&raquo; min_height=&raquo;85px&raquo; custom_padding=&raquo;37px|48px|0px|||&raquo; global_colors_info=&raquo;{}&raquo;]<\/p>\n<h2 style=\"text-align: center\"><b>HIKEBEAM &#8211; SLUTT P\u00c5 IRRITERENDE BLENDING!<\/b><\/h2>\n<h2 style=\"text-align: center\"><b>Utrolig bra for to eller flere sammen &#8211; og for folk man m\u00f8ter.<\/b><b><\/b><\/h2>\n<p><b><\/b><\/p>\n<p>[\/et_pb_text][\/et_pb_column][\/et_pb_row][et_pb_row column_structure=&raquo;1_2,1_2&#8243; _builder_version=&raquo;4.9.6&#8243; _module_preset=&raquo;default&raquo; custom_padding=&raquo;8px|||||&raquo; global_colors_info=&raquo;{}&raquo;][et_pb_column type=&raquo;1_2&#8243; _builder_version=&raquo;4.9.6&#8243; _module_preset=&raquo;default&raquo; global_colors_info=&raquo;{}&raquo;][et_pb_image src=&raquo;https:\/\/beltlamp.com\/wp-content\/uploads\/2021\/09\/20210916_212253-rotated.jpg&raquo; title_text=&raquo;20210916_212253&#8243; align=&raquo;center&raquo; _builder_version=&raquo;4.9.6&#8243; _module_preset=&raquo;default&raquo; max_height=&raquo;776px&raquo; global_colors_info=&raquo;{}&raquo;][\/et_pb_image][et_pb_text _builder_version=&raquo;4.13.0&#8243; _module_preset=&raquo;default&raquo; global_colors_info=&raquo;{}&raquo;]<\/p>\n<h3 style=\"text-align: center\"><strong>HIKEBEAM<\/strong><\/h3>\n<p><strong>Lyset f\u00e5r jevn lysspredning ned mot bakken, helt fra f\u00f8ttene, til sidene, og langt fram, uten \u00e5 blende! F\u00f8les behagelig &#8211; helt uten press mot hodet.<\/strong><\/p>\n<p>[\/et_pb_text][\/et_pb_column][et_pb_column type=&raquo;1_2&#8243; _builder_version=&raquo;4.9.6&#8243; _module_preset=&raquo;default&raquo; global_colors_info=&raquo;{}&raquo;][et_pb_image src=&raquo;https:\/\/beltlamp.com\/wp-content\/uploads\/2021\/09\/20210916_211713-rotated.jpg&raquo; title_text=&raquo;20210916_211713&#8243; align=&raquo;center&raquo; _builder_version=&raquo;4.9.6&#8243; _module_preset=&raquo;default&raquo; module_alignment=&raquo;center&raquo; max_height=&raquo;776px&raquo; global_colors_info=&raquo;{}&raquo;][\/et_pb_image][et_pb_text _builder_version=&raquo;4.13.0&#8243; _module_preset=&raquo;default&raquo; global_colors_info=&raquo;{}&raquo;]<\/p>\n<h3 style=\"text-align: center\"><strong>HODELYKT<\/strong><\/h3>\n<p><strong>Lysstr\u00e5len m\u00e5 flyttes omkring og vil lett blende. Den m\u00e5 flyttes opp, ned og til sidene ute i terrenget, og gir m\u00f8rke deler ellers i synsfeltet..\u00a0<\/strong><\/p>\n<p>[\/et_pb_text][\/et_pb_column][\/et_pb_row][et_pb_row use_custom_gutter=&raquo;on&raquo; gutter_width=&raquo;1&#8243; admin_label=&raquo;row&raquo; _builder_version=&raquo;4.7.4&#8243; background_size=&raquo;initial&raquo; background_position=&raquo;top_left&raquo; background_repeat=&raquo;repeat&raquo; custom_padding=&raquo;1px||0px|||&raquo; global_colors_info=&raquo;{}&raquo;][et_pb_column type=&raquo;4_4&#8243; _builder_version=&raquo;3.25&#8243; custom_padding=&raquo;|||&raquo; global_colors_info=&raquo;{}&raquo; custom_padding__hover=&raquo;|||&raquo;][et_pb_text _builder_version=&raquo;4.11.0&#8243; _module_preset=&raquo;default&raquo; custom_padding=&raquo;17px|48px|0px|||&raquo; global_colors_info=&raquo;{}&raquo;]<\/p>\n<h2 style=\"text-align: center\"><\/h2>\n<p>[\/et_pb_text][\/et_pb_column][\/et_pb_row][et_pb_row column_structure=&raquo;1_2,1_2&#8243; _builder_version=&raquo;4.9.6&#8243; _module_preset=&raquo;default&raquo; custom_padding=&raquo;5px||0px|||&raquo; global_colors_info=&raquo;{}&raquo;][et_pb_column type=&raquo;1_2&#8243; _builder_version=&raquo;4.9.6&#8243; _module_preset=&raquo;default&raquo; global_colors_info=&raquo;{}&raquo;][et_pb_text _builder_version=&raquo;4.11.0&#8243; _module_preset=&raquo;default&raquo; global_colors_info=&raquo;{}&raquo;][\/et_pb_text][\/et_pb_column][et_pb_column type=&raquo;1_2&#8243; _builder_version=&raquo;4.9.6&#8243; _module_preset=&raquo;default&raquo; global_colors_info=&raquo;{}&raquo;][et_pb_text _builder_version=&raquo;4.11.0&#8243; _module_preset=&raquo;default&raquo; width=&raquo;98.7%&raquo; min_height=&raquo;23.3px&raquo; global_colors_info=&raquo;{}&raquo;][\/et_pb_text][\/et_pb_column][\/et_pb_row][\/et_pb_section]<\/p>\n","protected":false},"excerpt":{"rendered":"<p>Hikebeam &#8211; ikke mer blending!HIKEBEAM &#8211; SLUTT P\u00c5 IRRITERENDE BLENDING! Utrolig bra for to eller flere sammen &#8211; og for folk man m\u00f8ter. HIKEBEAM Lyset f\u00e5r jevn lysspredning ned mot bakken, helt fra f\u00f8ttene, til sidene, og langt fram, uten \u00e5 blende! F\u00f8les behagelig &#8211; helt uten press mot hodet.HODELYKT Lysstr\u00e5len m\u00e5 flyttes omkring og [&hellip;]<\/p>\n","protected":false},"author":9,"featured_media":0,"parent":0,"menu_order":0,"comment_status":"closed","ping_status":"closed","template":"","meta":{"_et_pb_use_builder":"on","_et_pb_old_content":"","_et_gb_content_width":"","om_disable_all_campaigns":false,"_monsterinsights_skip_tracking":false,"_monsterinsights_sitenote_active":false,"_monsterinsights_sitenote_note":"","_monsterinsights_sitenote_category":0,"_uf_show_specific_survey":0,"_uf_disable_surveys":false,"footnotes":""},"class_list":["post-14969","page","type-page","status-publish","hentry"],"aioseo_notices":[],"_links":{"self":[{"href":"https:\/\/beltlamp.com\/no\/wp-json\/wp\/v2\/pages\/14969","targetHints":{"allow":["GET"]}}],"collection":[{"href":"https:\/\/beltlamp.com\/no\/wp-json\/wp\/v2\/pages"}],"about":[{"href":"https:\/\/beltlamp.com\/no\/wp-json\/wp\/v2\/types\/page"}],"author":[{"embeddable":true,"href":"https:\/\/beltlamp.com\/no\/wp-json\/wp\/v2\/users\/9"}],"replies":[{"embeddable":true,"href":"https:\/\/beltlamp.com\/no\/wp-json\/wp\/v2\/comments?post=14969"}],"version-history":[{"count":0,"href":"https:\/\/beltlamp.com\/no\/wp-json\/wp\/v2\/pages\/14969\/revisions"}],"wp:attachment":[{"href":"https:\/\/beltlamp.com\/no\/wp-json\/wp\/v2\/media?parent=14969"}],"curies":[{"name":"wp","href":"https:\/\/api.w.org\/{rel}","templated":true}]}}