{"id":15375,"date":"2021-10-04T14:14:05","date_gmt":"2021-10-04T12:14:05","guid":{"rendered":"https:\/\/beltlamp.com\/?page_id=15375"},"modified":"2025-07-09T14:20:27","modified_gmt":"2025-07-09T12:20:27","slug":"informasjon-om-hikebeam","status":"publish","type":"page","link":"https:\/\/beltlamp.com\/no\/informasjon-om-hikebeam\/","title":{"rendered":"Informasjon om Hikebeam"},"content":{"rendered":"<p>[et_pb_section fb_built=&raquo;1&#8243; _builder_version=&raquo;4.7.4&#8243; _module_preset=&raquo;default&raquo; background_image=&raquo;https:\/\/beltlamp.com\/wp-content\/uploads\/2018\/01\/design2-1.jpg&raquo; custom_padding=&raquo;28px||28px||true|&raquo; global_colors_info=&raquo;{}&raquo;][et_pb_row _builder_version=&raquo;4.7.4&#8243; _module_preset=&raquo;default&raquo; custom_padding=&raquo;||0px|||&raquo; global_colors_info=&raquo;{}&raquo;][et_pb_column type=&raquo;4_4&#8243; _builder_version=&raquo;4.7.4&#8243; _module_preset=&raquo;default&raquo; global_colors_info=&raquo;{}&raquo;][et_pb_text _builder_version=&raquo;4.13.0&#8243; _module_preset=&raquo;default&raquo; global_colors_info=&raquo;{}&raquo;]<\/p>\n<h1 style=\"text-align: center;\"><span style=\"color: #ffffff;\"><strong>HIKEBEAM fra Beltlamp AS\u00a0<\/strong><\/span><\/h1>\n<p>[\/et_pb_text][\/et_pb_column][\/et_pb_row][\/et_pb_section][et_pb_section fb_built=&raquo;1&#8243; disabled_on=&raquo;off|off|off&raquo; module_id=&raquo;#info&raquo; _builder_version=&raquo;4.11.0&#8243; _module_preset=&raquo;default&raquo; background_color=&raquo;#e6e5e1&#8243; background_image=&raquo;https:\/\/beltlamp.com\/wp-content\/uploads\/2020\/05\/Lykt-162-scaled.jpg&raquo; parallax=&raquo;on&raquo; custom_padding=&raquo;90px||90px||true|&raquo; global_colors_info=&raquo;{}&raquo;][et_pb_row column_structure=&raquo;1_2,1_2&#8243; _builder_version=&raquo;4.7.4&#8243; _module_preset=&raquo;default&raquo; background_color=&raquo;rgba(32,39,30,0.62)&raquo; custom_padding=&raquo;37px|32px|37px|32px|true|true&raquo; global_colors_info=&raquo;{}&raquo;][et_pb_column type=&raquo;1_2&#8243; _builder_version=&raquo;4.7.4&#8243; _module_preset=&raquo;default&raquo; global_colors_info=&raquo;{}&raquo;][et_pb_text _builder_version=&raquo;4.11.0&#8243; _module_preset=&raquo;default&raquo; text_text_color=&raquo;#ffffff&raquo; header_2_font=&raquo;|700|||||||&raquo; header_2_text_color=&raquo;#ffffff&raquo; custom_padding=&raquo;14px|||||&raquo; global_colors_info=&raquo;{}&raquo;]<\/p>\n<h2>HIKEBEAM &#8211; beltelykt med nytt design og unik lyseffekt:<\/h2>\n<p><strong>HIKEBEAM\u00ae fra Beltlamp AS har sv\u00e6rt mange fordeler for alle som har et aktivt liv i m\u00f8rke. Hikebeam 400 er en helt nydesignet lykt, som kan festes lett og behagelig rett p\u00e5 beltespennen. Fordi den kommer n\u00e6rmere bakken og har en reflekterende &laquo;skjerm&raquo;, gir lykten bedre effekt og lyser opp hele n\u00e6romr\u00e5det. Man f\u00e5r en 3D-effekt og ser detaljer i terrenget mer tydelig, og uten vanlige sjenerende forstyrrelser av t\u00e5ke, dis, sn\u00f8, regn eller \u00e5nde etc.<\/strong><\/p>\n<p><strong>Festepunkt og design gj\u00f8r at bakken blir belyst med sterkere effekt, helt fra f\u00f8ttene, til sidene og langt framover. Den hindrer samtidig at man blender dem man g\u00e5r sammen med, eller folk man m\u00f8ter. Hikebeam\u00ae har ogs\u00e5 mulighet for Widebeam\u2122, en bredere \u201cvifte\u201d av lys, 180\u00b0 ut til begge sider. Den har mange andre fordeler, den \u00f8delegger for eksempel ingen frisyre.<\/strong><\/p>\n<p>&nbsp;<\/p>\n<p>[\/et_pb_text][\/et_pb_column][et_pb_column type=&raquo;1_2&#8243; _builder_version=&raquo;4.7.4&#8243; _module_preset=&raquo;default&raquo; global_colors_info=&raquo;{}&raquo;][et_pb_image src=&raquo;https:\/\/beltlamp.com\/wp-content\/uploads\/2020\/10\/beltlampforside2-1.png&raquo; title_text=&raquo;beltlampforside2&#8243; _builder_version=&raquo;4.7.4&#8243; _module_preset=&raquo;default&raquo; custom_padding=&raquo;30px|||||&raquo; global_colors_info=&raquo;{}&raquo;][\/et_pb_image][\/et_pb_column][\/et_pb_row][\/et_pb_section][et_pb_section fb_built=&raquo;1&#8243; disabled_on=&raquo;off|off|off&raquo; _builder_version=&raquo;4.13.0&#8243; _module_preset=&raquo;default&raquo; background_color=&raquo;#f1eee9&#8243; custom_padding=&raquo;126px||126px||true|&raquo; global_colors_info=&raquo;{}&raquo;][et_pb_row column_structure=&raquo;1_2,1_2&#8243; _builder_version=&raquo;4.7.4&#8243; _module_preset=&raquo;default&raquo; global_colors_info=&raquo;{}&raquo;][et_pb_column type=&raquo;1_2&#8243; _builder_version=&raquo;4.7.4&#8243; _module_preset=&raquo;default&raquo; global_colors_info=&raquo;{}&raquo;][et_pb_image src=&raquo;https:\/\/beltlamp.com\/wp-content\/uploads\/2021\/09\/20210901_205651-rotated.jpg&raquo; title_text=&raquo;20210901_205651&#8243; _builder_version=&raquo;4.9.6&#8243; _module_preset=&raquo;default&raquo; custom_padding=&raquo;0px|||||&raquo; global_colors_info=&raquo;{}&raquo;][\/et_pb_image][\/et_pb_column][et_pb_column type=&raquo;1_2&#8243; _builder_version=&raquo;4.7.4&#8243; _module_preset=&raquo;default&raquo; global_colors_info=&raquo;{}&raquo;][et_pb_text _builder_version=&raquo;4.11.0&#8243; _module_preset=&raquo;default&raquo; header_2_font=&raquo;|700|||||||&raquo; custom_padding=&raquo;13px|||||&raquo; global_colors_info=&raquo;{}&raquo;]<\/p>\n<h2>Kan brukes i alle sammenhenger:<\/h2>\n<p>HIKEBEAM\u00ae 400 Hikebeam 400 kan brukes p\u00e5 fottur og i arbeid, i tropene og i arktiske str\u00f8k, p\u00e5 strand og fjell, skog og vidde, p\u00e5 sti og vei, i huler og gruver. <strong>Den kan brukes av barn, unge og eldre \u2013 av alle som vil se godt i m\u00f8rke, p\u00e5 en behagelig m\u00e5te.<\/strong> Lykten kan brukes i shorts eller med polardress. Den kan brukes alene eller med familie og venner, p\u00e5 jakt og fisketur, i s\u00f8k og redning \u2013 ved all slags aktivitet n\u00e5r det er m\u00f8rkt. Har du kl\u00e6r\/sekk med belte, kan du feste lykten der. Hvis ikke, kan du bruke beltet som f\u00f8lger med. Hikebeam\u00ae fra Beltlamp AS har <strong>klare fordeler n\u00e5r du g\u00e5r.<\/strong> Flere synes den ogs\u00e5 er OK n\u00e5r de l\u00f8per og g\u00e5r p\u00e5 ski. Og den er ypperlig som lommelykt og spotlight.<\/p>\n<p>Beltelykten virker i begrenset tid med innvendig, oppladbart batteri, men kan ogs\u00e5 brukes tilkoplet ekstern powerbank (5000 mAh, 100g). Den f\u00f8lger med og gir <strong>6 timer med full lysstyrke<\/strong>. Den kan festes i beltet eller ligge i lomme eller sekk. For lang tur kan man kj\u00f8pe flere ekstra batterier og bytte underveis. Dette gir mulighet for n\u00e6rmest ubegrenset brukstid.\u00a0 Da har man ogs\u00e5 ekstra str\u00f8mforsyning til mobil eller andre ting.<\/p>\n<p>[\/et_pb_text][et_pb_text _builder_version=&raquo;4.13.0&#8243; _module_preset=&raquo;default&raquo; global_colors_info=&raquo;{}&raquo;]<\/p>\n<h4 style=\"text-align: center\"><strong><em>TRYGGERE TRINN &#8211; UNIK BELYSNING!<\/em><\/strong><\/h4>\n<h4 style=\"text-align: center\"><strong><em>Hodelykt:<\/em> Sl\u00f8ret, &laquo;flat&raquo; belysning, begrenset lyssone. <\/strong><\/h4>\n<h4 style=\"text-align: center\"><strong><em>HIKEBEAM:<\/em> Klare kontraster &#8211; n\u00e6rt og langt fram.<\/strong><\/h4>\n<p>[\/et_pb_text][et_pb_image src=&raquo;https:\/\/beltlamp.com\/wp-content\/uploads\/2022\/04\/ingenblending-3.png&raquo; title_text=&raquo;ingenblending-3&#8243; _builder_version=&raquo;4.13.0&#8243; _module_preset=&raquo;default&raquo; custom_padding=&raquo;0px|||||&raquo; global_colors_info=&raquo;{}&raquo;][\/et_pb_image][\/et_pb_column][\/et_pb_row][\/et_pb_section][et_pb_section fb_built=&raquo;1&#8243; disabled_on=&raquo;off|off|off&raquo; _builder_version=&raquo;4.11.0&#8243; _module_preset=&raquo;default&raquo; background_color=&raquo;#d1c0a5&#8243; custom_padding=&raquo;80px||80px||true|&raquo; global_colors_info=&raquo;{}&raquo;][et_pb_row column_structure=&raquo;1_2,1_2&#8243; _builder_version=&raquo;4.7.4&#8243; _module_preset=&raquo;default&raquo; global_colors_info=&raquo;{}&raquo;][et_pb_column type=&raquo;1_2&#8243; _builder_version=&raquo;4.7.4&#8243; _module_preset=&raquo;default&raquo; global_colors_info=&raquo;{}&raquo;][et_pb_text _builder_version=&raquo;4.11.0&#8243; _module_preset=&raquo;default&raquo; header_2_font=&raquo;|700|||||||&raquo; custom_padding=&raquo;4px|||||&raquo; global_colors_info=&raquo;{}&raquo;]<\/p>\n<h2>Sikkerhet<\/h2>\n<p>Normal bruk av Hikebeam\u00ae fra Beltlamp vil \u00f8ke trygghet ved ferdsel og opphold i m\u00f8rke. Alle ting man bruker eller henger p\u00e5 seg, kan p\u00e5f\u00f8re skade p\u00e5 en selv eller andre, for eksempel i forbindelse med fall, eller om ting blir kastet og treffer uheldig. Vi vil derfor frar\u00e5de bruk av beltelykten ved vilter lek og vennskapelig \u201cslossing\u201d eller andre sammenhenger med spesiell risiko. All bruk av lykten foreg\u00e5r p\u00e5 eget ansvar. S\u00f8rg for at den blir brukt etter hensikt og som anbefalt. Lykten t\u00e5ler v\u00e6r og vind n\u00e5r den brukes rett, med deksel sluttet til eller beskyttelseshette i bruk. (Det er som at man lukker d\u00f8rer og vinduer f\u00f8r en bilvask.)\u00a0<\/p>\n<p><em><strong>Ta alltid hensyn til gode r\u00e5d for trygg ferdsel i naturen! Vurder din egen kapasitet og utrustning i forhold til v\u00e6r og vind, turens lengde og terrenget du skal ferdes i!<\/strong><\/em><\/p>\n<p>[\/et_pb_text][\/et_pb_column][et_pb_column type=&raquo;1_2&#8243; _builder_version=&raquo;4.7.4&#8243; _module_preset=&raquo;default&raquo; global_colors_info=&raquo;{}&raquo;][et_pb_text _builder_version=&raquo;4.11.0&#8243; _module_preset=&raquo;default&raquo; header_2_font=&raquo;|700|||||||&raquo; custom_padding=&raquo;4px|||||&raquo; global_colors_info=&raquo;{}&raquo;]<\/p>\n<h2>Reklamasjon \/ garanti<\/h2>\n<p>Vi h\u00e5per du vil f\u00e5 mye glede og nytte av din Hikebeam fra Beltlamp, gjennom mange \u00e5r. Bruk lykten kun slik det er tilsiktet og anbefalt. Ved eventuell reklamasjon p\u00e5 grunn av produktfeil, kontakt Beltlamp AS. Ta vare p\u00e5 kvittering. Vi vil gj\u00f8re v\u00e5rt beste for at du skal f\u00e5 optimal service og oppf\u00f8lging om det skulle oppst\u00e5 problemer. Garantien omfatter ikke normal slitasje, heller ikke plutselig skade ved uhell eller eventuell f\u00f8lgeskade, ved tilsiktet eller utilsiktet bruk av lykten. S\u00f8rg for \u00e5 unng\u00e5 vann\/v\u00e6ske i koplingspunkt p\u00e5 lykt og batteri ved rett bruk! Deksel m\u00e5 v\u00e6re sluttet til, eller beskyttelsehette rett montert. (Det er som at man lukker d\u00f8rer og vindu f\u00f8r en bilvask.) Lykten skal ikke demonteres\/\u00e5pnes. Produktgaranti gjelder fra kj\u00f8psdato, i henhold til regler i landet der lykten ble kj\u00f8pt. Man kan ta kontakt med shop@beltlamp.com ved reklamasjon, eller ringe 930 81 955 (10 &#8211; 17, man &#8211; fre).<\/p>\n<p>[\/et_pb_text][\/et_pb_column][\/et_pb_row][\/et_pb_section]<\/p>\n","protected":false},"excerpt":{"rendered":"<p>HIKEBEAM fra Beltlamp AS\u00a0HIKEBEAM &#8211; beltelykt med nytt design og unik lyseffekt: HIKEBEAM\u00ae fra Beltlamp AS har sv\u00e6rt mange fordeler for alle som har et aktivt liv i m\u00f8rke. Hikebeam 400 er en helt nydesignet lykt, som kan festes lett og behagelig rett p\u00e5 beltespennen. Fordi den kommer n\u00e6rmere bakken og har en reflekterende &laquo;skjerm&raquo;, [&hellip;]<\/p>\n","protected":false},"author":9,"featured_media":0,"parent":0,"menu_order":0,"comment_status":"closed","ping_status":"closed","template":"","meta":{"_et_pb_use_builder":"on","_et_pb_old_content":"","_et_gb_content_width":"","om_disable_all_campaigns":false,"_monsterinsights_skip_tracking":false,"_monsterinsights_sitenote_active":false,"_monsterinsights_sitenote_note":"","_monsterinsights_sitenote_category":0,"_uf_show_specific_survey":0,"_uf_disable_surveys":false,"footnotes":""},"class_list":["post-15375","page","type-page","status-publish","hentry"],"aioseo_notices":[],"_links":{"self":[{"href":"https:\/\/beltlamp.com\/no\/wp-json\/wp\/v2\/pages\/15375","targetHints":{"allow":["GET"]}}],"collection":[{"href":"https:\/\/beltlamp.com\/no\/wp-json\/wp\/v2\/pages"}],"about":[{"href":"https:\/\/beltlamp.com\/no\/wp-json\/wp\/v2\/types\/page"}],"author":[{"embeddable":true,"href":"https:\/\/beltlamp.com\/no\/wp-json\/wp\/v2\/users\/9"}],"replies":[{"embeddable":true,"href":"https:\/\/beltlamp.com\/no\/wp-json\/wp\/v2\/comments?post=15375"}],"version-history":[{"count":0,"href":"https:\/\/beltlamp.com\/no\/wp-json\/wp\/v2\/pages\/15375\/revisions"}],"wp:attachment":[{"href":"https:\/\/beltlamp.com\/no\/wp-json\/wp\/v2\/media?parent=15375"}],"curies":[{"name":"wp","href":"https:\/\/api.w.org\/{rel}","templated":true}]}}