{"id":16285,"date":"2021-11-25T15:58:25","date_gmt":"2021-11-25T14:58:25","guid":{"rendered":"https:\/\/beltlamp.com\/?page_id=16285"},"modified":"2021-11-25T16:15:35","modified_gmt":"2021-11-25T15:15:35","slug":"blackweek","status":"publish","type":"page","link":"https:\/\/beltlamp.com\/no\/blackweek\/","title":{"rendered":"Blackweek"},"content":{"rendered":"<p>[et_pb_section fb_built=&raquo;1&#8243; fullwidth=&raquo;on&raquo; _builder_version=&raquo;4.7.4&#8243; _module_preset=&raquo;default&raquo; background_image=&raquo;https:\/\/beltlamp.com\/wp-content\/uploads\/2020\/05\/Lykt-162-scaled.jpg&raquo; parallax=&raquo;on&raquo; global_colors_info=&raquo;{}&raquo;][et_pb_fullwidth_header title=&raquo;BLACK WEEKEND TILBUD: Kr. 1.490,-&raquo; subhead=&raquo;Tilbudet gjelder 25\/11 kl.18:00 &#8211; 29\/11 kl. 08:00&#8243; text_orientation=&raquo;center&raquo; header_fullscreen=&raquo;on&raquo; button_one_url=&raquo;@ET-DC@eyJkeW5hbWljIjp0cnVlLCJjb250ZW50IjoicG9zdF9saW5rX3VybF9wYWdlIiwic2V0dGluZ3MiOnsicG9zdF9pZCI6IjEwNzQ1In19@&raquo; button_two_text=&raquo;BESTILL HER !&raquo; button_two_url=&raquo;@ET-DC@eyJkeW5hbWljIjp0cnVlLCJjb250ZW50IjoicG9zdF9saW5rX3VybF9wcm9kdWN0Iiwic2V0dGluZ3MiOnsicG9zdF9pZCI6IjgzNTYifX0=@&raquo; background_overlay_color=&raquo;rgba(0,0,0,0.63)&raquo; logo_image_url=&raquo;https:\/\/beltlamp.com\/wp-content\/uploads\/2021\/11\/ny-forskjeller-toppheader.jpg&raquo; _builder_version=&raquo;4.13.0&#8243; _dynamic_attributes=&raquo;button_one_url,button_two_url&raquo; _module_preset=&raquo;default&raquo; title_font=&raquo;|800|||||||&raquo; title_text_color=&raquo;#FFFFFF&raquo; title_font_size=&raquo;5em&raquo; title_letter_spacing=&raquo;3px&raquo; title_line_height=&raquo;1.2em&raquo; content_font_size=&raquo;20px&raquo; subhead_font_size=&raquo;33px&raquo; subhead_line_height=&raquo;1.8em&raquo; background_color=&raquo;rgba(32,39,31,0.56)&raquo; custom_button_two=&raquo;on&raquo; button_two_text_size=&raquo;26px&raquo; button_two_font=&raquo;|700|||||||&raquo; button_two_use_icon=&raquo;off&raquo; width=&raquo;100%&raquo; custom_padding=&raquo;||11px|5px|false|false&raquo; hover_enabled=&raquo;0&#8243; title_font_size_tablet=&raquo;&raquo; title_font_size_phone=&raquo;22px&raquo; title_font_size_last_edited=&raquo;on|desktop&raquo; content_font_size_tablet=&raquo;&raquo; content_font_size_phone=&raquo;14px&raquo; content_font_size_last_edited=&raquo;on|phone&raquo; global_colors_info=&raquo;{}&raquo; sticky_enabled=&raquo;0&#8243;]<\/p>\n<p>(Veiledende pris: Kr. 1.750,- )<\/p>\n<p>&nbsp;<\/p>\n<p><span style=\"font-size: 20px;\"><\/span><\/p>\n<p><strong><span style=\"font-size: 20px;\"><\/span><\/strong><\/p>\n<p><strong><span style=\"font-size: 20px;\"><\/span><\/strong><\/p>\n<p><strong><span style=\"font-size: 20px;\">HIKEBEAM ER EN TURLYKT I EN KLASSE FOR SEG!<\/span><\/strong><\/p>\n<p><strong><span style=\"font-size: 20px;\">Design og plassering gir klart lys fra f\u00f8ttene, til sidene og langt fram.<\/span><\/strong><\/p>\n<p><strong><span style=\"font-size: 20px;\">Mye bedre <\/span><\/strong><strong><span style=\"font-size: 20px;\">sikt i t\u00e5ke, dis og nedb\u00f8r. Blender ikke. B<\/span><\/strong><strong><span style=\"font-size: 20px;\">ehagelig festem\u00e5te.<\/span><\/strong><\/p>\n<p><strong><span style=\"font-size: 20px;\"><\/span><\/strong><\/p>\n<p><strong><span style=\"font-size: 20px;\"><\/span><\/strong><\/p>\n<p><strong><span style=\"font-size: 20px;\"><\/span><\/strong><\/p>\n<p><strong><span style=\"font-size: 20px;\"><\/span><\/strong><\/p>\n<p><strong><span style=\"font-size: 20px;\"><\/span><\/strong><\/p>\n<p><strong><span style=\"font-size: 20px;\"><\/span><\/strong><\/p>\n<p>[\/et_pb_fullwidth_header][\/et_pb_section][et_pb_section fb_built=&raquo;1&#8243; fullwidth=&raquo;on&raquo; disabled_on=&raquo;on|on|on&raquo; _builder_version=&raquo;4.13.0&#8243; _module_preset=&raquo;default&raquo; background_image=&raquo;https:\/\/beltlamp.com\/wp-content\/uploads\/2020\/05\/Lykt-162-scaled.jpg&raquo; parallax=&raquo;on&raquo; disabled=&raquo;on&raquo; global_colors_info=&raquo;{}&raquo;][et_pb_fullwidth_header title=&raquo;se litt p\u00e5 disse bildene! unik lykt med unikt lys&raquo; text_orientation=&raquo;center&raquo; header_fullscreen=&raquo;on&raquo; button_one_url=&raquo;@ET-DC@eyJkeW5hbWljIjp0cnVlLCJjb250ZW50IjoicG9zdF9saW5rX3VybF9wYWdlIiwic2V0dGluZ3MiOnsicG9zdF9pZCI6IjEwNzQ1In19@&raquo; button_two_text=&raquo;BESTILL HER !&raquo; button_two_url=&raquo;@ET-DC@eyJkeW5hbWljIjp0cnVlLCJjb250ZW50IjoicG9zdF9saW5rX3VybF9wcm9kdWN0Iiwic2V0dGluZ3MiOnsicG9zdF9pZCI6IjgzNTYifX0=@&raquo; logo_image_url=&raquo;https:\/\/beltlamp.com\/wp-content\/uploads\/2021\/10\/toppheader-forskjeller-hikebeam.jpg&raquo; _builder_version=&raquo;4.13.0&#8243; _dynamic_attributes=&raquo;button_one_url,button_two_url&raquo; _module_preset=&raquo;default&raquo; title_font=&raquo;|800||on|||||&raquo; title_font_size=&raquo;50px&raquo; title_letter_spacing=&raquo;3px&raquo; title_line_height=&raquo;1.2em&raquo; content_font_size=&raquo;20px&raquo; subhead_font_size=&raquo;33px&raquo; subhead_line_height=&raquo;1.8em&raquo; background_color=&raquo;rgba(32,39,31,0.56)&raquo; custom_button_two=&raquo;on&raquo; button_two_text_size=&raquo;26px&raquo; button_two_font=&raquo;|700|||||||&raquo; button_two_use_icon=&raquo;off&raquo; width=&raquo;100%&raquo; custom_padding=&raquo;||11px|5px|false|false&raquo; title_font_size_tablet=&raquo;&raquo; title_font_size_phone=&raquo;22px&raquo; title_font_size_last_edited=&raquo;on|desktop&raquo; content_font_size_tablet=&raquo;&raquo; content_font_size_phone=&raquo;14px&raquo; content_font_size_last_edited=&raquo;on|phone&raquo; global_colors_info=&raquo;{}&raquo;]<\/p>\n<p>&nbsp;<\/p>\n<p><span style=\"font-size: 20px\"><\/span><\/p>\n<p><strong><span style=\"font-size: 20px\"><\/span><\/strong><\/p>\n<p><strong><span style=\"font-size: 20px\"><\/span><\/strong><\/p>\n<p><strong><span style=\"font-size: 20px\">HIKEBEAM ER EN TURLYKT I EN KLASSE FOR SEG!<\/span><\/strong><\/p>\n<p><strong><span style=\"font-size: 20px\">Design og plassering gir klart lys fra f\u00f8ttene, til sidene og langt fram.<\/span><\/strong><\/p>\n<p><strong><span style=\"font-size: 20px\">Mye bedre <\/span><\/strong><strong><span style=\"font-size: 20px\">sikt i t\u00e5ke, dis og nedb\u00f8r. Blender ikke. B<\/span><\/strong><strong><span style=\"font-size: 20px\">ehagelig festem\u00e5te.<\/span><\/strong><\/p>\n<p><strong><span style=\"font-size: 20px\"><\/span><\/strong><\/p>\n<p><strong><span style=\"font-size: 20px\"><\/span><\/strong><\/p>\n<p><strong><span style=\"font-size: 20px\"><\/span><\/strong><\/p>\n<p><strong><span style=\"font-size: 20px\"><\/span><\/strong><\/p>\n<p><strong><span style=\"font-size: 20px\"><\/span><\/strong><\/p>\n<p><strong><span style=\"font-size: 20px\"><\/span><\/strong><\/p>\n<p>[\/et_pb_fullwidth_header][\/et_pb_section][et_pb_section fb_built=&raquo;1&#8243; admin_label=&raquo;section&raquo; _builder_version=&raquo;4.7.4&#8243; background_color=&raquo;rgba(216,208,198,0.38)&raquo; width=&raquo;100%&raquo; custom_padding=&raquo;31px||0px|0px|false|&raquo; global_colors_info=&raquo;{}&raquo;][et_pb_row column_structure=&raquo;1_2,1_2&#8243; _builder_version=&raquo;4.9.6&#8243; _module_preset=&raquo;default&raquo; custom_margin=&raquo;|auto|-24px|auto||&raquo; custom_padding=&raquo;0px||0px|5px|false|&raquo; global_colors_info=&raquo;{}&raquo;][et_pb_column type=&raquo;1_2&#8243; _builder_version=&raquo;4.7.4&#8243; _module_preset=&raquo;default&raquo; global_colors_info=&raquo;{}&raquo;][et_pb_image src=&raquo;https:\/\/beltlamp.com\/wp-content\/uploads\/2021\/08\/Screenshot_20210822-212610_Gallery-1-e1631793365200.jpg&raquo; title_text=&raquo;Screenshot_20210822-212610_Gallery&raquo; _builder_version=&raquo;4.11.0&#8243; _module_preset=&raquo;default&raquo; custom_padding=&raquo;29px|||||&raquo; animation_style=&raquo;slide&raquo; animation_direction=&raquo;right&raquo; global_colors_info=&raquo;{}&raquo;][\/et_pb_image][\/et_pb_column][et_pb_column type=&raquo;1_2&#8243; _builder_version=&raquo;4.7.4&#8243; _module_preset=&raquo;default&raquo; global_colors_info=&raquo;{}&raquo;][et_pb_text _builder_version=&raquo;4.13.0&#8243; _module_preset=&raquo;default&raquo; min_height=&raquo;24px&raquo; custom_margin=&raquo;31px||12px||false|&raquo; custom_padding=&raquo;||0px|||&raquo; global_colors_info=&raquo;{}&raquo;]<\/p>\n<h2><span style=\"color: #000000\"><strong>IDEELL GAVE &#8211; \u00c5 GI OG F\u00c5!<\/strong><\/span><\/h2>\n<p>[\/et_pb_text][et_pb_text _builder_version=&raquo;4.13.0&#8243; _module_preset=&raquo;default&raquo; width=&raquo;100%&raquo; custom_margin=&raquo;3px|||||&raquo; custom_padding=&raquo;0px||0px|10px||&raquo; global_colors_info=&raquo;{}&raquo;]<\/p>\n<p><strong style=\"font-size: 14px\">&#8211; UNIK TURLYKT &#8211; lyser n\u00e6rt, til sidene og langt fram<\/strong><strong style=\"font-size: 14px\">\u00a0med 3D-effekt.<\/strong><strong><br \/>&#8211; Mye bedre sikt i t\u00e5ke\/dis, regn\/yr og sn\u00f8v\u00e6r.<\/strong><strong><br \/>&#8211; Slutt p\u00e5 \u00e5 blende og blendes!<br \/>&#8211; Festes rett p\u00e5 beltespennen &#8211; behagelig i bruk.<br \/><\/strong><strong><\/strong><strong style=\"font-size: 14px\">&#8211; IDEELL P\u00c5 FOTTUR, HYTTETUR, CAMPING OG AKTIVT FRILUFTSLIV!<br \/>&#8211; <\/strong><strong style=\"font-size: 14px\">6 timer p\u00e5 full lysstyrke m\/powerbank (inkl., 5000 mAh, 100 g, USB).<br \/>&#8211; Ta en kikk:<\/strong><strong style=\"font-size: 14px\">\u00a0<a href=\"https:\/\/beltlamp.com\/no\/respons-fra-brukere\/\"><span>RESPONS<\/span><\/a>, <span><a href=\"https:\/\/beltlamp.com\/no\/advantages\/\">FORDELER<\/a><\/span><\/strong><strong style=\"font-size: 14px\">, <\/strong><strong style=\"font-size: 14px\"><a href=\"https:\/\/beltlamp.com\/no\/fotoglede\/\"><span>FOTO-FOKUS<\/span><\/a><\/strong><span style=\"font-size: 14px\">.<\/span><em style=\"font-size: 14px\"><br \/>&#8211; Scroll for mange bilder som sier mye!\u00a0<\/em><\/p>\n<p><em style=\"font-size: 14px\"><\/em><\/p>\n<p><span style=\"color: #000000\"><em><strong>&laquo;\u00c5 G\u00c5 P\u00c5 TUR SAMMEN I LYSET FRA HIKEBEAM, UTEN \u00c5 BLENDES AV\u00a0 HVERANDRE, ER HELT FANTASTISK!&raquo;<\/strong><\/em>\u00a0<\/span><em>(Kjell A. Tr\u00e6dal)<\/em><\/p>\n<p><strong><\/strong><\/p>\n<p><em><\/em><\/p>\n<p>[\/et_pb_text][\/et_pb_column][\/et_pb_row][et_pb_row column_structure=&raquo;1_2,1_2&#8243; _builder_version=&raquo;4.11.0&#8243; _module_preset=&raquo;default&raquo; custom_margin=&raquo;23px|auto||auto|false|false&raquo; custom_padding=&raquo;0px||26px|||&raquo; saved_tabs=&raquo;all&raquo; global_colors_info=&raquo;{}&raquo;][et_pb_column type=&raquo;1_2&#8243; _builder_version=&raquo;4.11.0&#8243; _module_preset=&raquo;default&raquo; custom_padding=&raquo;68px||||false|false&raquo; global_colors_info=&raquo;{}&raquo;][et_pb_button button_url=&raquo;@ET-DC@eyJkeW5hbWljIjp0cnVlLCJjb250ZW50IjoicG9zdF9saW5rX3VybF9wcm9kdWN0Iiwic2V0dGluZ3MiOnsicG9zdF9pZCI6IjgzNTYifX0=@&raquo; button_text=&raquo;KJ\u00d8P N\u00c5!&raquo; button_alignment=&raquo;center&raquo; _builder_version=&raquo;4.13.0&#8243; _dynamic_attributes=&raquo;button_url&raquo; _module_preset=&raquo;default&raquo; custom_button=&raquo;on&raquo; button_text_size=&raquo;24px&raquo; button_border_radius=&raquo;0px&raquo; button_letter_spacing=&raquo;2px&raquo; button_font=&raquo;|800|||||||&raquo; custom_margin=&raquo;||50px||false|false&raquo; custom_padding=&raquo;12px|103px|12px|103px|false|true&raquo; global_colors_info=&raquo;{}&raquo;][\/et_pb_button][et_pb_text _builder_version=&raquo;4.13.0&#8243; _module_preset=&raquo;default&raquo; text_font_size=&raquo;18px&raquo; text_line_height=&raquo;2.5em&raquo; global_colors_info=&raquo;{}&raquo;]<\/p>\n<p style=\"text-align: center\"><span style=\"text-decoration: underline\"><a href=\"\/no\/fakta\"><strong>Fakta<\/strong><\/a><\/span><br \/><a href=\"https:\/\/beltlamp.com\/no\/med-fokus-pa-blending\/\"><span style=\"text-decoration: underline\"><strong>GJ\u00d8R SLUTT P\u00c5 BLENDING!<\/strong><\/span><\/a><br \/><span style=\"text-decoration: underline\"><strong><a href=\"https:\/\/beltlamp.com\/no\/erfaringer-med-hikebeam\/\">Tester \/ kommentarer<\/a><\/strong><\/span><br \/><a href=\"https:\/\/beltlamp.com\/no\/generelt-om-lykter\/\"><span style=\"text-decoration: underline\"><strong>Generelt om lykter<\/strong><\/span><\/a><\/p>\n<p>&nbsp;<\/p>\n<p>[\/et_pb_text][\/et_pb_column][et_pb_column type=&raquo;1_2&#8243; _builder_version=&raquo;4.7.4&#8243; _module_preset=&raquo;default&raquo; global_colors_info=&raquo;{}&raquo;][et_pb_image src=&raquo;https:\/\/beltlamp.com\/wp-content\/uploads\/2021\/10\/ingenblending-2.jpg&raquo; title_text=&raquo;ingenblending-2&#8243; url=&raquo;https:\/\/beltlamp.com\/no\/med-fokus-pa-blending\/&raquo; _builder_version=&raquo;4.11.0&#8243; _module_preset=&raquo;default&raquo; global_colors_info=&raquo;{}&raquo; transform_styles__hover_enabled=&raquo;on|hover&raquo; transform_scale__hover_enabled=&raquo;on|hover&raquo; transform_translate__hover_enabled=&raquo;on|desktop&raquo; transform_rotate__hover_enabled=&raquo;on|desktop&raquo; transform_skew__hover_enabled=&raquo;on|desktop&raquo; transform_origin__hover_enabled=&raquo;on|desktop&raquo; transform_scale__hover=&raquo;104%|104%&raquo;][\/et_pb_image][\/et_pb_column][\/et_pb_row][et_pb_row column_structure=&raquo;1_2,1_2&#8243; use_custom_gutter=&raquo;on&raquo; gutter_width=&raquo;2&#8243; _builder_version=&raquo;4.9.4&#8243; _module_preset=&raquo;default&raquo; custom_padding=&raquo;||8px|||&raquo; global_colors_info=&raquo;{}&raquo;][et_pb_column type=&raquo;1_2&#8243; _builder_version=&raquo;4.9.4&#8243; _module_preset=&raquo;default&raquo; global_colors_info=&raquo;{}&raquo;][et_pb_text _builder_version=&raquo;4.11.0&#8243; _module_preset=&raquo;default&raquo; custom_margin=&raquo;||-11px|||&raquo; custom_padding=&raquo;||0px|||&raquo; global_colors_info=&raquo;{}&raquo;]<\/p>\n<h4 style=\"text-align: center\"><strong>HIKEBEAM GIR LYS N\u00c6RT, TIL SIDENE OG LANGT FRAM.<\/strong><\/h4>\n<p>[\/et_pb_text][et_pb_image src=&raquo;https:\/\/beltlamp.com\/wp-content\/uploads\/2021\/05\/forskjell-1.png&raquo; title_text=&raquo;forskjell-1&#8243; _builder_version=&raquo;4.11.0&#8243; _module_preset=&raquo;default&raquo; custom_padding=&raquo;2px|||||&raquo; global_colors_info=&raquo;{}&raquo;][\/et_pb_image][\/et_pb_column][et_pb_column type=&raquo;1_2&#8243; _builder_version=&raquo;4.9.4&#8243; _module_preset=&raquo;default&raquo; global_colors_info=&raquo;{}&raquo;][et_pb_text _builder_version=&raquo;4.11.0&#8243; _module_preset=&raquo;default&raquo; min_height=&raquo;26px&raquo; custom_margin=&raquo;||-8px|||&raquo; custom_padding=&raquo;||0px|||&raquo; global_colors_info=&raquo;{}&raquo;]<\/p>\n<h4 style=\"text-align: center\"><strong>FORSKJELL I DIS, SAMME TIDSPUNKT!<\/strong><\/h4>\n<p>[\/et_pb_text][et_pb_image src=&raquo;https:\/\/beltlamp.com\/wp-content\/uploads\/2021\/05\/forskjell-2-1.png&raquo; title_text=&raquo;forskjell-2&#8243; _builder_version=&raquo;4.9.4&#8243; _module_preset=&raquo;default&raquo; custom_padding=&raquo;0px|||||&raquo; global_colors_info=&raquo;{}&raquo;][\/et_pb_image][\/et_pb_column][\/et_pb_row][et_pb_row column_structure=&raquo;1_2,1_2&#8243; use_custom_gutter=&raquo;on&raquo; gutter_width=&raquo;2&#8243; _builder_version=&raquo;4.9.4&#8243; _module_preset=&raquo;default&raquo; custom_padding=&raquo;17px||11px|||&raquo; global_colors_info=&raquo;{}&raquo;][et_pb_column type=&raquo;1_2&#8243; _builder_version=&raquo;4.9.4&#8243; _module_preset=&raquo;default&raquo; global_colors_info=&raquo;{}&raquo;][et_pb_text _builder_version=&raquo;4.11.0&#8243; _module_preset=&raquo;default&raquo; custom_margin=&raquo;||-11px|||&raquo; global_colors_info=&raquo;{}&raquo;]<\/p>\n<h4 style=\"text-align: center\"><strong>LYS MED 3D-EFFEKT FRA F\u00d8TTENE OG LANGT FRAM.<\/strong><\/h4>\n<p>[\/et_pb_text][et_pb_image src=&raquo;https:\/\/beltlamp.com\/wp-content\/uploads\/2021\/09\/forskjell-3.jpg&raquo; title_text=&raquo;forskjell-3&#8243; _builder_version=&raquo;4.9.6&#8243; _module_preset=&raquo;default&raquo; custom_padding=&raquo;3px|||||&raquo; global_colors_info=&raquo;{}&raquo;][\/et_pb_image][\/et_pb_column][et_pb_column type=&raquo;1_2&#8243; _builder_version=&raquo;4.9.4&#8243; _module_preset=&raquo;default&raquo; global_colors_info=&raquo;{}&raquo;][et_pb_text _builder_version=&raquo;4.11.0&#8243; _module_preset=&raquo;default&raquo; min_height=&raquo;26px&raquo; custom_margin=&raquo;||-8px|||&raquo; global_colors_info=&raquo;{}&raquo;]<\/p>\n<h4 style=\"text-align: center\"><strong>FORSKJELL I T\u00c5KE &#8211; SAMME TIDSPUNKT!<\/strong><\/h4>\n<p>[\/et_pb_text][et_pb_image src=&raquo;https:\/\/beltlamp.com\/wp-content\/uploads\/2021\/09\/forskjell-4.jpg&raquo; title_text=&raquo;forskjell-4&#8243; _builder_version=&raquo;4.9.6&#8243; _module_preset=&raquo;default&raquo; custom_padding=&raquo;0px|||||&raquo; global_colors_info=&raquo;{}&raquo;][\/et_pb_image][\/et_pb_column][\/et_pb_row][\/et_pb_section][et_pb_section fb_built=&raquo;1&#8243; _builder_version=&raquo;4.7.4&#8243; _module_preset=&raquo;default&raquo; background_color=&raquo;#F0EDE9&#8243; custom_padding=&raquo;0px||0px|||&raquo; global_colors_info=&raquo;{}&raquo;][et_pb_row use_custom_gutter=&raquo;on&raquo; gutter_width=&raquo;1&#8243; _builder_version=&raquo;4.7.4&#8243; _module_preset=&raquo;default&raquo; width=&raquo;100%&raquo; max_width=&raquo;100%&raquo; custom_padding=&raquo;33px||0px|||&raquo; global_colors_info=&raquo;{}&raquo;][et_pb_column type=&raquo;4_4&#8243; _builder_version=&raquo;4.7.4&#8243; _module_preset=&raquo;default&raquo; global_colors_info=&raquo;{}&raquo;][et_pb_text _builder_version=&raquo;4.11.0&#8243; _module_preset=&raquo;default&raquo; custom_padding=&raquo;3px|||||&raquo; global_colors_info=&raquo;{}&raquo;]<\/p>\n<h2 style=\"text-align: center\"><strong><em><span style=\"color: #993300\">\u00a0Design og festepunkt gir Hikebeam unik belysning, uten \u00e5 blende. Ideell p\u00e5 fottur &#8211; bestill n\u00e5!<\/span>\u00a0<\/em><\/strong><\/h2>\n<p style=\"text-align: center\"><strong><em>KLIKK FOR ST\u00d8RRE BILDER!<\/em><\/strong><\/p>\n<p>&nbsp;<\/p>\n<p>[\/et_pb_text][et_pb_gallery gallery_ids=&raquo;14825,14859,14820,4989,6085,14849,14854,6226&#8243; posts_number=&raquo;8&#8243; show_title_and_caption=&raquo;off&raquo; show_pagination=&raquo;off&raquo; zoom_icon_color=&raquo;rgba(0,0,0,0)&raquo; hover_overlay_color=&raquo;rgba(32,39,30,0.45)&raquo; disabled_on=&raquo;off|off|off&raquo; _builder_version=&raquo;4.9.6&#8243; _module_preset=&raquo;default&raquo; max_width=&raquo;100%&raquo; global_colors_info=&raquo;{}&raquo;][\/et_pb_gallery][\/et_pb_column][\/et_pb_row][\/et_pb_section][et_pb_section fb_built=&raquo;1&#8243; _builder_version=&raquo;4.7.4&#8243; _module_preset=&raquo;default&raquo; background_color=&raquo;#20271F&raquo; custom_padding=&raquo;25px||25px||true|&raquo; saved_tabs=&raquo;all&raquo; global_colors_info=&raquo;{}&raquo;][et_pb_row column_structure=&raquo;1_5,1_5,1_5,1_5,1_5&#8243; make_equal=&raquo;on&raquo; _builder_version=&raquo;4.9.0&#8243; _module_preset=&raquo;default&raquo; global_colors_info=&raquo;{}&raquo;][et_pb_column type=&raquo;1_5&#8243; _builder_version=&raquo;4.7.4&#8243; _module_preset=&raquo;default&raquo; global_colors_info=&raquo;{}&raquo;][et_pb_blurb title=&raquo;FAKTA OM HIKEBEAM&raquo; use_icon=&raquo;on&raquo; font_icon=&raquo;&#x68;||divi||400&#8243; icon_color=&raquo;#B3B5B4&#8243; _builder_version=&raquo;4.13.0&#8243; _module_preset=&raquo;default&raquo; header_font=&raquo;|800|||||||&raquo; background_layout=&raquo;dark&raquo; height=&raquo;270px&raquo; global_colors_info=&raquo;{}&raquo;]<\/p>\n<p><span>Info om<\/span><br \/><span>HIKEBEAM fra Beltlamp AS.<\/span><\/p>\n<p>[\/et_pb_blurb][et_pb_button button_url=&raquo;@ET-DC@eyJkeW5hbWljIjp0cnVlLCJjb250ZW50IjoicG9zdF9saW5rX3VybF9wYWdlIiwic2V0dGluZ3MiOnsicG9zdF9pZCI6IjEwNzQ1In19@&raquo; button_text=&raquo;Les mer&raquo; _builder_version=&raquo;4.7.4&#8243; _dynamic_attributes=&raquo;button_url&raquo; _module_preset=&raquo;default&raquo; global_colors_info=&raquo;{}&raquo;][\/et_pb_button][\/et_pb_column][et_pb_column type=&raquo;1_5&#8243; _builder_version=&raquo;4.7.4&#8243; _module_preset=&raquo;default&raquo; global_colors_info=&raquo;{}&raquo;][et_pb_blurb title=&raquo;RESPONS &raquo; use_icon=&raquo;on&raquo; font_icon=&raquo;&#xe030;||divi||400&#8243; icon_color=&raquo;#B3B5B4&#8243; _builder_version=&raquo;4.13.0&#8243; _module_preset=&raquo;default&raquo; header_font=&raquo;|800|||||||&raquo; background_layout=&raquo;dark&raquo; height=&raquo;270px&raquo; global_colors_info=&raquo;{}&raquo;]<\/p>\n<p>Tilbakemelding fra folk som har testet Hikebeam.<\/p>\n<p>[\/et_pb_blurb][et_pb_button button_url=&raquo;@ET-DC@eyJkeW5hbWljIjp0cnVlLCJjb250ZW50IjoicG9zdF9saW5rX3VybF9wYWdlIiwic2V0dGluZ3MiOnsicG9zdF9pZCI6IjEwOTM2In19@&raquo; button_text=&raquo;Les mer&raquo; _builder_version=&raquo;4.7.4&#8243; _dynamic_attributes=&raquo;button_url&raquo; _module_preset=&raquo;default&raquo; global_colors_info=&raquo;{}&raquo;][\/et_pb_button][\/et_pb_column][et_pb_column type=&raquo;1_5&#8243; _builder_version=&raquo;4.7.4&#8243; _module_preset=&raquo;default&raquo; global_colors_info=&raquo;{}&raquo;][et_pb_blurb title=&raquo;BUTIKKER&raquo; use_icon=&raquo;on&raquo; font_icon=&raquo;&#xe01e;||divi||400&#8243; icon_color=&raquo;#B3B5B4&#8243; _builder_version=&raquo;4.13.0&#8243; _module_preset=&raquo;default&raquo; header_font=&raquo;|800|||||||&raquo; background_layout=&raquo;dark&raquo; height=&raquo;270px&raquo; global_colors_info=&raquo;{}&raquo;]<\/p>\n<p>Informasjon om hvor du kan kj\u00f8pe HIKEBEAM beltelykt.<\/p>\n<p>[\/et_pb_blurb][et_pb_button button_url=&raquo;@ET-DC@eyJkeW5hbWljIjp0cnVlLCJjb250ZW50IjoicG9zdF9saW5rX3VybF9wYWdlIiwic2V0dGluZ3MiOnsicG9zdF9pZCI6IjEwOTQ3In19@&raquo; button_text=&raquo;Les mer&raquo; _builder_version=&raquo;4.7.4&#8243; _dynamic_attributes=&raquo;button_url&raquo; _module_preset=&raquo;default&raquo; global_colors_info=&raquo;{}&raquo;][\/et_pb_button][\/et_pb_column][et_pb_column type=&raquo;1_5&#8243; _builder_version=&raquo;4.7.4&#8243; _module_preset=&raquo;default&raquo; global_colors_info=&raquo;{}&raquo;][et_pb_blurb title=&raquo;MEDIA&raquo; use_icon=&raquo;on&raquo; font_icon=&raquo;&#x7b;||divi||400&#8243; icon_color=&raquo;#B3B5B4&#8243; _builder_version=&raquo;4.13.0&#8243; _module_preset=&raquo;default&raquo; header_font=&raquo;|800|||||||&raquo; background_layout=&raquo;dark&raquo; height=&raquo;270px&raquo; global_colors_info=&raquo;{}&raquo;]<\/p>\n<p>Aktuell medieomtale<br \/>av HIKEBEAM fra Beltlamp AS<\/p>\n<p>[\/et_pb_blurb][et_pb_button button_url=&raquo;@ET-DC@eyJkeW5hbWljIjp0cnVlLCJjb250ZW50IjoicG9zdF9saW5rX3VybF9wYWdlIiwic2V0dGluZ3MiOnsicG9zdF9pZCI6IjEwOTUxIn19@&raquo; button_text=&raquo;Les mer&raquo; _builder_version=&raquo;4.7.4&#8243; _dynamic_attributes=&raquo;button_url&raquo; _module_preset=&raquo;default&raquo; global_colors_info=&raquo;{}&raquo;][\/et_pb_button][\/et_pb_column][et_pb_column type=&raquo;1_5&#8243; _builder_version=&raquo;4.7.4&#8243; _module_preset=&raquo;default&raquo; global_colors_info=&raquo;{}&raquo;][et_pb_blurb title=&raquo;OM BELTLAMP AS &raquo; use_icon=&raquo;on&raquo; font_icon=&raquo;&#xe012;||divi||400&#8243; icon_color=&raquo;#B3B5B4&#8243; _builder_version=&raquo;4.13.0&#8243; _module_preset=&raquo;default&raquo; header_font=&raquo;|800|||||||&raquo; background_layout=&raquo;dark&raquo; height=&raquo;270px&raquo; global_colors_info=&raquo;{}&raquo;]<\/p>\n<p>Informasjon om<br \/> firmaet Beltlamp AS.<\/p>\n<p>[\/et_pb_blurb][et_pb_button button_url=&raquo;@ET-DC@eyJkeW5hbWljIjp0cnVlLCJjb250ZW50IjoicG9zdF9saW5rX3VybF9wYWdlIiwic2V0dGluZ3MiOnsicG9zdF9pZCI6IjEwOTczIn19@&raquo; button_text=&raquo;Les mer&raquo; _builder_version=&raquo;4.7.4&#8243; _dynamic_attributes=&raquo;button_url&raquo; _module_preset=&raquo;default&raquo; global_colors_info=&raquo;{}&raquo;][\/et_pb_button][\/et_pb_column][\/et_pb_row][\/et_pb_section][et_pb_section fb_built=&raquo;1&#8243; _builder_version=&raquo;4.11.0&#8243; _module_preset=&raquo;default&raquo; background_color=&raquo;#111111&#8243; custom_padding=&raquo;0px||0px|||&raquo; global_colors_info=&raquo;{}&raquo;][et_pb_row _builder_version=&raquo;4.11.0&#8243; _module_preset=&raquo;default&raquo; custom_padding=&raquo;5px||16px|||&raquo; global_colors_info=&raquo;{}&raquo;][et_pb_column type=&raquo;4_4&#8243; _builder_version=&raquo;4.11.0&#8243; _module_preset=&raquo;default&raquo; global_colors_info=&raquo;{}&raquo;][et_pb_text _builder_version=&raquo;4.11.0&#8243; _module_preset=&raquo;default&raquo; min_height=&raquo;39px&raquo; custom_margin=&raquo;-4px||-14px|||&raquo; custom_padding=&raquo;12px||0px|||&raquo; global_colors_info=&raquo;{}&raquo;]<\/p>\n<p style=\"text-align: center\"><a href=\"https:\/\/beltlamp.com\/wp-content\/uploads\/2019\/12\/HIKEBEAM-INTERNATIONAL-INFO.pdf\" target=\"_blank\" rel=\"noopener\">International info.<\/a><\/p>\n<p>[\/et_pb_text][\/et_pb_column][\/et_pb_row][\/et_pb_section]<\/p>\n","protected":false},"excerpt":{"rendered":"<p>(Veiledende pris: Kr. 1.750,- ) &nbsp; HIKEBEAM ER EN TURLYKT I EN KLASSE FOR SEG! Design og plassering gir klart lys fra f\u00f8ttene, til sidene og langt fram. Mye bedre sikt i t\u00e5ke, dis og nedb\u00f8r. Blender ikke. Behagelig festem\u00e5te. &nbsp; HIKEBEAM ER EN TURLYKT I EN KLASSE FOR SEG! Design og plassering gir klart [&hellip;]<\/p>\n","protected":false},"author":9,"featured_media":0,"parent":0,"menu_order":0,"comment_status":"closed","ping_status":"closed","template":"","meta":{"_et_pb_use_builder":"on","_et_pb_old_content":"","_et_gb_content_width":"","om_disable_all_campaigns":false,"_monsterinsights_skip_tracking":false,"_monsterinsights_sitenote_active":false,"_monsterinsights_sitenote_note":"","_monsterinsights_sitenote_category":0,"_uf_show_specific_survey":0,"_uf_disable_surveys":false,"footnotes":""},"class_list":["post-16285","page","type-page","status-publish","hentry"],"aioseo_notices":[],"_links":{"self":[{"href":"https:\/\/beltlamp.com\/no\/wp-json\/wp\/v2\/pages\/16285","targetHints":{"allow":["GET"]}}],"collection":[{"href":"https:\/\/beltlamp.com\/no\/wp-json\/wp\/v2\/pages"}],"about":[{"href":"https:\/\/beltlamp.com\/no\/wp-json\/wp\/v2\/types\/page"}],"author":[{"embeddable":true,"href":"https:\/\/beltlamp.com\/no\/wp-json\/wp\/v2\/users\/9"}],"replies":[{"embeddable":true,"href":"https:\/\/beltlamp.com\/no\/wp-json\/wp\/v2\/comments?post=16285"}],"version-history":[{"count":0,"href":"https:\/\/beltlamp.com\/no\/wp-json\/wp\/v2\/pages\/16285\/revisions"}],"wp:attachment":[{"href":"https:\/\/beltlamp.com\/no\/wp-json\/wp\/v2\/media?parent=16285"}],"curies":[{"name":"wp","href":"https:\/\/api.w.org\/{rel}","templated":true}]}}