{"id":19454,"date":"2022-05-12T16:35:06","date_gmt":"2022-05-12T14:35:06","guid":{"rendered":"https:\/\/beltlamp.com\/?page_id=19454"},"modified":"2022-12-01T11:21:15","modified_gmt":"2022-12-01T10:21:15","slug":"galleri","status":"publish","type":"page","link":"https:\/\/beltlamp.com\/no\/galleri\/","title":{"rendered":"Galleri"},"content":{"rendered":"<p>[et_pb_section fb_built=&raquo;1&#8243; _builder_version=&raquo;4.7.4&#8243; _module_preset=&raquo;default&raquo; background_image=&raquo;https:\/\/beltlamp.com\/wp-content\/uploads\/2018\/01\/bg_u.jpg&raquo; custom_padding=&raquo;64px||64px||true|&raquo; global_colors_info=&raquo;{}&raquo;][et_pb_row _builder_version=&raquo;4.7.4&#8243; _module_preset=&raquo;default&raquo; custom_padding=&raquo;||0px|||&raquo; global_colors_info=&raquo;{}&raquo;][et_pb_column type=&raquo;4_4&#8243; _builder_version=&raquo;4.7.4&#8243; _module_preset=&raquo;default&raquo; global_colors_info=&raquo;{}&raquo;][et_pb_text _builder_version=&raquo;4.13.0&#8243; _module_preset=&raquo;default&raquo; header_font=&raquo;|600||||||#ffffff|&raquo; header_text_color=&raquo;#ffffff&raquo; header_font_size=&raquo;40px&raquo; global_colors_info=&raquo;{}&raquo;]<\/p>\n<h1 style=\"text-align: center\"><strong>Inspirasjonsgalleri<\/strong><\/h1>\n<p>[\/et_pb_text][\/et_pb_column][\/et_pb_row][\/et_pb_section][et_pb_section fb_built=&raquo;1&#8243; admin_label=&raquo;section&raquo; _builder_version=&raquo;3.22&#8243; custom_padding=&raquo;29px||29px||true|&raquo; global_colors_info=&raquo;{}&raquo;][et_pb_row use_custom_gutter=&raquo;on&raquo; gutter_width=&raquo;2&#8243; _builder_version=&raquo;4.13.0&#8243; _module_preset=&raquo;default&raquo; custom_padding=&raquo;||0px|||&raquo; global_colors_info=&raquo;{}&raquo;][et_pb_column type=&raquo;4_4&#8243; _builder_version=&raquo;4.7.4&#8243; _module_preset=&raquo;default&raquo; global_colors_info=&raquo;{}&raquo;][et_pb_text _builder_version=&raquo;4.13.0&#8243; _module_preset=&raquo;default&raquo; header_font=&raquo;|600||||||#ffffff|&raquo; header_text_color=&raquo;#ffffff&raquo; header_font_size=&raquo;40px&raquo; global_colors_info=&raquo;{}&raquo;]<\/p>\n<h2 style=\"text-align: center\"><strong>Nattbilder med blits blir oftest matte og sl\u00f8rete. <\/strong><strong>Hvordan tar DU bilder i m\u00f8rke?<\/strong><\/h2>\n<h2 style=\"text-align: center\"><strong>LA DEG INSPIRERE &#8211; DU KAN SELV TA BILDER MED HIKEBEAM! <\/strong><\/h2>\n<h4 style=\"text-align: center\"><strong>Alle bildene her er tatt med mobilkamera, kun med Hikebeam som lyskilde, lysf\u00f8lsomhet p\u00e5 auto.<\/strong><\/h4>\n<h4 style=\"text-align: center\"><strong>(Klikk for st\u00f8rre bilder!)<\/strong><\/h4>\n<p>[\/et_pb_text][et_pb_gallery gallery_ids=&raquo;19461,19636,19651,19449,19312,19466,19997,19491,19455,19476,19471,19929,19501,19924,19332,19337,19447,19442,19422,19327,19407,19641,19432,19437,19412,19402,19397,19392,19372,19362,19322,19357,19352,19347,19342,19317,19631,19646&#8243; posts_number=&raquo;100&#8243; orientation=&raquo;portrait&raquo; show_title_and_caption=&raquo;off&raquo; show_pagination=&raquo;off&raquo; zoom_icon_color=&raquo;#FFFFFF&raquo; hover_overlay_color=&raquo;rgba(57,57,61,0.67)&raquo; hover_icon=&raquo;&#x54;||divi||400&#8243; _builder_version=&raquo;4.13.0&#8243; _module_preset=&raquo;default&raquo; hover_enabled=&raquo;0&#8243; border_width_all_image=&raquo;1px&raquo; border_color_all_image=&raquo;#ffffff&raquo; global_colors_info=&raquo;{}&raquo; sticky_enabled=&raquo;0&#8243;][\/et_pb_gallery][\/et_pb_column][\/et_pb_row][et_pb_row use_custom_gutter=&raquo;on&raquo; gutter_width=&raquo;1&#8243; make_equal=&raquo;on&raquo; _builder_version=&raquo;4.13.0&#8243; _module_preset=&raquo;default&raquo; max_width=&raquo;1401px&raquo; global_colors_info=&raquo;{}&raquo;][et_pb_column type=&raquo;4_4&#8243; _builder_version=&raquo;4.13.0&#8243; _module_preset=&raquo;default&raquo; global_colors_info=&raquo;{}&raquo;][\/et_pb_column][\/et_pb_row][\/et_pb_section]<\/p>\n","protected":false},"excerpt":{"rendered":"<p>InspirasjonsgalleriNattbilder med blits blir oftest matte og sl\u00f8rete. Hvordan tar DU bilder i m\u00f8rke? LA DEG INSPIRERE &#8211; DU KAN SELV TA BILDER MED HIKEBEAM! Alle bildene her er tatt med mobilkamera, kun med Hikebeam som lyskilde, lysf\u00f8lsomhet p\u00e5 auto. (Klikk for st\u00f8rre bilder!)<\/p>\n","protected":false},"author":9,"featured_media":0,"parent":0,"menu_order":0,"comment_status":"closed","ping_status":"closed","template":"","meta":{"_et_pb_use_builder":"on","_et_pb_old_content":"","_et_gb_content_width":"","om_disable_all_campaigns":false,"_monsterinsights_skip_tracking":false,"_monsterinsights_sitenote_active":false,"_monsterinsights_sitenote_note":"","_monsterinsights_sitenote_category":0,"_uf_show_specific_survey":0,"_uf_disable_surveys":false,"footnotes":""},"class_list":["post-19454","page","type-page","status-publish","hentry"],"aioseo_notices":[],"_links":{"self":[{"href":"https:\/\/beltlamp.com\/no\/wp-json\/wp\/v2\/pages\/19454","targetHints":{"allow":["GET"]}}],"collection":[{"href":"https:\/\/beltlamp.com\/no\/wp-json\/wp\/v2\/pages"}],"about":[{"href":"https:\/\/beltlamp.com\/no\/wp-json\/wp\/v2\/types\/page"}],"author":[{"embeddable":true,"href":"https:\/\/beltlamp.com\/no\/wp-json\/wp\/v2\/users\/9"}],"replies":[{"embeddable":true,"href":"https:\/\/beltlamp.com\/no\/wp-json\/wp\/v2\/comments?post=19454"}],"version-history":[{"count":0,"href":"https:\/\/beltlamp.com\/no\/wp-json\/wp\/v2\/pages\/19454\/revisions"}],"wp:attachment":[{"href":"https:\/\/beltlamp.com\/no\/wp-json\/wp\/v2\/media?parent=19454"}],"curies":[{"name":"wp","href":"https:\/\/api.w.org\/{rel}","templated":true}]}}