{"id":23584,"date":"2022-10-17T15:22:44","date_gmt":"2022-10-17T13:22:44","guid":{"rendered":"https:\/\/beltlamp.com\/?page_id=23584"},"modified":"2025-12-16T22:19:03","modified_gmt":"2025-12-16T21:19:03","slug":"mer-info","status":"publish","type":"page","link":"https:\/\/beltlamp.com\/no\/mer-info\/","title":{"rendered":"Mer info"},"content":{"rendered":"<p>[et_pb_section fb_built=&raquo;1&#8243; _builder_version=&raquo;4.7.4&#8243; _module_preset=&raquo;default&raquo; background_image=&raquo;https:\/\/beltlamp.com\/wp-content\/uploads\/2018\/01\/bg_u.jpg&raquo; custom_margin=&raquo;||9px|||&raquo; custom_padding=&raquo;64px||64px||true|&raquo; global_colors_info=&raquo;{}&raquo;][et_pb_row _builder_version=&raquo;4.7.4&#8243; _module_preset=&raquo;default&raquo; custom_padding=&raquo;||0px|||&raquo; global_colors_info=&raquo;{}&raquo;][et_pb_column type=&raquo;4_4&#8243; _builder_version=&raquo;4.7.4&#8243; _module_preset=&raquo;default&raquo; global_colors_info=&raquo;{}&raquo;][et_pb_text _builder_version=&raquo;4.13.0&#8243; _module_preset=&raquo;default&raquo; header_font=&raquo;|600||||||#ffffff|&raquo; header_text_color=&raquo;#ffffff&raquo; header_font_size=&raquo;56px&raquo; header_font_size_tablet=&raquo;&raquo; header_font_size_phone=&raquo;34px&raquo; header_font_size_last_edited=&raquo;on|phone&raquo; global_colors_info=&raquo;{}&raquo;]<\/p>\n<h1 style=\"text-align: center;\"><strong>HIKEBEAM BELTELYKT<br \/>MER BILDER\/INFO<\/strong><\/h1>\n<p>[\/et_pb_text][\/et_pb_column][\/et_pb_row][\/et_pb_section][et_pb_section fb_built=&raquo;1&#8243; admin_label=&raquo;section&raquo; _builder_version=&raquo;4.13.0&#8243; background_color=&raquo;#f1eee9&#8243; custom_padding=&raquo;4px||4px||true|&raquo; global_colors_info=&raquo;{}&raquo;][et_pb_row column_structure=&raquo;1_2,1_2&#8243; _builder_version=&raquo;4.13.0&#8243; _module_preset=&raquo;default&raquo; min_height=&raquo;1027px&raquo; custom_margin=&raquo;5px|auto||auto|false|false&raquo; custom_padding=&raquo;11px||2px|||&raquo; saved_tabs=&raquo;all&raquo; global_colors_info=&raquo;{}&raquo;][et_pb_column type=&raquo;1_2&#8243; _builder_version=&raquo;4.7.4&#8243; _module_preset=&raquo;default&raquo; global_colors_info=&raquo;{}&raquo;][et_pb_text _builder_version=&raquo;4.13.0&#8243; _module_preset=&raquo;default&raquo; min_height=&raquo;74px&raquo; custom_margin=&raquo;||4px|||&raquo; custom_padding=&raquo;22px||1px|||&raquo; global_colors_info=&raquo;{}&raquo;]<\/p>\n<h4 style=\"text-align: center;\"><strong style=\"font-size: 18px;\">BEHAGELIG LYKT &#8211; UTEN BLENDING!<br \/><\/strong><strong style=\"font-size: 18px;\">Bildet: Tre m\/Hikebeam, \u00e9n bakerst m\/hodelykt.<\/strong><\/h4>\n<p><strong style=\"font-size: 18px;\"><\/strong><\/p>\n<p>[\/et_pb_text][et_pb_image src=&raquo;https:\/\/beltlamp.com\/wp-content\/uploads\/2022\/10\/20221009_193638.jpg&raquo; title_text=&raquo;20221009_193638&#8243; _builder_version=&raquo;4.13.0&#8243; _module_preset=&raquo;default&raquo; custom_margin=&raquo;||21px|||&raquo; global_colors_info=&raquo;{}&raquo;][\/et_pb_image][et_pb_text _builder_version=&raquo;4.13.0&#8243; _module_preset=&raquo;default&raquo; min_height=&raquo;91px&raquo; custom_margin=&raquo;||4px|||&raquo; custom_padding=&raquo;22px||0px|||&raquo; global_colors_info=&raquo;{}&raquo;]<\/p>\n<h4 style=\"text-align: center;\"><strong style=\"font-size: 18px;\"><\/strong><\/h4>\n<h4 style=\"text-align: center;\"><strong style=\"font-size: 18px;\"><\/strong><\/h4>\n<h4 style=\"text-align: center;\"><strong style=\"font-size: 18px;\">A: KORT TUR, INNEBYGD BATTERI<\/strong><br \/>1 time m\/full lysstyrke,<em> mye lenger med svakere styrke.<br \/>(6 lystrinn). USB lading. Utmerket som lommelykt.<\/em><strong style=\"font-size: 18px;\"><\/strong><\/h4>\n<p><strong style=\"font-size: 18px;\"><em><\/em><\/strong><\/p>\n<p>[\/et_pb_text][et_pb_image src=&raquo;https:\/\/beltlamp.com\/wp-content\/uploads\/2022\/08\/Lykt_i_belte_web.jpg&raquo; title_text=&raquo;Lykt_i_belte_web&raquo; _builder_version=&raquo;4.13.0&#8243; _module_preset=&raquo;default&raquo; custom_margin=&raquo;||21px|||&raquo; global_colors_info=&raquo;{}&raquo;][\/et_pb_image][et_pb_text _builder_version=&raquo;4.13.0&#8243; _module_preset=&raquo;default&raquo; custom_margin=&raquo;||4px|||&raquo; custom_padding=&raquo;7px||0px|||&raquo; global_colors_info=&raquo;{}&raquo;]<\/p>\n<h4 style=\"text-align: center;\"><\/h4>\n<h4 style=\"text-align: center;\"><strong style=\"font-size: 18px;\">B: 6 TIMER MED POWERBANK, FULL LYSSTYRKE<\/strong><strong>.<\/strong> (<em>5000 mAh, kun 100 g, USB, inkl.) Powerbanken kan ev. ligge i lomme eller sekk. Str\u00f8mreserve for mobil etc. (10.000 mAh finnes. Mulighet for ekstra powerbanker<\/em><em>.)<\/em><strong style=\"font-size: 18px;\"><\/strong><\/h4>\n<p><strong style=\"font-size: 18px;\"><em><\/em><\/strong><\/p>\n<p>[\/et_pb_text][et_pb_image src=&raquo;https:\/\/beltlamp.com\/wp-content\/uploads\/2022\/08\/Lykt_med_powerbank_web.jpg&raquo; title_text=&raquo;Lykt_med_powerbank_web&raquo; _builder_version=&raquo;4.13.0&#8243; _module_preset=&raquo;default&raquo; global_colors_info=&raquo;{}&raquo;][\/et_pb_image][\/et_pb_column][et_pb_column type=&raquo;1_2&#8243; _builder_version=&raquo;4.13.0&#8243; _module_preset=&raquo;default&raquo; custom_padding=&raquo;11px||||false|false&raquo; global_colors_info=&raquo;{}&raquo;][et_pb_text _builder_version=&raquo;4.13.0&#8243; _module_preset=&raquo;default&raquo; text_font_size=&raquo;18px&raquo; text_line_height=&raquo;1.4em&raquo; custom_margin=&raquo;||-1px|||&raquo; custom_padding=&raquo;13px||10px|||&raquo; global_colors_info=&raquo;{}&raquo;]<\/p>\n<h4 style=\"text-align: left;\"><strong style=\"font-size: 18px;\"><\/strong><\/h4>\n<h4 style=\"text-align: left;\"><strong style=\"font-size: 18px;\"><\/strong><\/h4>\n<h4 style=\"text-align: left;\"><strong style=\"font-size: 18px;\">EN REKKE MED SUPERLATIVER!<\/strong><span style=\"color: #0a0a0a;\"><\/span><\/h4>\n<h4 style=\"text-align: left;\"><strong style=\"font-size: 18px;\">&laquo;Hikebeam beltelykt er den beste og mest praktiske lykt n\u00e5r jeg g\u00e5r tur med hunden p\u00e5 fjellet og i skogen, p\u00e5 stier og veier. Har i mange \u00e5r pr\u00f8vd forskjellige hodelykter, men n\u00e5 med Hikebeam gleder jeg meg til kveldsturene og f\u00f8ler meg trygg. Man kunne hente fram en rekke med superlativer. Jeg vil bare si: L\u00f8p og kj\u00f8p!!&raquo;<\/strong><strong style=\"font-size: 18px;\"><\/strong><\/h4>\n<h4 style=\"text-align: left;\"><span style=\"color: #0a0a0a;\"><em>(G\u00f8ril Helene Haukeb\u00f8, Molde)<\/em><\/span><\/h4>\n<h4 style=\"text-align: center;\"><span style=\"font-size: 18px; text-decoration-line: underline;\"><strong style=\"font-size: 18px; text-align: center; color: #3366ff;\"><\/strong><\/span><\/h4>\n<h4 style=\"text-align: center;\"><span style=\"font-size: 18px; text-decoration-line: underline;\"><strong style=\"font-size: 18px; text-align: center; color: #3366ff;\"><\/strong><\/span><\/h4>\n<h4 style=\"text-align: center;\"><span style=\"font-size: 18px; text-decoration-line: underline;\"><strong style=\"font-size: 18px; text-align: center; color: #3366ff;\"><\/strong><\/span><\/h4>\n<h4 style=\"text-align: center;\"><span style=\"font-size: 18px; text-decoration-line: underline;\"><strong style=\"font-size: 18px; text-align: center; color: #3366ff;\"><\/strong><\/span><\/h4>\n<h4 style=\"text-align: center;\"><span style=\"font-size: 18px; text-decoration-line: underline;\"><strong style=\"font-size: 18px; text-align: center; color: #3366ff;\"><\/strong><\/span><\/h4>\n<h4 style=\"text-align: center;\"><span style=\"font-size: 18px; text-decoration-line: underline;\"><strong style=\"font-size: 18px; text-align: center; color: #3366ff;\"><\/strong><\/span><\/h4>\n<h4 style=\"text-align: center;\"><strong style=\"font-size: 18px; color: #3366ff;\"><a href=\"https:\/\/beltlamp.com\/no\/erfaringer-med-hikebeam\/\" style=\"color: #3366ff;\">KOMMENTARER<br \/>OM ERFARINGER OG ENKELTE TESTER<\/a><\/strong><\/h4>\n<h4 style=\"text-align: left;\"><strong style=\"font-size: 18px;\"><\/strong><\/h4>\n<p style=\"text-align: center;\"><span style=\"color: #3366ff;\"><span style=\"text-decoration: underline;\"><strong><\/strong><\/span><\/span><\/p>\n<p>[\/et_pb_text][et_pb_text _builder_version=&raquo;4.13.0&#8243; _module_preset=&raquo;default&raquo; text_font_size=&raquo;18px&raquo; text_line_height=&raquo;1.4em&raquo; min_height=&raquo;163.6px&raquo; custom_margin=&raquo;||9px|||&raquo; custom_padding=&raquo;5px||0px|||&raquo; global_colors_info=&raquo;{}&raquo;]<\/p>\n<p style=\"text-align: center;\"><em style=\"font-size: 18px;\"><strong><\/strong><\/em><\/p>\n<p style=\"text-align: center;\"><em style=\"font-size: 18px;\"><strong><\/strong><\/em><\/p>\n<p style=\"text-align: center;\"><em style=\"font-size: 18px;\"><strong>Klikk for mer<\/strong><span style=\"color: #00ccff;\">\u00a0<span style=\"text-decoration-line: underline;\"><span style=\"color: #3366ff;\"><a href=\"https:\/\/beltlamp.com\/no\/respons-fra-brukere\/\" style=\"color: #3366ff;\"><strong>RESPONS<\/strong><\/a><\/span><\/span><\/span><\/em><span style=\"font-size: 18px; text-decoration-line: underline;\"><span style=\"font-size: 18px;\">\u00a0<\/span><\/span><em style=\"font-size: 18px;\"><strong>fra mange turfolk.<\/strong><\/em><\/p>\n<h4 style=\"text-align: left;\"><em><span style=\"color: #262626;\"><\/span><\/em><\/h4>\n<h4 style=\"text-align: left;\"><em style=\"font-size: 18px;\"><strong><\/strong><\/em><\/h4>\n<h4 style=\"text-align: left;\"><em><span style=\"color: #262626;\"><\/span><\/em><\/h4>\n<h4 style=\"text-align: left;\"><em style=\"font-size: 18px;\"><strong><\/strong><\/em><\/h4>\n<h4 style=\"text-align: left;\"><em><span style=\"color: #262626;\"><\/span><\/em><\/h4>\n<h4 style=\"text-align: left;\"><em style=\"font-size: 18px;\"><strong><br \/><\/strong><\/em><em><span style=\"color: #262626;\">&laquo;Hei! Gjennom mer enn 40 \u00e5r har firmaet &laquo;OPTIKEREN&raquo; i Sola v\u00e6rt drevet med \u00f8nske om \u00e5 gi folk en god synsopplevelse. Hikebeam beltelykt gir n\u00e5 en behagelig og god synsopplevelse til mange som er ute og g\u00e5r i m\u00f8rke, p\u00e5 korte eller lengre turer.<\/span><\/em><\/h4>\n<h4 style=\"text-align: left;\"><em><span style=\"color: #262626;\"><\/span><\/em><\/h4>\n<h4 style=\"text-align: left;\"><em style=\"font-size: 18px;\"><span style=\"color: #262626;\">Beltlamp AS drives i felles lokaler med OPTIKEREN, i Sola sentrum. Vi tar hvert salg i nettbutikken, og eventuell oppf\u00f8lging, like seri\u00f8st som de som kommer innom oss for synstest og briller. <strong>Ta kontakt hvis du har noe p\u00e5\u00a0 hjertet! Mail: <a href=\"mailto:post@beltlamp.com\">post@beltlamp.com<\/a> eller ring 930 81 955 (man &#8211; fre, 10 &#8211; 17)<\/strong> <strong>for sp\u00f8rsm\u00e5l, kommentar, lykteprat eller ev. reklamasjon!<\/strong><\/span><\/em><\/h4>\n<h4><em style=\"font-size: 18px;\"><span style=\"color: #0f0f0f;\">Vennlig hilsen, optiker Rolf Myrland<\/span><\/em><strong style=\"font-size: 18px;\">\u00a0 \u00a0<span style=\"color: #2b6fe5;\"><a href=\"http:\/\/www.optikeren.no\" style=\"color: #2b6fe5;\">www.optikeren.no<\/a><\/span><\/strong><strong style=\"font-size: 18px;\"><\/strong><\/h4>\n<h4><span style=\"color: #262626;\"><\/span><\/h4>\n<p><span style=\"color: #262626;\"><\/span><\/p>\n<h3 style=\"text-align: center;\"><strong style=\"font-size: 18px;\"><\/strong><\/h3>\n<h3 style=\"text-align: center;\"><strong style=\"font-size: 18px;\"><\/strong><\/h3>\n<h3 style=\"text-align: center;\"><strong style=\"font-size: 18px;\"><\/strong><\/h3>\n<h3 style=\"text-align: center;\"><strong style=\"color: #367000; font-size: 22px;\"><\/strong><\/h3>\n<h3 style=\"text-align: center;\"><strong style=\"color: #367000; font-size: 22px;\"><\/strong><\/h3>\n<h3 style=\"text-align: center;\"><strong style=\"color: #367000; font-size: 22px;\">Ikke press mot hodet, ikke problem med lue\/hette el.l. B<\/strong><strong style=\"color: #367000; font-size: 22px;\">eltelykt gir bare utrolig godt lys og mange andre fordeler!<\/strong><\/h3>\n<h3 style=\"text-align: center;\"><strong style=\"color: #367000; font-size: 22px;\"><\/strong><\/h3>\n<p><strong style=\"font-size: 18px;\"><span style=\"color: #2b6fe5;\"><\/span><\/strong><\/p>\n<p>[\/et_pb_text][\/et_pb_column][\/et_pb_row][\/et_pb_section][et_pb_section fb_built=&raquo;1&#8243; _builder_version=&raquo;4.7.4&#8243; _module_preset=&raquo;default&raquo; background_color=&raquo;#F0EDE9&#8243; custom_padding=&raquo;0px||0px|||&raquo; global_colors_info=&raquo;{}&raquo;][et_pb_row use_custom_gutter=&raquo;on&raquo; gutter_width=&raquo;1&#8243; _builder_version=&raquo;4.7.4&#8243; _module_preset=&raquo;default&raquo; width=&raquo;100%&raquo; max_width=&raquo;100%&raquo; custom_padding=&raquo;29px||16px|||&raquo; global_colors_info=&raquo;{}&raquo;][et_pb_column type=&raquo;4_4&#8243; _builder_version=&raquo;4.7.4&#8243; _module_preset=&raquo;default&raquo; global_colors_info=&raquo;{}&raquo;][et_pb_text _builder_version=&raquo;4.13.0&#8243; _module_preset=&raquo;default&raquo; custom_padding=&raquo;43px||0px|0px||&raquo; global_colors_info=&raquo;{}&raquo;]<\/p>\n<h3 style=\"text-align: center;\"><strong style=\"font-size: 22px; color: #0a0a0a;\"><\/strong><\/h3>\n<h3 style=\"text-align: center;\"><strong style=\"font-size: 22px; color: #0a0a0a;\">Lykt i HODELYKT-POSISJON gir matt, sl\u00f8ret belysning, lite kontrast og begrenset lyssone.<\/strong><\/h3>\n<h3 style=\"text-align: center;\"><span style=\"color: #0a0a0a;\"><strong>Lykt i BELTE-POSISJON gir klare detaljer, \u00f8kt effekt og renere farger. Enorm forskjell i t\u00e5ke.<\/strong><\/span><\/h3>\n<h3 style=\"text-align: center;\"><span style=\"color: #0a0a0a;\"><strong>Klikk p\u00e5 bildene under for forst\u00f8rrelse!<\/strong><\/span><\/h3>\n<h3 style=\"text-align: center;\"><\/h3>\n<h3 style=\"text-align: center;\"><strong><em><span style=\"color: #0a0a0a;\"><\/span><\/em><\/strong><\/h3>\n<p><strong><\/strong><\/p>\n<p style=\"text-align: center;\">\n<p>[\/et_pb_text][et_pb_gallery gallery_ids=&raquo;14825,14859,14820,4989,6085,14849,14854,6226&#8243; posts_number=&raquo;8&#8243; show_title_and_caption=&raquo;off&raquo; show_pagination=&raquo;off&raquo; zoom_icon_color=&raquo;rgba(0,0,0,0)&raquo; hover_overlay_color=&raquo;rgba(32,39,30,0.45)&raquo; disabled_on=&raquo;off|off|off&raquo; _builder_version=&raquo;4.9.6&#8243; _module_preset=&raquo;default&raquo; max_width=&raquo;100%&raquo; global_colors_info=&raquo;{}&raquo;][\/et_pb_gallery][et_pb_text _builder_version=&raquo;4.13.0&#8243; _module_preset=&raquo;default&raquo; custom_padding=&raquo;3px||0px|0px||&raquo; global_colors_info=&raquo;{}&raquo;]<\/p>\n<p>\u00a0 \u00a0<em style=\"font-size: 26px;\"><\/em><\/p>\n<p><em style=\"font-size: 26px;\"><\/em><\/p>\n<h5 style=\"text-align: center;\"><em><span style=\"font-size: 22px;\">Bildene v\u00e5re er tatt med mobilkamera, lysf\u00f8lsomhet p\u00e5 auto, og viser tiln\u00e6rmet opplevde lys- og synsforhold.\u00a0<\/span><\/em><\/h5>\n<h3 style=\"text-align: center;\"><strong style=\"font-size: 26px; color: #595959;\"><\/strong><\/h3>\n<h2 style=\"text-align: center;\"><strong style=\"font-size: 26px; color: #2b2b2b;\"><\/strong><\/h2>\n<h2 style=\"text-align: center;\"><strong style=\"font-size: 26px; color: #2b2b2b;\">HIKEBEAM <\/strong><span style=\"font-size: 26px; color: #2b2b2b;\">(HIKE=<\/span><strong style=\"font-size: 26px; color: #2b2b2b;\">fottur<\/strong><span style=\"font-size: 26px; color: #2b2b2b;\">\/BEAM=<\/span><strong style=\"font-size: 26px; color: #2b2b2b;\">lysstr\u00e5le<\/strong><span style=\"font-size: 26px; color: #2b2b2b;\">):<\/span><strong style=\"font-size: 26px; color: #2b2b2b;\"> Ideell lykt for vandring &#8211; <\/strong><strong style=\"font-size: 26px; color: #2b2b2b;\">p\u00e5 fjelltur, skogstur, kveldstur, hyttetur,<br \/><\/strong><strong style=\"color: #2b2b2b; font-size: 26px;\">morgentur, vennetur, familietur, telttur, utenlandstur, strandtur, tilsyn av eiendom\/dyr, s\u00f8k og redning osv.\u00a0<\/strong><\/h2>\n<h2 style=\"text-align: center;\"><strong style=\"color: #0f0f0f; font-size: 26px;\"><\/strong><\/h2>\n<h2 style=\"text-align: center;\"><strong style=\"color: #0f0f0f; font-size: 26px;\">UTMERKET OGS\u00c5 <\/strong><strong style=\"color: #0f0f0f; font-size: 26px;\">SOM LOMMELYKT, spotlight\/arbeidslys og innelys (telt\/hytte, 6 lystrinn),<br \/>for beredskap &#8211; ved str\u00f8mbrudd etc., ogs\u00e5 meget god lyskilde for fotografering ute p\u00e5 tur.<\/strong><\/h2>\n<h3 style=\"text-align: center;\"><span style=\"color: #595959;\"><strong><\/strong><\/span><\/h3>\n<h3 style=\"text-align: center;\"><span style=\"color: #595959;\"><strong><\/strong><\/span><\/h3>\n<h2 style=\"text-align: center;\"><span style=\"color: #191919;\"><strong>HIKEBEAM selges komplett med USB powerbank, belte, beltelomme for powerbank, ledning etc.<br \/><\/strong><\/span><\/h2>\n<h2 style=\"text-align: center;\"><em><span style=\"color: #191919;\">(Powerbanken er p\u00e5 st\u00f8rrelse med et bankkort, 5000 mAh, vekt 100 gram, ev. str\u00f8mreserve for mobil etc.)<\/span><\/em><\/h2>\n<h2 style=\"text-align: center;\"><span style=\"color: #191919;\"><\/span><\/h2>\n<h3 style=\"text-align: center;\"><span style=\"color: #191919;\"><strong><\/strong><\/span><\/h3>\n<h2 style=\"text-align: center;\"><span style=\"color: #000000;\"><strong><\/strong><\/span><\/h2>\n<p><em><span style=\"color: #000000;\"><\/span><\/em><\/p>\n<p>[\/et_pb_text][\/et_pb_column][\/et_pb_row][et_pb_row column_structure=&raquo;1_2,1_2&#8243; use_custom_gutter=&raquo;on&raquo; gutter_width=&raquo;2&#8243; _builder_version=&raquo;4.9.4&#8243; _module_preset=&raquo;default&raquo; custom_padding=&raquo;21px||21px||true|&raquo; global_colors_info=&raquo;{}&raquo;][et_pb_column type=&raquo;1_2&#8243; _builder_version=&raquo;4.9.4&#8243; _module_preset=&raquo;default&raquo; global_colors_info=&raquo;{}&raquo;][et_pb_text _builder_version=&raquo;4.13.0&#8243; _module_preset=&raquo;default&raquo; custom_margin=&raquo;||-11px|||&raquo; custom_padding=&raquo;||0px|||&raquo; global_colors_info=&raquo;{}&raquo;]<\/p>\n<h4 style=\"text-align: center;\"><strong>LYS N\u00c6R F\u00d8TTENE, UT TIL SIDENE OG LANGT FRAM!<br \/><\/strong><em>Plassering og design har mer effekt enn flere lumen!<\/em><\/h4>\n<p>[\/et_pb_text][et_pb_image src=&raquo;https:\/\/beltlamp.com\/wp-content\/uploads\/2021\/05\/forskjell-1.png&raquo; title_text=&raquo;forskjell-1&#8243; _builder_version=&raquo;4.11.0&#8243; _module_preset=&raquo;default&raquo; custom_padding=&raquo;2px|||||&raquo; global_colors_info=&raquo;{}&raquo;][\/et_pb_image][\/et_pb_column][et_pb_column type=&raquo;1_2&#8243; _builder_version=&raquo;4.9.4&#8243; _module_preset=&raquo;default&raquo; global_colors_info=&raquo;{}&raquo;][et_pb_text _builder_version=&raquo;4.13.0&#8243; _module_preset=&raquo;default&raquo; min_height=&raquo;26px&raquo; custom_margin=&raquo;||-8px|||&raquo; custom_padding=&raquo;||0px|||&raquo; global_colors_info=&raquo;{}&raquo;]<\/p>\n<h4 style=\"text-align: center;\"><strong>MINIMAL FORSTYRRELSE AV DIS\/\u00c5NDE ETC.\u00a0<\/strong><em><br \/><\/em><em>Festepunktet gj\u00f8r at man ikke lyser rett inn i dis\/nedb\u00f8r.<\/em><\/h4>\n<p>[\/et_pb_text][et_pb_image src=&raquo;https:\/\/beltlamp.com\/wp-content\/uploads\/2021\/05\/forskjell-2-1.png&raquo; title_text=&raquo;forskjell-2&#8243; _builder_version=&raquo;4.9.4&#8243; _module_preset=&raquo;default&raquo; custom_padding=&raquo;0px|||||&raquo; global_colors_info=&raquo;{}&raquo;][\/et_pb_image][\/et_pb_column][\/et_pb_row][et_pb_row use_custom_gutter=&raquo;on&raquo; gutter_width=&raquo;1&#8243; _builder_version=&raquo;4.7.4&#8243; _module_preset=&raquo;default&raquo; width=&raquo;100%&raquo; max_width=&raquo;100%&raquo; custom_padding=&raquo;11px||0px|||&raquo; global_colors_info=&raquo;{}&raquo;][et_pb_column type=&raquo;4_4&#8243; _builder_version=&raquo;4.7.4&#8243; _module_preset=&raquo;default&raquo; global_colors_info=&raquo;{}&raquo;][et_pb_text _builder_version=&raquo;4.13.0&#8243; _module_preset=&raquo;default&raquo; custom_padding=&raquo;3px||0px|0px||&raquo; global_colors_info=&raquo;{}&raquo;]<\/p>\n<p style=\"text-align: center;\"><strong><em style=\"font-size: 26px;\"><\/em><\/strong><\/p>\n<h3 style=\"text-align: center;\"><span style=\"color: #0a0a0a;\"><span style=\"font-size: 26px;\"><\/span><\/span><\/h3>\n<h3 style=\"text-align: center;\"><span style=\"color: #0a0a0a;\"><span style=\"font-size: 26px;\"><\/span><\/span><\/h3>\n<h3 style=\"text-align: center;\"><span style=\"color: #0a0a0a;\"><span style=\"font-size: 26px;\">Av de som har kj\u00f8pt<em>\u00a0Hikebeam<\/em> for tiltenkt bruk, har knapt noen gitt negativ <\/span><span style=\"font-size: 26px;\">tilbakemelding<br \/><\/span><\/span><span style=\"color: #0a0a0a;\"><span style=\"font-size: 26px;\">eller returnert lykten. <\/span><\/span><span style=\"font-size: 26px; color: #2d2d2d;\">N\u00e6r sagt alle som bruker den etter hensikten<\/span><span style=\"font-size: 26px; color: #2d2d2d;\">, <\/span><span style=\"font-size: 26px; color: #2d2d2d;\">er kjempeforn\u00f8yde! Det vil si: for<br \/>vandring, med lykten festet p\u00e5 beltespennen, passe h\u00f8yt p\u00e5 kroppen, p\u00e5 sekkebelte el. l. Ikke alle liker den for l\u00f8ping.<br \/><\/span><\/h3>\n<h3 style=\"text-align: center;\"><span style=\"font-size: 26px;\"><\/span><\/h3>\n<h3 style=\"text-align: center;\"><span style=\"font-size: 26px; color: #2d2d2d;\"><\/span><\/h3>\n<h3 style=\"text-align: center;\"><span style=\"font-size: 26px; color: #2d2d2d;\"><strong><\/strong><\/span><\/h3>\n<h3 style=\"text-align: center;\"><span style=\"font-size: 26px; color: #2d2d2d;\"><strong>HIKEBEAM, KOMPLETT MED ALT TILBEH\u00d8R: <span style=\"color: #e02b20;\">\u00a0Kr. 1.450,-<\/span><\/strong><\/span><\/h3>\n<h3 style=\"text-align: center;\"><span style=\"color: #444444;\"><\/span><\/h3>\n<h2 style=\"text-align: center;\"><strong style=\"font-size: 26px; text-align: center; color: #2d2d2d;\"><em><\/em><\/strong><\/h2>\n<h2 style=\"text-align: center;\"><strong style=\"color: #a04200; font-size: 26px;\">BEDRE UTETID I M\u00d8RKE MED HIKEBEAM! Bestill trygt i nettbutikken &#8211; full returrett i 1 mnd.<br \/><\/strong><strong style=\"color: #a04200; font-size: 26px;\">Sp\u00f8rsm\u00e5l, kommentar\/lykteprat, eller eventuelt reklamasjon? Ta kontakt:<\/strong><\/h2>\n<h2 style=\"text-align: center;\"><span style=\"color: #a04200;\"><strong><span style=\"color: #0b51c1;\"><a href=\"mailto:post@beltlamp.com\" style=\"color: #0b51c1; text-decoration: underline;\">post@beltlamp.com<\/a><\/span> eller ring 930 81 955 (10 -17, man &#8211; fre).<\/strong><\/span><\/h2>\n<h2 style=\"text-align: center;\"><span style=\"color: #000000;\"><strong><\/strong><\/span><\/h2>\n<h2 style=\"text-align: center;\"><span style=\"color: #000000;\"><strong><\/strong><\/span><\/h2>\n<h2 style=\"text-align: center;\"><span style=\"color: #000000;\"><strong><\/strong><\/span><\/h2>\n<h2 style=\"text-align: center;\"><span style=\"color: #000000;\"><strong>Flere sammen p\u00e5 tur &#8211; lys mot bakken og framover, uten blending! <\/strong>(Se bildet under.)<\/span><\/h2>\n<p>[\/et_pb_text][et_pb_image src=&raquo;https:\/\/beltlamp.com\/wp-content\/uploads\/2022\/08\/20200916_203913-scaled.jpg&raquo; title_text=&raquo;20200916_203913&#8243; _builder_version=&raquo;4.13.0&#8243; _module_preset=&raquo;default&raquo; global_colors_info=&raquo;{}&raquo;][\/et_pb_image][\/et_pb_column][\/et_pb_row][\/et_pb_section]<\/p>\n","protected":false},"excerpt":{"rendered":"<p>HIKEBEAM BELTELYKTMER BILDER\/INFOBEHAGELIG LYKT &#8211; UTEN BLENDING!Bildet: Tre m\/Hikebeam, \u00e9n bakerst m\/hodelykt. A: KORT TUR, INNEBYGD BATTERI1 time m\/full lysstyrke, mye lenger med svakere styrke.(6 lystrinn). USB lading. Utmerket som lommelykt. B: 6 TIMER MED POWERBANK, FULL LYSSTYRKE. (5000 mAh, kun 100 g, USB, inkl.) Powerbanken kan ev. ligge i lomme eller sekk. Str\u00f8mreserve for [&hellip;]<\/p>\n","protected":false},"author":9,"featured_media":0,"parent":0,"menu_order":0,"comment_status":"closed","ping_status":"closed","template":"","meta":{"_et_pb_use_builder":"on","_et_pb_old_content":"","_et_gb_content_width":"","om_disable_all_campaigns":false,"_monsterinsights_skip_tracking":false,"_monsterinsights_sitenote_active":false,"_monsterinsights_sitenote_note":"","_monsterinsights_sitenote_category":0,"_uf_show_specific_survey":0,"_uf_disable_surveys":false,"footnotes":""},"class_list":["post-23584","page","type-page","status-publish","hentry"],"aioseo_notices":[],"_links":{"self":[{"href":"https:\/\/beltlamp.com\/no\/wp-json\/wp\/v2\/pages\/23584","targetHints":{"allow":["GET"]}}],"collection":[{"href":"https:\/\/beltlamp.com\/no\/wp-json\/wp\/v2\/pages"}],"about":[{"href":"https:\/\/beltlamp.com\/no\/wp-json\/wp\/v2\/types\/page"}],"author":[{"embeddable":true,"href":"https:\/\/beltlamp.com\/no\/wp-json\/wp\/v2\/users\/9"}],"replies":[{"embeddable":true,"href":"https:\/\/beltlamp.com\/no\/wp-json\/wp\/v2\/comments?post=23584"}],"version-history":[{"count":2,"href":"https:\/\/beltlamp.com\/no\/wp-json\/wp\/v2\/pages\/23584\/revisions"}],"predecessor-version":[{"id":28582,"href":"https:\/\/beltlamp.com\/no\/wp-json\/wp\/v2\/pages\/23584\/revisions\/28582"}],"wp:attachment":[{"href":"https:\/\/beltlamp.com\/no\/wp-json\/wp\/v2\/media?parent=23584"}],"curies":[{"name":"wp","href":"https:\/\/api.w.org\/{rel}","templated":true}]}}