{"id":25225,"date":"2023-04-17T14:40:11","date_gmt":"2023-04-17T12:40:11","guid":{"rendered":"https:\/\/beltlamp.com\/?page_id=25225"},"modified":"2025-05-21T12:36:23","modified_gmt":"2025-05-21T10:36:23","slug":"investering-i-hikebeam","status":"publish","type":"page","link":"https:\/\/beltlamp.com\/no\/investering-i-hikebeam\/","title":{"rendered":"Investering i Hikebeam"},"content":{"rendered":"<p>[et_pb_section fb_built=&raquo;1&#8243; _builder_version=&raquo;4.13.0&#8243; _module_preset=&raquo;default&raquo; global_colors_info=&raquo;{}&raquo;][et_pb_row _builder_version=&raquo;4.13.0&#8243; _module_preset=&raquo;default&raquo; global_colors_info=&raquo;{}&raquo;][et_pb_column type=&raquo;4_4&#8243; _builder_version=&raquo;4.13.0&#8243; _module_preset=&raquo;default&raquo; global_colors_info=&raquo;{}&raquo;][et_pb_text _builder_version=&raquo;4.13.0&#8243; _module_preset=&raquo;default&raquo; global_colors_info=&raquo;{}&raquo;]<\/p>\n<h2>INVESTERE I HIKEBEAM?<\/h2>\n<p>[\/et_pb_text][et_pb_text _builder_version=&raquo;4.13.0&#8243; _module_preset=&raquo;default&raquo; text_font_size=&raquo;17px&raquo; text_line_height=&raquo;1.8em&raquo; global_colors_info=&raquo;{}&raquo;]<\/p>\n<p>Hikebeam fra Beltlamp AS er en kvalitetslykt for turg\u00e5ing og friluftsliv. Den har enest\u00e5ende egenskaper: blender ikke dem man er sammen med eller m\u00f8ter, behagelig festem\u00e5te, gir lys i hele n\u00e6romr\u00e5det og langt fram \u2013 med tydelige kontraster, mye bedre sikt i t\u00e5ke, mange bruksm\u00e5ter og mange flere fordeler p\u00e5 grunn av b\u00e5de design og plassering!<\/p>\n<p>Det er n\u00e5 mange lykter ute i markedet \u2013 og vi h\u00f8rer bare positive signaler fra de som bruker den som tiltenkt. (Se RESPONS!) Dette vil vi gjerne satse videre p\u00e5 \u2013 for at stadig flere skal f\u00e5 gleden av en unik lykt. Den er oppfunnet og utviklet i Norge, og vi har rettigheter og eierskap til alt som knytter seg til produktet. Vi har som ambisjon \u00e5 yte den beste service og kundebehandling.<\/p>\n<p>Vi er klar for produksjon av ny vers<span style=\"font-size: 17px;\">jon, med US<\/span><span style=\"font-size: 17px;\">B-C og andre forbedringer! Vi vil \u00f8nske velkommen en investor som ser mulighetene i et unikt produkt med et enormt markedspotensiale, og at man ved \u00e5 satse her, over tid ogs\u00e5 kan oppn\u00e5 en pen gevinst. Alle aktuelle momenter i en slik sammenheng kan dr\u00f8ftes. Ta gjerne kontakt hvis du synes dette h\u00f8res spennende ut! Ring 930 81 955, eller mail oss: <\/span><span style=\"font-size: 17px;\"><a href=\"mailto:post@beltlamp.com\">post@beltlamp.com<\/a><\/span><\/p>\n<p>[\/et_pb_text][et_pb_text _builder_version=&raquo;4.13.0&#8243; _module_preset=&raquo;default&raquo; text_font_size=&raquo;17px&raquo; text_line_height=&raquo;1.8em&raquo; hover_enabled=&raquo;0&#8243; global_colors_info=&raquo;{}&raquo; sticky_enabled=&raquo;0&#8243;][\/et_pb_text][\/et_pb_column][\/et_pb_row][\/et_pb_section]<\/p>\n","protected":false},"excerpt":{"rendered":"<p>INVESTERE I HIKEBEAM?Hikebeam fra Beltlamp AS er en kvalitetslykt for turg\u00e5ing og friluftsliv. Den har enest\u00e5ende egenskaper: blender ikke dem man er sammen med eller m\u00f8ter, behagelig festem\u00e5te, gir lys i hele n\u00e6romr\u00e5det og langt fram \u2013 med tydelige kontraster, mye bedre sikt i t\u00e5ke, mange bruksm\u00e5ter og mange flere fordeler p\u00e5 grunn av b\u00e5de [&hellip;]<\/p>\n","protected":false},"author":9,"featured_media":0,"parent":0,"menu_order":0,"comment_status":"closed","ping_status":"closed","template":"","meta":{"_et_pb_use_builder":"on","_et_pb_old_content":"","_et_gb_content_width":"","om_disable_all_campaigns":false,"_monsterinsights_skip_tracking":false,"_monsterinsights_sitenote_active":false,"_monsterinsights_sitenote_note":"","_monsterinsights_sitenote_category":0,"_uf_show_specific_survey":0,"_uf_disable_surveys":false,"footnotes":""},"class_list":["post-25225","page","type-page","status-publish","hentry"],"aioseo_notices":[],"_links":{"self":[{"href":"https:\/\/beltlamp.com\/no\/wp-json\/wp\/v2\/pages\/25225","targetHints":{"allow":["GET"]}}],"collection":[{"href":"https:\/\/beltlamp.com\/no\/wp-json\/wp\/v2\/pages"}],"about":[{"href":"https:\/\/beltlamp.com\/no\/wp-json\/wp\/v2\/types\/page"}],"author":[{"embeddable":true,"href":"https:\/\/beltlamp.com\/no\/wp-json\/wp\/v2\/users\/9"}],"replies":[{"embeddable":true,"href":"https:\/\/beltlamp.com\/no\/wp-json\/wp\/v2\/comments?post=25225"}],"version-history":[{"count":0,"href":"https:\/\/beltlamp.com\/no\/wp-json\/wp\/v2\/pages\/25225\/revisions"}],"wp:attachment":[{"href":"https:\/\/beltlamp.com\/no\/wp-json\/wp\/v2\/media?parent=25225"}],"curies":[{"name":"wp","href":"https:\/\/api.w.org\/{rel}","templated":true}]}}