{"id":8356,"date":"2020-05-29T12:23:07","date_gmt":"2020-05-29T10:23:07","guid":{"rendered":"https:\/\/beltlamp.com\/produkt\/hikebeam-by-beltlamp\/"},"modified":"2025-12-16T22:20:56","modified_gmt":"2025-12-16T21:20:56","slug":"hikebeam-by-beltlamp","status":"publish","type":"product","link":"https:\/\/beltlamp.com\/no\/produkt\/hikebeam-by-beltlamp\/","title":{"rendered":"HIKEBEAM &#8211; unik beltelykt!"},"content":{"rendered":"<p>[et_pb_section fb_built=&raquo;1&#8243; _builder_version=&raquo;3.22&#8243; custom_padding=&raquo;0px||||false|false&raquo; global_colors_info=&raquo;{}&raquo;][et_pb_row _builder_version=&raquo;3.25&#8243; background_size=&raquo;initial&raquo; background_position=&raquo;top_left&raquo; background_repeat=&raquo;repeat&raquo; width=&raquo;100%&raquo; custom_padding=&raquo;0px||0px||false|false&raquo; global_colors_info=&raquo;{}&raquo;][et_pb_column type=&raquo;4_4&#8243; _builder_version=&raquo;3.25&#8243; custom_padding=&raquo;|||&raquo; global_colors_info=&raquo;{}&raquo; custom_padding__hover=&raquo;|||&raquo;][et_pb_wc_breadcrumb _builder_version=&raquo;3.0.47&#8243; global_colors_info=&raquo;{}&raquo;][\/et_pb_wc_breadcrumb][et_pb_wc_cart_notice _builder_version=&raquo;3.0.47&#8243; global_colors_info=&raquo;{}&raquo;][\/et_pb_wc_cart_notice][\/et_pb_column][\/et_pb_row][et_pb_row column_structure=&raquo;1_2,1_2&#8243; _builder_version=&raquo;3.25&#8243; background_size=&raquo;initial&raquo; background_position=&raquo;top_left&raquo; background_repeat=&raquo;repeat&raquo; width=&raquo;100%&raquo; custom_padding=&raquo;0px||||false|false&raquo; global_colors_info=&raquo;{}&raquo;][et_pb_column type=&raquo;1_2&#8243; _builder_version=&raquo;3.25&#8243; custom_padding=&raquo;|||&raquo; global_colors_info=&raquo;{}&raquo; custom_padding__hover=&raquo;|||&raquo;][et_pb_wc_images _builder_version=&raquo;3.0.47&#8243; global_colors_info=&raquo;{}&raquo;][\/et_pb_wc_images][\/et_pb_column][et_pb_column type=&raquo;1_2&#8243; _builder_version=&raquo;3.25&#8243; custom_padding=&raquo;|||&raquo; global_colors_info=&raquo;{}&raquo; custom_padding__hover=&raquo;|||&raquo;][et_pb_wc_title _builder_version=&raquo;3.0.47&#8243; global_colors_info=&raquo;{}&raquo;][\/et_pb_wc_title][et_pb_wc_rating _builder_version=&raquo;3.0.47&#8243; global_colors_info=&raquo;{}&raquo;][\/et_pb_wc_rating][et_pb_wc_price _builder_version=&raquo;3.0.47&#8243; global_colors_info=&raquo;{}&raquo;][\/et_pb_wc_price][et_pb_wc_description _builder_version=&raquo;3.0.47&#8243; global_colors_info=&raquo;{}&raquo;][\/et_pb_wc_description][et_pb_wc_add_to_cart _builder_version=&raquo;3.0.47&#8243; global_colors_info=&raquo;{}&raquo;][\/et_pb_wc_add_to_cart][et_pb_wc_meta _builder_version=&raquo;3.0.47&#8243; global_colors_info=&raquo;{}&raquo;][\/et_pb_wc_meta][\/et_pb_column][\/et_pb_row][et_pb_row _builder_version=&raquo;3.25&#8243; background_size=&raquo;initial&raquo; background_position=&raquo;top_left&raquo; background_repeat=&raquo;repeat&raquo; width=&raquo;100%&raquo; global_colors_info=&raquo;{}&raquo;][et_pb_column type=&raquo;4_4&#8243; _builder_version=&raquo;3.25&#8243; custom_padding=&raquo;|||&raquo; global_colors_info=&raquo;{}&raquo; custom_padding__hover=&raquo;|||&raquo;][et_pb_wc_tabs _builder_version=&raquo;3.0.47&#8243; global_colors_info=&raquo;{}&raquo;] [\/et_pb_wc_tabs][et_pb_wc_upsells _builder_version=&raquo;3.0.47&#8243; global_colors_info=&raquo;{}&raquo;][\/et_pb_wc_upsells][et_pb_wc_related_products _builder_version=&raquo;3.0.47&#8243; global_colors_info=&raquo;{}&raquo;][\/et_pb_wc_related_products][\/et_pb_column][\/et_pb_row][\/et_pb_section]<\/p>\n","protected":false},"excerpt":{"rendered":"<h5><span style=\"color: #999999;\"><strong>Komplett pakke: HIKEBEAM BELTELYKT + powerbank (5000 mAh, 100g, USB), belte, ledning, batterilomme, beskyttelseshette, bruksanvisning. Sendes med Posten. Levering 2 &#8211; 5 dager. Til hentested eller til postkasse. Pris inkl. moms og frakt.<\/strong><\/span><\/h5>\n<p>&nbsp;<\/p>\n","protected":false},"featured_media":8086,"template":"","meta":{"_et_pb_use_builder":"on","_et_pb_old_content":"<strong>HIKEBEAM beltelykt lyser opp hele n\u00e6romr\u00e5det: ved f\u00f8ttene, ut til sidene og langt framover. Klare detaljer i terrenget. Blender ikke! Behagelig - f\u00f8les fj\u00e6rlett, festet p\u00e5 beltespennen! Ypperlig ogs\u00e5 som lommelykt og spotlight. Innvendig batteri for korte turer. Mer enn 6 timer p\u00e5 full styrke, n\u00e5r medf\u00f8lgende lett og kompakt powerbank (100g, USB) er koplet til. PS! Ekstra powerbank(er) (5000 eller 10.000 mAh), lette og kompakte, kan bestilles separat. Se nedenfor!<\/strong>\r\n\r\n<em><strong>Hikebeam gir behagelig friluftsliv i m\u00f8rke! Bestill en bedre turlykt n\u00e5! Full returrett i 1 mnd. <\/strong><\/em><strong><em>Sp\u00f8rsm\u00e5l \/ reklamasjon \/ andre henv.: shop@beltlamp.com, eller ring 93 08 19 55\u00a0 (10 - 17, man - fre). Ta kontakt - alltid rask oppf\u00f8lging av henvendelser eller sp\u00f8rsm\u00e5l! Ved produktfeil eller mangler, sender vi nytt samme eller neste virkedag.<\/em>\u00a0 \u00a0<\/strong>\r\n\r\n<strong>N\u00c5 TILBUDSPRIS P\u00c5 EKSTRA POWERBANK (USB, h\u00f8y kvalitet). Se nedenfor. Priser inkl. moms. Tillegg kr. 75,- for ordre under kr. 800,-.<\/strong>","_et_gb_content_width":"","om_disable_all_campaigns":false,"_monsterinsights_skip_tracking":false,"_monsterinsights_sitenote_active":false,"_monsterinsights_sitenote_note":"","_monsterinsights_sitenote_category":0,"_uf_show_specific_survey":0,"_uf_disable_surveys":false},"product_brand":[],"product_cat":[40],"product_tag":[],"class_list":{"0":"post-8356","1":"product","2":"type-product","3":"status-publish","4":"has-post-thumbnail","6":"product_cat-beltlamp-no","8":"first","9":"instock","10":"featured","11":"taxable","12":"shipping-taxable","13":"purchasable","14":"product-type-simple"},"aioseo_notices":[],"_links":{"self":[{"href":"https:\/\/beltlamp.com\/no\/wp-json\/wp\/v2\/product\/8356","targetHints":{"allow":["GET"]}}],"collection":[{"href":"https:\/\/beltlamp.com\/no\/wp-json\/wp\/v2\/product"}],"about":[{"href":"https:\/\/beltlamp.com\/no\/wp-json\/wp\/v2\/types\/product"}],"wp:featuredmedia":[{"embeddable":true,"href":"https:\/\/beltlamp.com\/no\/wp-json\/wp\/v2\/media\/8086"}],"wp:attachment":[{"href":"https:\/\/beltlamp.com\/no\/wp-json\/wp\/v2\/media?parent=8356"}],"wp:term":[{"taxonomy":"product_brand","embeddable":true,"href":"https:\/\/beltlamp.com\/no\/wp-json\/wp\/v2\/product_brand?post=8356"},{"taxonomy":"product_cat","embeddable":true,"href":"https:\/\/beltlamp.com\/no\/wp-json\/wp\/v2\/product_cat?post=8356"},{"taxonomy":"product_tag","embeddable":true,"href":"https:\/\/beltlamp.com\/no\/wp-json\/wp\/v2\/product_tag?post=8356"}],"curies":[{"name":"wp","href":"https:\/\/api.w.org\/{rel}","templated":true}]}}