{"id":8357,"date":"2020-05-29T12:20:03","date_gmt":"2020-05-29T10:20:03","guid":{"rendered":"https:\/\/beltlamp.com\/produkt\/batteri\/"},"modified":"2023-05-11T09:09:52","modified_gmt":"2023-05-11T07:09:52","slug":"batteri","status":"publish","type":"product","link":"https:\/\/beltlamp.com\/no\/produkt\/batteri\/","title":{"rendered":"Powerbank 5000 mAh"},"content":{"rendered":"<p>[et_pb_section fb_built=&raquo;1&#8243; _builder_version=&raquo;3.22&#8243; custom_padding=&raquo;0px||||false|false&raquo; global_colors_info=&raquo;{}&raquo;][et_pb_row _builder_version=&raquo;3.25&#8243; background_size=&raquo;initial&raquo; background_position=&raquo;top_left&raquo; background_repeat=&raquo;repeat&raquo; width=&raquo;100%&raquo; custom_padding=&raquo;0px||0px||false|false&raquo; global_colors_info=&raquo;{}&raquo;][et_pb_column type=&raquo;4_4&#8243; _builder_version=&raquo;3.25&#8243; custom_padding=&raquo;|||&raquo; global_colors_info=&raquo;{}&raquo; custom_padding__hover=&raquo;|||&raquo;][et_pb_wc_breadcrumb _builder_version=&raquo;3.0.47&#8243; global_colors_info=&raquo;{}&raquo;][\/et_pb_wc_breadcrumb][et_pb_wc_cart_notice _builder_version=&raquo;3.0.47&#8243; global_colors_info=&raquo;{}&raquo;][\/et_pb_wc_cart_notice][\/et_pb_column][\/et_pb_row][et_pb_row _builder_version=&raquo;3.25&#8243; background_size=&raquo;initial&raquo; background_position=&raquo;top_left&raquo; background_repeat=&raquo;repeat&raquo; width=&raquo;100%&raquo; custom_padding=&raquo;0px||||false|false&raquo; global_colors_info=&raquo;{}&raquo; column_structure=&raquo;1_2,1_2&#8243;][et_pb_column type=&raquo;1_2&#8243; _builder_version=&raquo;3.25&#8243; custom_padding=&raquo;|||&raquo; global_colors_info=&raquo;{}&raquo; custom_padding__hover=&raquo;|||&raquo;][et_pb_wc_images _builder_version=&raquo;3.0.47&#8243; global_colors_info=&raquo;{}&raquo;][\/et_pb_wc_images][\/et_pb_column][et_pb_column type=&raquo;1_2&#8243; _builder_version=&raquo;3.25&#8243; custom_padding=&raquo;|||&raquo; global_colors_info=&raquo;{}&raquo; custom_padding__hover=&raquo;|||&raquo;][et_pb_wc_title _builder_version=&raquo;3.0.47&#8243; global_colors_info=&raquo;{}&raquo;][\/et_pb_wc_title][et_pb_wc_rating _builder_version=&raquo;3.0.47&#8243; global_colors_info=&raquo;{}&raquo;][\/et_pb_wc_rating][et_pb_wc_price _builder_version=&raquo;3.0.47&#8243; global_colors_info=&raquo;{}&raquo;][\/et_pb_wc_price][et_pb_wc_description _builder_version=&raquo;3.0.47&#8243; global_colors_info=&raquo;{}&raquo;][\/et_pb_wc_description][et_pb_wc_add_to_cart _builder_version=&raquo;3.0.47&#8243; global_colors_info=&raquo;{}&raquo;][\/et_pb_wc_add_to_cart][et_pb_wc_meta _builder_version=&raquo;3.0.47&#8243; global_colors_info=&raquo;{}&raquo;][\/et_pb_wc_meta][\/et_pb_column][\/et_pb_row][et_pb_row _builder_version=&raquo;3.25&#8243; background_size=&raquo;initial&raquo; background_position=&raquo;top_left&raquo; background_repeat=&raquo;repeat&raquo; width=&raquo;100%&raquo; global_colors_info=&raquo;{}&raquo;][et_pb_column type=&raquo;4_4&#8243; _builder_version=&raquo;3.25&#8243; custom_padding=&raquo;|||&raquo; global_colors_info=&raquo;{}&raquo; custom_padding__hover=&raquo;|||&raquo;][et_pb_wc_tabs _builder_version=&raquo;3.0.47&#8243; global_colors_info=&raquo;{}&raquo;]\t\t\t\t\t[\/et_pb_wc_tabs][et_pb_wc_upsells _builder_version=&raquo;3.0.47&#8243; global_colors_info=&raquo;{}&raquo;][\/et_pb_wc_upsells][et_pb_wc_related_products _builder_version=&raquo;3.0.47&#8243; global_colors_info=&raquo;{}&raquo;][\/et_pb_wc_related_products][\/et_pb_column][\/et_pb_row][\/et_pb_section]<\/p>\n","protected":false},"excerpt":{"rendered":"<p>inkl. moms. Kompakt og lett powerbank, 5000 mAh.<\/p>\n","protected":false},"featured_media":8431,"template":"","meta":{"_et_pb_use_builder":"on","_et_pb_old_content":"Veier ca. 100 g. God ytelse til -10\u00b0 C. Har 80% ytelse etter 200 lade-sykluser. Gir 6 timer med lyset p\u00e5 full styrke ved ladet lykt og batteri, temperatur over 0\u00b0C. Med flere powerbanker i reserve har man oftest rikelig tilgang p\u00e5 str\u00f8m. Lademulighet ogs\u00e5 for mobiltelefoner og annet utstyr med USB-lading.\r\n\r\n<strong>N\u00c5 TILBUDSPRIS! GUNSTIG FOR EKSTRA USB STR\u00d8MFORSYNING!<\/strong>","_et_gb_content_width":"","om_disable_all_campaigns":false,"_monsterinsights_skip_tracking":false,"_monsterinsights_sitenote_active":false,"_monsterinsights_sitenote_note":"","_monsterinsights_sitenote_category":0,"_uf_show_specific_survey":0,"_uf_disable_surveys":false},"product_brand":[],"product_cat":[43],"product_tag":[],"class_list":{"0":"post-8357","1":"product","2":"type-product","3":"status-publish","4":"has-post-thumbnail","6":"product_cat-tilbehor","8":"first","9":"instock","10":"taxable","11":"shipping-taxable","12":"purchasable","13":"product-type-simple"},"aioseo_notices":[],"_links":{"self":[{"href":"https:\/\/beltlamp.com\/no\/wp-json\/wp\/v2\/product\/8357","targetHints":{"allow":["GET"]}}],"collection":[{"href":"https:\/\/beltlamp.com\/no\/wp-json\/wp\/v2\/product"}],"about":[{"href":"https:\/\/beltlamp.com\/no\/wp-json\/wp\/v2\/types\/product"}],"wp:featuredmedia":[{"embeddable":true,"href":"https:\/\/beltlamp.com\/no\/wp-json\/wp\/v2\/media\/8431"}],"wp:attachment":[{"href":"https:\/\/beltlamp.com\/no\/wp-json\/wp\/v2\/media?parent=8357"}],"wp:term":[{"taxonomy":"product_brand","embeddable":true,"href":"https:\/\/beltlamp.com\/no\/wp-json\/wp\/v2\/product_brand?post=8357"},{"taxonomy":"product_cat","embeddable":true,"href":"https:\/\/beltlamp.com\/no\/wp-json\/wp\/v2\/product_cat?post=8357"},{"taxonomy":"product_tag","embeddable":true,"href":"https:\/\/beltlamp.com\/no\/wp-json\/wp\/v2\/product_tag?post=8357"}],"curies":[{"name":"wp","href":"https:\/\/api.w.org\/{rel}","templated":true}]}}