{"id":8445,"date":"2020-06-17T13:00:15","date_gmt":"2020-06-17T11:00:15","guid":{"rendered":"https:\/\/beltlamp.com\/?post_type=product&#038;p=8445"},"modified":"2021-02-18T15:48:57","modified_gmt":"2021-02-18T14:48:57","slug":"beskyttelseshette","status":"publish","type":"product","link":"https:\/\/beltlamp.com\/no\/produkt\/beskyttelseshette\/","title":{"rendered":"Beskyttelseshette"},"content":{"rendered":"<p>Beskyttelseshette. Festes over kontaktpunkt for ledning. L\u00e5ser ledningen og beskytter mot nedb\u00f8r. Press p\u00e5 sidene for \u00e5 f\u00e5 den inn eller ut av sporet. (2-pk.)<\/p>\n<p>&nbsp;<\/p>\n","protected":false},"excerpt":{"rendered":"<p>inkl. moms<\/p>\n","protected":false},"featured_media":8446,"template":"","meta":{"_et_pb_use_builder":"","_et_pb_old_content":"","_et_gb_content_width":"","om_disable_all_campaigns":false,"_monsterinsights_skip_tracking":false,"_monsterinsights_sitenote_active":false,"_monsterinsights_sitenote_note":"","_monsterinsights_sitenote_category":0,"_uf_show_specific_survey":0,"_uf_disable_surveys":false},"product_brand":[],"product_cat":[43],"product_tag":[],"class_list":{"0":"post-8445","1":"product","2":"type-product","3":"status-publish","4":"has-post-thumbnail","6":"product_cat-tilbehor","8":"first","9":"instock","10":"taxable","11":"shipping-taxable","12":"purchasable","13":"product-type-simple"},"aioseo_notices":[],"_links":{"self":[{"href":"https:\/\/beltlamp.com\/no\/wp-json\/wp\/v2\/product\/8445","targetHints":{"allow":["GET"]}}],"collection":[{"href":"https:\/\/beltlamp.com\/no\/wp-json\/wp\/v2\/product"}],"about":[{"href":"https:\/\/beltlamp.com\/no\/wp-json\/wp\/v2\/types\/product"}],"wp:featuredmedia":[{"embeddable":true,"href":"https:\/\/beltlamp.com\/no\/wp-json\/wp\/v2\/media\/8446"}],"wp:attachment":[{"href":"https:\/\/beltlamp.com\/no\/wp-json\/wp\/v2\/media?parent=8445"}],"wp:term":[{"taxonomy":"product_brand","embeddable":true,"href":"https:\/\/beltlamp.com\/no\/wp-json\/wp\/v2\/product_brand?post=8445"},{"taxonomy":"product_cat","embeddable":true,"href":"https:\/\/beltlamp.com\/no\/wp-json\/wp\/v2\/product_cat?post=8445"},{"taxonomy":"product_tag","embeddable":true,"href":"https:\/\/beltlamp.com\/no\/wp-json\/wp\/v2\/product_tag?post=8445"}],"curies":[{"name":"wp","href":"https:\/\/api.w.org\/{rel}","templated":true}]}}