{"id":14220,"date":"2021-08-30T17:01:08","date_gmt":"2021-08-30T15:01:08","guid":{"rendered":"https:\/\/beltlamp.com\/main\/"},"modified":"2024-08-26T00:05:03","modified_gmt":"2024-08-25T22:05:03","slug":"main","status":"publish","type":"page","link":"https:\/\/beltlamp.com\/sv\/","title":{"rendered":"Main"},"content":{"rendered":"<p>[et_pb_section fb_built=&#8221;1&#8243; fullwidth=&#8221;on&#8221; disabled_on=&#8221;on|on|on&#8221; _builder_version=&#8221;4.13.0&#8243; _module_preset=&#8221;default&#8221; background_image=&#8221;https:\/\/beltlamp.com\/wp-content\/uploads\/2020\/05\/Lykt-162-scaled.jpg&#8221; parallax=&#8221;on&#8221; disabled=&#8221;on&#8221; global_colors_info=&#8221;{}&#8221;][et_pb_fullwidth_header title=&#8221;HIKEBEAM &#8211; UNIK LAMPA!&#8221; text_orientation=&#8221;center&#8221; header_fullscreen=&#8221;on&#8221; button_one_text=&#8221;Fakta&#8221; button_one_url=&#8221;@ET-DC@eyJkeW5hbWljIjp0cnVlLCJjb250ZW50IjoicG9zdF9saW5rX3VybF9wYWdlIiwic2V0dGluZ3MiOnsicG9zdF9pZCI6IjEwNzQ1In19@&#8221; button_two_text=&#8221;BEST\u00c4LL HIKEBEAM H\u00c4R !&#8221; button_two_url=&#8221;@ET-DC@eyJkeW5hbWljIjp0cnVlLCJjb250ZW50IjoicG9zdF9saW5rX3VybF9wcm9kdWN0Iiwic2V0dGluZ3MiOnsicG9zdF9pZCI6Ijk3NDIifX0=@&#8221; logo_image_url=&#8221;https:\/\/beltlamp.com\/wp-content\/uploads\/2021\/11\/ny-forskjeller-toppheader.jpg&#8221; _builder_version=&#8221;4.13.0&#8243; _dynamic_attributes=&#8221;button_one_url,button_two_url&#8221; _module_preset=&#8221;default&#8221; title_font=&#8221;|700|||||||&#8221; title_font_size=&#8221;50px&#8221; title_letter_spacing=&#8221;3px&#8221; title_line_height=&#8221;1.2em&#8221; content_text_align=&#8221;center&#8221; content_font_size=&#8221;18px&#8221; content_line_height=&#8221;1.8em&#8221; background_color=&#8221;rgba(32,39,31,0.56)&#8221; width=&#8221;100%&#8221; max_width=&#8221;100%&#8221; title_font_size_tablet=&#8221;&#8221; title_font_size_phone=&#8221;22px&#8221; title_font_size_last_edited=&#8221;on|phone&#8221; global_colors_info=&#8221;{}&#8221;]<\/p>\n<p>\u00a0<em><strong>Lampans design och placering ger unik belysning, fr\u00e5n f\u00f6tterna, <\/strong><\/em><\/p>\n<p><em><strong>till sidorna och l\u00e5ngt fram\u00e5t. Se p\u00e5 bilderna!<\/strong><\/em><\/p>\n<p><em><strong>B\u00e4ttre sikt i dimma, dis och nederb\u00f6rd. <\/strong><\/em><\/p>\n<p><em><strong><span style=\"text-decoration: underline\"><a href=\"https:\/\/beltlamp.com\/sv\/med-fokus-pa-blending\/\">Bl\u00e4ndar inte<\/a><\/span><\/strong><strong> &#8211; K\u00e4nns l\u00e4tt som luft!\u00a0<\/strong><\/em><\/p>\n<p><em><strong><\/strong><\/em><\/p>\n<p><em><strong><\/strong><\/em><\/p>\n<p><em><strong><\/strong><\/em><\/p>\n<p><em><strong><\/strong><\/em><\/p>\n<p><em><strong><br \/>IDEALISK VANDRARLAMPA &#8211; PROVA N\u00c5GOT NYTT!<\/strong><\/em><\/p>\n<p><em><strong><\/strong><\/em><\/p>\n<p>[\/et_pb_fullwidth_header][\/et_pb_section][et_pb_section fb_built=&#8221;1&#8243; fullwidth=&#8221;on&#8221; disabled_on=&#8221;off|off|off&#8221; _builder_version=&#8221;4.13.0&#8243; _module_preset=&#8221;default&#8221; background_image=&#8221;https:\/\/beltlamp.com\/wp-content\/uploads\/2020\/05\/Lykt-162-scaled.jpg&#8221; parallax=&#8221;on&#8221; global_colors_info=&#8221;{}&#8221;][et_pb_fullwidth_header title=&#8221;Unik b\u00e4lteslampa!&#8221; text_orientation=&#8221;center&#8221; header_fullscreen=&#8221;on&#8221; button_one_url=&#8221;@ET-DC@eyJkeW5hbWljIjp0cnVlLCJjb250ZW50IjoicG9zdF9saW5rX3VybF9wYWdlIiwic2V0dGluZ3MiOnsicG9zdF9pZCI6IjEwNzQ1In19@&#8221; button_two_text=&#8221;WEBBUTIK H\u00c4R&#8221; button_two_url=&#8221;@ET-DC@eyJkeW5hbWljIjp0cnVlLCJjb250ZW50IjoicG9zdF9saW5rX3VybF9wcm9kdWN0Iiwic2V0dGluZ3MiOnsicG9zdF9pZCI6IjgzNTYifX0=@&#8221; background_overlay_color=&#8221;rgba(0,0,0,0.63)&#8221; logo_image_url=&#8221;https:\/\/beltlamp.com\/wp-content\/uploads\/2022\/09\/svenska_ny-forskjeller-topp-400lumen_2.jpg&#8221; _builder_version=&#8221;4.13.0&#8243; _dynamic_attributes=&#8221;button_one_url,button_two_url&#8221; _module_preset=&#8221;default&#8221; title_font=&#8221;|800|||||||&#8221; title_text_color=&#8221;#FFFFFF&#8221; title_font_size=&#8221;5em&#8221; title_letter_spacing=&#8221;3px&#8221; title_line_height=&#8221;1.2em&#8221; content_font_size=&#8221;20px&#8221; subhead_font_size=&#8221;33px&#8221; subhead_line_height=&#8221;1.8em&#8221; background_color=&#8221;rgba(32,39,31,0.56)&#8221; custom_button_two=&#8221;on&#8221; button_two_text_size=&#8221;26px&#8221; button_two_font=&#8221;|700|||||||&#8221; button_two_use_icon=&#8221;off&#8221; width=&#8221;100%&#8221; custom_padding=&#8221;||11px|5px|false|false&#8221; hover_enabled=&#8221;0&#8243; title_font_size_tablet=&#8221;&#8221; title_font_size_phone=&#8221;22px&#8221; title_font_size_last_edited=&#8221;on|desktop&#8221; content_font_size_tablet=&#8221;&#8221; content_font_size_phone=&#8221;14px&#8221; content_font_size_last_edited=&#8221;on|phone&#8221; global_colors_info=&#8221;{}&#8221; sticky_enabled=&#8221;0&#8243;]<\/p>\n<p>&nbsp;<\/p>\n<p><span style=\"color: #7cda24;\"><strong><span style=\"font-size: 20px;\">NY DESIGN OCH PLACERING GER UNIKT LJUS MED<\/span><\/strong><\/span><\/p>\n<p><span style=\"color: #7cda24;\"><strong><span style=\"font-size: 20px;\">3D-EFFEKT &#8211; VID F\u00d6TTERNA, \u00c5T SIDORNA OCH L\u00c5NGT FRAM\u00c5T.<\/span><\/strong><\/span><\/p>\n<p><span style=\"font-size: 20px; color: #7cda24;\"><\/span><\/p>\n<p><span style=\"color: #7cda24;\"><strong><span style=\"font-size: 20px;\"><\/span><\/strong><\/span><\/p>\n<p><span style=\"color: #7cda24;\"><strong><span style=\"font-size: 20px;\"><\/span><\/strong><\/span><\/p>\n<p><span style=\"color: #7cda24;\"><strong><span style=\"font-size: 20px;\"><\/span><\/strong><\/span><\/p>\n<p><span style=\"color: #7cda24;\"><strong><span style=\"font-size: 20px;\"><br \/>BL\u00c4NDAR INTE.\u00a0 BEKV\u00c4M F\u00c4STMETOD &#8211; K\u00c4NNS L\u00c4TT SOM LUFT. <\/span><\/strong><\/span><\/p>\n<p><strong> <\/strong><\/p>\n<p><strong><br \/><em>Flera f\u00f6rdelar &#8211; Hikebeam for hiking!<\/em><\/strong><\/p>\n<p><em><strong> <\/strong><\/em><\/p>\n<p><em><strong><\/strong><\/em><\/p>\n<p><em><strong><\/strong><\/em><\/p>\n<p><em><strong> <\/strong><\/em><\/p>\n<p><em><strong><\/strong><\/em><\/p>\n<p><em><strong><span style=\"font-size: 20px;\"><\/span><\/strong><\/em><\/p>\n<p><em><strong><span style=\"font-size: 20px;\"><\/span><\/strong><\/em><\/p>\n<p>&nbsp;<\/p>\n<p><em><strong><span style=\"font-size: 20px;\"><\/span><\/strong><\/em><\/p>\n<p><em><strong><span style=\"font-size: 20px;\"><\/span><\/strong><\/em><\/p>\n<p><strong><span style=\"font-size: 20px;\"><br \/>Skrolla f\u00f6r video, mer bilder och text.<\/span><\/strong><\/p>\n<p><strong><span style=\"font-size: 20px;\"><\/span><\/strong><\/p>\n<p><strong><span style=\"font-size: 20px;\"><\/span><\/strong><\/p>\n<p><strong><span style=\"font-size: 20px;\"><\/span><\/strong><\/p>\n<p><strong><span style=\"font-size: 20px;\"><\/span><\/strong><\/p>\n<p><strong><span style=\"font-size: 20px;\"><\/span><\/strong><\/p>\n<p><strong><span style=\"font-size: 20px;\"><\/span><\/strong><\/p>\n<p>[\/et_pb_fullwidth_header][\/et_pb_section][et_pb_section fb_built=&#8221;1&#8243; admin_label=&#8221;section&#8221; _builder_version=&#8221;4.11.0&#8243; background_color=&#8221;rgba(216,208,198,0.38)&#8221; custom_padding=&#8221;34px||0px||false|&#8221; global_colors_info=&#8221;{}&#8221;][et_pb_row _builder_version=&#8221;4.13.0&#8243; _module_preset=&#8221;default&#8221; global_colors_info=&#8221;{}&#8221;][et_pb_column type=&#8221;4_4&#8243; _builder_version=&#8221;4.13.0&#8243; _module_preset=&#8221;default&#8221; global_colors_info=&#8221;{}&#8221;][et_pb_video src=&#8221;https:\/\/www.youtube.com\/watch?v=fwFzIsYVxsE&#8221; _builder_version=&#8221;4.13.0&#8243; _module_preset=&#8221;default&#8221; global_colors_info=&#8221;{}&#8221;][\/et_pb_video][\/et_pb_column][\/et_pb_row][et_pb_row column_structure=&#8221;1_2,1_2&#8243; _builder_version=&#8221;4.7.4&#8243; _module_preset=&#8221;default&#8221; custom_padding=&#8221;12px||5px|||&#8221; global_colors_info=&#8221;{}&#8221;][et_pb_column type=&#8221;1_2&#8243; _builder_version=&#8221;4.7.4&#8243; _module_preset=&#8221;default&#8221; global_colors_info=&#8221;{}&#8221;][et_pb_image src=&#8221;https:\/\/beltlamp.com\/wp-content\/uploads\/2021\/08\/Screenshot_20210822-212610_Gallery-1-e1631793365200.jpg&#8221; title_text=&#8221;Screenshot_20210822-212610_Gallery&#8221; _builder_version=&#8221;4.11.0&#8243; _module_preset=&#8221;default&#8221; custom_padding=&#8221;21px|||||&#8221; animation_style=&#8221;slide&#8221; animation_direction=&#8221;left&#8221; global_colors_info=&#8221;{}&#8221;][\/et_pb_image][\/et_pb_column][et_pb_column type=&#8221;1_2&#8243; _builder_version=&#8221;4.7.4&#8243; _module_preset=&#8221;default&#8221; global_colors_info=&#8221;{}&#8221;][et_pb_text _builder_version=&#8221;4.13.0&#8243; _module_preset=&#8221;default&#8221; min_height=&#8221;28px&#8221; custom_margin=&#8221;23px||5px||false|&#8221; global_colors_info=&#8221;{}&#8221;]<\/p>\n<h2><span style=\"color: #000000\"><strong>F\u00f6rdelar n\u00e4r man g\u00e5r med HIKEBEAM:<\/strong><\/span><\/h2>\n<p>[\/et_pb_text][et_pb_text _builder_version=&#8221;4.13.0&#8243; _module_preset=&#8221;default&#8221; custom_margin=&#8221;3px|||||&#8221; global_colors_info=&#8221;{}&#8221;]<\/p>\n<p><strong>&#8211; LJUS N\u00c4RA, \u00e5t sidorna och l\u00e5ngt fram\u00e5t, med 3D-effekt.<\/strong><strong><br \/>&#8211; F\u00c4STS P\u00c5 B\u00c4LTESSP\u00c4NNEN, k\u00e4nns l\u00e4tt som luft.<br \/>&#8211; INGA IRRITERANDE BL\u00c4NDNING!<br \/>&#8211; B\u00c4TTRE SIKT I DIMMA OCH NEDERB\u00d6RD.<\/strong><strong><br \/>&#8211; MYCKET BRA ocks\u00e5 som ficklampa\/str\u00e5lkastare.<br \/>&#8211; HIKEBEAM <span style=\"font-size: 14px;\">har flexibel batterl\u00f6sning. Mer \u00e4n 6 timmar full ljusstyrka med ansluten <\/span><\/strong><span style=\"font-size: 14px;\"><strong>powerbank (5.000 mAh, 100 g, USB)<\/strong><\/span><strong style=\"font-size: 14px;\">.<\/strong><\/p>\n<p><strong style=\"font-size: 14px;\"> <\/strong><\/p>\n<p><strong style=\"font-size: 14px;\">&#8211; Titta p\u00e5 <span style=\"text-decoration: underline;\"><a href=\"https:\/\/beltlamp.com\/sv\/respons-fra-brukere\/\">RESPONS<\/a><\/span>, <span style=\"text-decoration: underline;\"><\/span>eller\/och info f\u00f6r <a href=\"https:\/\/beltlamp.com\/sv\/fotofokus\/\"><span style=\"text-decoration: underline;\">FOTO-interesserade<\/span><\/a>.<br \/><\/strong><em>&#8211; Scrolla f\u00f6r bilder nedan &#8211; se skillnaden!<\/em><\/p>\n<p><em><\/em><\/p>\n<p><span style=\"color: #000000;\"><strong><\/strong><\/span><\/p>\n<h4><span style=\"color: #000000;\"><strong>&#8221;Att g\u00e5 tillsammans i ljuset fr\u00e5n Hikebeam, uten att bl\u00e4nda varandra, \u00e4r underbart!&#8221;<\/strong><\/span> <em>(Kjell A. Tr\u00e6dal)<\/em><\/h4>\n<p><span><\/span><\/p>\n<p>[\/et_pb_text][\/et_pb_column][\/et_pb_row][et_pb_row column_structure=&#8221;1_2,1_2&#8243; _builder_version=&#8221;4.11.0&#8243; _module_preset=&#8221;default&#8221; custom_margin=&#8221;23px|auto||auto|false|false&#8221; custom_padding=&#8221;0px||14px|||&#8221; saved_tabs=&#8221;all&#8221; global_colors_info=&#8221;{}&#8221;][et_pb_column type=&#8221;1_2&#8243; _builder_version=&#8221;4.11.0&#8243; _module_preset=&#8221;default&#8221; custom_padding=&#8221;68px||||false|false&#8221; global_colors_info=&#8221;{}&#8221;][et_pb_button button_url=&#8221;@ET-DC@eyJkeW5hbWljIjp0cnVlLCJjb250ZW50IjoicG9zdF9saW5rX3VybF9wcm9kdWN0Iiwic2V0dGluZ3MiOnsicG9zdF9pZCI6IjgzNTYifX0=@&#8221; button_text=&#8221;TILL WEBBUTIK&#8221; button_alignment=&#8221;center&#8221; _builder_version=&#8221;4.13.0&#8243; _dynamic_attributes=&#8221;button_url&#8221; _module_preset=&#8221;default&#8221; custom_button=&#8221;on&#8221; button_text_size=&#8221;24px&#8221; button_border_radius=&#8221;0px&#8221; button_letter_spacing=&#8221;2px&#8221; button_font=&#8221;|800|||||||&#8221; custom_margin=&#8221;-40px||41px||false|false&#8221; custom_padding=&#8221;12px|103px|12px|103px|false|true&#8221; global_colors_info=&#8221;{}&#8221;][\/et_pb_button][et_pb_text _builder_version=&#8221;4.13.0&#8243; _module_preset=&#8221;default&#8221; text_font_size=&#8221;18px&#8221; text_line_height=&#8221;1.4em&#8221; custom_margin=&#8221;-18px||22px|||&#8221; custom_padding=&#8221;9px||0px|||&#8221; global_colors_info=&#8221;{}&#8221;]<\/p>\n<p style=\"text-align: center\"><span style=\"text-decoration: underline\"><a href=\"\/sv\/fakta\">FAKTA OM LAMPAN<\/a><\/span><br \/><span style=\"text-decoration: underline\"><a href=\"https:\/\/beltlamp.com\/no\/med-fokus-pa-blending\/\">SLUT P\u00c5 BL\u00c4NDING!<\/a><\/span><br \/><span style=\"text-decoration: underline\"><a href=\"https:\/\/beltlamp.com\/no\/erfaringer-med-hikebeam\/\">Erfarenheter av Hikebeam<\/a><\/span><br \/><span style=\"text-decoration: underline\"><a href=\"https:\/\/beltlamp.com\/no\/generelt-om-lykter\/\">Allm\u00e4nt om lampor<\/a><\/span><\/p>\n<p>[\/et_pb_text][et_pb_text _builder_version=&#8221;4.13.0&#8243; _module_preset=&#8221;default&#8221; text_font_size=&#8221;18px&#8221; text_line_height=&#8221;1.4em&#8221; custom_margin=&#8221;-5px|||||&#8221; custom_padding=&#8221;18px||9px|||&#8221; global_colors_info=&#8221;{}&#8221;]<\/p>\n<p style=\"text-align: left\"><strong>&#8221;Jag \u00e4r s\u00e5 n\u00f6jd med Hikebeam! Lampan \u00e4r helt suver\u00e4n! L\u00e4tt att anv\u00e4nda, ger s\u00e5 bra ljus och verkligen en stor skillnad mot en vanlig pannlampa. S\u00e5 bra produkt och j\u00e4ttebra att man kan ha den kopplad till powerbanken n\u00e4r man g\u00e5r p\u00e5 l\u00e5nga vandringar. \u00c4r supern\u00f8jd!&#8221;\u00a0<\/strong> \u00a0 \u00a0 \u00a0 \u00a0<em>(Christina Rooth, \u00d6land)<\/em><\/p>\n<p style=\"text-align: left\">L\u00e4s mer p\u00e5 RESPONS!<\/p>\n<p>[\/et_pb_text][\/et_pb_column][et_pb_column type=&#8221;1_2&#8243; _builder_version=&#8221;4.7.4&#8243; _module_preset=&#8221;default&#8221; global_colors_info=&#8221;{}&#8221;][et_pb_image src=&#8221;https:\/\/beltlamp.com\/wp-content\/uploads\/2021\/10\/ingenblending-2.jpg&#8221; title_text=&#8221;ingenblending-2&#8243; _builder_version=&#8221;4.11.0&#8243; _module_preset=&#8221;default&#8221; global_colors_info=&#8221;{}&#8221;][\/et_pb_image][\/et_pb_column][\/et_pb_row][et_pb_row column_structure=&#8221;1_2,1_2&#8243; use_custom_gutter=&#8221;on&#8221; gutter_width=&#8221;2&#8243; _builder_version=&#8221;4.9.4&#8243; _module_preset=&#8221;default&#8221; custom_padding=&#8221;37px|||||&#8221; global_colors_info=&#8221;{}&#8221;][et_pb_column type=&#8221;1_2&#8243; _builder_version=&#8221;4.9.4&#8243; _module_preset=&#8221;default&#8221; global_colors_info=&#8221;{}&#8221;][et_pb_text _builder_version=&#8221;4.13.0&#8243; _module_preset=&#8221;default&#8221; custom_margin=&#8221;||-11px|||&#8221; global_colors_info=&#8221;{}&#8221;]<\/p>\n<h4 style=\"text-align: center;\"><strong>Hikebeam &#8211; gott ljus n\u00e4ra, \u00e5t sidorna, och l\u00e5ngt fram\u00e5t. Ingen m\u00f6rk zon vid f\u00f8tterna!<\/strong><\/h4>\n<p>[\/et_pb_text][et_pb_image src=&#8221;https:\/\/beltlamp.com\/wp-content\/uploads\/2021\/05\/forskjell-1.png&#8221; title_text=&#8221;forskjell-1&#8243; _builder_version=&#8221;4.9.4&#8243; _module_preset=&#8221;default&#8221; custom_padding=&#8221;0px|||||&#8221; global_colors_info=&#8221;{}&#8221;][\/et_pb_image][\/et_pb_column][et_pb_column type=&#8221;1_2&#8243; _builder_version=&#8221;4.9.4&#8243; _module_preset=&#8221;default&#8221; global_colors_info=&#8221;{}&#8221;][et_pb_text _builder_version=&#8221;4.13.0&#8243; _module_preset=&#8221;default&#8221; custom_margin=&#8221;||-8px|||&#8221; global_colors_info=&#8221;{}&#8221;]<\/p>\n<h4 style=\"text-align: center;\"><strong>Mycket b\u00e4ttre i dimma! Bilderna \u00e4r tagna samtidigt. Hikebeam lyser inte direkt inn i dimman.<\/strong><\/h4>\n<p>[\/et_pb_text][et_pb_image src=&#8221;https:\/\/beltlamp.com\/wp-content\/uploads\/2021\/05\/forskjell-2-1.png&#8221; title_text=&#8221;forskjell-2&#8243; _builder_version=&#8221;4.9.4&#8243; _module_preset=&#8221;default&#8221; custom_padding=&#8221;0px|||||&#8221; global_colors_info=&#8221;{}&#8221;][\/et_pb_image][\/et_pb_column][\/et_pb_row][et_pb_row column_structure=&#8221;1_2,1_2&#8243; use_custom_gutter=&#8221;on&#8221; gutter_width=&#8221;2&#8243; _builder_version=&#8221;4.9.4&#8243; _module_preset=&#8221;default&#8221; global_colors_info=&#8221;{}&#8221;][et_pb_column type=&#8221;1_2&#8243; _builder_version=&#8221;4.9.4&#8243; _module_preset=&#8221;default&#8221; global_colors_info=&#8221;{}&#8221;][et_pb_text _builder_version=&#8221;4.13.0&#8243; _module_preset=&#8221;default&#8221; custom_margin=&#8221;||-11px|||&#8221; global_colors_info=&#8221;{}&#8221;]<\/p>\n<h4 style=\"text-align: center;\"><strong>Unik 3D-belysning n\u00e4ra, \u00e5t sidorna och l\u00e5ngt fram\u00e5t.<br \/>Ny design ger lys \u00f6ver alt n\u00e4ra dig!<\/strong><\/h4>\n<p>[\/et_pb_text][et_pb_image src=&#8221;https:\/\/beltlamp.com\/wp-content\/uploads\/2021\/09\/forskjell-3.jpg&#8221; title_text=&#8221;forskjell-3&#8243; _builder_version=&#8221;4.9.6&#8243; _module_preset=&#8221;default&#8221; custom_padding=&#8221;0px|||||&#8221; global_colors_info=&#8221;{}&#8221;][\/et_pb_image][\/et_pb_column][et_pb_column type=&#8221;1_2&#8243; _builder_version=&#8221;4.9.4&#8243; _module_preset=&#8221;default&#8221; global_colors_info=&#8221;{}&#8221;][et_pb_text _builder_version=&#8221;4.13.0&#8243; _module_preset=&#8221;default&#8221; custom_margin=&#8221;||-8px|||&#8221; global_colors_info=&#8221;{}&#8221;]<\/p>\n<h4 style=\"text-align: center;\"><strong>Skillnaden i t\u00e4t dimma &#8211; samtidigt! <br \/>Effekt liknande halv\/hell-ljus p\u00e5 bil i dimma\/sn\u00f6igt v\u00e6der.<\/strong><\/h4>\n<p>[\/et_pb_text][et_pb_image src=&#8221;https:\/\/beltlamp.com\/wp-content\/uploads\/2021\/09\/forskjell-4.jpg&#8221; title_text=&#8221;forskjell-4&#8243; _builder_version=&#8221;4.9.6&#8243; _module_preset=&#8221;default&#8221; custom_padding=&#8221;0px|||||&#8221; global_colors_info=&#8221;{}&#8221;][\/et_pb_image][\/et_pb_column][\/et_pb_row][\/et_pb_section][et_pb_section fb_built=&#8221;1&#8243; _builder_version=&#8221;4.9.6&#8243; _module_preset=&#8221;default&#8221; background_color=&#8221;#F0EDE9&#8243; custom_padding=&#8221;22px||0px|||&#8221; global_colors_info=&#8221;{}&#8221;][et_pb_row use_custom_gutter=&#8221;on&#8221; gutter_width=&#8221;1&#8243; _builder_version=&#8221;4.7.4&#8243; _module_preset=&#8221;default&#8221; width=&#8221;100%&#8221; max_width=&#8221;100%&#8221; custom_padding=&#8221;4px||0px|||&#8221; global_colors_info=&#8221;{}&#8221;][et_pb_column type=&#8221;4_4&#8243; _builder_version=&#8221;4.7.4&#8243; _module_preset=&#8221;default&#8221; global_colors_info=&#8221;{}&#8221;][et_pb_text _builder_version=&#8221;4.13.0&#8243; _module_preset=&#8221;default&#8221; custom_margin=&#8221;-30px|||||&#8221; global_colors_info=&#8221;{}&#8221;]<\/p>\n<h2 style=\"text-align: center;\"><span style=\"color: #993300;\"><em><strong>Lyser p\u00e5 unikt s\u00e4tt &#8211; Bl\u00e4ndar inte &#8211; Bekv\u00e4m n\u00e4r man g\u00e5r.<br \/><\/strong><\/em><\/span><\/h2>\n<h2 style=\"text-align: center;\"><span style=\"color: #993300;\"><em><strong><\/strong><\/em><\/span><\/h2>\n<h2 style=\"text-align: center;\"><span style=\"color: #993300;\"><em><strong>&#8221;HIKEBEAM FOR HIKING!&#8221;<\/strong><\/em><\/span><\/h2>\n<h2 style=\"text-align: center;\"><span style=\"color: #993300;\"><em><strong><\/strong><\/em><\/span><\/h2>\n<h2 style=\"text-align: center;\"><span style=\"color: #993300;\"><em><strong>Pannposition eller b\u00e4ltesposition? J\u00e4mf\u00f6r bilderna nedan!<\/strong><\/em><\/span><\/h2>\n<h4 style=\"text-align: center;\"><span style=\"color: #000000;\"><em><strong>Klicka f\u00f6r st\u00f6rre bilder!<\/strong><\/em><\/span><\/h4>\n<p>[\/et_pb_text][et_pb_gallery gallery_ids=&#8221;14825,14859,14820,4989,6085,14849,14854,6226&#8243; posts_number=&#8221;8&#8243; show_title_and_caption=&#8221;off&#8221; show_pagination=&#8221;off&#8221; zoom_icon_color=&#8221;rgba(0,0,0,0)&#8221; hover_overlay_color=&#8221;rgba(32,39,30,0.45)&#8221; disabled_on=&#8221;off|off|off&#8221; _builder_version=&#8221;4.9.6&#8243; _module_preset=&#8221;default&#8221; width=&#8221;100%&#8221; max_width=&#8221;100%&#8221; global_colors_info=&#8221;{}&#8221;][\/et_pb_gallery][\/et_pb_column][\/et_pb_row][\/et_pb_section][et_pb_section fb_built=&#8221;1&#8243; _builder_version=&#8221;4.7.4&#8243; _module_preset=&#8221;default&#8221; background_color=&#8221;#20271F&#8221; custom_padding=&#8221;41px||41px||true|&#8221; saved_tabs=&#8221;all&#8221; global_colors_info=&#8221;{}&#8221;][et_pb_row column_structure=&#8221;1_5,1_5,1_5,1_5,1_5&#8243; make_equal=&#8221;on&#8221; _builder_version=&#8221;4.7.4&#8243; _module_preset=&#8221;default&#8221; global_colors_info=&#8221;{}&#8221;][et_pb_column type=&#8221;1_5&#8243; _builder_version=&#8221;4.7.4&#8243; _module_preset=&#8221;default&#8221; global_colors_info=&#8221;{}&#8221;][et_pb_blurb title=&#8221;Facts about HIKEBEAM&#8221; use_icon=&#8221;on&#8221; font_icon=&#8221;&#x68;||divi||400&#8243; icon_color=&#8221;#B3B5B4&#8243; _builder_version=&#8221;4.13.0&#8243; _module_preset=&#8221;default&#8221; header_font=&#8221;|800|||||||&#8221; background_layout=&#8221;dark&#8221; min_height=&#8221;270px&#8221; global_colors_info=&#8221;{}&#8221;]<\/p>\n<p><span>The history and information<\/span><br \/> <span>about HIKEBEAM from Beltlamp AS.<\/span><\/p>\n<p>[\/et_pb_blurb][et_pb_button button_url=&#8221;@ET-DC@eyJkeW5hbWljIjp0cnVlLCJjb250ZW50IjoicG9zdF9saW5rX3VybF9wYWdlIiwic2V0dGluZ3MiOnsicG9zdF9pZCI6IjEwNzQ1In19@&#8221; button_text=&#8221;L\u00e4s mer&#8221; _builder_version=&#8221;4.7.4&#8243; _dynamic_attributes=&#8221;button_url&#8221; _module_preset=&#8221;default&#8221; global_colors_info=&#8221;{}&#8221;][\/et_pb_button][\/et_pb_column][et_pb_column type=&#8221;1_5&#8243; _builder_version=&#8221;4.7.4&#8243; _module_preset=&#8221;default&#8221; global_colors_info=&#8221;{}&#8221;][et_pb_blurb title=&#8221;Response from users&#8221; use_icon=&#8221;on&#8221; font_icon=&#8221;&#xe030;||divi||400&#8243; icon_color=&#8221;#B3B5B4&#8243; _builder_version=&#8221;4.13.0&#8243; _module_preset=&#8221;default&#8221; header_font=&#8221;|800|||||||&#8221; background_layout=&#8221;dark&#8221; min_height=&#8221;270px&#8221; global_colors_info=&#8221;{}&#8221;]<\/p>\n<p>Feedback from our users.<\/p>\n<p>[\/et_pb_blurb][et_pb_button button_url=&#8221;@ET-DC@eyJkeW5hbWljIjp0cnVlLCJjb250ZW50IjoicG9zdF9saW5rX3VybF9wYWdlIiwic2V0dGluZ3MiOnsicG9zdF9pZCI6IjEwOTM2In19@&#8221; button_text=&#8221;L\u00e4s mer&#8221; _builder_version=&#8221;4.7.4&#8243; _dynamic_attributes=&#8221;button_url&#8221; _module_preset=&#8221;default&#8221; global_colors_info=&#8221;{}&#8221;][\/et_pb_button][\/et_pb_column][et_pb_column type=&#8221;1_5&#8243; _builder_version=&#8221;4.7.4&#8243; _module_preset=&#8221;default&#8221; global_colors_info=&#8221;{}&#8221;][et_pb_blurb title=&#8221;Stores&#8221; use_icon=&#8221;on&#8221; font_icon=&#8221;&#xe01e;||divi||400&#8243; icon_color=&#8221;#B3B5B4&#8243; _builder_version=&#8221;4.13.0&#8243; _module_preset=&#8221;default&#8221; header_font=&#8221;|800|||||||&#8221; background_layout=&#8221;dark&#8221; min_height=&#8221;270px&#8221; global_colors_info=&#8221;{}&#8221;]<\/p>\n<p>Updates about where to buy the HIKEBEAM beltlamp.<\/p>\n<p>[\/et_pb_blurb][et_pb_button button_url=&#8221;@ET-DC@eyJkeW5hbWljIjp0cnVlLCJjb250ZW50IjoicG9zdF9saW5rX3VybF9wYWdlIiwic2V0dGluZ3MiOnsicG9zdF9pZCI6IjEwOTQ3In19@&#8221; button_text=&#8221;L\u00e4s mer&#8221; _builder_version=&#8221;4.7.4&#8243; _dynamic_attributes=&#8221;button_url&#8221; _module_preset=&#8221;default&#8221; global_colors_info=&#8221;{}&#8221;][\/et_pb_button][\/et_pb_column][et_pb_column type=&#8221;1_5&#8243; _builder_version=&#8221;4.7.4&#8243; _module_preset=&#8221;default&#8221; global_colors_info=&#8221;{}&#8221;][et_pb_blurb title=&#8221;Media \/ News&#8221; use_icon=&#8221;on&#8221; font_icon=&#8221;&#x7b;||divi||400&#8243; icon_color=&#8221;#B3B5B4&#8243; _builder_version=&#8221;4.13.0&#8243; _module_preset=&#8221;default&#8221; header_font=&#8221;|800|||||||&#8221; background_layout=&#8221;dark&#8221; min_height=&#8221;270px&#8221; global_colors_info=&#8221;{}&#8221;]<\/p>\n<p>Some actual news from media<br \/> about HIKEBEAM or Beltlamp AS<\/p>\n<p>[\/et_pb_blurb][et_pb_button button_url=&#8221;@ET-DC@eyJkeW5hbWljIjp0cnVlLCJjb250ZW50IjoicG9zdF9saW5rX3VybF9wYWdlIiwic2V0dGluZ3MiOnsicG9zdF9pZCI6IjEwOTUxIn19@&#8221; button_text=&#8221;L\u00e4s mer&#8221; _builder_version=&#8221;4.7.4&#8243; _dynamic_attributes=&#8221;button_url&#8221; _module_preset=&#8221;default&#8221; global_colors_info=&#8221;{}&#8221;][\/et_pb_button][\/et_pb_column][et_pb_column type=&#8221;1_5&#8243; _builder_version=&#8221;4.7.4&#8243; _module_preset=&#8221;default&#8221; global_colors_info=&#8221;{}&#8221;][et_pb_blurb title=&#8221;About Beltlamp &#8221; use_icon=&#8221;on&#8221; font_icon=&#8221;&#xe012;||divi||400&#8243; icon_color=&#8221;#B3B5B4&#8243; _builder_version=&#8221;4.13.0&#8243; _module_preset=&#8221;default&#8221; header_font=&#8221;|800|||||||&#8221; background_layout=&#8221;dark&#8221; min_height=&#8221;270px&#8221; global_colors_info=&#8221;{}&#8221;]<\/p>\n<p>Information about the<br \/> Norwegian company Beltlamp AS<\/p>\n<p>[\/et_pb_blurb][et_pb_button button_url=&#8221;@ET-DC@eyJkeW5hbWljIjp0cnVlLCJjb250ZW50IjoicG9zdF9saW5rX3VybF9wYWdlIiwic2V0dGluZ3MiOnsicG9zdF9pZCI6IjEwOTczIn19@&#8221; button_text=&#8221;L\u00e4s mer&#8221; _builder_version=&#8221;4.7.4&#8243; _dynamic_attributes=&#8221;button_url&#8221; _module_preset=&#8221;default&#8221; global_colors_info=&#8221;{}&#8221;][\/et_pb_button][\/et_pb_column][\/et_pb_row][\/et_pb_section]<\/p>\n","protected":false},"excerpt":{"rendered":"<p>\u00a0Lampans design och placering ger unik belysning, fr\u00e5n f\u00f6tterna, till sidorna och l\u00e5ngt fram\u00e5t. Se p\u00e5 bilderna! B\u00e4ttre sikt i dimma, dis och nederb\u00f6rd. Bl\u00e4ndar inte &#8211; K\u00e4nns l\u00e4tt som luft!\u00a0 IDEALISK VANDRARLAMPA &#8211; PROVA N\u00c5GOT NYTT! &nbsp; NY DESIGN OCH PLACERING GER UNIKT LJUS MED 3D-EFFEKT &#8211; VID F\u00d6TTERNA, \u00c5T SIDORNA OCH L\u00c5NGT FRAM\u00c5T. [&hellip;]<\/p>\n","protected":false},"author":9,"featured_media":0,"parent":0,"menu_order":0,"comment_status":"closed","ping_status":"closed","template":"","meta":{"_et_pb_use_builder":"on","_et_pb_old_content":"","_et_gb_content_width":"","om_disable_all_campaigns":false,"_monsterinsights_skip_tracking":false,"_monsterinsights_sitenote_active":false,"_monsterinsights_sitenote_note":"","_monsterinsights_sitenote_category":0,"_uf_show_specific_survey":0,"_uf_disable_surveys":false,"footnotes":""},"class_list":["post-14220","page","type-page","status-publish","hentry"],"aioseo_notices":[],"_links":{"self":[{"href":"https:\/\/beltlamp.com\/sv\/wp-json\/wp\/v2\/pages\/14220","targetHints":{"allow":["GET"]}}],"collection":[{"href":"https:\/\/beltlamp.com\/sv\/wp-json\/wp\/v2\/pages"}],"about":[{"href":"https:\/\/beltlamp.com\/sv\/wp-json\/wp\/v2\/types\/page"}],"author":[{"embeddable":true,"href":"https:\/\/beltlamp.com\/sv\/wp-json\/wp\/v2\/users\/9"}],"replies":[{"embeddable":true,"href":"https:\/\/beltlamp.com\/sv\/wp-json\/wp\/v2\/comments?post=14220"}],"version-history":[{"count":0,"href":"https:\/\/beltlamp.com\/sv\/wp-json\/wp\/v2\/pages\/14220\/revisions"}],"wp:attachment":[{"href":"https:\/\/beltlamp.com\/sv\/wp-json\/wp\/v2\/media?parent=14220"}],"curies":[{"name":"wp","href":"https:\/\/api.w.org\/{rel}","templated":true}]}}