{"id":14229,"date":"2021-08-31T09:26:38","date_gmt":"2021-08-31T07:26:38","guid":{"rendered":"https:\/\/beltlamp.com\/fordelar\/"},"modified":"2021-09-03T02:01:26","modified_gmt":"2021-09-03T00:01:26","slug":"fordelar","status":"publish","type":"page","link":"https:\/\/beltlamp.com\/sv\/fordelar\/","title":{"rendered":"F\u00d6RDELAR"},"content":{"rendered":"<p>[et_pb_section fb_built=&#8221;1&#8243; _builder_version=&#8221;4.7.4&#8243; _module_preset=&#8221;default&#8221; background_image=&#8221;https:\/\/beltlamp.com\/wp-content\/uploads\/2018\/01\/bg_u.jpg&#8221; custom_padding=&#8221;64px||64px||true|&#8221;][et_pb_row _builder_version=&#8221;4.7.4&#8243; _module_preset=&#8221;default&#8221; custom_padding=&#8221;||0px|||&#8221;][et_pb_column type=&#8221;4_4&#8243; _builder_version=&#8221;4.7.4&#8243; _module_preset=&#8221;default&#8221;][et_pb_text _builder_version=&#8221;4.9.0&#8243; _module_preset=&#8221;default&#8221; header_font=&#8221;|600||||||#ffffff|&#8221; header_text_color=&#8221;#ffffff&#8221; header_font_size=&#8221;40px&#8221;]<\/p>\n<h1 style=\"text-align: center\"><strong>F\u00f6rdelar med Hikebeam fr\u00e5n Beltlamp<\/strong><\/h1>\n<p>[\/et_pb_text][\/et_pb_column][\/et_pb_row][\/et_pb_section][et_pb_section fb_built=&#8221;1&#8243; admin_label=&#8221;section&#8221; _builder_version=&#8221;3.22&#8243; custom_padding=&#8221;4px||4px||true|&#8221;][et_pb_row column_structure=&#8221;1_5,1_5,1_5,1_5,1_5&#8243; use_custom_gutter=&#8221;on&#8221; gutter_width=&#8221;2&#8243; _builder_version=&#8221;4.7.4&#8243; _module_preset=&#8221;default&#8221; width=&#8221;100%&#8221; max_width=&#8221;2560px&#8221; custom_padding=&#8221;77px|27px|77px|27px|true|true&#8221;][et_pb_column type=&#8221;1_5&#8243; _builder_version=&#8221;4.7.4&#8243; _module_preset=&#8221;default&#8221; background_enable_image=&#8221;off&#8221;][et_pb_blurb title=&#8221;3D-effekt&#8221; image=&#8221;https:\/\/beltlamp.com\/wp-content\/uploads\/2021\/02\/3d-495&#215;400-1.jpg&#8221; _builder_version=&#8221;4.9.0&#8243; _module_preset=&#8221;default&#8221; header_font=&#8221;|800||on|||||&#8221; header_font_size=&#8221;18px&#8221; text_orientation=&#8221;center&#8221; border_radii_image=&#8221;on|2684px|2684px|2684px|2684px&#8221;]<\/p>\n<p><span>g\u00f6r det\u00a0 <strong>mycket l\u00e4ttare att se<\/strong> stenar, r\u00f6tter och andra <strong>detaljer i t\u00e4rrengen<\/strong>. Det ger en s\u00e4krare och <strong>bekv\u00e4mare vandring<\/strong>.<\/span><\/p>\n<p>[\/et_pb_blurb][\/et_pb_column][et_pb_column type=&#8221;1_5&#8243; _builder_version=&#8221;4.7.4&#8243; _module_preset=&#8221;default&#8221;][et_pb_blurb title=&#8221;STARKARE LJUS&#8221; image=&#8221;https:\/\/beltlamp.com\/wp-content\/uploads\/2021\/02\/sand-495&#215;400-1.jpg&#8221; _builder_version=&#8221;4.9.0&#8243; _module_preset=&#8221;default&#8221; header_font=&#8221;|800||on|||||&#8221; header_font_size=&#8221;18px&#8221; text_orientation=&#8221;center&#8221; border_radii_image=&#8221;on|2684px|2684px|2684px|2684px&#8221;]<\/p>\n<p><span><strong>fr\u00e5n f\u00f8tterna och l\u00e5ngt fram\u00e5t<\/strong>, eftersom lampan kommer n\u00e4rmare marken och har en reflekterande &#8221;sk\u00e4rm&#8221; som ger <strong>unika ljusf\u00f6rh\u00e5llanden<\/strong>.<\/span><\/p>\n<p>[\/et_pb_blurb][\/et_pb_column][et_pb_column type=&#8221;1_5&#8243; _builder_version=&#8221;4.7.4&#8243; _module_preset=&#8221;default&#8221;][et_pb_blurb title=&#8221;BL\u00c4NDAR INTE ANDRA&#8221; image=&#8221;https:\/\/beltlamp.com\/wp-content\/uploads\/2021\/02\/se10-495&#215;400-1.jpg&#8221; _builder_version=&#8221;4.9.0&#8243; _module_preset=&#8221;default&#8221; header_font=&#8221;|800||on|||||&#8221; header_font_size=&#8221;18px&#8221; text_orientation=&#8221;center&#8221; border_radii_image=&#8221;on|2684px|2684px|2684px|2684px&#8221;]<\/p>\n<p><span>tack vare sk\u00e4rmen. Den g\u00f6r s\u00e5 att du <strong>normalt inte bl\u00e4ndar<\/strong> dem du g\u00e5r tillsammans med, och den kan justeras s\u00e5 att man heller inte bl\u00e4ndar dem man m\u00f6ter. <\/span><\/p>\n<p>[\/et_pb_blurb][\/et_pb_column][et_pb_column type=&#8221;1_5&#8243; _builder_version=&#8221;4.7.4&#8243; _module_preset=&#8221;default&#8221;][et_pb_blurb title=&#8221;MINIMALA ST\u00d6RNINGAR&#8221; image=&#8221;https:\/\/beltlamp.com\/wp-content\/uploads\/2021\/02\/mindreforstyrrelse-495&#215;400-1.jpg&#8221; _builder_version=&#8221;4.9.0&#8243; _module_preset=&#8221;default&#8221; header_font=&#8221;|800||on|||||&#8221; header_font_size=&#8221;18px&#8221; text_orientation=&#8221;center&#8221; border_radii_image=&#8221;on|2684px|2684px|2684px|2684px&#8221;]<\/p>\n<p><span>av dimma, dis, regn, duggregn, sn\u00f6 eller utandningsluft. <strong>En otrolig skillnad!<\/strong> Ger ocks\u00e5 renare f\u00e4rguppfattning. <strong>Mer fotogl\u00e4dje f\u00f6r fotoglada!<\/strong><\/span><\/p>\n<p>[\/et_pb_blurb][\/et_pb_column][et_pb_column type=&#8221;1_5&#8243; _builder_version=&#8221;4.7.4&#8243; _module_preset=&#8221;default&#8221;][et_pb_blurb title=&#8221;BEKV\u00c4M ATT HA P\u00c5 SIG&#8221; image=&#8221;https:\/\/beltlamp.com\/wp-content\/uploads\/2021\/02\/20181223_153941_retusjert-495&#215;400-1.jpg&#8221; _builder_version=&#8221;4.9.0&#8243; _module_preset=&#8221;default&#8221; header_font=&#8221;|800||on|||||&#8221; header_font_size=&#8221;18px&#8221; text_orientation=&#8221;center&#8221; border_radii_image=&#8221;on|2684px|2684px|2684px|2684px&#8221;]<\/p>\n<p><span><strong>Inget obehag<\/strong> av vikt eller tryck mot huvudet. Inga problem att anv\u00e4nda m\u00f6ssa, pannband, luva, hj\u00e4lm, turban, hijab osv. Hikebeam <strong>k\u00e4nns viktl\u00f6s<\/strong> i b\u00e4ltet.<\/span><\/p>\n<p>[\/et_pb_blurb][\/et_pb_column][\/et_pb_row][\/et_pb_section][et_pb_section fb_built=&#8221;1&#8243; _builder_version=&#8221;4.7.4&#8243; _module_preset=&#8221;default&#8221; background_color=&#8221;#20271F&#8221; background_image=&#8221;https:\/\/beltlamp.com\/wp-content\/uploads\/2020\/04\/Lykt-162.jpg&#8221; parallax=&#8221;on&#8221; parallax_method=&#8221;off&#8221; custom_padding=&#8221;0px||0px||true|false&#8221;][et_pb_row column_structure=&#8221;1_5,1_5,1_5,1_5,1_5&#8243; use_custom_gutter=&#8221;on&#8221; gutter_width=&#8221;2&#8243; _builder_version=&#8221;4.7.4&#8243; _module_preset=&#8221;default&#8221; background_color=&#8221;rgba(30,30,30,0.73)&#8221; width=&#8221;100%&#8221; max_width=&#8221;2560px&#8221; custom_padding=&#8221;92px|27px|92px|27px|true|true&#8221;][et_pb_column type=&#8221;1_5&#8243; _builder_version=&#8221;4.7.4&#8243; _module_preset=&#8221;default&#8221; background_enable_image=&#8221;off&#8221;][et_pb_blurb title=&#8221;%22Widebeam%22&#8243; image=&#8221;https:\/\/beltlamp.com\/wp-content\/uploads\/2021\/02\/Inspir58-495&#215;400-1.jpg&#8221; _builder_version=&#8221;4.9.0&#8243; _module_preset=&#8221;default&#8221; header_font=&#8221;|800||on|||||&#8221; header_font_size=&#8221;18px&#8221; text_orientation=&#8221;center&#8221; background_layout=&#8221;dark&#8221; border_radii_image=&#8221;on|2684px|2684px|2684px|2684px&#8221;]<\/p>\n<p><span>\u201cWidebeam\u2122\u201d ger m\u00f6jlighet till <strong>vidvinkelbelysning<\/strong> 180\u00b0 ut \u00e5t sidorna, extra bra vid arbete med att s\u00e4tta upp t\u00e4lt och liknande.  <\/span><\/p>\n<p>[\/et_pb_blurb][\/et_pb_column][et_pb_column type=&#8221;1_5&#8243; _builder_version=&#8221;4.7.4&#8243; _module_preset=&#8221;default&#8221;][et_pb_blurb title=&#8221;L\u00c4TT ATT TA AV OCH P\u00c5&#8221; image=&#8221;https:\/\/beltlamp.com\/wp-content\/uploads\/2021\/02\/lett-495&#215;400-1.jpg&#8221; _builder_version=&#8221;4.9.0&#8243; _module_preset=&#8221;default&#8221; header_font=&#8221;|800||on|||||&#8221; header_font_size=&#8221;18px&#8221; text_orientation=&#8221;center&#8221; background_layout=&#8221;dark&#8221; border_radii_image=&#8221;on|2684px|2684px|2684px|2684px&#8221;]<\/p>\n<p><span><strong>F\u00e4sts direkt p\u00e5 b\u00e4ltessp\u00e4nnet,<\/strong> eventuellt p\u00e5 ryggs\u00e4cksrem, uniform eller liknande. B\u00e4st \u00e4r ett ganska \u00e5tsittande b\u00e4lte p\u00e5 \u00f6verkroppen.  <\/span><\/p>\n<p>[\/et_pb_blurb][\/et_pb_column][et_pb_column type=&#8221;1_5&#8243; _builder_version=&#8221;4.7.4&#8243; _module_preset=&#8221;default&#8221;][et_pb_blurb title=&#8221;F\u00d6RST\u00d6R INTE FRISYREN&#8221; image=&#8221;https:\/\/beltlamp.com\/wp-content\/uploads\/2021\/02\/frisyre2-495&#215;400-1.jpg&#8221; _builder_version=&#8221;4.9.0&#8243; _module_preset=&#8221;default&#8221; header_font=&#8221;|800||on|||||&#8221; header_font_size=&#8221;18px&#8221; text_orientation=&#8221;center&#8221; background_layout=&#8221;dark&#8221; custom_padding=&#8221;||1px|||&#8221; border_radii_image=&#8221;on|2684px|2684px|2684px|2684px&#8221;]<\/p>\n<p><span>Lika problemfri och bekv\u00e4m at bruka, b\u00e5da f\u00f6r kvinnor och m\u00e4n. F\u00f6rst\u00f6r inte n\u00e5gon <strong>\u00a0frisyr<\/strong>. <\/span><\/p>\n<p>[\/et_pb_blurb][\/et_pb_column][et_pb_column type=&#8221;1_5&#8243; _builder_version=&#8221;4.7.4&#8243; _module_preset=&#8221;default&#8221;][et_pb_blurb title=&#8221;HYGIENISK&#8221; image=&#8221;https:\/\/beltlamp.com\/wp-content\/uploads\/2021\/02\/hygiene-495&#215;400-1.jpg&#8221; _builder_version=&#8221;4.9.0&#8243; _module_preset=&#8221;default&#8221; header_font=&#8221;|800||on|||||&#8221; header_font_size=&#8221;18px&#8221; text_orientation=&#8221;center&#8221; background_layout=&#8221;dark&#8221; border_radii_image=&#8221;on|2684px|2684px|2684px|2684px&#8221;]<\/p>\n<p><span><strong>Hygienisk.<\/strong> Ger inga svettiga huvudremmar. Kan anv\u00e4ndas av vem som helst, n\u00e4r som helst.  <\/span><\/p>\n<p>[\/et_pb_blurb][\/et_pb_column][et_pb_column type=&#8221;1_5&#8243; _builder_version=&#8221;4.7.4&#8243; _module_preset=&#8221;default&#8221;][et_pb_blurb title=&#8221;FICKLAMPA\/STR\u00c5LKASTARE&#8221; image=&#8221;https:\/\/beltlamp.com\/wp-content\/uploads\/2021\/02\/arbeidslampe-3-495&#215;400-1.jpg&#8221; _builder_version=&#8221;4.9.0&#8243; _module_preset=&#8221;default&#8221; header_font=&#8221;|800||on|||||&#8221; header_font_size=&#8221;18px&#8221; text_orientation=&#8221;center&#8221; background_layout=&#8221;dark&#8221; border_radii_image=&#8221;on|2684px|2684px|2684px|2684px&#8221;]<\/p>\n<p><span><strong>Kan anv\u00e4ndas som ficklampa <\/strong>eller str\u00e5lkastare, belysning i t\u00e4lt osv. Kan ocks\u00e5 h\u00e4ngas i ett sn\u00f6re eller en gren. <\/span><\/p>\n<p>[\/et_pb_blurb][\/et_pb_column][\/et_pb_row][\/et_pb_section][et_pb_section fb_built=&#8221;1&#8243; _builder_version=&#8221;4.7.4&#8243; _module_preset=&#8221;default&#8221; custom_padding=&#8221;0px|||||&#8221;][et_pb_row column_structure=&#8221;1_5,1_5,1_5,1_5,1_5&#8243; use_custom_gutter=&#8221;on&#8221; gutter_width=&#8221;2&#8243; _builder_version=&#8221;4.7.4&#8243; _module_preset=&#8221;default&#8221; width=&#8221;100%&#8221; max_width=&#8221;2560px&#8221; custom_padding=&#8221;80px|27px|80px|27px|true|true&#8221;][et_pb_column type=&#8221;1_5&#8243; _builder_version=&#8221;4.7.4&#8243; _module_preset=&#8221;default&#8221; background_enable_image=&#8221;off&#8221;][et_pb_blurb title=&#8221;JUSTERING&#8221; image=&#8221;https:\/\/beltlamp.com\/wp-content\/uploads\/2021\/02\/20181229_092846-495&#215;400-1.jpg&#8221; _builder_version=&#8221;4.9.0&#8243; _module_preset=&#8221;default&#8221; header_font=&#8221;|800||on|||||&#8221; header_font_size=&#8221;18px&#8221; text_orientation=&#8221;center&#8221; border_radii_image=&#8221;on|2684px|2684px|2684px|2684px&#8221;]<\/p>\n<p><span><strong>Enkelt att justera<\/strong> ljusstyrkan (6 l\u00e4gen) och att justera ljuset upp\u00e5t eller ned\u00e5t efter terr\u00e4ng eller \u00f6nskem\u00e5l, oberoende av nacken. <\/span><\/p>\n<p>[\/et_pb_blurb][\/et_pb_column][et_pb_column type=&#8221;1_5&#8243; _builder_version=&#8221;4.7.4&#8243; _module_preset=&#8221;default&#8221;][et_pb_blurb title=&#8221;INSEKTER&#8221; image=&#8221;https:\/\/beltlamp.com\/wp-content\/uploads\/2021\/02\/Insekter-lampe-495&#215;400-1.jpg&#8221; _builder_version=&#8221;4.9.0&#8243; _module_preset=&#8221;default&#8221; header_font=&#8221;|800||on|||||&#8221; header_font_size=&#8221;18px&#8221; text_orientation=&#8221;center&#8221; border_radii_image=&#8221;on|2684px|2684px|2684px|2684px&#8221;]<\/p>\n<p><span>Med den h\u00e4r lampan <strong>slipper man insekter som dras till ditt ansikte,<\/strong> n\u00e4r det kan vara ett problem.<\/span><\/p>\n<p>[\/et_pb_blurb][\/et_pb_column][et_pb_column type=&#8221;1_5&#8243; _builder_version=&#8221;4.7.4&#8243; _module_preset=&#8221;default&#8221;][et_pb_blurb title=&#8221;SKYDD&#8221; image=&#8221;https:\/\/beltlamp.com\/wp-content\/uploads\/2021\/02\/beskyttelse-1-495&#215;400-1.jpg&#8221; _builder_version=&#8221;4.9.0&#8243; _module_preset=&#8221;default&#8221; header_font=&#8221;|800||on|||||&#8221; header_font_size=&#8221;18px&#8221; text_orientation=&#8221;center&#8221; border_radii_image=&#8221;on|2684px|2684px|2684px|2684px&#8221;]<\/p>\n<p><span>Man kan <strong>skydda sig mot v\u00e4der<\/strong> och vind efter behov och \u00f6nskem\u00e5l, samtidigt som man har fantastisk belysning av hela n\u00e4romr\u00e5det.<\/span><\/p>\n<p>[\/et_pb_blurb][\/et_pb_column][et_pb_column type=&#8221;1_5&#8243; _builder_version=&#8221;4.7.4&#8243; _module_preset=&#8221;default&#8221;][et_pb_blurb title=&#8221;BATTERIER&#8221; image=&#8221;https:\/\/beltlamp.com\/wp-content\/uploads\/2021\/02\/batteri-495&#215;400-1.jpg&#8221; _builder_version=&#8221;4.9.0&#8243; _module_preset=&#8221;default&#8221; header_font=&#8221;|800||on|||||&#8221; header_font_size=&#8221;18px&#8221; text_orientation=&#8221;center&#8221; border_radii_image=&#8221;on|2684px|2684px|2684px|2684px&#8221;]<\/p>\n<p><span>Hikebeam har inbyggt batteri f\u00f6r korta promenader. <strong>Medf\u00f6ljande powerbank ger mer enn 6 timmar<\/strong> med full styrka. (100 g, USB). Eventuell reserv f\u00f6r mobil osv. <\/span><\/p>\n<p>[\/et_pb_blurb][\/et_pb_column][et_pb_column type=&#8221;1_5&#8243; _builder_version=&#8221;4.7.4&#8243; _module_preset=&#8221;default&#8221;][et_pb_blurb title=&#8221;B\u00c4TTRE LIV I M\u00d6RKER&#8221; image=&#8221;https:\/\/beltlamp.com\/wp-content\/uploads\/2021\/02\/par-495&#215;400-1.jpg&#8221; _builder_version=&#8221;4.9.0&#8243; _module_preset=&#8221;default&#8221; header_font=&#8221;|800||on|||||&#8221; header_font_size=&#8221;18px&#8221; text_orientation=&#8221;center&#8221; border_radii_image=&#8221;on|2684px|2684px|2684px|2684px&#8221;]<\/p>\n<p><span><strong>G\u00f6r friluftsliv i m\u00f6rker mycket roligare.<\/strong> Pr\u00f6va sj\u00e4lv, och l\u00e5t dina v\u00e4nner f\u00e5 pr\u00f6va ocks\u00e5!<\/span><\/p>\n<p>[\/et_pb_blurb][\/et_pb_column][\/et_pb_row][\/et_pb_section]<\/p>\n","protected":false},"excerpt":{"rendered":"<p>F\u00f6rdelar med Hikebeam fr\u00e5n Beltlampg\u00f6r det\u00a0 mycket l\u00e4ttare att se stenar, r\u00f6tter och andra detaljer i t\u00e4rrengen. Det ger en s\u00e4krare och bekv\u00e4mare vandring.fr\u00e5n f\u00f8tterna och l\u00e5ngt fram\u00e5t, eftersom lampan kommer n\u00e4rmare marken och har en reflekterande &#8221;sk\u00e4rm&#8221; som ger unika ljusf\u00f6rh\u00e5llanden.tack vare sk\u00e4rmen. Den g\u00f6r s\u00e5 att du normalt inte bl\u00e4ndar dem du g\u00e5r [&hellip;]<\/p>\n","protected":false},"author":9,"featured_media":0,"parent":0,"menu_order":0,"comment_status":"closed","ping_status":"closed","template":"","meta":{"_et_pb_use_builder":"on","_et_pb_old_content":"","_et_gb_content_width":"","om_disable_all_campaigns":false,"_monsterinsights_skip_tracking":false,"_monsterinsights_sitenote_active":false,"_monsterinsights_sitenote_note":"","_monsterinsights_sitenote_category":0,"_uf_show_specific_survey":0,"_uf_disable_surveys":false,"footnotes":""},"class_list":["post-14229","page","type-page","status-publish","hentry"],"aioseo_notices":[],"_links":{"self":[{"href":"https:\/\/beltlamp.com\/sv\/wp-json\/wp\/v2\/pages\/14229","targetHints":{"allow":["GET"]}}],"collection":[{"href":"https:\/\/beltlamp.com\/sv\/wp-json\/wp\/v2\/pages"}],"about":[{"href":"https:\/\/beltlamp.com\/sv\/wp-json\/wp\/v2\/types\/page"}],"author":[{"embeddable":true,"href":"https:\/\/beltlamp.com\/sv\/wp-json\/wp\/v2\/users\/9"}],"replies":[{"embeddable":true,"href":"https:\/\/beltlamp.com\/sv\/wp-json\/wp\/v2\/comments?post=14229"}],"version-history":[{"count":0,"href":"https:\/\/beltlamp.com\/sv\/wp-json\/wp\/v2\/pages\/14229\/revisions"}],"wp:attachment":[{"href":"https:\/\/beltlamp.com\/sv\/wp-json\/wp\/v2\/media?parent=14229"}],"curies":[{"name":"wp","href":"https:\/\/api.w.org\/{rel}","templated":true}]}}