{"id":14235,"date":"2021-08-31T14:49:20","date_gmt":"2021-08-31T12:49:20","guid":{"rendered":"https:\/\/beltlamp.com\/fakta\/"},"modified":"2021-09-02T13:49:31","modified_gmt":"2021-09-02T11:49:31","slug":"fakta","status":"publish","type":"page","link":"https:\/\/beltlamp.com\/sv\/fakta\/","title":{"rendered":"FAKTA"},"content":{"rendered":"<p>[et_pb_section fb_built=&#8221;1&#8243; _builder_version=&#8221;4.7.4&#8243; _module_preset=&#8221;default&#8221; background_image=&#8221;https:\/\/beltlamp.com\/wp-content\/uploads\/2018\/01\/bg_u.jpg&#8221; custom_padding=&#8221;64px||64px||true|&#8221;][et_pb_row _builder_version=&#8221;4.7.4&#8243; _module_preset=&#8221;default&#8221; custom_padding=&#8221;||0px|||&#8221;][et_pb_column type=&#8221;4_4&#8243; _builder_version=&#8221;4.7.4&#8243; _module_preset=&#8221;default&#8221;][et_pb_text _builder_version=&#8221;4.7.4&#8243; _module_preset=&#8221;default&#8221; header_font=&#8221;|600||||||#ffffff|&#8221; header_text_color=&#8221;#ffffff&#8221; header_font_size=&#8221;40px&#8221;]<\/p>\n<h1 style=\"text-align: center\"><strong>Fakta om Hikebeam 400<\/strong><\/h1>\n<p>[\/et_pb_text][\/et_pb_column][\/et_pb_row][\/et_pb_section][et_pb_section fb_built=&#8221;1&#8243; _builder_version=&#8221;4.7.4&#8243; _module_preset=&#8221;default&#8221; background_color=&#8221;#ffffff&#8221; custom_padding=&#8221;0px||23px|||&#8221; sticky_position=&#8221;top&#8221;][et_pb_row _builder_version=&#8221;4.7.4&#8243; _module_preset=&#8221;default&#8221; custom_padding=&#8221;||0px|||&#8221;][et_pb_column type=&#8221;4_4&#8243; _builder_version=&#8221;4.7.4&#8243; _module_preset=&#8221;default&#8221;][et_pb_menu menu_id=&#8221;50&#8243; menu_style=&#8221;centered&#8221; active_link_color=&#8221;#000000&#8243; _builder_version=&#8221;4.7.4&#8243; _module_preset=&#8221;default&#8221; menu_font=&#8221;|600|||||||&#8221; menu_font_size=&#8221;19px&#8221; custom_margin=&#8221;||-5px|||&#8221;][\/et_pb_menu][\/et_pb_column][\/et_pb_row][\/et_pb_section][et_pb_section fb_built=&#8221;1&#8243; admin_label=&#8221;section&#8221; _builder_version=&#8221;3.22&#8243; custom_padding=&#8221;4px||4px||true|&#8221;][et_pb_row column_structure=&#8221;1_2,1_2&#8243; use_custom_gutter=&#8221;on&#8221; gutter_width=&#8221;1&#8243; admin_label=&#8221;row&#8221; _builder_version=&#8221;4.7.4&#8243; background_size=&#8221;initial&#8221; background_position=&#8221;top_left&#8221; background_repeat=&#8221;repeat&#8221; custom_padding=&#8221;72px|||||&#8221;][et_pb_column type=&#8221;1_2&#8243; _builder_version=&#8221;3.25&#8243; custom_padding=&#8221;|||&#8221; custom_padding__hover=&#8221;|||&#8221;][et_pb_text module_id=&#8221;background1&#8243; _builder_version=&#8221;4.7.4&#8243; _module_preset=&#8221;default&#8221; custom_padding=&#8221;10px||27px|||&#8221;]<\/p>\n<h2><strong>Lampans bakgrund<\/strong><\/h2>\n<p>[\/et_pb_text][et_pb_text _builder_version=&#8221;4.7.4&#8243; _module_preset=&#8221;default&#8221; custom_padding=&#8221;|48px||||&#8221;]<strong>En norsk optiker ville ha en b\u00e4ttre lampl\u00f6sning n\u00e4r han var ute och vandrade p\u00e5 kv\u00e4llstid. Han tyckte att det var obekv\u00e4mt med pannlampa och att det inte heller var n\u00e5gon bra l\u00f6sning att h\u00e5lla en ficklampa i handen. <\/strong><\/p>\n<p>D\u00e5 han kom p\u00e5 ett enkelt s\u00e4tt att f\u00e4sta en lampa direkt p\u00e5 b\u00e4ltet uppt\u00e4ckte han att en b\u00e4lteslampa faktiskt innebar m\u00e5nga och stora f\u00f6rb\u00e4ttringar.<span>&nbsp;<\/span><b>Det var n\u00e4stan magiskt!&nbsp;<\/b>Starkare belysning av marken, 3D-effekt och m\u00e5nga andra f\u00f6rdelar gjorde det tydligt att det h\u00e4r var n\u00e5got som \u00e4ven andra vandrare borde f\u00e5 uppleva.<\/p>\n<p>Det blev \u00e4nnu b\u00e4ttre med en sk\u00e4rm som f\u00f6rhindrar att andra blir bl\u00e4ndade. Samtidigt reflekterar den ljus ner mot marken och ger mycket b\u00e4ttre och j\u00e4mn belysning i hela n\u00e4romr\u00e5det, ocks\u00e5 vid f\u00f6tterna. D\u00e5 kan man mycket l\u00e4ttare se oj\u00e4mnheter och detaljer i terr\u00e4ngen d\u00e4r man g\u00e5r. Dessutom slipper man n\u00e4stan all st\u00f6rning av dimma, dis, nederb\u00f6rd eller utandningsluft. Lampan har dessutom Widebeam\u2122 med 180\u00b0-belysning \u00e5t sidorna. B\u00e4lteslampan kan \u00e4ven anv\u00e4ndas som ficklampa eller placeras som str\u00e5lkastare, bara f\u00f6r att n\u00e4mna n\u00e5gra f\u00f6rdelar.[\/et_pb_text][et_pb_text module_id=&#8221;howtouse&#8221; _builder_version=&#8221;4.7.4&#8243; _module_preset=&#8221;default&#8221; custom_padding=&#8221;46px||27px|||&#8221;]<\/p>\n<h2><strong>S\u00e5 anv\u00e4nder du Hikebeam<\/strong><\/h2>\n<p>[\/et_pb_text][et_pb_text _builder_version=&#8221;4.7.4&#8243; _module_preset=&#8221;default&#8221; custom_padding=&#8221;|48px||||&#8221;]Hikebeam 400 \u00e4r en unik b\u00e4lteslampa vid fotvandring eller vistelse i m\u00f6rker. Den kan f\u00e4stas direkt p\u00e5 b\u00e4ltessp\u00e4nnet p\u00e5 ett b\u00e4lte, en ryggs\u00e4cksrem eller liknande. Det \u00e4r enkelt att justera ljusstr\u00e5len upp\u00e5t eller ned\u00e5t efter terr\u00e4ng eller \u00f6nskem\u00e5l. Vi rekommenderar ett b\u00e4lte som s\u00e4tts ganska tajt p\u00e5 \u00f6verkroppen, utanf\u00f6r andra kl\u00e4der. D\u00e5 kan man komma \u00e5t fickor, b\u00f6ja sig ner och b\u00e4ra saker utan att lampan kommer i v\u00e4gen. Det \u00e4r faktiskt det b\u00e4sta st\u00e4llet att s\u00e4tta en lampa p\u00e5, helt utan n\u00e5gon form av obehag. Hela n\u00e4romr\u00e5det, fr\u00e5n f\u00f6tterna och l\u00e5ngt fram\u00e5t, blir upplyst p\u00e5 ett n\u00e4stan otroligt bra s\u00e4tt. Med powerbanken (USB) ansluten har man str\u00f6m under l\u00e5ng tid. Denna kan h\u00e4ngas i b\u00e4ltet eller ligga i en ficka eller ryggs\u00e4ck. Man kan ha med sig fler som reserv, eventuellt \u00e4ven f\u00f6r mobiler och liknande.         <\/p>\n<p><a href=\"https:\/\/beltlamp.com\/wp-content\/uploads\/2020\/06\/Lykt_i_belte_web.jpg\" target=\"_blank\" rel=\"noopener noreferrer\" class=\"lightbox-added\"><span>KLICKA: Lampan i ett b\u00e4lte.<\/span><\/a><\/p>\n<p><a href=\"https:\/\/beltlamp.com\/wp-content\/uploads\/2020\/06\/Lykt_med_powerbank_web.jpg\" target=\"_blank\" rel=\"noopener noreferrer\" class=\"lightbox-added\"><span>KLICKA: Lampan i ett b\u00e4lte med batteri.<\/span><\/a><\/p>\n<p>HIKEBEAM fungerar bra som ficklampa och som str\u00e5lkastare p\u00e5 plant underlag. Den kan ocks\u00e5 h\u00e4ngas upp i ett sn\u00f6re osv. <\/p>\n<p><span><a href=\"https:\/\/beltlamp.com\/wp-content\/uploads\/2019\/01\/20181223_124227-2.jpg\" target=\"_blank\" rel=\"noopener noreferrer\" class=\"lightbox-added\">KLICKA: Statisk lampa<\/a><\/span><\/p>\n<p><span><a href=\"https:\/\/beltlamp.com\/wp-content\/uploads\/2019\/09\/Inspir58.jpg\" target=\"_blank\" rel=\"noopener noreferrer\" class=\"lightbox-added\">KLICKA: \u201dWidebeam\u2122\u201d, 180\u00b0 sidobelysning.<\/a><\/span>[\/et_pb_text][\/et_pb_column][et_pb_column type=&#8221;1_2&#8243; _builder_version=&#8221;3.25&#8243; custom_padding=&#8221;|||&#8221; custom_padding__hover=&#8221;|||&#8221;][et_pb_image src=&#8221;https:\/\/beltlamp.com\/wp-content\/uploads\/2020\/04\/Lykt-162-e1607003980702.jpg&#8221; title_text=&#8221;Lykt-162&#8243; _builder_version=&#8221;4.7.4&#8243; _module_preset=&#8221;default&#8221; custom_padding=&#8221;0px|||||&#8221;][\/et_pb_image][\/et_pb_column][\/et_pb_row][\/et_pb_section][et_pb_section fb_built=&#8221;1&#8243; _builder_version=&#8221;4.7.4&#8243; _module_preset=&#8221;default&#8221; background_color=&#8221;#20271F&#8221; background_image=&#8221;https:\/\/beltlamp.com\/wp-content\/uploads\/2020\/04\/Lykt-162.jpg&#8221; parallax=&#8221;on&#8221; parallax_method=&#8221;off&#8221; custom_padding=&#8221;0px||0px||true|false&#8221;][et_pb_row column_structure=&#8221;1_2,1_2&#8243; use_custom_gutter=&#8221;on&#8221; gutter_width=&#8221;2&#8243; _builder_version=&#8221;4.7.4&#8243; _module_preset=&#8221;default&#8221; background_color=&#8221;rgba(30,30,30,0.73)&#8221; width=&#8221;100%&#8221; max_width=&#8221;2560px&#8221; custom_padding=&#8221;83px|27px|83px|27px|true|true&#8221;][et_pb_column type=&#8221;1_2&#8243; _builder_version=&#8221;4.7.4&#8243; _module_preset=&#8221;default&#8221; background_enable_image=&#8221;off&#8221;][et_pb_image src=&#8221;https:\/\/beltlamp.com\/wp-content\/uploads\/2021\/03\/fakta_ny.jpg&#8221; title_text=&#8221;fakta_ny&#8221; align=&#8221;center&#8221; _builder_version=&#8221;4.9.0&#8243; _module_preset=&#8221;default&#8221; width=&#8221;88%&#8221;][\/et_pb_image][\/et_pb_column][et_pb_column type=&#8221;1_2&#8243; _builder_version=&#8221;4.7.4&#8243; _module_preset=&#8221;default&#8221;][et_pb_text module_id=&#8221;facts1&#8243; _builder_version=&#8221;4.7.4&#8243; _module_preset=&#8221;default&#8221; text_font=&#8221;||||||||&#8221; text_text_color=&#8221;#ffffff&#8221; header_text_color=&#8221;#ffffff&#8221; header_2_font=&#8221;|600|||||||&#8221; header_2_text_color=&#8221;#B4B7B5&#8243; custom_padding=&#8221;12px|6px|12px|6px|true|true&#8221;]<\/p>\n<div class=\"av-special-heading av-special-heading-h2 custom-color-heading blockquote modern-quote avia-builder-el-27 el_before_av_hr avia-builder-el-first \">\n<h2 class=\"av-special-heading-tag \">Fakta om Hikebeam 400<\/h2>\n<\/div>\n<div class=\"hr hr-custom hr-left hr-icon-no avia-builder-el-28 el_after_av_heading el_before_av_textblock \"><span class=\"hr-inner inner-border-av-border-fat\"><span class=\"hr-inner-style\"><\/span><\/span><\/div>\n<section class=\"av_textblock_section \">\n<div class=\"avia_textblock av_inherit_color \">\n<p><strong>Hikebeam 400<\/strong><span>&nbsp;<\/span>har en huvudlampa p\u00e5 ca 400 lumen (max) och tv\u00e5 sidolampor (Widebeam\u2122) p\u00e5 ca 100 lumen (max) vardera.  <\/p>\n<p><strong>Str\u00f6mbrytaren har 7 l\u00e4gen:<\/strong><\/p>\n<ol>\n<li>Huvudlampan svag.<\/li>\n<li>Huvudlampan mellanstyrka.<\/li>\n<li>Huvudlampan full styrka (400 lumen).<\/li>\n<li>Huvudlampan mellanstyrka plus sidolampor (Widebeam\u2122).<\/li>\n<li>Huvudlampan svag plus svagare sidolampor (Widebeam\u2122).<\/li>\n<li>Svagast, bara sidolampor (Widebeam\u2122).<\/li>\n<li>&nbsp;AV Lampan st\u00e4ngs av genom att h\u00e5lla in str\u00f6mbrytaren i 2\u20133 sekunder eller trycka till l\u00e4ge 7. <\/li>\n<\/ol>\n<p><b>IPX4,<\/b><span>&nbsp;<\/span>t\u00e5l alla v\u00e4der n\u00e4r locket p\u00e5 lampan sluter t\u00e4tt eller laddkontakten \u00e4r r\u00e4tt placerad och skyddad av skyddsk\u00e5pan.<\/p>\n<p><a href=\"https:\/\/beltlamp.com\/wp-content\/uploads\/2020\/08\/film3_0.mp4\" target=\"_blank\" rel=\"noopener noreferrer\"><strong>KLICKA, VIDEO H\u00c4R.<\/strong><\/a><br \/>\n<a href=\"https:\/\/beltlamp.com\/wp-content\/uploads\/2020\/11\/cap.jpg\" target=\"_blank\" rel=\"noopener noreferrer\" class=\"lightbox-added\"><strong>S\u00c5 FUNGERAR SKYDDSK\u00c5PAN<\/strong><\/a><\/p>\n<p>Norsk uppfinning, design och produktutveckling. Producerad i Kina. <\/p>\n<p><strong><em>Lampan \u00e4r designskyddad. Begreppet<span>&nbsp;<\/span><\/em>HIKEBEAM\u00ae<em>\u00e4r varum\u00e4rkesskyddat p\u00e5 stora delar av v\u00e4rldsmarknaden. Alla r\u00e4ttigheter tillh\u00f6r det norska f\u00f6retaget Beltlamp AS. <\/em><\/strong><\/p>\n<p><a href=\"https:\/\/beltlamp.com\/wp-content\/uploads\/2019\/12\/Sertifikater.pdf\" target=\"_blank\" rel=\"noopener noreferrer\">H\u00e4mta pdf h\u00e4r.<\/a><\/p>\n<\/div>\n<\/section>\n<div class=\"hr hr-invisible avia-builder-el-30 el_after_av_textblock avia-builder-el-last \"><\/div>\n<p>[\/et_pb_text][\/et_pb_column][\/et_pb_row][\/et_pb_section][et_pb_section fb_built=&#8221;1&#8243; _builder_version=&#8221;4.7.4&#8243; _module_preset=&#8221;default&#8221;][et_pb_row column_structure=&#8221;1_2,1_2&#8243; _builder_version=&#8221;4.7.4&#8243; _module_preset=&#8221;default&#8221;][et_pb_column type=&#8221;1_2&#8243; _builder_version=&#8221;4.7.4&#8243; _module_preset=&#8221;default&#8221;][et_pb_text module_id=&#8221;batteries&#8221; _builder_version=&#8221;4.7.4&#8243; _module_preset=&#8221;default&#8221;]<\/p>\n<h2 class=\"av-special-heading-tag \"><strong>Batterier<\/strong><\/h2>\n<p>[\/et_pb_text][et_pb_text _builder_version=&#8221;4.7.4&#8243; _module_preset=&#8221;default&#8221;]<\/p>\n<div class=\"av-special-heading av-special-heading-h2 custom-color-heading blockquote modern-quote avia-builder-el-34 el_before_av_hr avia-builder-el-first \">\n<h2 class=\"av-special-heading-tag \"><span style=\"font-size: 16px\">Hikebeam 400 har ett inbyggt batteri p\u00e5 960 mAh. Med huvudlampan p\u00e5 full styrka f\u00e5r man unik belysning i ca 1 timme. Med halv styrka och sidolampor r\u00e4cker det ungef\u00e4r lika l\u00e4nge. Endast huvudlampan p\u00e5 mellanstyrka ger ljus i mer \u00e4n 2 timmar och p\u00e5 den svagaste ljusstyrkan i ca 6 timmar. <\/span><\/h2>\n<\/div>\n<section class=\"av_textblock_section \">\n<div class=\"avia_textblock \">\n<p>Det f\u00f6ljer med en extern powerbank p\u00e5 5 000 mAh som fungerar som ett extra batteri. Denna kan f\u00e4stas i b\u00e4ltet eller ligga i en ficka, i ryggs\u00e4cken eller liknande. Powerbanken kan vara ansluten till lampan, och sammanlagt ger det ca 6 timmar med full ljusstyrka. (B\u00e5da laddas p\u00e5 3\u20134 timmar.) Anv\u00e4nd bara originalkabeln, d\u00e5 denna b\u00e4st s\u00e4krar en t\u00e4t anslutning till lampan. Se till att antingen laddkontakten \u00e4r ansluten och skyddsk\u00e5pan r\u00e4tt placerad eller att locket \u00f6ver \u00f6ppningen sluter t\u00e4tt. Lysdioderna p\u00e5 lampan och powerbanken lyser under laddning. N\u00e4r lampan \u00e4r fulladdad slocknar den bl\u00e5 dioden. Om lampan t\u00e4nds d\u00e5, anv\u00e4nds bara det inbyggda batteriet. Genom att trycka p\u00e5 knappen p\u00e5 sidan av powerbanken alldeles innan du t\u00e4nder lampan t\u00e4nds dioderna, och d\u00e5 h\u00e4mtar lampan sin str\u00f6m fr\u00e5n powerbanken. Efter ca 5 timmar p\u00e5 full styrka tar batteriet slut. P\u00e5 l\u00e4ngre vandringar b\u00f6r man ha med fler i reserv och d\u00e5 byta powerbank. P\u00e5 s\u00e5 s\u00e4tt beh\u00e5ller man 1 timme i reserv p\u00e5 det inbyggda batteriet och mer om man har p\u00e5 lampan p\u00e5 l\u00e4gre styrka.<\/p>\n<p>Undvik att f\u00e5 fukt\/v\u00e4tska i kontaktpunkterna, b\u00e5de p\u00e5 lampan och p\u00e5 powerbanken! Om man \u00e4r f\u00f6rsiktig och anv\u00e4nder lampan r\u00e4tt kan man undvika vatten\/fukt. D\u00e5 fungerar lampan som den ska och h\u00e5ller l\u00e4nge. V\u00e5r garanti g\u00e4ller inte om annan str\u00f6mk\u00e4lla\/powerbank \u00e4n den medf\u00f6ljande anv\u00e4nds. Anv\u00e4nd alltid kabel och batteri fr\u00e5n Beltlamp AS. All anv\u00e4ndning av lampan sker p\u00e5 eget ansvar. Lampan b\u00f6r laddas med medf\u00f6ljande powerbank som i sin tur kan laddas fr\u00e5n en annan str\u00f6mk\u00e4lla med USB-anslutning. F\u00f6r l\u00e4ngre vandringar kan man ha med flera batterier. Batterikapaciteten minskar i kyla. Som extrautrustning finns ett batteri med 10 000 mAh och b\u00e4ttre prestanda i stark kyla.<\/p>\n<p>Med tiden minskar ett batteris laddningskapacitet. Men du kan r\u00e4kna med bra batterikapacitet under m\u00e5nga \u00e5r.\u00a0<span> <\/span><span><a href=\"https:\/\/beltlamp.com\/wp-content\/uploads\/2019\/12\/POWERBANKS-FROM-BELTLAMP-AS.pdf\" target=\"_blank\" rel=\"noopener noreferrer\">(Mer batterifakta, klicka h\u00e4r.)<\/a><\/span><\/p>\n<p><strong>Kom ih\u00e5g at ladda batterierna efter anv\u00e4nding, s\u00e5 Hikebeam \u00e4r redo f\u00f6r n\u00e4ste g\u00e5ng du beh\u00f6ver den. Med reserv kan man ocks\u00e5 ha str\u00f6m f\u00f6r mobil etc.<\/strong>\u00a0\u00a0<span><\/span><\/p>\n<p><span><\/span><\/p>\n<p><span><\/span><\/p>\n<\/div>\n<\/section>\n<p>[\/et_pb_text][\/et_pb_column][et_pb_column type=&#8221;1_2&#8243; _builder_version=&#8221;4.7.4&#8243; _module_preset=&#8221;default&#8221;][et_pb_image src=&#8221;https:\/\/beltlamp.com\/wp-content\/uploads\/2018\/01\/pexels-photo-753994.jpg&#8221; title_text=&#8221;pexels-photo-753994&#8243; _builder_version=&#8221;4.7.4&#8243; _module_preset=&#8221;default&#8221;][\/et_pb_image][et_pb_text _builder_version=&#8221;4.7.4&#8243; _module_preset=&#8221;default&#8221;]<\/p>\n<div class=\"av-special-heading av-special-heading-h2 custom-color-heading blockquote modern-quote avia-builder-el-40 el_before_av_hr avia-builder-el-first \">\n<h2 class=\"av-special-heading-tag \">Nyttig information<\/h2>\n<\/div>\n<div class=\"hr hr-custom hr-left hr-icon-no avia-builder-el-41 el_after_av_heading el_before_av_textblock \"><span class=\"hr-inner inner-border-av-border-fat\"><span class=\"hr-inner-style\"><\/span><\/span><\/div>\n<section class=\"av_textblock_section \">\n<div class=\"avia_textblock \">\n<p>N\u00e4r ett externt batteri \u00e4r anslutet h\u00e4mtar lampan sin str\u00f6m fr\u00e5n detta n\u00e4r den \u00e4r t\u00e4nd, samtidigt som det inbyggda batteriet laddas. N\u00e4r lampan \u00e4r avst\u00e4ngd laddas det inbyggda batteriet ocks\u00e5. D\u00e5 lyser en bl\u00e5 lysdiod som slocknar n\u00e4r batteriet \u00e4r fulladdat.<\/p>\n<p>Svag v\u00e4rme p\u00e5 lampans ytor kan f\u00f6rekomma, s\u00e4rskilt vid stark ljusstyrka. Undvik att t\u00e4cka \u00f6ver med s\u00e4ngkl\u00e4der, kl\u00e4der eller liknande vid anv\u00e4ndning inomhus.<\/p>\n<p>Lampan slocknar pl\u00f6tsligt n\u00e4r str\u00f6mmen tar slut i batteriet\/batterierna. Men d\u00e5 kan man t\u00e4nda lampan igen p\u00e5 l\u00e4gre styrka och ha ljus en liten stund till. R\u00e5d f\u00f6r l\u00e4ngre vandringar: Externt batteri r\u00e4cker ca 5 timmar vid full styrka. D\u00e5 kan det inbyggda batteriet r\u00e4cka i ca 1 timme till. Du b\u00f6r byta ut det externa batteriet s\u00e5 snart det blir urladdat. D\u00e5 har du s\u00e5 l\u00e4nge som m\u00f6jligt kvar en reservkapacitet i det inbyggda batteriet och undviker att det blir helt urladdat. Lysdioderna p\u00e5 powerbanken visar \u00e5terst\u00e5ende kapacitet. Tryck p\u00e5 knappen p\u00e5 sidan f\u00f6r att kontrollera detta eller \u00e5teraktivera laddningsl\u00e4get f\u00f6r lampan (kontrollera eventuellt \u00e4ven anslutningarna). Lysdioderna lyser n\u00e4r lampan f\u00e5r str\u00f6m fr\u00e5n powerbanken tills den \u00e4r tom efter ca 5 timmar p\u00e5 full styrka.<\/p>\n<p>Undvik att v\u00e4tska\/vatten kommer in i kontaktpunkterna p\u00e5 lampa och batteri! Skulle olyckan vara framme, skaka ur vattnet och l\u00e5t lampan (ev. batteri) ligga oanv\u00e4nd och torka en bra stund. V\u00e5r garanti omfattar inte fuktskador och of\u00f6rsiktighet\/miss\u00f6den med v\u00e4tska\/vatten i kontaktpunkterna. Hikebeam\u00ae \u00e4r utformad s\u00e5 att den r\u00e4tt anv\u00e4nd t\u00e5l v\u00e4der och vind. D\u00e5 kan man ha gl\u00e4dje av en unik b\u00e4lteslampa under l\u00e5ng tid.<\/p>\n<p>&nbsp;<\/p>\n<\/div>\n<\/section>\n<p>[\/et_pb_text][\/et_pb_column][\/et_pb_row][\/et_pb_section]<\/p>\n","protected":false},"excerpt":{"rendered":"<p>Fakta om Hikebeam 400Lampans bakgrundEn norsk optiker ville ha en b\u00e4ttre lampl\u00f6sning n\u00e4r han var ute och vandrade p\u00e5 kv\u00e4llstid. Han tyckte att det var obekv\u00e4mt med pannlampa och att det inte heller var n\u00e5gon bra l\u00f6sning att h\u00e5lla en ficklampa i handen. D\u00e5 han kom p\u00e5 ett enkelt s\u00e4tt att f\u00e4sta en lampa direkt [&hellip;]<\/p>\n","protected":false},"author":9,"featured_media":0,"parent":0,"menu_order":0,"comment_status":"closed","ping_status":"closed","template":"","meta":{"_et_pb_use_builder":"on","_et_pb_old_content":"","_et_gb_content_width":"","om_disable_all_campaigns":false,"_monsterinsights_skip_tracking":false,"_monsterinsights_sitenote_active":false,"_monsterinsights_sitenote_note":"","_monsterinsights_sitenote_category":0,"_uf_show_specific_survey":0,"_uf_disable_surveys":false,"footnotes":""},"class_list":["post-14235","page","type-page","status-publish","hentry"],"aioseo_notices":[],"_links":{"self":[{"href":"https:\/\/beltlamp.com\/sv\/wp-json\/wp\/v2\/pages\/14235","targetHints":{"allow":["GET"]}}],"collection":[{"href":"https:\/\/beltlamp.com\/sv\/wp-json\/wp\/v2\/pages"}],"about":[{"href":"https:\/\/beltlamp.com\/sv\/wp-json\/wp\/v2\/types\/page"}],"author":[{"embeddable":true,"href":"https:\/\/beltlamp.com\/sv\/wp-json\/wp\/v2\/users\/9"}],"replies":[{"embeddable":true,"href":"https:\/\/beltlamp.com\/sv\/wp-json\/wp\/v2\/comments?post=14235"}],"version-history":[{"count":0,"href":"https:\/\/beltlamp.com\/sv\/wp-json\/wp\/v2\/pages\/14235\/revisions"}],"wp:attachment":[{"href":"https:\/\/beltlamp.com\/sv\/wp-json\/wp\/v2\/media?parent=14235"}],"curies":[{"name":"wp","href":"https:\/\/api.w.org\/{rel}","templated":true}]}}