{"id":14242,"date":"2021-08-31T15:34:19","date_gmt":"2021-08-31T13:34:19","guid":{"rendered":"https:\/\/beltlamp.com\/erfarenheter-av-hikebeam\/"},"modified":"2021-09-17T16:03:43","modified_gmt":"2021-09-17T14:03:43","slug":"erfarenheter-av-hikebeam","status":"publish","type":"page","link":"https:\/\/beltlamp.com\/sv\/erfarenheter-av-hikebeam\/","title":{"rendered":"Erfarenheter av HIKEBEAM"},"content":{"rendered":"<p>[et_pb_section fb_built=&#8221;1&#8243; _builder_version=&#8221;4.7.4&#8243; _module_preset=&#8221;default&#8221; background_image=&#8221;https:\/\/beltlamp.com\/wp-content\/uploads\/2018\/01\/bg_u.jpg&#8221; custom_padding=&#8221;64px||64px||true|&#8221;][et_pb_row _builder_version=&#8221;4.7.4&#8243; _module_preset=&#8221;default&#8221; custom_padding=&#8221;||0px|||&#8221;][et_pb_column type=&#8221;4_4&#8243; _builder_version=&#8221;4.7.4&#8243; _module_preset=&#8221;default&#8221;][et_pb_text _builder_version=&#8221;4.9.0&#8243; _module_preset=&#8221;default&#8221; header_font=&#8221;|600||||||#ffffff|&#8221; header_text_color=&#8221;#ffffff&#8221; header_font_size=&#8221;40px&#8221;]<\/p>\n<h1 style=\"text-align: center\"><strong>Erfarenheter av HIKEBEAM<\/strong><\/h1>\n<p>[\/et_pb_text][\/et_pb_column][\/et_pb_row][\/et_pb_section][et_pb_section fb_built=&#8221;1&#8243; admin_label=&#8221;section&#8221; _builder_version=&#8221;3.22&#8243; custom_padding=&#8221;4px||4px|48px|true|&#8221;][et_pb_row column_structure=&#8221;1_2,1_2&#8243; use_custom_gutter=&#8221;on&#8221; gutter_width=&#8221;1&#8243; admin_label=&#8221;rad&#8221; _builder_version=&#8221;4.7.4&#8243; background_size=&#8221;initial&#8221; background_position=&#8221;top_left&#8221; background_repeat=&#8221;repeat&#8221; min_height=&#8221;472px&#8221; custom_padding=&#8221;27px||0px|||&#8221;][et_pb_column type=&#8221;1_2&#8243; _builder_version=&#8221;3.25&#8243; custom_padding=&#8221;|||&#8221; custom_padding__hover=&#8221;|||&#8221;][et_pb_text module_id=&#8221;background1&#8243; _builder_version=&#8221;4.9.4&#8243; _module_preset=&#8221;default&#8221; custom_padding=&#8221;10px||27px|||&#8221;]<\/p>\n<h2><strong>Erfarenheter av HIKEBEAM<\/strong><\/h2>\n<p>[\/et_pb_text][et_pb_text _builder_version=&#8221;4.9.6&#8243; _module_preset=&#8221;default&#8221; min_height=&#8221;337px&#8221; custom_margin=&#8221;||-12px|||&#8221; custom_padding=&#8221;|48px|0px|||&#8221;]<\/p>\n<p>M\u00e5nga har pr\u00f6vat och f\u00e5tt erfarenhet av Hikebeam.<\/p>\n<p><strong>Hikebeam \u00e4r f\u00f6rst och fr\u00e4mst en lampa f\u00f6r \u201dhike\u201d, fotvandring kortare eller l\u00e4ngre str\u00e4ckor. <\/strong><em>(Eng. hike: fotvandring, beam: str\u00e5le\/leende)<\/em><strong>.<\/strong> M\u00e5nga ser stora f\u00f6rdelar med Hikebeam n\u00e4r den anv\u00e4nds i avsett sammanhang och p\u00e5 rekommenderat s\u00e4tt: Med ett b\u00e4lte som sitter ganska tajt lite h\u00f6gre upp p\u00e5 \u00f6verkroppen och lampan placerad direkt p\u00e5 b\u00e4ltessp\u00e4nnet. D\u00e5 sitter den stabilt, <strong>k\u00e4nns viktl\u00f6s och ger unik belysning<\/strong> fr\u00e5n f\u00f6tterna av hela n\u00e4romr\u00e5det och l\u00e5ngt fram\u00e5t <em>(skrolla f\u00f6r bilder)<\/em>. Den kan eventuellt ocks\u00e5 f\u00e4stas p\u00e5 ryggs\u00e4cksrem eller liknande. Det \u00e4r vid <strong>fotvandring<\/strong> som lampan f\u00e5r riktigt bra <strong><a href=\"https:\/\/beltlamp.com\/satisfied-customers\/\">respons<\/a><\/strong>, och det \u00e4r det den framf\u00f6r allt \u00e4r framtagen f\u00f6r. Titta i <strong><a href=\"https:\/\/beltlamp.com\/wp-content\/uploads\/2020\/10\/friluftsliv-utgave-nr-5-2020-utdrag.pdf\">Friluftsliv 05\/20<\/a><\/strong>. Den fungerar ocks\u00e5 <strong>j\u00e4ttebra som ficklampa och str\u00e5lkastare<\/strong>. Lampan kan placeras p\u00e5 en yta och lysa i valfri vinkel och riktning, och den kan h\u00e4ngas upp i ett sn\u00f6re eller en gren. Den har vidvinkel 180\u02da och kan lysa upp ett helt rum i en stuga eller ett t\u00e4lt.<\/p>\n<p>[\/et_pb_text][\/et_pb_column][et_pb_column type=&#8221;1_2&#8243; _builder_version=&#8221;3.25&#8243; custom_padding=&#8221;|||&#8221; custom_padding__hover=&#8221;|||&#8221;][et_pb_image src=&#8221;https:\/\/beltlamp.com\/wp-content\/uploads\/2021\/08\/Screenshot_20210822-212610_Gallery-1-e1631793365200.jpg&#8221; title_text=&#8221;Screenshot_20210822-212610_Gallery&#8221; _builder_version=&#8221;4.9.6&#8243; _module_preset=&#8221;default&#8221; custom_padding=&#8221;64px|||||&#8221; hover_enabled=&#8221;0&#8243; sticky_enabled=&#8221;0&#8243;][\/et_pb_image][\/et_pb_column][\/et_pb_row][et_pb_row _builder_version=&#8221;4.9.0&#8243; _module_preset=&#8221;default&#8221; min_height=&#8221;680.7px&#8221; custom_margin=&#8221;|auto|-51px|auto||&#8221; custom_padding=&#8221;11px|||||&#8221;][et_pb_column type=&#8221;4_4&#8243; _builder_version=&#8221;4.9.0&#8243; _module_preset=&#8221;default&#8221;][et_pb_text _builder_version=&#8221;4.9.4&#8243; _module_preset=&#8221;default&#8221; min_height=&#8221;141px&#8221; custom_margin=&#8221;||23px|||&#8221; custom_padding=&#8221;||12px|||&#8221;]<\/p>\n<p>&nbsp;<\/p>\n<p>Hikebeam \u00e4r<strong>inte i f\u00f6rsta hand t\u00e4nkt f\u00f6r l\u00f6pning<\/strong>, och vissa har blivit besvikna n\u00e4r de pr\u00f6vat lampan i det sammanhanget. M\u00e5nga slags lampor och mycket annan vandringsutrustning \u00e4r utformade utan att ha l\u00f6pning i \u00e5tanke i f\u00f6rsta hand. Men andra tycker faktiskt att <strong>Hikebeam \u00e4r bra \u00e4ven vid l\u00f6pning<\/strong>, n\u00e4r den s\u00e4tts fast enligt rekommendationerna och anv\u00e4nds p\u00e5 l\u00e4ge 4, med huvudlampa och sidolampor t\u00e4nda. Det l\u00e4get \u00e4r ocks\u00e5 b\u00e4st vid<strong>fotvandring<\/strong> i brant och ol\u00e4ndig terr\u00e4ng och vid l\u00e5gt h\u00e4ngande grenar.<strong>I dimma<\/strong> g\u00f6r Hikebeam en <strong>otrolig skillnad<\/strong> <em>(se bilderna l\u00e4ngst ner).<\/em><\/p>\n<p>En del tror att fler lumen g\u00f6r en lampa b\u00e4ttre. Men <strong>Hikebeam ger en helt annan effekt \u00e4n pannlampor<\/strong>, b\u00e5de f\u00f6r att den \u00e4r <strong>n\u00e4rmare marken<\/strong> och f\u00f6r att den har en sk\u00e4rm som <strong>reflekterar <\/strong>ljus ned\u00e5t s\u00e5 att<strong>hela n\u00e4romr\u00e5det blir upplyst samtidigt<\/strong>. Pannlampor begr\u00e4nsas av en ljuspunkt som m\u00e5ste flyttas ner eller fram\u00e5t eller til sidorna. Blicken m\u00e5ste f\u00f6lja str\u00e5len, och utanf\u00f6r den \u00e4r det m\u00f6rkt. Hikebeam ger utroligt bekv\u00e4m belysning som du inte f\u00e5r med pannlampor. Se bilderna nedan med 400 och 1.000 lumen!<\/p>\n<p>[\/et_pb_text][et_pb_text _builder_version=&#8221;4.9.6&#8243; _module_preset=&#8221;default&#8221; min_height=&#8221;377px&#8221; custom_margin=&#8221;-12px||50px|||&#8221; custom_padding=&#8221;19px||0px|||&#8221;]<\/p>\n<h2>N\u00e5gra av f\u00f6rdelarna:<\/h2>\n<ul>\n<li><strong>Alla pannlampor v\u00e4ger lite och ger ett tryck mot huvudet \u2013 Hikebeam d\u00e4remot k\u00e4nns viktl\u00f6s, den ger fantastisk belysning och man kan obehindrat anv\u00e4nda valfri huvudbonad. <\/strong><\/li>\n<li><strong>Med en pannlampa blir det st\u00f6rningar i dimma, dis, regn, sn\u00f6 och av utandningsluften \u2013 Hikebeam ger otroligt mycket b\u00e4ttre sikt i s\u00e5dana f\u00f6rh\u00e5llanden (se bilderna l\u00e4ngst ner). <\/strong><em>(se bilderna l\u00e4ngst ner).<\/em><\/li>\n<li><strong>Med Hikebeam undviker man att bl\u00e4nda!<\/strong><em><\/em><\/li>\n<li><strong>Med pannlampa m\u00e5ste man f\u00f6lja en ljuszon runt i terr\u00e4ngen med nacken och blicken \u2013 Hikebeam lyser upp hela n\u00e4romr\u00e5det, runt f\u00f6tterna, ut \u00e5t sidorna och l\u00e5ngt fram\u00e5t, och blicken kan flyttas naturligt och fritt i omgivningen. <\/strong><\/li>\n<li><strong>Hikebeam ger tredimensionell skuggeffekt och tydligare detaljer i terr\u00e4ngen.<\/strong><strong style=\"font-size: 14px\"><\/strong><\/li>\n<li><strong>Hikebeam \u00e4r ocks\u00e5 utm\u00e4rkt som ficklampa och str\u00e5lkastare.<\/strong><\/li>\n<li><strong>Hikebeam har flexibel str\u00f6mkapacitet: Inbyggt batteri f\u00f6r korta promenader. Ansluten powerbank (USB), 6 timmar med fullt ljus. Med flera i reserv kan man ha i det n\u00e4rmaste obegr\u00e4nsad str\u00f6mf\u00f6rs\u00f6rjning. Kan ocks\u00e5 fungera som str\u00f6mreserv till mobiltelefon och liknande. <\/strong><\/li>\n<\/ul>\n<p>\u00c4nnu fler <strong><span style=\"text-decoration: underline\"><a href=\"https:\/\/beltlamp.com\/advantages\/\">f\u00f6rdelar<\/a><\/span><\/strong> \u00e4n s\u00e5, g\u00f6r att Hikebeam inneb\u00e4r en stor och bekv\u00e4m f\u00f6rb\u00e4ttring f\u00f6r m\u00e5nga, vilket ger \u00f6kad gl\u00e4dje av vandringen och nya anv\u00e4ndningsm\u00f6jligheter. Den ger bland annat fotointresserade ny <a href=\"https:\/\/beltlamp.com\/no\/fotoglede\/\"><span style=\"text-decoration: underline\"><strong>fotogl\u00e4dje<\/strong><\/span><\/a>! Se p\u00e5 bilderna nedan och p\u00e5 andra st\u00e4llen p\u00e5 webbplatsen. De visar n\u00e4ra faktiska ljusf\u00f6rh\u00e5llanden. HIKEBEAM G\u00d6R SKILLNAD!<\/p>\n<p>Det finns nu m\u00e5nga Hikebeam-lampor p\u00e5 marknaden. Det har knappast kommit nogra klagom\u00e5l om produkten, och hittils bara \u00e9n misn\u00f6jd feedback fr\u00e5n kund, och d\u00e5 i samband med l\u00f6pning i terr\u00e4ng. Annars f\u00e5r vi ofta bekr\u00e4ftelse fr\u00e5n m\u00e5nga att de tycker att lampan \u00e4r fantastisk. Vid produktfel skickar vi omedelbart en ny i utbyte, sj\u00e4lvklart. Du kan d\u00e5 kontakta shop@beltlamp.com\u00a0 \u00a0 F\u00f8r andra f\u00f6rfr\u00e5gningar, kontakta post@beltlamp.com <span><\/span><\/p>\n<p>[\/et_pb_text][et_pb_text _builder_version=&#8221;4.9.6&#8243; _module_preset=&#8221;default&#8221; custom_margin=&#8221;-12px||6px|||&#8221; custom_padding=&#8221;19px||0px|||&#8221;]<\/p>\n<h2 style=\"text-align: center\"><strong>SER DU SKILLNAD?\u00a0 SER DU F\u00d6RDELAR? <\/strong><\/h2>\n<p>[\/et_pb_text][\/et_pb_column][\/et_pb_row][et_pb_row column_structure=&#8221;1_3,1_3,1_3&#8243; use_custom_gutter=&#8221;on&#8221; gutter_width=&#8221;2&#8243; _builder_version=&#8221;4.9.0&#8243; _module_preset=&#8221;default&#8221; min_height=&#8221;832.3px&#8221; custom_padding=&#8221;||18px|||&#8221;][et_pb_column type=&#8221;1_3&#8243; _builder_version=&#8221;4.9.0&#8243; _module_preset=&#8221;default&#8221;][et_pb_image src=&#8221;https:\/\/beltlamp.com\/wp-content\/uploads\/2021\/03\/20210313_210337-rotated.jpg&#8221; title_text=&#8221;20210313_210337&#8243; _builder_version=&#8221;4.9.0&#8243; _module_preset=&#8221;default&#8221;][\/et_pb_image][et_pb_text _builder_version=&#8221;4.9.0&#8243; _module_preset=&#8221;default&#8221;]<\/p>\n<h3 style=\"text-align: center\">Hodelykt 400 lumen<\/h3>\n<p>[\/et_pb_text][\/et_pb_column][et_pb_column type=&#8221;1_3&#8243; _builder_version=&#8221;4.9.0&#8243; _module_preset=&#8221;default&#8221;][et_pb_image src=&#8221;https:\/\/beltlamp.com\/wp-content\/uploads\/2021\/03\/20210313_210157-rotated.jpg&#8221; title_text=&#8221;20210313_210157&#8243; _builder_version=&#8221;4.9.0&#8243; _module_preset=&#8221;default&#8221;][\/et_pb_image][et_pb_text _builder_version=&#8221;4.9.0&#8243; _module_preset=&#8221;default&#8221;]<\/p>\n<h3 style=\"text-align: center\">Hikebeam 400 lumen<\/h3>\n<p>[\/et_pb_text][\/et_pb_column][et_pb_column type=&#8221;1_3&#8243; _builder_version=&#8221;4.9.0&#8243; _module_preset=&#8221;default&#8221;][et_pb_image src=&#8221;https:\/\/beltlamp.com\/wp-content\/uploads\/2021\/03\/20210313_210638-rotated.jpg&#8221; title_text=&#8221;20210313_210638&#8243; _builder_version=&#8221;4.9.0&#8243; _module_preset=&#8221;default&#8221;][\/et_pb_image][et_pb_text _builder_version=&#8221;4.9.0&#8243; _module_preset=&#8221;default&#8221;]<\/p>\n<h3 style=\"text-align: center\">Hodelykt 1000 lumen<\/h3>\n<p>[\/et_pb_text][\/et_pb_column][\/et_pb_row][et_pb_row column_structure=&#8221;1_3,1_3,1_3&#8243; use_custom_gutter=&#8221;on&#8221; gutter_width=&#8221;2&#8243; _builder_version=&#8221;4.9.0&#8243; _module_preset=&#8221;default&#8221;][et_pb_column type=&#8221;1_3&#8243; _builder_version=&#8221;4.9.0&#8243; _module_preset=&#8221;default&#8221;][et_pb_image src=&#8221;https:\/\/beltlamp.com\/wp-content\/uploads\/2021\/03\/20210227_193306-rotated.jpg&#8221; title_text=&#8221;20210227_193306&#8243; _builder_version=&#8221;4.9.0&#8243; _module_preset=&#8221;default&#8221;][\/et_pb_image][et_pb_text _builder_version=&#8221;4.9.0&#8243; _module_preset=&#8221;default&#8221;]<\/p>\n<h3 style=\"text-align: center\">Hodelykt 400 lumen<\/h3>\n<p>[\/et_pb_text][\/et_pb_column][et_pb_column type=&#8221;1_3&#8243; _builder_version=&#8221;4.9.0&#8243; _module_preset=&#8221;default&#8221;][et_pb_image src=&#8221;https:\/\/beltlamp.com\/wp-content\/uploads\/2021\/03\/20210227_193337-rotated.jpg&#8221; title_text=&#8221;20210227_193337&#8243; _builder_version=&#8221;4.9.0&#8243; _module_preset=&#8221;default&#8221;][\/et_pb_image][et_pb_text _builder_version=&#8221;4.9.0&#8243; _module_preset=&#8221;default&#8221;]<\/p>\n<h3 style=\"text-align: center\">Hikebeam 400 lumen<\/h3>\n<p>[\/et_pb_text][\/et_pb_column][et_pb_column type=&#8221;1_3&#8243; _builder_version=&#8221;4.9.0&#8243; _module_preset=&#8221;default&#8221;][et_pb_image src=&#8221;https:\/\/beltlamp.com\/wp-content\/uploads\/2021\/03\/20210227_193426-rotated.jpg&#8221; title_text=&#8221;20210227_193426&#8243; _builder_version=&#8221;4.9.0&#8243; _module_preset=&#8221;default&#8221;][\/et_pb_image][et_pb_text _builder_version=&#8221;4.9.0&#8243; _module_preset=&#8221;default&#8221;]<\/p>\n<h3 style=\"text-align: center\">Hodelykt 1000 lumen<\/h3>\n<p>[\/et_pb_text][\/et_pb_column][\/et_pb_row][et_pb_row column_structure=&#8221;1_3,1_3,1_3&#8243; use_custom_gutter=&#8221;on&#8221; gutter_width=&#8221;2&#8243; _builder_version=&#8221;4.9.0&#8243; _module_preset=&#8221;default&#8221;][et_pb_column type=&#8221;1_3&#8243; _builder_version=&#8221;4.9.0&#8243; _module_preset=&#8221;default&#8221;][et_pb_image src=&#8221;https:\/\/beltlamp.com\/wp-content\/uploads\/2021\/03\/20210227_194621-rotated.jpg&#8221; title_text=&#8221;20210227_194621&#8243; _builder_version=&#8221;4.9.0&#8243; _module_preset=&#8221;default&#8221;][\/et_pb_image][et_pb_text _builder_version=&#8221;4.9.6&#8243; _module_preset=&#8221;default&#8221;]<\/p>\n<h3 style=\"text-align: center\">Hodelykt 400 lumen, i dimma.<\/h3>\n<p>[\/et_pb_text][\/et_pb_column][et_pb_column type=&#8221;1_3&#8243; _builder_version=&#8221;4.9.0&#8243; _module_preset=&#8221;default&#8221;][et_pb_image src=&#8221;https:\/\/beltlamp.com\/wp-content\/uploads\/2021\/03\/20210227_194705-rotated.jpg&#8221; title_text=&#8221;20210227_194705&#8243; _builder_version=&#8221;4.9.0&#8243; _module_preset=&#8221;default&#8221;][\/et_pb_image][et_pb_text _builder_version=&#8221;4.9.6&#8243; _module_preset=&#8221;default&#8221;]<\/p>\n<h3 style=\"text-align: center\">Hikebeam 400 lm, i dis, samtidigt.<\/h3>\n<p>[\/et_pb_text][\/et_pb_column][et_pb_column type=&#8221;1_3&#8243; _builder_version=&#8221;4.9.0&#8243; _module_preset=&#8221;default&#8221;][et_pb_image src=&#8221;https:\/\/beltlamp.com\/wp-content\/uploads\/2021\/03\/20210227_194750-rotated.jpg&#8221; title_text=&#8221;20210227_194750&#8243; _builder_version=&#8221;4.9.0&#8243; _module_preset=&#8221;default&#8221;][\/et_pb_image][et_pb_text _builder_version=&#8221;4.9.6&#8243; _module_preset=&#8221;default&#8221;]<\/p>\n<h3 style=\"text-align: center\">Hodelykt 1000 lumen, i dimma.<\/h3>\n<p>[\/et_pb_text][\/et_pb_column][\/et_pb_row][\/et_pb_section]<\/p>\n","protected":false},"excerpt":{"rendered":"<p>Erfarenheter av HIKEBEAMErfarenheter av HIKEBEAMM\u00e5nga har pr\u00f6vat och f\u00e5tt erfarenhet av Hikebeam. Hikebeam \u00e4r f\u00f6rst och fr\u00e4mst en lampa f\u00f6r \u201dhike\u201d, fotvandring kortare eller l\u00e4ngre str\u00e4ckor. (Eng. hike: fotvandring, beam: str\u00e5le\/leende). M\u00e5nga ser stora f\u00f6rdelar med Hikebeam n\u00e4r den anv\u00e4nds i avsett sammanhang och p\u00e5 rekommenderat s\u00e4tt: Med ett b\u00e4lte som sitter ganska tajt lite [&hellip;]<\/p>\n","protected":false},"author":9,"featured_media":0,"parent":0,"menu_order":0,"comment_status":"closed","ping_status":"closed","template":"","meta":{"_et_pb_use_builder":"on","_et_pb_old_content":"","_et_gb_content_width":"","om_disable_all_campaigns":false,"_monsterinsights_skip_tracking":false,"_monsterinsights_sitenote_active":false,"_monsterinsights_sitenote_note":"","_monsterinsights_sitenote_category":0,"_uf_show_specific_survey":0,"_uf_disable_surveys":false,"footnotes":""},"class_list":["post-14242","page","type-page","status-publish","hentry"],"aioseo_notices":[],"_links":{"self":[{"href":"https:\/\/beltlamp.com\/sv\/wp-json\/wp\/v2\/pages\/14242","targetHints":{"allow":["GET"]}}],"collection":[{"href":"https:\/\/beltlamp.com\/sv\/wp-json\/wp\/v2\/pages"}],"about":[{"href":"https:\/\/beltlamp.com\/sv\/wp-json\/wp\/v2\/types\/page"}],"author":[{"embeddable":true,"href":"https:\/\/beltlamp.com\/sv\/wp-json\/wp\/v2\/users\/9"}],"replies":[{"embeddable":true,"href":"https:\/\/beltlamp.com\/sv\/wp-json\/wp\/v2\/comments?post=14242"}],"version-history":[{"count":0,"href":"https:\/\/beltlamp.com\/sv\/wp-json\/wp\/v2\/pages\/14242\/revisions"}],"wp:attachment":[{"href":"https:\/\/beltlamp.com\/sv\/wp-json\/wp\/v2\/media?parent=14242"}],"curies":[{"name":"wp","href":"https:\/\/api.w.org\/{rel}","templated":true}]}}