{"id":14248,"date":"2021-08-31T15:45:28","date_gmt":"2021-08-31T13:45:28","guid":{"rendered":"https:\/\/beltlamp.com\/allmant-om-belysning\/"},"modified":"2021-09-04T03:28:00","modified_gmt":"2021-09-04T01:28:00","slug":"allmant-om-belysning","status":"publish","type":"page","link":"https:\/\/beltlamp.com\/sv\/allmant-om-belysning\/","title":{"rendered":"Allm\u00e4nt om belysning"},"content":{"rendered":"<p>[et_pb_section fb_built=&#8221;1&#8243; _builder_version=&#8221;4.7.4&#8243; _module_preset=&#8221;default&#8221; background_image=&#8221;https:\/\/beltlamp.com\/wp-content\/uploads\/2018\/01\/bg_u.jpg&#8221; custom_padding=&#8221;64px||64px||true|&#8221;][et_pb_row _builder_version=&#8221;4.7.4&#8243; _module_preset=&#8221;default&#8221; custom_padding=&#8221;||0px|||&#8221;][et_pb_column type=&#8221;4_4&#8243; _builder_version=&#8221;4.7.4&#8243; _module_preset=&#8221;default&#8221;][et_pb_text _builder_version=&#8221;4.9.0&#8243; _module_preset=&#8221;default&#8221; header_font=&#8221;|600||||||#ffffff|&#8221; header_text_color=&#8221;#ffffff&#8221; header_font_size=&#8221;40px&#8221;]<\/p>\n<h1 style=\"text-align: center\"><strong>Allm\u00e4nt om lampor<\/strong><\/h1>\n<p>[\/et_pb_text][\/et_pb_column][\/et_pb_row][\/et_pb_section][et_pb_section fb_built=&#8221;1&#8243; admin_label=&#8221;section&#8221; _builder_version=&#8221;3.22&#8243; custom_padding=&#8221;4px||4px||true|&#8221;][et_pb_row column_structure=&#8221;1_2,1_2&#8243; use_custom_gutter=&#8221;on&#8221; gutter_width=&#8221;1&#8243; admin_label=&#8221;rad&#8221; _builder_version=&#8221;4.7.4&#8243; background_size=&#8221;initial&#8221; background_position=&#8221;top_left&#8221; background_repeat=&#8221;repeat&#8221; custom_padding=&#8221;19px|||||&#8221;][et_pb_column type=&#8221;1_2&#8243; _builder_version=&#8221;3.25&#8243; custom_padding=&#8221;|||&#8221; custom_padding__hover=&#8221;|||&#8221;][et_pb_text _builder_version=&#8221;4.9.0&#8243; _module_preset=&#8221;default&#8221; custom_padding=&#8221;73px|48px||||&#8221;]<\/p>\n<p><strong>OLJELAMPOR OCH STEARINGLJUS<\/strong><\/p>\n<p>var den enda ljusk\u00e4llan folk hade i hus och stugor under flera hundra \u00e5r, ja flera tusen \u00e5r, under den m\u00f6rka delen av dygnet. De g\u00f6r fortfarande viss nytta och har sin charm, och de anv\u00e4nds i m\u00e5nga sammanhang, kanske mest f\u00f6r att g\u00f6ra fint och skapa st\u00e4mning. <\/p>\n<p>&nbsp;<\/p>\n<p>&nbsp;<\/p>\n<p><strong>PARAFFINLAMPOR<\/strong><\/p>\n<p>kom som en f\u00f6rb\u00e4ttring under mitten av 1800-talet, men utan s\u00e4rskilt mycket starkare ljusstyrka. Enskilda varianter med b\u00e4ttre prestanda d\u00f6k upp n\u00e5got senare. Paraffinlampor anv\u00e4nds ocks\u00e5 fortfarande, och m\u00e5nga tycker att de ger en speciell st\u00e4mning.   <strong><\/strong><\/p>\n<p> <strong><\/strong><\/p>\n<p><strong><\/strong><\/p>\n<p><strong>FICKLAMPOR<\/strong><\/p>\n<p>i olika utf\u00f6randen har funnits relativt l\u00e4nge. Sm\u00e5 och stora, svaga och starka, olika kvaliteter och prisklasser och anv\u00e4ndningsomr\u00e5den. De finns i m\u00e5nga olika storlekar, och de har genomg\u00e5tt l\u00e5ngvarig utveckling och f\u00f6rb\u00e4ttring, b\u00e5de av sj\u00e4lva ljusk\u00e4llan och av str\u00f6mk\u00e4llan. Ficklampor \u00e4r ofta v\u00e4ldigt praktiska, men de har ocks\u00e5 n\u00e5gra tydliga nackdelar i m\u00e5nga sammanhang. D\u00e4rf\u00f6r har pannlampor blivit mer och mer popul\u00e4ra under ganska l\u00e5ng tid.    <\/p>\n<p><span> <\/span><\/p>\n<p>[\/et_pb_text][\/et_pb_column][et_pb_column type=&#8221;1_2&#8243; _builder_version=&#8221;3.25&#8243; custom_padding=&#8221;|||&#8221; custom_padding__hover=&#8221;|||&#8221;][et_pb_image src=&#8221;https:\/\/beltlamp.com\/wp-content\/uploads\/2021\/03\/Generelt_om_lamper_lommelykt-1-scaled.jpg&#8221; title_text=&#8221;Generelt_om_lamper_lommelykt (1)&#8221; _builder_version=&#8221;4.9.0&#8243; _module_preset=&#8221;default&#8221; custom_padding=&#8221;0px|||||&#8221;][\/et_pb_image][\/et_pb_column][\/et_pb_row][et_pb_row column_structure=&#8221;1_2,1_2&#8243; use_custom_gutter=&#8221;on&#8221; gutter_width=&#8221;1&#8243; admin_label=&#8221;rad&#8221; _builder_version=&#8221;4.7.4&#8243; background_size=&#8221;initial&#8221; background_position=&#8221;top_left&#8221; background_repeat=&#8221;repeat&#8221; custom_padding=&#8221;37px||2px|||&#8221;][et_pb_column type=&#8221;1_2&#8243; _builder_version=&#8221;3.25&#8243; custom_padding=&#8221;|||&#8221; custom_padding__hover=&#8221;|||&#8221;][et_pb_image src=&#8221;https:\/\/beltlamp.com\/wp-content\/uploads\/2021\/03\/Generelt_om_lamper_lommelykt-2.jpg&#8221; title_text=&#8221;Generelt_om_lamper_lommelykt (2)&#8221; _builder_version=&#8221;4.9.0&#8243; _module_preset=&#8221;default&#8221; custom_padding=&#8221;0px|||||&#8221;][\/et_pb_image][\/et_pb_column][et_pb_column type=&#8221;1_2&#8243; _builder_version=&#8221;3.25&#8243; custom_padding=&#8221;|||&#8221; custom_padding__hover=&#8221;|||&#8221;][et_pb_text _builder_version=&#8221;4.9.0&#8243; _module_preset=&#8221;default&#8221; custom_padding=&#8221;11px|48px||18px||&#8221;]<\/p>\n<p><strong>PANNLAMPOR<\/strong> har utvecklats under 30\u201340 \u00e5r, med allt b\u00e4ttre teknik och m\u00f6jligheter till b\u00e4ttre ljusk\u00e4llor och batterier. De var under l\u00e5ng tid ganska lika men med olika kvalitet och ljusstyrka, och ofta var de lite tunga n\u00e4r de skulle ha h\u00f6g prestanda. Under senare \u00e5r har m\u00f6jligheten att g\u00f6ra dem l\u00e4ttare gjort att flera lampor har blivit b\u00e4ttre l\u00e4mpade f\u00f6r l\u00f6pning. Men med b\u00e4ttre prestanda kr\u00e4vs ocks\u00e5 st\u00f6rre str\u00f6mkapacitet, och det medf\u00f6r att batterierna v\u00e4ger en del. Priset f\u00f6r pannlampor varierar fr\u00e5n n\u00e5gra hundralappar f\u00f6r billiga, enkla lampor med batterier som m\u00e5ste bytas ut, till laddningsbara och mer avancerade lampor f\u00f6r flera tusen kronor.    <\/p>\n<p>Pannlampans stora f\u00f6rdel \u00e4r att man f\u00e5r h\u00e4nderna fria och kan flytta ljusstr\u00e5len i olika riktningar, huvudet och blicken kan v\u00e4ndas \u00e5t vilket h\u00e5ll man vill. Traditionella pannlampor kan k\u00e4nnas tunga och l\u00e4mpar sig inte s\u00e5 v\u00e4l f\u00f6r l\u00f6pning. I m\u00e5nga andra sammanhang \u00e4r de okej. Men alla ger ett mer eller mindre obekv\u00e4mt tryck mot huvudet, lampan kan glida ur position och de \u00e4r sv\u00e5ra att kombinera med en huvudbonad n\u00e4r man ska skydda sig mot v\u00e4der och vind. Pannlampor bl\u00e4ndar dem man g\u00e5r tillsammans med och m\u00f6ter. De lyser ocks\u00e5 upp det som finns framf\u00f6r \u00f6gonen i form av dimma och dis, duggregn, regn, sn\u00f6 och utandningsluft s\u00e5 att man f\u00e5r d\u00e5lig sikt i s\u00e5dana f\u00f6rh\u00e5llanden. De ger ett m\u00f6rkt omr\u00e5de n\u00e4ra f\u00f6tterna, d\u00e4r man ofta beh\u00f6ver ljuset som b\u00e4st. <strong>Man f\u00e5r anv\u00e4nda nacken f\u00f6r att flytta ljusstr\u00e5len och blicken v\u00e4xelvis fram\u00e5t och ned\u00e5t.<\/strong> Man f\u00e5r dessutom en \u201dplatt\u201d bild d\u00e4r detaljerna i terr\u00e4ngen inte framtr\u00e4der s\u00e5 tydligt. Pannlampor rufsar till frisyren, kan k\u00e4nnas ohygieniska och f\u00e5r insekter att dras till ansiktet \u2013 och det g\u00e5r att r\u00e4kna upp \u00e4nnu fler nackdelar \u00e4n s\u00e5. Trots detta har m\u00e5nga nytta och gl\u00e4dje av att anv\u00e4nda dem, och allt slags ljus, om s\u00e5 bara fr\u00e5n en mobiltelefon, \u00e4r b\u00e4ttre \u00e4n beckm\u00f6rker. I vissa sammanhang, som n\u00e4r man mekar med en bilmotor, \u00e4r pannlampa att f\u00f6redra.          <\/p>\n<p>Liksom det finns olika typer av ficklampor s\u00e5 har \u00e4ven pannlampor olika utformning och prestanda och l\u00e4mpar sig i varierande grad f\u00f6r olika sammanhang. Vissa passar till l\u00f6pning, medan andra \u00e4r okej till sm\u00e5turer eller ett litet \u00e4rende ut i ett m\u00f6rkt skjul. <\/p>\n<p><span> <\/span><\/p>\n<p>[\/et_pb_text][\/et_pb_column][\/et_pb_row][et_pb_row column_structure=&#8221;1_2,1_2&#8243; use_custom_gutter=&#8221;on&#8221; gutter_width=&#8221;1&#8243; admin_label=&#8221;rad&#8221; _builder_version=&#8221;4.7.4&#8243; background_size=&#8221;initial&#8221; background_position=&#8221;top_left&#8221; background_repeat=&#8221;repeat&#8221; min_height=&#8221;853px&#8221; custom_padding=&#8221;19px||0px|||&#8221;][et_pb_column type=&#8221;1_2&#8243; _builder_version=&#8221;3.25&#8243; custom_padding=&#8221;|||&#8221; custom_padding__hover=&#8221;|||&#8221;][et_pb_text _builder_version=&#8221;4.9.6&#8243; _module_preset=&#8221;default&#8221; custom_padding=&#8221;4px|48px||||&#8221;]<\/p>\n<p><strong>HIKEBEAM <\/strong><\/p>\n<p><strong>\u00e4r ett helt nytt lampalternativ<\/strong> <em>(eng. hike: fotvandring, beam: str\u00e5le)<\/em> Den \u00e4r fr\u00e4mst t\u00e4nkt till personer som <strong>vandrar till fots<\/strong> i m\u00f6rker, ensamma eller tillsammans med andra, till eller fr\u00e5n en stuga eller p\u00e5 en l\u00e4ngre expedition, p\u00e5 camping, vid tillsyn av djur eller egendom, under s\u00f6kningar och r\u00e4ddningsinsatser osv. Hikebeam passar ocks\u00e5 <strong>j\u00e4ttebra som ficklampa och str\u00e5lkastare\/arbetsbelysning.<\/strong>  <\/p>\n<p>Vid avsedd anv\u00e4ndning \u00e4r den verkligen en<strong>ny och b\u00e4ttre upplevelse<\/strong> f\u00f6r personer som beh\u00f6ver ljus. <em>(Se bilderna l\u00e4ngst ner.)<\/em>Vi rekommenderar att lampan f\u00e4sts i ett ganska \u00e5tsittande b\u00e4lte som s\u00e4tts lite h\u00f6gre upp p\u00e5 \u00f6verkroppen, direkt p\u00e5 b\u00e4ltessp\u00e4nnet. D\u00e5 kan man komma \u00e5t fickor, man kan b\u00f6ja sig ner, b\u00e4ra och jobba och ha en lampa som sitter stabilt och upplevs som viktl\u00f6s; man k\u00e4nner den inte. <strong>Man har fantastiskt ljus i hela n\u00e4romr\u00e5det, runt f\u00f6tterna och ut \u00e5t sidorna, och samtidigt bra ljus l\u00e5ngt fram\u00e5t,<\/strong> inte bara en ljusfl\u00e4ck som man m\u00e5ste flytta runt med nacken. Ljuset fr\u00e5n Hikebeam ger 3D-effekt, en skuggeffekt som ger tydligare detaljer i terr\u00e4ngen.    <strong>Vid dimma, dis, sn\u00f6, duggregn och regn f\u00e5r man otroligt mycket b\u00e4ttre sikt.<\/strong> Pannlampor lyser r\u00e4tt in i dis och dimma, regn och sn\u00f6, som helljuset p\u00e5 en bil. Hikebeam bidrar till b\u00e5de \u00f6kad trivsel och s\u00e4kerhet. Kortare avst\u00e5nd till marken ger b\u00e4ttre effekt \u00e4n motsvarande pannlampa. <strong>Hikebeam er en stor forskjell!<\/strong><\/p>\n<p>Lampan har en sk\u00e4rm som reflekterar ljus ner mot marken och samtidigt <strong>f\u00f6rhindrar att man bl\u00e4ndar dem man g\u00e5r tillsammans med eller m\u00f6ter.<\/strong> Den \u00e4r d\u00e4rf\u00f6r<strong>behaglig b\u00e5de f\u00f6r dig sj\u00e4lv och f\u00f6r andra<\/strong>. Med Hikebeam kan man t\u00e4cka och skydda huvudet som man vill mot v\u00e4der och vind, f\u00f6r att n\u00e4mna n\u00e5gra <span style=\"text-decoration: underline\"><strong><a href=\"https:\/\/beltlamp.com\/advantages\/\">f\u00f6rdelar<\/a><\/strong><\/span>.   <\/p>\n<p>Alla har inte samma upplevelse. Det har betydelse om man f\u00e4ster den p\u00e5 b\u00e4sta s\u00e4tt och anv\u00e4nder lampan som t\u00e4nkt. Vid vandring i kuperad och brant terr\u00e4ng \u00e4r l\u00e4ge 4 det b\u00e4sta, med b\u00e5de huvudlampa och sidolampor t\u00e4nda. D\u00e5 f\u00e5r man ocks\u00e5 b\u00e4st sikt i dimma, och det \u00e4r l\u00e4ttare att se l\u00e5gt h\u00e4ngande grenar n\u00e4r s\u00e5dana finns. M\u00e5nga tycker att lampan \u00e4ven \u00e4r okej till l\u00f6pning n\u00e4r den anv\u00e4nds p\u00e5 detta s\u00e4tt. R\u00e4tt anv\u00e4nd och i r\u00e4tt sammanhang upplever m\u00e5nga att Hikebeam \u00e4r fantastisk.  <\/p>\n<p>Vid l\u00f6pning och skid\u00e5kning kan upplevelsen skilja sig \u00e5t. <span style=\"text-decoration: underline\"><strong><a href=\"https:\/\/beltlamp.com\/satisfied-customers\/\">respons<\/a><\/strong><\/span>.   <\/p>\n<p>&nbsp;<\/p>\n<p>[\/et_pb_text][\/et_pb_column][et_pb_column type=&#8221;1_2&#8243; _builder_version=&#8221;3.25&#8243; custom_padding=&#8221;|||&#8221; custom_padding__hover=&#8221;|||&#8221;][et_pb_image src=&#8221;https:\/\/beltlamp.com\/wp-content\/uploads\/2021\/03\/hikebeam-generelt-om-lykter.jpg&#8221; title_text=&#8221;hikebeam-generelt-om-lykter&#8221; _builder_version=&#8221;4.9.0&#8243; _module_preset=&#8221;default&#8221; custom_padding=&#8221;0px|||||&#8221;][\/et_pb_image][\/et_pb_column][\/et_pb_row][et_pb_row _builder_version=&#8221;4.9.0&#8243; _module_preset=&#8221;default&#8221; custom_padding=&#8221;3px||8px|||&#8221;][et_pb_column type=&#8221;4_4&#8243; _builder_version=&#8221;4.9.0&#8243; _module_preset=&#8221;default&#8221;][et_pb_text _builder_version=&#8221;4.9.6&#8243; _module_preset=&#8221;default&#8221; min_height=&#8221;397px&#8221;]<\/p>\n<p style=\"text-align: justify\"><strong>Hikebeam har m\u00e5nga anv\u00e4ndningsomr\u00e5den.<\/strong> Hikebeam har m\u00e5nga anv\u00e4ndningsomr\u00e5den. Den fungerar riktigt bra som ficklampa. Den kan ocks\u00e5 placeras som str\u00e5lkastare\/arbetsbelysning p\u00e5 en yta och lysa i valfri vinkel och riktning, och den kan h\u00e4ngas upp i ett sn\u00f6re eller en gren. Det \u00e4r smart att ha den st\u00e5ende <strong>redo f\u00f6r anv\u00e4ndning<\/strong> p\u00e5 en hylla eller p\u00e5 en l\u00e4mplig plats om det skulle bli str\u00f6mavbrott eller om man beh\u00f6ver leta efter n\u00e5got eller kolla n\u00e5got under bilen osv. Anv\u00e4ndningsomr\u00e5dena \u00e4r i det n\u00e4rmaste obegr\u00e4nsade. Med ett b\u00e4lte utanp\u00e5 jackan kan man g\u00e5 en promenad n\u00e4r som helst utan obehag och utan att bl\u00e4nda andra eller st\u00f6ras av dimma, dis, nederb\u00f6rd eller utandningsluft. Hikebeam ger ocks\u00e5 fotointresserade ny <a href=\"https:\/\/beltlamp.com\/no\/fotoglede\/\"><strong><span style=\"text-decoration: underline\">fotogl\u00e4dje!<\/span><\/strong><\/a><\/p>\n<p>Hikebeam har inbyggt batteri f\u00f6r kortvarig anv\u00e4ndning. En <strong>powerbank medf\u00f6ljer<\/strong> (100 g, bara aningen mer \u00e4n ett kontokort). Med den ansluten kan man anv\u00e4nda lampan p\u00e5<strong>full styrka i 6 timmar,<\/strong> och man kan eventuellt ha med sig fler i reserv. Det finns ocks\u00e5 en powerbank p\u00e5 180 g med dubbel prestanda. Man kan ber\u00e4kna str\u00f6mreserv till mobilen osv. USB-laddning. R\u00e4tt anv\u00e4nd t\u00e5l Hikebeam alla v\u00e4der, IPX4.<\/p>\n<p><strong>Hur \u00e4r kvaliteten?<\/strong> Det \u00e4r nu ganska m\u00e5nga som anv\u00e4nder Hikebeam. Bortsett fr\u00e5n n\u00e5gra f\u00e5 tillverkningsfel <em>(som vi sj\u00e4lvklart byter)<\/em>har vi inte f\u00e5tt n\u00e5gra reklamationer p\u00e5 grund av vanlig anv\u00e4ndning, s\u00e5som trasig str\u00f6mbrytare, kabel, fuktskada eller att f\u00e4stkl\u00e4mmorna har g\u00e5tt av, inte ens i vinterkyla. Finns det n\u00e5got som s\u00e4ger mer om kvaliteten? Id\u00e9 och produktutveckling \u00e4r norska, och vi har kontroll \u00f6ver materialval och alla faser av tillverkningen.<\/p>\n<p>M\u00e5nga kvalitetslampor \u00e4r mycket dyrare \u00e4n Hikebeam. Vi tror att m\u00e5nga upplever Hikebeam som en s\u00e5 stor f\u00f6rb\u00e4ttring att de tycker att den \u00e4r v\u00e4rd varenda krona. Hikebeam ger i alla fall dem som \u00f6nskar det nya m\u00f6jligheter och en anledning att slippa m\u00e5nga nackdelar som andra lampor har. Kommer Hikebeam att ers\u00e4tta pannlampan? Knappas alltid och f\u00f6r alla. Men vi tror att den ofta kommer att vara ett b\u00e4ttre och behagligare alternativ. (Bilder nedan.) <span><\/span><\/p>\n<p style=\"text-align: center\"><em><strong>SER DU SKILLNAD? SER DU F\u00d6RDELAR? <\/strong><\/em><span><\/span><\/p>\n<p><span><\/span><\/p>\n<p>[\/et_pb_text][\/et_pb_column][\/et_pb_row][et_pb_row column_structure=&#8221;1_3,1_3,1_3&#8243; use_custom_gutter=&#8221;on&#8221; gutter_width=&#8221;2&#8243; _builder_version=&#8221;4.9.0&#8243; _module_preset=&#8221;default&#8221; min_height=&#8221;832.3px&#8221; custom_padding=&#8221;||18px|||&#8221;][et_pb_column type=&#8221;1_3&#8243; _builder_version=&#8221;4.9.0&#8243; _module_preset=&#8221;default&#8221;][et_pb_image src=&#8221;https:\/\/beltlamp.com\/wp-content\/uploads\/2021\/03\/20210313_210337-rotated.jpg&#8221; title_text=&#8221;20210313_210337&#8243; _builder_version=&#8221;4.9.0&#8243; _module_preset=&#8221;default&#8221;][\/et_pb_image][et_pb_text _builder_version=&#8221;4.9.0&#8243; _module_preset=&#8221;default&#8221;]<\/p>\n<h3 style=\"text-align: center\">Hodelykt 400 lumen<\/h3>\n<p>[\/et_pb_text][\/et_pb_column][et_pb_column type=&#8221;1_3&#8243; _builder_version=&#8221;4.9.0&#8243; _module_preset=&#8221;default&#8221;][et_pb_image src=&#8221;https:\/\/beltlamp.com\/wp-content\/uploads\/2021\/03\/20210313_210157-rotated.jpg&#8221; title_text=&#8221;20210313_210157&#8243; _builder_version=&#8221;4.9.0&#8243; _module_preset=&#8221;default&#8221;][\/et_pb_image][et_pb_text _builder_version=&#8221;4.9.0&#8243; _module_preset=&#8221;default&#8221;]<\/p>\n<h3 style=\"text-align: center\">Hikebeam 400 lumen<\/h3>\n<p>[\/et_pb_text][\/et_pb_column][et_pb_column type=&#8221;1_3&#8243; _builder_version=&#8221;4.9.0&#8243; _module_preset=&#8221;default&#8221;][et_pb_image src=&#8221;https:\/\/beltlamp.com\/wp-content\/uploads\/2021\/03\/20210313_210638-rotated.jpg&#8221; title_text=&#8221;20210313_210638&#8243; _builder_version=&#8221;4.9.0&#8243; _module_preset=&#8221;default&#8221;][\/et_pb_image][et_pb_text _builder_version=&#8221;4.9.0&#8243; _module_preset=&#8221;default&#8221;]<\/p>\n<h3 style=\"text-align: center\">Hodelykt 1000 lumen<\/h3>\n<p>[\/et_pb_text][\/et_pb_column][\/et_pb_row][et_pb_row column_structure=&#8221;1_3,1_3,1_3&#8243; use_custom_gutter=&#8221;on&#8221; gutter_width=&#8221;2&#8243; _builder_version=&#8221;4.9.0&#8243; _module_preset=&#8221;default&#8221;][et_pb_column type=&#8221;1_3&#8243; _builder_version=&#8221;4.9.0&#8243; _module_preset=&#8221;default&#8221;][et_pb_image src=&#8221;https:\/\/beltlamp.com\/wp-content\/uploads\/2021\/03\/20210227_193306-rotated.jpg&#8221; title_text=&#8221;20210227_193306&#8243; _builder_version=&#8221;4.9.0&#8243; _module_preset=&#8221;default&#8221;][\/et_pb_image][et_pb_text _builder_version=&#8221;4.9.0&#8243; _module_preset=&#8221;default&#8221;]<\/p>\n<h3 style=\"text-align: center\">Hodelykt 400 lumen<\/h3>\n<p>[\/et_pb_text][\/et_pb_column][et_pb_column type=&#8221;1_3&#8243; _builder_version=&#8221;4.9.0&#8243; _module_preset=&#8221;default&#8221;][et_pb_image src=&#8221;https:\/\/beltlamp.com\/wp-content\/uploads\/2021\/03\/20210227_193337-rotated.jpg&#8221; title_text=&#8221;20210227_193337&#8243; _builder_version=&#8221;4.9.0&#8243; _module_preset=&#8221;default&#8221;][\/et_pb_image][et_pb_text _builder_version=&#8221;4.9.0&#8243; _module_preset=&#8221;default&#8221;]<\/p>\n<h3 style=\"text-align: center\">Hikebeam 400 lumen<\/h3>\n<p>[\/et_pb_text][\/et_pb_column][et_pb_column type=&#8221;1_3&#8243; _builder_version=&#8221;4.9.0&#8243; _module_preset=&#8221;default&#8221;][et_pb_image src=&#8221;https:\/\/beltlamp.com\/wp-content\/uploads\/2021\/03\/20210227_193426-rotated.jpg&#8221; title_text=&#8221;20210227_193426&#8243; _builder_version=&#8221;4.9.0&#8243; _module_preset=&#8221;default&#8221;][\/et_pb_image][et_pb_text _builder_version=&#8221;4.9.0&#8243; _module_preset=&#8221;default&#8221;]<\/p>\n<h3 style=\"text-align: center\">Hodelykt 1000 lumen<\/h3>\n<p>[\/et_pb_text][\/et_pb_column][\/et_pb_row][et_pb_row column_structure=&#8221;1_3,1_3,1_3&#8243; use_custom_gutter=&#8221;on&#8221; gutter_width=&#8221;2&#8243; _builder_version=&#8221;4.9.0&#8243; _module_preset=&#8221;default&#8221;][et_pb_column type=&#8221;1_3&#8243; _builder_version=&#8221;4.9.0&#8243; _module_preset=&#8221;default&#8221;][et_pb_image src=&#8221;https:\/\/beltlamp.com\/wp-content\/uploads\/2021\/03\/20210227_194621-rotated.jpg&#8221; title_text=&#8221;20210227_194621&#8243; _builder_version=&#8221;4.9.0&#8243; _module_preset=&#8221;default&#8221;][\/et_pb_image][et_pb_text _builder_version=&#8221;4.9.6&#8243; _module_preset=&#8221;default&#8221;]<\/p>\n<h3 style=\"text-align: center\">Hodelykt 400 lumen, i dimma.<\/h3>\n<p>[\/et_pb_text][\/et_pb_column][et_pb_column type=&#8221;1_3&#8243; _builder_version=&#8221;4.9.0&#8243; _module_preset=&#8221;default&#8221;][et_pb_image src=&#8221;https:\/\/beltlamp.com\/wp-content\/uploads\/2021\/03\/20210227_194705-rotated.jpg&#8221; title_text=&#8221;20210227_194705&#8243; _builder_version=&#8221;4.9.0&#8243; _module_preset=&#8221;default&#8221;][\/et_pb_image][et_pb_text _builder_version=&#8221;4.9.6&#8243; _module_preset=&#8221;default&#8221;]<\/p>\n<h3 style=\"text-align: center\">Hikebeam 400 lm, samtidigt.<\/h3>\n<p>[\/et_pb_text][\/et_pb_column][et_pb_column type=&#8221;1_3&#8243; _builder_version=&#8221;4.9.0&#8243; _module_preset=&#8221;default&#8221;][et_pb_image src=&#8221;https:\/\/beltlamp.com\/wp-content\/uploads\/2021\/03\/20210227_194750-rotated.jpg&#8221; title_text=&#8221;20210227_194750&#8243; _builder_version=&#8221;4.9.0&#8243; _module_preset=&#8221;default&#8221;][\/et_pb_image][et_pb_text _builder_version=&#8221;4.9.6&#8243; _module_preset=&#8221;default&#8221;]<\/p>\n<h3 style=\"text-align: center\">Hodelykt 1000 lumen, i dimma.<\/h3>\n<p>[\/et_pb_text][\/et_pb_column][\/et_pb_row][\/et_pb_section]<\/p>\n","protected":false},"excerpt":{"rendered":"<p>Allm\u00e4nt om lamporOLJELAMPOR OCH STEARINGLJUS var den enda ljusk\u00e4llan folk hade i hus och stugor under flera hundra \u00e5r, ja flera tusen \u00e5r, under den m\u00f6rka delen av dygnet. De g\u00f6r fortfarande viss nytta och har sin charm, och de anv\u00e4nds i m\u00e5nga sammanhang, kanske mest f\u00f6r att g\u00f6ra fint och skapa st\u00e4mning. &nbsp; &nbsp; [&hellip;]<\/p>\n","protected":false},"author":9,"featured_media":0,"parent":0,"menu_order":0,"comment_status":"closed","ping_status":"closed","template":"","meta":{"_et_pb_use_builder":"on","_et_pb_old_content":"","_et_gb_content_width":"","om_disable_all_campaigns":false,"_monsterinsights_skip_tracking":false,"_monsterinsights_sitenote_active":false,"_monsterinsights_sitenote_note":"","_monsterinsights_sitenote_category":0,"_uf_show_specific_survey":0,"_uf_disable_surveys":false,"footnotes":""},"class_list":["post-14248","page","type-page","status-publish","hentry"],"aioseo_notices":[],"_links":{"self":[{"href":"https:\/\/beltlamp.com\/sv\/wp-json\/wp\/v2\/pages\/14248","targetHints":{"allow":["GET"]}}],"collection":[{"href":"https:\/\/beltlamp.com\/sv\/wp-json\/wp\/v2\/pages"}],"about":[{"href":"https:\/\/beltlamp.com\/sv\/wp-json\/wp\/v2\/types\/page"}],"author":[{"embeddable":true,"href":"https:\/\/beltlamp.com\/sv\/wp-json\/wp\/v2\/users\/9"}],"replies":[{"embeddable":true,"href":"https:\/\/beltlamp.com\/sv\/wp-json\/wp\/v2\/comments?post=14248"}],"version-history":[{"count":0,"href":"https:\/\/beltlamp.com\/sv\/wp-json\/wp\/v2\/pages\/14248\/revisions"}],"wp:attachment":[{"href":"https:\/\/beltlamp.com\/sv\/wp-json\/wp\/v2\/media?parent=14248"}],"curies":[{"name":"wp","href":"https:\/\/api.w.org\/{rel}","templated":true}]}}