{"id":14257,"date":"2021-09-01T11:31:10","date_gmt":"2021-09-01T09:31:10","guid":{"rendered":"https:\/\/beltlamp.com\/kopvillkor\/"},"modified":"2021-09-01T11:38:41","modified_gmt":"2021-09-01T09:38:41","slug":"kopvillkor","status":"publish","type":"page","link":"https:\/\/beltlamp.com\/sv\/kopvillkor\/","title":{"rendered":"K\u00f6pvillkor"},"content":{"rendered":"<p>[et_pb_section fb_built=&#8221;1&#8243; _builder_version=&#8221;4.7.4&#8243; _module_preset=&#8221;default&#8221; background_image=&#8221;https:\/\/beltlamp.com\/wp-content\/uploads\/2018\/01\/bg_u.jpg&#8221; custom_padding=&#8221;64px||64px||true|&#8221;][et_pb_row _builder_version=&#8221;4.7.4&#8243; _module_preset=&#8221;default&#8221; custom_padding=&#8221;||0px|||&#8221;][et_pb_column type=&#8221;4_4&#8243; _builder_version=&#8221;4.7.4&#8243; _module_preset=&#8221;default&#8221;][et_pb_text _builder_version=&#8221;4.9.0&#8243; _module_preset=&#8221;default&#8221; header_font=&#8221;|600||||||#ffffff|&#8221; header_text_color=&#8221;#ffffff&#8221; header_font_size=&#8221;40px&#8221; hover_enabled=&#8221;0&#8243; sticky_enabled=&#8221;0&#8243;]<\/p>\n<h1 style=\"text-align: center;\"><strong>K\u00f6pvillkor<\/strong><\/h1>\n<p>[\/et_pb_text][\/et_pb_column][\/et_pb_row][\/et_pb_section][et_pb_section fb_built=&#8221;1&#8243; admin_label=&#8221;section&#8221; _builder_version=&#8221;3.22&#8243; custom_padding=&#8221;4px||4px||true|&#8221;][et_pb_row _builder_version=&#8221;4.9.0&#8243; _module_preset=&#8221;default&#8221; custom_padding=&#8221;85px|||||&#8221;][et_pb_column _builder_version=&#8221;4.9.0&#8243; _module_preset=&#8221;default&#8221; type=&#8221;4_4&#8243;][et_pb_text _builder_version=&#8221;4.9.0&#8243; _module_preset=&#8221;default&#8221; hover_enabled=&#8221;0&#8243; sticky_enabled=&#8221;0&#8243;]<\/p>\n<h2>K\u00f6pvillkor<span class=\"\"><\/span><\/h2>\n<p><strong>N\u00e4tbutiken p\u00e5 beltlamp.com drivs av<br \/> <\/strong><\/p>\n<p><strong>BELTLAMP AS<\/strong><br \/> Org.nr. 820 014 502<br \/> Postboks 164<br \/> NO-4097 Sola<br \/> NORGE \/ NORWAY<br \/> E-mail:<a href=\"mailto:%20shop@beltlamp.com\" title=\"shop@beltlamp.com\"><span> <\/span>shop@beltlamp.com<\/a><br \/> Tel.: (+47) 930-81-955 (SMS only)<\/p>\n<h4>Allm\u00e4nt<\/h4>\n<p>Det h\u00e4r \u00e4r villkor som g\u00e4ller vid best\u00e4llningar p\u00e5 denna webbplats, ett avtal som d\u00e5 ing\u00e5s mellan dig och Beltlamp AS. L\u00e4s igenom dessa villkor innan du bekr\u00e4ftar best\u00e4llningen efter genomf\u00f6rt k\u00f6p. N\u00e4r du anv\u00e4nder den h\u00e4r webbplatsen eller best\u00e4ller produkter via den \u00e4r du bunden av dessa. Att genomf\u00f6ra en best\u00e4llning inneb\u00e4r att du \u00e4r enig om dessa villkor. En \u00c5NGERBLANKETT hittar du genom att klicka p\u00e5 Garanti &amp; Reklamation. Du \u00e4r alltid v\u00e4lkommen att kontakta oss p\u00e5<a href=\"mailto:%20shop@beltlamp.com\" title=\"shop@beltlamp.com\"><span> <\/span>shop@beltlamp.com<\/a> f\u00f6r fr\u00e5gor eller andra \u00e4renden b\u00e5de f\u00f6re och efter eventuell best\u00e4llning. Vi kontaktar dig inom kort.      <\/p>\n<h4>Tillg\u00e4nglighet<\/h4>\n<p>Produkterna vi presenterar p\u00e5 denna sida kommer normalt sett att vara tillg\u00e4ngliga och kunna skickas \u00f6ver en stor del av v\u00e4rlden (till att b\u00f6rja med bara i Norge, d\u00e4refter st\u00f6rre delen av Europa). Det kommer att finnas vissa begr\u00e4nsningar f\u00f6r n\u00e5gra l\u00e4nder, och de l\u00e4nderna kommer inte att kunna v\u00e4ljas n\u00e4r du bekr\u00e4ftar ditt k\u00f6p.  <\/p>\n<h4>Hur man best\u00e4ller<\/h4>\n<p>Vi har gjort best\u00e4llningsrutinerna s\u00e5 enkla som m\u00f6jligt f\u00f6r dig:<\/p>\n<ul>\n<li>\u2022 Hitta \u00f6nskad produkt, och klicka f\u00f6r att v\u00e4lja den.<\/li>\n<li>\u2022 N\u00e4r du har hittat produkten och valt det antal du vill ha, klicka d\u00e5 p\u00e5 kundvagnen uppe i h\u00f6gra h\u00f6rnet.<\/li>\n<li>\u2022 F\u00f6lj anvisade steg f\u00f6r att slutf\u00f6ra k\u00f6pet.<\/li>\n<li>\u2022 V\u00e4lj betalningsmetod.<\/li>\n<li>\u2022 Varor till privatkunder inom Norge skickas med Postnord, till andra l\u00e4nder med DHL. Vi har som m\u00e5l att leverera inom 1\u20133 arbetsdagar. Det kommer att visas mer information om detta n\u00e4r du g\u00f6r en best\u00e4llning. <\/li>\n<\/ul>\n<h4>Priser<\/h4>\n<p>Priserna som uppges p\u00e5 beltlamp.com kommer alltid att vara det pris du betalar. Ingen moms eller skatt tillkommer, det \u00e4r inkluderat i priset vid best\u00e4llningar f\u00f6r \u00f6ver 1 200 SEK. Fraktavgift p\u00e5 75 SEK tillkommer vid best\u00e4llningar f\u00f6r under 1 200 SEK. Denna l\u00e4ggs d\u00e5 till och visas tydligt f\u00f6re betalning.   <\/p>\n<h4>Frakt<\/h4>\n<p>V\u00e5r n\u00e4tbutik beltlamp.com erbjuder gratis frakt, \u00e4ven utomlands, f\u00f6r alla best\u00e4llningar f\u00f6r mer \u00e4n 1 200 SEK. Vid best\u00e4llningar f\u00f6r under 1 200 SEK tillkommer en fraktavgift p\u00e5 75 SEK. <\/p>\n<h4>Leverans<\/h4>\n<p>Beltlamp AS har som m\u00e5ls\u00e4ttning att best\u00e4llningar p\u00e5 beltlamp.com skickas till dig s\u00e5 snabbt som m\u00f6jligt i den ordning best\u00e4llningarna kommer in. \u00c4ven om v\u00e5r m\u00e5ls\u00e4ttning \u00e4r att leverera inom 1\u20135 arbetsdagar kan det uppst\u00e5 of\u00f6rutsedda problem som f\u00f6rsenar detta. Skulle det mot f\u00f6rmodan g\u00e5 mer \u00e4n 30 dagar kan du annullera best\u00e4llningen. Observera att varor inte levereras p\u00e5 l\u00f6rdagar och s\u00f6ndagar.   <\/p>\n<p>Innan du slutf\u00f6r best\u00e4llningen kommer du att f\u00e5 information om f\u00f6rv\u00e4ntade leveransuppgifter. N\u00e4r du har bekr\u00e4ftat kommer du att f\u00e5 ett mejl eller ett meddelande med dessa. Du f\u00e5r d\u00e5 \u00e4ven en kod s\u00e5 att du kan sp\u00e5ra f\u00f6rs\u00e4ndelsen.     <\/p>\n<p>Om best\u00e4llningen inte kommer fram inom n\u00e5gra dagar, kan du kontakta v\u00e5r kundservice via mejl: <span> <\/span><a href=\"mailto:shop@beltlamp.com\">shop@beltlamp.com<\/a>.<\/p>\n<p>[\/et_pb_text][\/et_pb_column][\/et_pb_row][\/et_pb_section]<\/p>\n","protected":false},"excerpt":{"rendered":"<p>K\u00f6pvillkorK\u00f6pvillkor N\u00e4tbutiken p\u00e5 beltlamp.com drivs av BELTLAMP AS Org.nr. 820 014 502 Postboks 164 NO-4097 Sola NORGE \/ NORWAY E-mail: shop@beltlamp.com Tel.: (+47) 930-81-955 (SMS only) Allm\u00e4nt Det h\u00e4r \u00e4r villkor som g\u00e4ller vid best\u00e4llningar p\u00e5 denna webbplats, ett avtal som d\u00e5 ing\u00e5s mellan dig och Beltlamp AS. L\u00e4s igenom dessa villkor innan du bekr\u00e4ftar [&hellip;]<\/p>\n","protected":false},"author":9,"featured_media":0,"parent":0,"menu_order":0,"comment_status":"closed","ping_status":"closed","template":"","meta":{"_et_pb_use_builder":"on","_et_pb_old_content":"","_et_gb_content_width":"","om_disable_all_campaigns":false,"_monsterinsights_skip_tracking":false,"_monsterinsights_sitenote_active":false,"_monsterinsights_sitenote_note":"","_monsterinsights_sitenote_category":0,"_uf_show_specific_survey":0,"_uf_disable_surveys":false,"footnotes":""},"class_list":["post-14257","page","type-page","status-publish","hentry"],"aioseo_notices":[],"_links":{"self":[{"href":"https:\/\/beltlamp.com\/sv\/wp-json\/wp\/v2\/pages\/14257","targetHints":{"allow":["GET"]}}],"collection":[{"href":"https:\/\/beltlamp.com\/sv\/wp-json\/wp\/v2\/pages"}],"about":[{"href":"https:\/\/beltlamp.com\/sv\/wp-json\/wp\/v2\/types\/page"}],"author":[{"embeddable":true,"href":"https:\/\/beltlamp.com\/sv\/wp-json\/wp\/v2\/users\/9"}],"replies":[{"embeddable":true,"href":"https:\/\/beltlamp.com\/sv\/wp-json\/wp\/v2\/comments?post=14257"}],"version-history":[{"count":0,"href":"https:\/\/beltlamp.com\/sv\/wp-json\/wp\/v2\/pages\/14257\/revisions"}],"wp:attachment":[{"href":"https:\/\/beltlamp.com\/sv\/wp-json\/wp\/v2\/media?parent=14257"}],"curies":[{"name":"wp","href":"https:\/\/api.w.org\/{rel}","templated":true}]}}