{"id":14263,"date":"2021-09-01T14:35:57","date_gmt":"2021-09-01T12:35:57","guid":{"rendered":"https:\/\/beltlamp.com\/fraktinformation\/"},"modified":"2021-09-01T14:35:57","modified_gmt":"2021-09-01T12:35:57","slug":"fraktinformation","status":"publish","type":"page","link":"https:\/\/beltlamp.com\/sv\/fraktinformation\/","title":{"rendered":"FRAKTINFORMATION"},"content":{"rendered":"<p>[et_pb_section fb_built=&#8221;1&#8243; _builder_version=&#8221;4.7.4&#8243; _module_preset=&#8221;default&#8221; background_image=&#8221;https:\/\/beltlamp.com\/wp-content\/uploads\/2018\/01\/bg_u.jpg&#8221; custom_padding=&#8221;64px||64px||true|&#8221;][et_pb_row _builder_version=&#8221;4.7.4&#8243; _module_preset=&#8221;default&#8221; custom_padding=&#8221;||0px|||&#8221;][et_pb_column type=&#8221;4_4&#8243; _builder_version=&#8221;4.7.4&#8243; _module_preset=&#8221;default&#8221;][et_pb_text _builder_version=&#8221;4.9.0&#8243; _module_preset=&#8221;default&#8221; header_font=&#8221;|600||||||#ffffff|&#8221; header_text_color=&#8221;#ffffff&#8221; header_font_size=&#8221;40px&#8221; hover_enabled=&#8221;0&#8243; sticky_enabled=&#8221;0&#8243;]<\/p>\n<h1 style=\"text-align: center;\"><strong>FRAKTINFORMATION<\/strong><\/h1>\n<p>[\/et_pb_text][\/et_pb_column][\/et_pb_row][\/et_pb_section][et_pb_section fb_built=&#8221;1&#8243; admin_label=&#8221;section&#8221; _builder_version=&#8221;3.22&#8243; custom_padding=&#8221;4px||4px||true|&#8221;][et_pb_row _builder_version=&#8221;4.9.0&#8243; _module_preset=&#8221;default&#8221; custom_padding=&#8221;85px|||||&#8221;][et_pb_column type=&#8221;4_4&#8243; _builder_version=&#8221;4.9.0&#8243; _module_preset=&#8221;default&#8221;][et_pb_text _builder_version=&#8221;4.9.0&#8243; _module_preset=&#8221;default&#8221; hover_enabled=&#8221;0&#8243; sticky_enabled=&#8221;0&#8243;]<\/p>\n<h2>FRAKTINFORMATION<\/p>\n<p><span class=\"\"><\/span><\/h2>\n<h4>Vilka l\u00e4nder skickar ni till?<\/h4>\n<p>Inledningsvis bara inom Norge, och h\u00e4r anv\u00e4nder vi PostNord. S\u00e5 sm\u00e5ningom kommer vi \u00e4ven att skicka till andra l\u00e4nder som DHL Road kan leverera till, f\u00f6rst inom Europa. (Flygfrakt \u00e4r problematiskt p\u00e5 grund av litiumbatterier.)  <\/p>\n<h4>Varifr\u00e5n skickar ni?<\/h4>\n<p>Vi skickar fr\u00e5n v\u00e5rt lager i Oslo. Alla best\u00e4llningar skickas p\u00e5 ett s\u00e5 f\u00f6rdelaktigt s\u00e4tt som m\u00f6jligt.<\/p>\n<h4>N\u00e4r f\u00e5r jag det jag har best\u00e4llt?<\/h4>\n<p>Vanligtvis tar det 1\u20133 arbetsdagar beroende p\u00e5 hur det ska levereras. Fraktf\u00f6retaget kommer att kontakta dig med mer information, och du kan sp\u00e5ra paketet med en kod som du f\u00e5r tillsammans med best\u00e4llningsbekr\u00e4ftelsen. <\/p>\n<h4>Hur mycket betalar man f\u00f6r frakten?<\/h4>\n<p>Vi erbjuder gratis frakt \u00f6ver hela v\u00e4rlden f\u00f6r alla best\u00e4llningar f\u00f6r mer \u00e4n 1 200 SEK. Vid best\u00e4llningar som understiger detta tillkommer en kostnad p\u00e5 75 SEK. <\/p>\n<h4>Hur mycket tillkommer i form av skatter eller andra avgifter?<\/h4>\n<p>Ingenting. N\u00e4r du handlar via beltlamp.com \u00e4r detta inkluderat i priset. Ingenting tillkommer varken f\u00f6re eller efter det att varan levereras.  <\/p>\n<p>[\/et_pb_text][\/et_pb_column][\/et_pb_row][\/et_pb_section]<\/p>\n","protected":false},"excerpt":{"rendered":"<p>FRAKTINFORMATIONFRAKTINFORMATION Vilka l\u00e4nder skickar ni till? Inledningsvis bara inom Norge, och h\u00e4r anv\u00e4nder vi PostNord. S\u00e5 sm\u00e5ningom kommer vi \u00e4ven att skicka till andra l\u00e4nder som DHL Road kan leverera till, f\u00f6rst inom Europa. (Flygfrakt \u00e4r problematiskt p\u00e5 grund av litiumbatterier.) Varifr\u00e5n skickar ni? Vi skickar fr\u00e5n v\u00e5rt lager i Oslo. Alla best\u00e4llningar skickas p\u00e5 [&hellip;]<\/p>\n","protected":false},"author":9,"featured_media":0,"parent":0,"menu_order":0,"comment_status":"closed","ping_status":"closed","template":"","meta":{"_et_pb_use_builder":"on","_et_pb_old_content":"","_et_gb_content_width":"","om_disable_all_campaigns":false,"_monsterinsights_skip_tracking":false,"_monsterinsights_sitenote_active":false,"_monsterinsights_sitenote_note":"","_monsterinsights_sitenote_category":0,"_uf_show_specific_survey":0,"_uf_disable_surveys":false,"footnotes":""},"class_list":["post-14263","page","type-page","status-publish","hentry"],"aioseo_notices":[],"_links":{"self":[{"href":"https:\/\/beltlamp.com\/sv\/wp-json\/wp\/v2\/pages\/14263","targetHints":{"allow":["GET"]}}],"collection":[{"href":"https:\/\/beltlamp.com\/sv\/wp-json\/wp\/v2\/pages"}],"about":[{"href":"https:\/\/beltlamp.com\/sv\/wp-json\/wp\/v2\/types\/page"}],"author":[{"embeddable":true,"href":"https:\/\/beltlamp.com\/sv\/wp-json\/wp\/v2\/users\/9"}],"replies":[{"embeddable":true,"href":"https:\/\/beltlamp.com\/sv\/wp-json\/wp\/v2\/comments?post=14263"}],"version-history":[{"count":0,"href":"https:\/\/beltlamp.com\/sv\/wp-json\/wp\/v2\/pages\/14263\/revisions"}],"wp:attachment":[{"href":"https:\/\/beltlamp.com\/sv\/wp-json\/wp\/v2\/media?parent=14263"}],"curies":[{"name":"wp","href":"https:\/\/api.w.org\/{rel}","templated":true}]}}