{"id":14266,"date":"2021-09-01T15:38:53","date_gmt":"2021-09-01T13:38:53","guid":{"rendered":"https:\/\/beltlamp.com\/integritet\/"},"modified":"2021-09-01T15:38:53","modified_gmt":"2021-09-01T13:38:53","slug":"integritet","status":"publish","type":"page","link":"https:\/\/beltlamp.com\/sv\/integritet\/","title":{"rendered":"Integritet"},"content":{"rendered":"\n[et_pb_section fb_built=&#8221;1&#8243; _builder_version=&#8221;4.7.4&#8243; _module_preset=&#8221;default&#8221; background_image=&#8221;https:\/\/beltlamp.com\/wp-content\/uploads\/2018\/01\/bg_u.jpg&#8221; custom_padding=&#8221;64px||64px||true|&#8221;][et_pb_row _builder_version=&#8221;4.7.4&#8243; _module_preset=&#8221;default&#8221; custom_padding=&#8221;||0px|||&#8221;][et_pb_column type=&#8221;4_4&#8243; _builder_version=&#8221;4.7.4&#8243; _module_preset=&#8221;default&#8221;][et_pb_text _builder_version=&#8221;4.9.0&#8243; _module_preset=&#8221;default&#8221; header_font=&#8221;|600||||||#ffffff|&#8221; header_text_color=&#8221;#ffffff&#8221; header_font_size=&#8221;40px&#8221; hover_enabled=&#8221;0&#8243; sticky_enabled=&#8221;0&#8243;]<h1 style=\"text-align: center;\"><strong>Integritet<\/strong><\/h1>[\/et_pb_text][\/et_pb_column][\/et_pb_row][\/et_pb_section][et_pb_section fb_built=&#8221;1&#8243; admin_label=&#8221;section&#8221; _builder_version=&#8221;3.22&#8243; custom_padding=&#8221;4px||4px||true|&#8221;][et_pb_row _builder_version=&#8221;4.9.0&#8243; _module_preset=&#8221;default&#8221; custom_padding=&#8221;85px|||||&#8221;][et_pb_column type=&#8221;4_4&#8243; _builder_version=&#8221;4.9.0&#8243; _module_preset=&#8221;default&#8221;][et_pb_text _builder_version=&#8221;4.9.0&#8243; _module_preset=&#8221;default&#8221; hover_enabled=&#8221;0&#8243; sticky_enabled=&#8221;0&#8243;]<h2>INTEGRITETSPOLICY[spacer height=&#8221;20px&#8221;]<\/h2>\n<h3>Den h\u00e4r sidan beskriver hur Beltlamp AS och MOFix Design anv\u00e4nder och skyddar de personuppgifter som du uppger n\u00e4r du anv\u00e4nder webbplatsen beltlamp.com.[spacer height=&#8221;20px&#8221;]<\/h3>\n<h4>Vad vi registrerar<\/h4>\n<strong>N\u00e4r du bes\u00f6ker v\u00e5r webbplats kan vi samla in f\u00f6ljande uppgifter:<\/strong>\n<ul>\n \t<li>Personuppgifter (om s\u00e5dan anges), som namn, adress, mejladress, telefonnummer, IP-adress och demografisk information, som plats och spr\u00e5k.<\/li>\n \t<li>K\u00f6pinformation (namn, f\u00f6retagsnamn och leveransadress) och best\u00e4llningsinformation (produkt, antal, best\u00e4llningsdatum, ordernummer och betalningsinformation).<\/li>\n \t<li>Relevant information som du har uppgett via unders\u00f6kningar och erbjudanden.<\/li>\n \t<li>Anv\u00e4ndningsdata som samlats in via sp\u00e5rning och cookies. F\u00f6r en ut\u00f6kad lista \u00f6ver dessa, se separat avsnitt. <\/li>\n<\/ul>\n<h4>Hur anv\u00e4nds informationen?<\/h4>\n<strong>Vi anv\u00e4nder denna information f\u00f6r att b\u00e4ttre f\u00f6rst\u00e5 dina behov och kunna erbjuda en b\u00e4ttre tj\u00e4nst, i synnerhet av f\u00f6ljande sk\u00e4l:<\/strong>\n<ul>\n \t<li>F\u00f6r att f\u00f6rb\u00e4ttra v\u00e5ra produkter och tj\u00e4nster.<\/li>\n \t<li>F\u00f6r att f\u00f6rb\u00e4ttra kundupplevelsen genom v\u00e5r webbplats och andra kanaler.<\/li>\n \t<li>F\u00f6r att erbjuda specialerbjudanden, kampanjer och produktlanseringar (med ditt samtycke).<\/li>\n \t<li>F\u00f6r att erbjuda dig b\u00e4ttre kundservice samt behandla dina fr\u00e5gor och klagom\u00e5l.<\/li>\n<\/ul>\nOm du v\u00e4ljer att inte uppge de efterfr\u00e5gade och n\u00f6dv\u00e4ndiga uppgifterna, kan det inneb\u00e4ra att vi inte kan tillgodose ditt behov av kundservice p\u00e5 ett optimalt s\u00e4tt.\n<h4>S\u00e4kerhet<\/h4>\nVi er forpliktet til \u00e5 sikre at din informasjon er trygg. For \u00e5 forhindre uautorisert tilgang, har vi iverksatt n\u00f8dvendige fysiske, elektroniske og administrative rutiner for \u00e5 sikre den informasjonen vi samler over nettet. \n<h4>Dina uppgifter och tredjepartsf\u00f6retag<\/h4>\nVissa data kan delas med tredjepartsleverant\u00f6rer av tj\u00e4nster. Dessa anges nedan. Vi vidtar n\u00f6dv\u00e4ndiga f\u00f6rsiktighets\u00e5tg\u00e4rder f\u00f6r att s\u00e4kerst\u00e4lla att de respekterar och skyddar dina uppgifter. \n<ul>\n \t<li>Tredjepartsleverant\u00f6rer som erbjuder tj\u00e4nster f\u00f6r v\u00e5r r\u00e4kning, s\u00e5som betalning, best\u00e4llning, frakt, datalagring, f\u00f6rs\u00e4ljning, reklam, research, kundservice, transport, bedr\u00e4geribek\u00e4mpning och it-support, f\u00f6rhindras att anv\u00e4nda dina uppgifter i andra syften \u00e4n f\u00f6r dessa tj\u00e4nster. <\/li>\n<\/ul>\n<h4>Hur vi anv\u00e4nder cookies<\/h4>\nEn cookie \u00e4r en liten fil som ber om till\u00e5telse att sparas p\u00e5 h\u00e5rddisken p\u00e5 din dator eller i din mobiltelefon. N\u00e4r du har till\u00e5tit dem, l\u00e5ter du oss k\u00e4nna igen din enhet och dina inst\u00e4llningar p\u00e5 webbplatsen. Genom dessa cookies kan vi skr\u00e4ddarsy webbplatsen s\u00e5 att den erbjuder anpassade l\u00f6sningar, m\u00e4ta hur effektiv reklamen \u00e4r och genomf\u00f6ra analyser och s\u00f6kningar. Vissa cookies sparas i din webbl\u00e4sares cacheminne, medan andra sparas i Adobe Flash Player-filer.   \n\nVi anv\u00e4nder trafiklogg-cookies f\u00f6r att identifiera vilka sidor som anv\u00e4nds. Dessa hj\u00e4lper oss att analysera uppgifter om webbplatstrafiken, f\u00f6rb\u00e4ttra webbplatsen och skr\u00e4ddarsy denna efter individuella kundbehov. Vi anv\u00e4nder endast dessa uppgifter f\u00f6r statistisk analys och inom Beltlamp AS verksamhet.  \n\nP\u00e5 det hela taget anv\u00e4nds dessa cookies f\u00f6r att kunna erbjuda dig en b\u00e4ttre webbplats och f\u00f6r att tala om f\u00f6r oss vilka sidor du tycker \u00e4r till st\u00f6rst nytta. Du ger oss inte p\u00e5 n\u00e5got s\u00e4tt tillg\u00e5ng till din enhet eller information om dig ut\u00f6ver det du v\u00e4ljer att dela med oss. Du kan v\u00e4lja att godk\u00e4nna eller avvisa dessa. De flesta webbl\u00e4sare till\u00e5ter cookies automatiskt, men du kan i de flesta fall \u00e4ndra detta i inst\u00e4llningarna. Om du inte till\u00e5ter cookies, kan det h\u00e4nda att du inte kan anv\u00e4nda webbplatsen fullt ut.    \n\n<strong>S\u00e5 kan du radera cookies fr\u00e5n din dator:<\/strong>\n<ul>\n \t<li>I Internet Explorer raderar du cookies genom att v\u00e4lja \u201dVerktyg\u201d, \u201dS\u00e4kerhet\u201d, \u201dTa bort webbhistorik\u201d, markera \u201dCookies och webbplatsdata\u201d och v\u00e4lja \u201dTa bort\u201d.<\/li>\n \t<li>I Firefox raderar du dessa genom att v\u00e4lja \u201dVerktyg\u201d, \u201dInst\u00e4llningar\u201d och \u201dSekretess &amp; s\u00e4kerhet\u201d. D\u00e4refter klickar du p\u00e5 \u201dTa bort kakor\u201d.<\/li>\n \t<li>Chrome (versjon 23)<\/li>\n<\/ul>\nSp\u00e5rningspixlar \u00e4r sm\u00e5 elektroniska koder som l\u00e4ggs in p\u00e5 webbplatser, i bannerannonser och\/eller i mejl, utformade f\u00f6r att samla in anv\u00e4ndardata, s\u00e5som reklamvisningar och klick, andel \u00f6ppnade mejl, reklamkampanjers effektivitet och ifall du godk\u00e4nner cookies.\n\nAllt eftersom vi anpassar oss efter annan teknik, kan vi \u00e4ven komma att samla in information genom andra metoder.\n<h4>L\u00e4nkar till andra webbplatser<\/h4>\nV\u00e5r webbplats kan inneh\u00e5lla l\u00e4nkar till andra webbplatser. Observera att n\u00e4r du har l\u00e4mnat v\u00e5r webbplats genom att klicka p\u00e5 dessa har vi ingen kontroll \u00f6ver dessa nya webbplatser. Vi kan d\u00e4rf\u00f6r inte ta ansvar f\u00f6r att skydda den information som du beh\u00f6ver uppge och l\u00e4mna efter dig d\u00e4r, och denna integritetspolicy g\u00e4ller inte f\u00f6r dem. Vi rekommenderar dig d\u00e4rf\u00f6r att vara uppm\u00e4rksam och l\u00e4sa integritetspolicyn f\u00f6r dessa sidor.   \n<h4>Kontroll av dina personuppgifter<\/h4>\nDu kan v\u00e4lja att begr\u00e4nsa insamlingen av personuppgifter p\u00e5 f\u00f6ljande s\u00e4tt:\n<ul>\n \t<li>N\u00e4r du blir ombedd att fylla i formul\u00e4r p\u00e5 webbplatsen, titta efter en ruta som du kan klicka i f\u00f6r att tala om att du inte till\u00e5ter att dina uppgifter anv\u00e4nds av n\u00e5gon f\u00f6r direkt marknadsf\u00f6ring. Om du tidigare har godk\u00e4nt att dessa uppgifter anv\u00e4nds f\u00f6r direkt marknadsf\u00f6ring, kan du mejla oss (shop@beltlamp.com) om du vill \u00e4ndra p\u00e5 det. Vi kommer d\u00e5 att skicka dig en separat l\u00e4nk f\u00f6r att underl\u00e4tta f\u00f6r dig.  <\/li>\n<\/ul>\nDu kan be om \u00e5 f\u00e5 se den informasjonen vi har lagret om deg, bare send en mail til shop@beltlamp.com (Dette er i henhold til Data Protection Act 1998.)\n\nDu kan ocks\u00e5 skicka ett mejl till samma adress om du anser att vi har fel uppgifter om dig. Vi kommer d\u00e5 omedelbart att korrigera dem Vi vil rette dette umiddelbart.\n\nWebbplatsen beltlamp.com drivs av\n\n<b>MOFix Design\nInnovation Dock\nKvits\u00f8ygata 30\n4014 Stavanger\nwww.mofiks.no<\/b>[\/et_pb_text][\/et_pb_column][\/et_pb_row][\/et_pb_section]\n","protected":false},"excerpt":{"rendered":"<p>IntegritetINTEGRITETSPOLICY[spacer height=&#8221;20px&#8221;] Den h\u00e4r sidan beskriver hur Beltlamp AS och MOFix Design anv\u00e4nder och skyddar de personuppgifter som du uppger n\u00e4r du anv\u00e4nder webbplatsen beltlamp.com.[spacer height=&#8221;20px&#8221;] Vad vi registrerar N\u00e4r du bes\u00f6ker v\u00e5r webbplats kan vi samla in f\u00f6ljande uppgifter: Personuppgifter (om s\u00e5dan anges), som namn, adress, mejladress, telefonnummer, IP-adress och demografisk information, som plats [&hellip;]<\/p>\n","protected":false},"author":9,"featured_media":0,"parent":0,"menu_order":0,"comment_status":"closed","ping_status":"closed","template":"","meta":{"_et_pb_use_builder":"on","_et_pb_old_content":"","_et_gb_content_width":"","om_disable_all_campaigns":false,"_monsterinsights_skip_tracking":false,"_monsterinsights_sitenote_active":false,"_monsterinsights_sitenote_note":"","_monsterinsights_sitenote_category":0,"_uf_show_specific_survey":0,"_uf_disable_surveys":false,"footnotes":""},"class_list":["post-14266","page","type-page","status-publish","hentry"],"aioseo_notices":[],"_links":{"self":[{"href":"https:\/\/beltlamp.com\/sv\/wp-json\/wp\/v2\/pages\/14266","targetHints":{"allow":["GET"]}}],"collection":[{"href":"https:\/\/beltlamp.com\/sv\/wp-json\/wp\/v2\/pages"}],"about":[{"href":"https:\/\/beltlamp.com\/sv\/wp-json\/wp\/v2\/types\/page"}],"author":[{"embeddable":true,"href":"https:\/\/beltlamp.com\/sv\/wp-json\/wp\/v2\/users\/9"}],"replies":[{"embeddable":true,"href":"https:\/\/beltlamp.com\/sv\/wp-json\/wp\/v2\/comments?post=14266"}],"version-history":[{"count":0,"href":"https:\/\/beltlamp.com\/sv\/wp-json\/wp\/v2\/pages\/14266\/revisions"}],"wp:attachment":[{"href":"https:\/\/beltlamp.com\/sv\/wp-json\/wp\/v2\/media?parent=14266"}],"curies":[{"name":"wp","href":"https:\/\/api.w.org\/{rel}","templated":true}]}}