{"id":14268,"date":"2021-09-01T16:03:13","date_gmt":"2021-09-01T14:03:13","guid":{"rendered":"https:\/\/beltlamp.com\/garanti-reklamation\/"},"modified":"2021-09-01T16:03:13","modified_gmt":"2021-09-01T14:03:13","slug":"garanti-reklamation","status":"publish","type":"page","link":"https:\/\/beltlamp.com\/sv\/garanti-reklamation\/","title":{"rendered":"Garanti\/reklamation"},"content":{"rendered":"<p>[et_pb_section fb_built=&#8221;1&#8243; _builder_version=&#8221;4.7.4&#8243; _module_preset=&#8221;default&#8221; background_image=&#8221;https:\/\/beltlamp.com\/wp-content\/uploads\/2018\/01\/bg_u.jpg&#8221; custom_padding=&#8221;64px||64px||true|&#8221;][et_pb_row _builder_version=&#8221;4.7.4&#8243; _module_preset=&#8221;default&#8221; custom_padding=&#8221;||0px|||&#8221;][et_pb_column type=&#8221;4_4&#8243; _builder_version=&#8221;4.7.4&#8243; _module_preset=&#8221;default&#8221;][et_pb_text _builder_version=&#8221;4.9.0&#8243; _module_preset=&#8221;default&#8221; header_font=&#8221;|600||||||#ffffff|&#8221; header_text_color=&#8221;#ffffff&#8221; header_font_size=&#8221;40px&#8221; hover_enabled=&#8221;0&#8243; sticky_enabled=&#8221;0&#8243;]<\/p>\n<h1 style=\"text-align: center;\"><strong>Garanti\/reklamation<\/strong><\/h1>\n<p>[\/et_pb_text][\/et_pb_column][\/et_pb_row][\/et_pb_section][et_pb_section fb_built=&#8221;1&#8243; admin_label=&#8221;section&#8221; _builder_version=&#8221;3.22&#8243; custom_padding=&#8221;4px||4px||true|&#8221;][et_pb_row _builder_version=&#8221;4.9.0&#8243; _module_preset=&#8221;default&#8221; custom_padding=&#8221;85px|||||&#8221;][et_pb_column type=&#8221;4_4&#8243; _builder_version=&#8221;4.9.0&#8243; _module_preset=&#8221;default&#8221;][et_pb_text _builder_version=&#8221;4.9.0&#8243; _module_preset=&#8221;default&#8221; hover_enabled=&#8221;0&#8243; sticky_enabled=&#8221;0&#8243;]<strong><span>LADDA NER \u00c5NGERBLANKETT H\u00c4R.<\/span><a href=\"https:\/\/beltlamp.com\/wp-content\/uploads\/2020\/09\/Angrerettskjema_1_Eng.pdf\" target=\"_blank\" rel=\"noopener\"><u><\/u><\/a><\/strong><\/p>\n<h2>Garanti\/reklamation<span class=\"\"><\/span><\/h2>\n<h4>Om du \u00e5ngrar ett k\u00f6p eller f\u00e5r problem med produkter som k\u00f6pts fr\u00e5n v\u00e5r n\u00e4tbutik, ta kontakt via mejl till <a href=\"mailto:shop@beltlamp.com\" title=\"shop@beltlamp.com\"><span>shop@beltlamp.com<\/span><\/a>. Vi kontaktar dig d\u00e5 snabbt f\u00f6r att l\u00f6sa problemet, och tillsammans hittar vi en bra l\u00f6sning.   <\/h4>\n<p>V\u00e5r garanti omfattar produktfel enligt reglerna i det land d\u00e4r produkten \u00e4r inhandlad. Spara alltid kvittot! Det visar b\u00e5de var och n\u00e4r varan k\u00f6ptes.  <span> <\/span><strong>Spara ditt kvitto!<\/strong><span> <\/span>All anv\u00e4ndning sker p\u00e5 eget ansvar. Undvik att v\u00e4tska\/vatten kommer in i kontaktpunkter p\u00e5 lampan och powerbanken! Lampan \u00e4r inte avsedd f\u00f6r att komma under vatten men t\u00e5l normala v\u00e4derf\u00f6rh\u00e5llanden (IPX4) om den anv\u00e4nds r\u00e4tt: Locket \u00f6ver uttaget m\u00e5ste vara t\u00e4tt tillslutet eller kabeln inkopplad och skyddsk\u00e5pan r\u00e4tt placerad \u00f6ver uttaget s\u00e5 att den l\u00e5ser kabeln och skyddar mot fukt. (PS! Skyddsk\u00e5pans \u00f6ppning m\u00e5ste peka ned\u00e5t f\u00f6r att skydda mot nederb\u00f6rd.) Garantin omfattar allts\u00e5 alla tekniska problem som kan uppst\u00e5 vid avsedd och korrekt anv\u00e4ndning. (T\u00e4nk som p\u00e5 en bil: Man k\u00f6r inte bilen genom biltv\u00e4tten med f\u00f6nstren \u00f6ppna.) Garantin omfattar inte of\u00f6rsiktighet eller miss\u00f6den med vatten\/v\u00e4tska som kommer in i lampan, till exempel d\u00e4rf\u00f6r att lampa eller batteri hamnar helt under vatten p\u00e5 grund av ett fall eller annat miss\u00f6de. Garantin t\u00e4cker heller inte skador eller f\u00f6ljdskador till f\u00f6ljd av ett miss\u00f6de eller vid oavsedd anv\u00e4ndning. Lampan ska bara laddas med en powerbank fr\u00e5n Beltlamp AS. En powerbank kan laddas p\u00e5 olika s\u00e4tt. Snabbladdare eller annan utrustning som kan uts\u00e4tta lampan f\u00f6r p\u00e5frestningar som den inte \u00e4r avsedd f\u00f6r omfattas inte av v\u00e5rt garantiansvar. Garantin omfattar endast produktfel och kan eventuellt inneb\u00e4ra att du f\u00e5r byta varan mot en ny och motsvarande eller att felet kan repareras av oss. Vi kommer att anstr\u00e4nga oss f\u00f6r att du ska kunna ha en lampa som du kan ha gl\u00e4dje av l\u00e4nge. Ta hand om ditt kvitto som visar n\u00e4r och var varan \u00e4r k\u00f6pt. V\u00e5r garanti p\u00e5 tv\u00e5 \u00e5r g\u00e4ller om det visar sig att produkten har haft ett ursprungligt fel eller att det uppst\u00e5r ett tekniskt problem vid normal, avsedd anv\u00e4ndning. Du m\u00e5ste ta upp detta med oss snarast och senast en m\u00e5nad efter det att felet har uppt\u00e4ckts. Kontakta oss p\u00e5                 <\/p>\n<p>   <span> <\/span>  <a href=\"mailto:shop@beltlamp.com\" title=\"shop@beltlamp.com\"><span> <\/span>shop@beltlamp.com<\/a>. \u2013 s\u00e5 kontaktar vi dig inom kort f\u00f6r att komma \u00f6verens om en l\u00f6sning. Har du k\u00f6pt varan av en \u00e5terf\u00f6rs\u00e4ljaren, m\u00e5ste du kontakta dem f\u00f6r eventuell reklamation. \u00c4ven d\u00e5 \u00e4r det n\u00f6dv\u00e4ndigt att du har ett kvitto som visar n\u00e4r och var varan \u00e4r k\u00f6pt. Du har fem \u00e5rs reklamationsr\u00e4tt, och vi kommer alltid att g\u00f6ra v\u00e5rt b\u00e4sta f\u00f6r att du ska ha en lampa som fungerar och \u00e4r till nytta.    <\/p>\n<p><strong>Vi hoppas att du i m\u00e5nga \u00e5r ska ha en lampa som ger dig positiva upplevelser n\u00e4r du beh\u00f6ver ljus i m\u00f6rker!<\/strong>[\/et_pb_text][\/et_pb_column][\/et_pb_row][\/et_pb_section]<\/p>\n","protected":false},"excerpt":{"rendered":"<p>Garanti\/reklamationLADDA NER \u00c5NGERBLANKETT H\u00c4R. Garanti\/reklamation Om du \u00e5ngrar ett k\u00f6p eller f\u00e5r problem med produkter som k\u00f6pts fr\u00e5n v\u00e5r n\u00e4tbutik, ta kontakt via mejl till shop@beltlamp.com. Vi kontaktar dig d\u00e5 snabbt f\u00f6r att l\u00f6sa problemet, och tillsammans hittar vi en bra l\u00f6sning. V\u00e5r garanti omfattar produktfel enligt reglerna i det land d\u00e4r produkten \u00e4r inhandlad. [&hellip;]<\/p>\n","protected":false},"author":9,"featured_media":0,"parent":0,"menu_order":0,"comment_status":"closed","ping_status":"closed","template":"","meta":{"_et_pb_use_builder":"on","_et_pb_old_content":"","_et_gb_content_width":"","om_disable_all_campaigns":false,"_monsterinsights_skip_tracking":false,"_monsterinsights_sitenote_active":false,"_monsterinsights_sitenote_note":"","_monsterinsights_sitenote_category":0,"_uf_show_specific_survey":0,"_uf_disable_surveys":false,"footnotes":""},"class_list":["post-14268","page","type-page","status-publish","hentry"],"aioseo_notices":[],"_links":{"self":[{"href":"https:\/\/beltlamp.com\/sv\/wp-json\/wp\/v2\/pages\/14268","targetHints":{"allow":["GET"]}}],"collection":[{"href":"https:\/\/beltlamp.com\/sv\/wp-json\/wp\/v2\/pages"}],"about":[{"href":"https:\/\/beltlamp.com\/sv\/wp-json\/wp\/v2\/types\/page"}],"author":[{"embeddable":true,"href":"https:\/\/beltlamp.com\/sv\/wp-json\/wp\/v2\/users\/9"}],"replies":[{"embeddable":true,"href":"https:\/\/beltlamp.com\/sv\/wp-json\/wp\/v2\/comments?post=14268"}],"version-history":[{"count":0,"href":"https:\/\/beltlamp.com\/sv\/wp-json\/wp\/v2\/pages\/14268\/revisions"}],"wp:attachment":[{"href":"https:\/\/beltlamp.com\/sv\/wp-json\/wp\/v2\/media?parent=14268"}],"curies":[{"name":"wp","href":"https:\/\/api.w.org\/{rel}","templated":true}]}}