{"id":14555,"date":"2021-09-08T16:30:02","date_gmt":"2021-09-08T14:30:02","guid":{"rendered":"https:\/\/beltlamp.com\/?page_id=14555"},"modified":"2021-09-09T12:59:33","modified_gmt":"2021-09-09T10:59:33","slug":"informasjon","status":"publish","type":"page","link":"https:\/\/beltlamp.com\/sv\/informasjon\/","title":{"rendered":"Info"},"content":{"rendered":"<p>[et_pb_section fb_built=&#8221;1&#8243; module_id=&#8221;#info&#8221; _builder_version=&#8221;4.9.0&#8243; _module_preset=&#8221;default&#8221; background_color=&#8221;#e6e5e1&#8243; background_image=&#8221;https:\/\/beltlamp.com\/wp-content\/uploads\/2020\/05\/Lykt-162-scaled.jpg&#8221; parallax=&#8221;on&#8221; custom_padding=&#8221;90px||90px||true|&#8221;][et_pb_row column_structure=&#8221;1_2,1_2&#8243; _builder_version=&#8221;4.7.4&#8243; _module_preset=&#8221;default&#8221; background_color=&#8221;rgba(32,39,30,0.62)&#8221; custom_padding=&#8221;37px|32px|37px|32px|true|true&#8221;][et_pb_column type=&#8221;1_2&#8243; _builder_version=&#8221;4.7.4&#8243; _module_preset=&#8221;default&#8221;][et_pb_text _builder_version=&#8221;4.9.6&#8243; _module_preset=&#8221;default&#8221; text_text_color=&#8221;#ffffff&#8221; header_2_font=&#8221;|700|||||||&#8221; header_2_text_color=&#8221;#ffffff&#8221; custom_padding=&#8221;14px||0px|||&#8221;]<\/p>\n<h2 class=\"av-special-heading-tag \">En lampa med en ny design och unik ljuseffekt. <\/h2>\n<p><span>Hikebeam fra Beltlamp AS har m\u00e5nga fordelar f\u00f6r alla som har ett aktivt liv n\u00e4r det \u00e4r m\u00f6rkt. Lampan kan enkelt og bekv\u00e4mt f\u00e4stas i ett vanligt b\u00e4lte. Eftersom den kommer n\u00e4rmare marken, ger Hikebeam en b\u00e4ttre effekt och lyser upp hela omgivningen. Man f\u00e5r ocks\u00e5 en tredimensionell effekt s\u00e5 att man kan se detaljer tydeligare i terr\u00e4ngen, och utan de vanliga st\u00f6rningar av dimma, sn\u00f6 og regn etc.<\/span><\/p>\n<p><span>Hikebeam har en reflekterande sk\u00e4rm som g\u00f6r marken upplyst \u00e4nnu starkare og sammanh\u00e4ngande, fr\u00e5n f\u00f8tterna, til sidorna och l\u00e5ngt fram\u00e5t. Samtidigt hindrar sk\u00e4rmen dig fr\u00e5n at bl\u00e4nda dem du g\u00e5r med eller m\u00e4nniskor du tr\u00e4ffar. Hikebeam har ocks\u00e5 m\u00f6jlighet til \u00abWidebeam\u00bb, sidolampor som lyser upp 180 grader \u00e5t sidorna. Lampan kan ocks\u00e5 anv\u00e4ndas som ficklampa eller st\u00e5 som str\u00e5lkastare\/arbetslampa, eller h\u00e4ngas \u00f6ver ett sn\u00f6re. Den har m\u00e5nga andra f\u00f6rdelar, til exempel f\u00f6rst\u00f6r den inte n\u00e5gon frisyr.<\/span>[\/et_pb_text][\/et_pb_column][et_pb_column type=&#8221;1_2&#8243; _builder_version=&#8221;4.7.4&#8243; _module_preset=&#8221;default&#8221;][et_pb_image src=&#8221;https:\/\/beltlamp.com\/wp-content\/uploads\/2020\/10\/beltlampforside2-1.png&#8221; title_text=&#8221;beltlampforside2&#8243; _builder_version=&#8221;4.7.4&#8243; _module_preset=&#8221;default&#8221; custom_padding=&#8221;30px|||||&#8221;][\/et_pb_image][\/et_pb_column][\/et_pb_row][\/et_pb_section][et_pb_section fb_built=&#8221;1&#8243; _builder_version=&#8221;4.7.4&#8243; _module_preset=&#8221;default&#8221; background_color=&#8221;#e6e5e1&#8243; custom_padding=&#8221;126px||126px||true|&#8221;][et_pb_row column_structure=&#8221;1_2,1_2&#8243; _builder_version=&#8221;4.7.4&#8243; _module_preset=&#8221;default&#8221;][et_pb_column type=&#8221;1_2&#8243; _builder_version=&#8221;4.7.4&#8243; _module_preset=&#8221;default&#8221;][et_pb_image src=&#8221;https:\/\/beltlamp.com\/wp-content\/uploads\/2021\/09\/20210901_205651-rotated.jpg&#8221; title_text=&#8221;20210901_205651&#8243; _builder_version=&#8221;4.9.6&#8243; _module_preset=&#8221;default&#8221; custom_padding=&#8221;0px|||||&#8221;][\/et_pb_image][\/et_pb_column][et_pb_column type=&#8221;1_2&#8243; _builder_version=&#8221;4.7.4&#8243; _module_preset=&#8221;default&#8221;][et_pb_text _builder_version=&#8221;4.9.6&#8243; _module_preset=&#8221;default&#8221; header_2_font=&#8221;|700|||||||&#8221; custom_padding=&#8221;248px|||||&#8221;]<\/p>\n<h2 class=\"av-special-heading-tag \">Kan anv\u00e4ndas i alla sammanhang<\/h2>\n<p><strong>HIKEBEAM\u00ae 400<\/strong> kan anv\u00e4ndas f\u00f6r vandring eller under arbete, i tropikerna eller arktiske regioner, p\u00e5 str\u00e4nder och berg, skogar och sl\u00e4tter, p\u00e5 stigar och v\u00e4gar, i grottor och gruvor, i telt och stugor. Den kan anv\u00e4ndas av barn och unga och \u00e4ldre, alla som vil se bra i m\u00f6rkret, p\u00e5 ett bekv\u00e4mt sett. Den kan b\u00e4ras i shorts eller i en polardrakt. Den kan anv\u00e4ndas ensom eller tilsammans med familj och v\u00e4nner, p\u00e5 jakt- och fisketurer, i s\u00f6kning och r\u00e4ddning \u2013 f\u00f6r all slags aktivitet n\u00e4r det er m\u00f6rkt. Om du har kl\u00e4der eller en ryggs\u00e4ck med b\u00e4lte, kan du f\u00e4sta det d\u00e4r, eller anv\u00e4nda b\u00e4ltet som f\u00f6ljer med.<br \/>HIkebeam fr\u00e5n Beltlamp AS har tydliga f\u00f6rdelar n\u00e4r du g\u00e5r. Det blir individuelt, men m\u00e5nga f\u00f6redrar den ocks\u00e5 n\u00e4r dom springer eller \u00e5ker skidor.<\/p>\n<p>B\u00e4lteslampan fungerar under begr\u00e4nsat tid med internt (1 t, max styrka) , laddningsbart batteri, men kan ocks\u00e5 anlutas till en extern powerbank som f\u00f8ljer med. Den gir mer enn 6 timmar med max styrka, och kan f\u00e4stas i b\u00e4ltet, eller vara i en ficka eller ryggs\u00e4ck. Man kan ha reservbatterier och ha n\u00e4stan obegr\u00e4nsad anv\u00e4ndingstid och reserva f\u00f6r mobilen. Laddning med USB.<\/p>\n<p>[\/et_pb_text][\/et_pb_column][\/et_pb_row][\/et_pb_section][et_pb_section fb_built=&#8221;1&#8243; _builder_version=&#8221;4.9.0&#8243; _module_preset=&#8221;default&#8221; background_color=&#8221;#d1c0a5&#8243; custom_padding=&#8221;80px||80px||true|&#8221;][et_pb_row column_structure=&#8221;1_2,1_2&#8243; _builder_version=&#8221;4.7.4&#8243; _module_preset=&#8221;default&#8221;][et_pb_column type=&#8221;1_2&#8243; _builder_version=&#8221;4.7.4&#8243; _module_preset=&#8221;default&#8221;][et_pb_text _builder_version=&#8221;4.9.6&#8243; _module_preset=&#8221;default&#8221; header_2_font=&#8221;|700|||||||&#8221; custom_padding=&#8221;4px|||||&#8221;]<\/p>\n<h2 class=\"av-special-heading-tag \">S\u00e4kerhet<\/h2>\n<p>Normal anv\u00e4nding av Hikebeam \u00f6kar s\u00e4kerheten vid vandring eller camping etc. i m\u00f8rkret. Allt du anv\u00e4ndar eller h\u00e4nger p\u00e5 deg, kan skada dig sj\u00e4lv eller andra, til exempel i samband med fall, eller om saker kastas och drabbar otur. Vi avr\u00e5der d\u00e4rf\u00f6r fr\u00e5n att anv\u00e4nda b\u00e4lteslampan under viltlek och v\u00e4nliga \u00abslagsm\u00e5l\u00bb eller andra sammanhang med s\u00e4rskild risk. All anv\u00e4nding av lampan sker p\u00e5 egen risk. Se till att den endast anv\u00e4nds som avsett och enligt rekommendationer. Lampan t\u00e5l v\u00e4der och vind n\u00e4r den anv\u00e4nds korrekt.<\/p>\n<p><strong>Var alltid uppm\u00e4rksam p\u00e5 goda r\u00e5d f\u00f6r s\u00e4ker vandring i naturen. Bed\u00f8m din egen kapacitet og utrustning i forh\u00e5llande til v\u00e4der och vind, hur l\u00e5ngt du ska vandra och hur terr\u00e4nget \u00e4r.<\/strong><\/p>\n<p>[\/et_pb_text][\/et_pb_column][et_pb_column type=&#8221;1_2&#8243; _builder_version=&#8221;4.7.4&#8243; _module_preset=&#8221;default&#8221;][et_pb_text _builder_version=&#8221;4.9.6&#8243; _module_preset=&#8221;default&#8221; header_2_font=&#8221;|700|||||||&#8221; custom_padding=&#8221;4px|||||&#8221;]<\/p>\n<h2 class=\"av-special-heading-tag \">Reklamation \/ garanti<\/h2>\n<p><span>Vi hoppas at du kommer att njuta av din Hikebeam m\u00e5nga \u00e5r fram\u00f6ver. Anv\u00e4nd b\u00e4lteslampan endast som avsett och rekommanderat. Kontakta din \u00e5terf\u00f6rs\u00e4ljare vid reklamation p\u00e5 grund av produktfel (eller <a href=\"mailto:shop@beltlamp.com\">shop@beltlamp.com<\/a> om den \u00e4r k\u00f6pt i v\u00e5r nettbutik). Ta hand om kvittot. Vi kommer att g\u00f6ra v\u00e5rt b\u00e4sta f\u00f6r att du ska f\u00e5 optimal service och uppf\u00f8ljning om det uppst\u00e5 problem. Garantin t\u00a8cker inte normal slitage, olyckor eller f\u00f8ljdskador vid avsiktlig eller oavsiktlig anv\u00e4nding av lampan.Var noga med att undvika vatten\/v\u00e4tska vid anslutningspunkten p\u00e5 lampan och batteriet. Som du tv\u00e4ttar en bil med f\u00f6nstren st\u00e4ngda, kan du se till at Hikebeam er skyddad mot regn etc. Lampan f\u00e5r inte demonteras\/\u00f6ppnas. Produktgaranti g\u00e4ller fr\u00e5n ink\u00f6psdatum enligt reglerna i det land d\u00e4r den k\u00f6ptes. <\/span><\/p>\n<p>[\/et_pb_text][\/et_pb_column][\/et_pb_row][\/et_pb_section]<\/p>\n","protected":false},"excerpt":{"rendered":"<p>En lampa med en ny design och unik ljuseffekt. Hikebeam fra Beltlamp AS har m\u00e5nga fordelar f\u00f6r alla som har ett aktivt liv n\u00e4r det \u00e4r m\u00f6rkt. Lampan kan enkelt og bekv\u00e4mt f\u00e4stas i ett vanligt b\u00e4lte. Eftersom den kommer n\u00e4rmare marken, ger Hikebeam en b\u00e4ttre effekt och lyser upp hela omgivningen. Man f\u00e5r ocks\u00e5 [&hellip;]<\/p>\n","protected":false},"author":9,"featured_media":0,"parent":0,"menu_order":0,"comment_status":"closed","ping_status":"closed","template":"","meta":{"_et_pb_use_builder":"on","_et_pb_old_content":"","_et_gb_content_width":"","om_disable_all_campaigns":false,"_monsterinsights_skip_tracking":false,"_monsterinsights_sitenote_active":false,"_monsterinsights_sitenote_note":"","_monsterinsights_sitenote_category":0,"_uf_show_specific_survey":0,"_uf_disable_surveys":false,"footnotes":""},"class_list":["post-14555","page","type-page","status-publish","hentry"],"aioseo_notices":[],"_links":{"self":[{"href":"https:\/\/beltlamp.com\/sv\/wp-json\/wp\/v2\/pages\/14555","targetHints":{"allow":["GET"]}}],"collection":[{"href":"https:\/\/beltlamp.com\/sv\/wp-json\/wp\/v2\/pages"}],"about":[{"href":"https:\/\/beltlamp.com\/sv\/wp-json\/wp\/v2\/types\/page"}],"author":[{"embeddable":true,"href":"https:\/\/beltlamp.com\/sv\/wp-json\/wp\/v2\/users\/9"}],"replies":[{"embeddable":true,"href":"https:\/\/beltlamp.com\/sv\/wp-json\/wp\/v2\/comments?post=14555"}],"version-history":[{"count":0,"href":"https:\/\/beltlamp.com\/sv\/wp-json\/wp\/v2\/pages\/14555\/revisions"}],"wp:attachment":[{"href":"https:\/\/beltlamp.com\/sv\/wp-json\/wp\/v2\/media?parent=14555"}],"curies":[{"name":"wp","href":"https:\/\/api.w.org\/{rel}","templated":true}]}}