{"id":15256,"date":"2021-09-29T15:51:27","date_gmt":"2021-09-29T13:51:27","guid":{"rendered":"https:\/\/beltlamp.com\/med-fokus-pa-blending\/"},"modified":"2021-12-30T12:14:21","modified_gmt":"2021-12-30T11:14:21","slug":"med-fokus-pa-blending","status":"publish","type":"page","link":"https:\/\/beltlamp.com\/sv\/med-fokus-pa-blending\/","title":{"rendered":"Med fokus p\u00e5 blending"},"content":{"rendered":"<p>[et_pb_section fb_built=&#8221;1&#8243; _builder_version=&#8221;4.7.4&#8243; _module_preset=&#8221;default&#8221; background_image=&#8221;https:\/\/beltlamp.com\/wp-content\/uploads\/2018\/01\/bg_u.jpg&#8221; custom_padding=&#8221;17px||17px||true|&#8221; global_colors_info=&#8221;{}&#8221;][et_pb_row _builder_version=&#8221;4.9.6&#8243; _module_preset=&#8221;default&#8221; custom_padding=&#8221;||0px|||&#8221; global_colors_info=&#8221;{}&#8221;][et_pb_column type=&#8221;4_4&#8243; _builder_version=&#8221;4.7.4&#8243; _module_preset=&#8221;default&#8221; global_colors_info=&#8221;{}&#8221;][et_pb_text _builder_version=&#8221;4.9.6&#8243; _module_preset=&#8221;default&#8221; header_font=&#8221;|600||||||#ffffff|&#8221; header_text_color=&#8221;#ffffff&#8221; header_font_size=&#8221;56px&#8221; custom_margin=&#8221;||-12px|||&#8221; header_font_size_tablet=&#8221;&#8221; header_font_size_phone=&#8221;34px&#8221; header_font_size_last_edited=&#8221;on|phone&#8221; global_colors_info=&#8221;{}&#8221;]<\/p>\n<h1 style=\"text-align: center\"><strong>Inga bl\u00e4nding &#8211; en annorlunda lampa!<\/strong><\/h1>\n<p>[\/et_pb_text][\/et_pb_column][\/et_pb_row][\/et_pb_section][et_pb_section fb_built=&#8221;1&#8243; admin_label=&#8221;section&#8221; _builder_version=&#8221;3.22&#8243; custom_padding=&#8221;4px||4px||true|&#8221; global_colors_info=&#8221;{}&#8221;][et_pb_row use_custom_gutter=&#8221;on&#8221; gutter_width=&#8221;1&#8243; admin_label=&#8221;row&#8221; _builder_version=&#8221;4.7.4&#8243; background_size=&#8221;initial&#8221; background_position=&#8221;top_left&#8221; background_repeat=&#8221;repeat&#8221; custom_padding=&#8221;13px||0px|||&#8221; global_colors_info=&#8221;{}&#8221;][et_pb_column type=&#8221;4_4&#8243; _builder_version=&#8221;3.25&#8243; custom_padding=&#8221;|||&#8221; global_colors_info=&#8221;{}&#8221; custom_padding__hover=&#8221;|||&#8221;][et_pb_text _builder_version=&#8221;4.11.0&#8243; _module_preset=&#8221;default&#8221; min_height=&#8221;85px&#8221; custom_padding=&#8221;23px|48px||||&#8221; global_colors_info=&#8221;{}&#8221;]<\/p>\n<h2 style=\"text-align: center\"><b>PANNLAMPA:<\/b><\/h2>\n<h4 style=\"text-align: center\"><strong>Ljuset kommer inte alltid d\u00e4r man \u00f6nskar eller beh\u00f6ver det. <\/strong><em>(Skrolla!)<\/em><\/h4>\n<p>[\/et_pb_text][\/et_pb_column][\/et_pb_row][et_pb_row column_structure=&#8221;1_2,1_2&#8243; _builder_version=&#8221;4.9.6&#8243; _module_preset=&#8221;default&#8221; global_colors_info=&#8221;{}&#8221;][et_pb_column type=&#8221;1_2&#8243; _builder_version=&#8221;4.9.6&#8243; _module_preset=&#8221;default&#8221; global_colors_info=&#8221;{}&#8221;][et_pb_image src=&#8221;https:\/\/beltlamp.com\/wp-content\/uploads\/2021\/09\/20210916_211832-rotated.jpg&#8221; title_text=&#8221;20210916_211832&#8243; align=&#8221;center&#8221; _builder_version=&#8221;4.9.6&#8243; _module_preset=&#8221;default&#8221; module_alignment=&#8221;center&#8221; max_height=&#8221;776px&#8221; global_colors_info=&#8221;{}&#8221;][\/et_pb_image][et_pb_text _builder_version=&#8221;4.9.6&#8243; _module_preset=&#8221;default&#8221; global_colors_info=&#8221;{}&#8221;]<\/p>\n<p><strong>Lysstr\u00e5len flyttas hela tiden och lyser bara opp i \u00e9n zon. H\u00e4r, m\u00f6rkt rundt f\u00f6tterna. <\/strong><\/p>\n<p>[\/et_pb_text][\/et_pb_column][et_pb_column type=&#8221;1_2&#8243; _builder_version=&#8221;4.9.6&#8243; _module_preset=&#8221;default&#8221; global_colors_info=&#8221;{}&#8221;][et_pb_image src=&#8221;https:\/\/beltlamp.com\/wp-content\/uploads\/2021\/09\/20210916_211713-rotated.jpg&#8221; title_text=&#8221;20210916_211713&#8243; align=&#8221;center&#8221; _builder_version=&#8221;4.9.6&#8243; _module_preset=&#8221;default&#8221; module_alignment=&#8221;center&#8221; max_height=&#8221;776px&#8221; global_colors_info=&#8221;{}&#8221;][\/et_pb_image][et_pb_text _builder_version=&#8221;4.9.6&#8243; _module_preset=&#8221;default&#8221; global_colors_info=&#8221;{}&#8221;]<\/p>\n<p><strong>Har du upplevd att f\u00e5 &#8221;ljuszonen&#8221; rettat mot dina \u00f6gon? Har du sj\u00e4lv bl\u00e4ndat andra?<\/strong><\/p>\n<p>[\/et_pb_text][\/et_pb_column][\/et_pb_row][et_pb_row use_custom_gutter=&#8221;on&#8221; gutter_width=&#8221;1&#8243; admin_label=&#8221;row&#8221; _builder_version=&#8221;4.7.4&#8243; background_size=&#8221;initial&#8221; background_position=&#8221;top_left&#8221; background_repeat=&#8221;repeat&#8221; custom_padding=&#8221;12px||0px|||&#8221; global_colors_info=&#8221;{}&#8221;][et_pb_column type=&#8221;4_4&#8243; _builder_version=&#8221;3.25&#8243; custom_padding=&#8221;|||&#8221; global_colors_info=&#8221;{}&#8221; custom_padding__hover=&#8221;|||&#8221;][et_pb_text _builder_version=&#8221;4.11.0&#8243; _module_preset=&#8221;default&#8221; custom_padding=&#8221;23px|48px||||&#8221; global_colors_info=&#8221;{}&#8221;]<\/p>\n<h2 style=\"text-align: center\"><b>HIKEBEAM:<\/b><\/h2>\n<h4 style=\"text-align: center\"><strong>Bekv\u00e4mt, stabilt ljus mot grunden i hela n\u00e4romr\u00e5det och l\u00e5ngt fram\u00e5t &#8211; utan att blenda!<\/strong><\/h4>\n<p>[\/et_pb_text][\/et_pb_column][\/et_pb_row][et_pb_row column_structure=&#8221;1_2,1_2&#8243; _builder_version=&#8221;4.9.6&#8243; _module_preset=&#8221;default&#8221; global_colors_info=&#8221;{}&#8221;][et_pb_column type=&#8221;1_2&#8243; _builder_version=&#8221;4.9.6&#8243; _module_preset=&#8221;default&#8221; global_colors_info=&#8221;{}&#8221;][et_pb_image src=&#8221;https:\/\/beltlamp.com\/wp-content\/uploads\/2021\/09\/20210916_212545-rotated.jpg&#8221; title_text=&#8221;20210916_212545&#8243; align=&#8221;center&#8221; _builder_version=&#8221;4.9.6&#8243; _module_preset=&#8221;default&#8221; max_height=&#8221;776px&#8221; global_colors_info=&#8221;{}&#8221;][\/et_pb_image][et_pb_text _builder_version=&#8221;4.9.6&#8243; _module_preset=&#8221;default&#8221; global_colors_info=&#8221;{}&#8221;]<\/p>\n<p><strong>Hikebeam ger ljus mot grunden fr\u00e5n f\u00f6tterna, till sidorna, och l\u00e5ngt fram\u00e5t &#8211; inte mot ansiktena! <\/strong><\/p>\n<p>[\/et_pb_text][\/et_pb_column][et_pb_column type=&#8221;1_2&#8243; _builder_version=&#8221;4.9.6&#8243; _module_preset=&#8221;default&#8221; global_colors_info=&#8221;{}&#8221;][et_pb_image src=&#8221;https:\/\/beltlamp.com\/wp-content\/uploads\/2021\/09\/20210916_212253-rotated.jpg&#8221; title_text=&#8221;20210916_212253&#8243; align=&#8221;center&#8221; _builder_version=&#8221;4.9.6&#8243; _module_preset=&#8221;default&#8221; max_height=&#8221;776px&#8221; global_colors_info=&#8221;{}&#8221;][\/et_pb_image][et_pb_text _builder_version=&#8221;4.9.6&#8243; _module_preset=&#8221;default&#8221; width=&#8221;98.7%&#8221; global_colors_info=&#8221;{}&#8221;]<\/p>\n<p><strong>Inga bl\u00e4nding &#8211; bekv\u00e4m belysning rundt f\u00f6tterna och l\u00e5ngt fram\u00e5t! Lampan kan knappast k\u00e4nns, och inget tryck p\u00e5 hovudet. <\/strong><\/p>\n<p>[\/et_pb_text][\/et_pb_column][\/et_pb_row][\/et_pb_section]<\/p>\n","protected":false},"excerpt":{"rendered":"<p>Inga bl\u00e4nding &#8211; en annorlunda lampa!PANNLAMPA: Ljuset kommer inte alltid d\u00e4r man \u00f6nskar eller beh\u00f6ver det. (Skrolla!)Lysstr\u00e5len flyttas hela tiden och lyser bara opp i \u00e9n zon. H\u00e4r, m\u00f6rkt rundt f\u00f6tterna. Har du upplevd att f\u00e5 &#8221;ljuszonen&#8221; rettat mot dina \u00f6gon? Har du sj\u00e4lv bl\u00e4ndat andra?HIKEBEAM: Bekv\u00e4mt, stabilt ljus mot grunden i hela n\u00e4romr\u00e5det och [&hellip;]<\/p>\n","protected":false},"author":9,"featured_media":0,"parent":0,"menu_order":0,"comment_status":"closed","ping_status":"closed","template":"","meta":{"_et_pb_use_builder":"on","_et_pb_old_content":"","_et_gb_content_width":"","om_disable_all_campaigns":false,"_monsterinsights_skip_tracking":false,"_monsterinsights_sitenote_active":false,"_monsterinsights_sitenote_note":"","_monsterinsights_sitenote_category":0,"_uf_show_specific_survey":0,"_uf_disable_surveys":false,"footnotes":""},"class_list":["post-15256","page","type-page","status-publish","hentry"],"aioseo_notices":[],"_links":{"self":[{"href":"https:\/\/beltlamp.com\/sv\/wp-json\/wp\/v2\/pages\/15256","targetHints":{"allow":["GET"]}}],"collection":[{"href":"https:\/\/beltlamp.com\/sv\/wp-json\/wp\/v2\/pages"}],"about":[{"href":"https:\/\/beltlamp.com\/sv\/wp-json\/wp\/v2\/types\/page"}],"author":[{"embeddable":true,"href":"https:\/\/beltlamp.com\/sv\/wp-json\/wp\/v2\/users\/9"}],"replies":[{"embeddable":true,"href":"https:\/\/beltlamp.com\/sv\/wp-json\/wp\/v2\/comments?post=15256"}],"version-history":[{"count":0,"href":"https:\/\/beltlamp.com\/sv\/wp-json\/wp\/v2\/pages\/15256\/revisions"}],"wp:attachment":[{"href":"https:\/\/beltlamp.com\/sv\/wp-json\/wp\/v2\/media?parent=15256"}],"curies":[{"name":"wp","href":"https:\/\/api.w.org\/{rel}","templated":true}]}}