{"id":14357,"date":"2020-05-29T12:20:03","date_gmt":"2021-09-03T12:52:19","guid":{"rendered":"https:\/\/beltlamp.com\/shop\/powerbank-5000-mah\/"},"modified":"2021-09-03T15:00:37","modified_gmt":"2021-09-03T13:00:37","slug":"powerbank-5000-mah","status":"publish","type":"product","link":"https:\/\/beltlamp.com\/sv\/shop\/powerbank-5000-mah\/","title":{"rendered":"Powerbank 5000 mAh"},"content":{"rendered":"<p>Veier ca. 100 g. Bra ytelse til -10\u00b0 C. Har 80% ytelse etter 200 lade-sykluser. Gir 6 timer med lyset p\u00e5 full styrke ved ladet lykt og batteri, og temperaturer over 0\u00b0C. Med flere powerbanker i reserve har man oftest rikelig tilgang p\u00e5 str\u00f8m. Gir ogs\u00e5 lademulighet for mobiltelefoner og annet utstyr med USB-lading.[spacer height=&#8221;20px&#8221;]<\/p>\n<p>[av_button label=&#8217; Tilbake til nettbutikken&#8217; icon_select=&#8217;yes&#8217; icon=&#8217;ue831&#8242; font=&#8217;entypo-fontello&#8217; link=&#8217;page,8096&#8242; link_target=&#8221; size=&#8217;small&#8217; position=&#8217;left&#8217; label_display=&#8221; title_attr=&#8221; color=&#8217;theme-color&#8217; custom_bg=&#8217;#444444&#8242; custom_font=&#8217;#ffffff&#8217; id=&#8221; custom_class=&#8221; av_uid=&#8217;av-34wtlw&#8217; admin_preview_bg=&#8221;]<\/p>\n<p>&nbsp;<\/p>\n","protected":false},"excerpt":{"rendered":"<p>inkl. moms. Kompakt og lett powerbank, 5000 mAh.<\/p>\n","protected":false},"featured_media":14358,"template":"","meta":{"_et_pb_use_builder":"on","_et_pb_old_content":"","_et_gb_content_width":"","om_disable_all_campaigns":false,"_monsterinsights_skip_tracking":false,"_monsterinsights_sitenote_active":false,"_monsterinsights_sitenote_note":"","_monsterinsights_sitenote_category":0,"_uf_show_specific_survey":0,"_uf_disable_surveys":false},"product_brand":[],"product_cat":[79],"product_tag":[],"class_list":{"0":"post-14357","1":"product","2":"type-product","3":"status-publish","4":"has-post-thumbnail","6":"product_cat-accessories-sv","8":"first","9":"instock","10":"taxable","11":"shipping-taxable","12":"purchasable","13":"product-type-simple"},"aioseo_notices":[],"_links":{"self":[{"href":"https:\/\/beltlamp.com\/sv\/wp-json\/wp\/v2\/product\/14357","targetHints":{"allow":["GET"]}}],"collection":[{"href":"https:\/\/beltlamp.com\/sv\/wp-json\/wp\/v2\/product"}],"about":[{"href":"https:\/\/beltlamp.com\/sv\/wp-json\/wp\/v2\/types\/product"}],"wp:featuredmedia":[{"embeddable":true,"href":"https:\/\/beltlamp.com\/sv\/wp-json\/wp\/v2\/media\/14358"}],"wp:attachment":[{"href":"https:\/\/beltlamp.com\/sv\/wp-json\/wp\/v2\/media?parent=14357"}],"wp:term":[{"taxonomy":"product_brand","embeddable":true,"href":"https:\/\/beltlamp.com\/sv\/wp-json\/wp\/v2\/product_brand?post=14357"},{"taxonomy":"product_cat","embeddable":true,"href":"https:\/\/beltlamp.com\/sv\/wp-json\/wp\/v2\/product_cat?post=14357"},{"taxonomy":"product_tag","embeddable":true,"href":"https:\/\/beltlamp.com\/sv\/wp-json\/wp\/v2\/product_tag?post=14357"}],"curies":[{"name":"wp","href":"https:\/\/api.w.org\/{rel}","templated":true}]}}