{"id":14367,"date":"2020-06-17T13:00:15","date_gmt":"2021-09-03T12:53:21","guid":{"rendered":"https:\/\/beltlamp.com\/shop\/beskyttelseshette\/"},"modified":"2021-09-03T15:00:38","modified_gmt":"2021-09-03T13:00:38","slug":"beskyttelseshette","status":"publish","type":"product","link":"https:\/\/beltlamp.com\/sv\/shop\/beskyttelseshette\/","title":{"rendered":"Beskyttelseshette"},"content":{"rendered":"<p>Beskyttelseshette. Festes over kontaktpunkt for ledning. L\u00e5ser ledningen og beskytter mot nedb\u00f8r. Press p\u00e5 sidene for \u00e5 f\u00e5 den inn eller ut av sporet. (2-pk.)<\/p>\n<p>&nbsp;<\/p>\n","protected":false},"excerpt":{"rendered":"<p>inkl. moms<\/p>\n","protected":false},"featured_media":14368,"template":"","meta":{"_et_pb_use_builder":"","_et_pb_old_content":"","_et_gb_content_width":"","om_disable_all_campaigns":false,"_monsterinsights_skip_tracking":false,"_monsterinsights_sitenote_active":false,"_monsterinsights_sitenote_note":"","_monsterinsights_sitenote_category":0,"_uf_show_specific_survey":0,"_uf_disable_surveys":false},"product_brand":[],"product_cat":[79],"product_tag":[],"class_list":{"0":"post-14367","1":"product","2":"type-product","3":"status-publish","4":"has-post-thumbnail","6":"product_cat-accessories-sv","8":"first","9":"instock","10":"taxable","11":"shipping-taxable","12":"purchasable","13":"product-type-simple"},"aioseo_notices":[],"_links":{"self":[{"href":"https:\/\/beltlamp.com\/sv\/wp-json\/wp\/v2\/product\/14367","targetHints":{"allow":["GET"]}}],"collection":[{"href":"https:\/\/beltlamp.com\/sv\/wp-json\/wp\/v2\/product"}],"about":[{"href":"https:\/\/beltlamp.com\/sv\/wp-json\/wp\/v2\/types\/product"}],"wp:featuredmedia":[{"embeddable":true,"href":"https:\/\/beltlamp.com\/sv\/wp-json\/wp\/v2\/media\/14368"}],"wp:attachment":[{"href":"https:\/\/beltlamp.com\/sv\/wp-json\/wp\/v2\/media?parent=14367"}],"wp:term":[{"taxonomy":"product_brand","embeddable":true,"href":"https:\/\/beltlamp.com\/sv\/wp-json\/wp\/v2\/product_brand?post=14367"},{"taxonomy":"product_cat","embeddable":true,"href":"https:\/\/beltlamp.com\/sv\/wp-json\/wp\/v2\/product_cat?post=14367"},{"taxonomy":"product_tag","embeddable":true,"href":"https:\/\/beltlamp.com\/sv\/wp-json\/wp\/v2\/product_tag?post=14367"}],"curies":[{"name":"wp","href":"https:\/\/api.w.org\/{rel}","templated":true}]}}